{"id":9192,"date":"2024-07-03T11:43:02","date_gmt":"2024-07-03T11:43:02","guid":{"rendered":"https:\/\/simple-simon.com\/mesures-de-securite\/"},"modified":"2026-02-09T09:49:38","modified_gmt":"2026-02-09T09:49:38","slug":"mesures-de-securite","status":"publish","type":"page","link":"https:\/\/simple-simon.com\/fr\/mesures-de-securite\/","title":{"rendered":"Mesures de S\u00e9curit\u00e9"},"content":{"rendered":"\n\n\n<section class=\"theme-header-banner bg__blue text__white  theme-p-sm\">\n\t<div class=\"container\">\n\t\t<div class=\"row\">\n\t\t\t<div class=\"col-md-12\">\n\t\t\t\t<h1 data-start=\"0\" data-end=\"23\"><strong data-start=\"0\" data-end=\"23\">Mesures de S\u00e9curit\u00e9<\/strong><\/h1>\n<p><\/p>\n<p data-start=\"25\" data-end=\"648\">\n\t\t\t<\/div>\n\t\t<\/div>\n\t<\/div>\n<\/section>\n\t<section class=\"theme-section theme-split theme-content-variable active text-left theme-p-sm\">\n\t\t<div class=\"theme-content-variable__row theme-content-variable__card theme-wrapper\">\n\t\t\t<div class=\"container-fluid\">\n\t\t\t\t<div class=\"row justify-content-md-between align-items-center\">\n\t\t\t\t\t<div class=\"col-md-5 p-0 order-md-2 order-1\">\n\t\t\t\t\t\t<div class=\"theme-content-variable__card-img img-no-scale\">\n\t\t\t\t\t\t\t<img decoding=\"async\" src=\"https:\/\/simple-simon.com\/wp-content\/uploads\/2024\/07\/Simon-beveiliging-2.png\" alt=\"\">\n\t\t\t\t\t\t\t\t\t\t\t\t\t<\/div>\n\t\t\t\t\t<\/div>\n\t\t\t\t\t<div class=\"col-md-6 order-md-1 order-2\">\n\t\t\t\t\t\t<div class=\"theme-content-variable__row-content theme-content-variable__card-content text-left \">\n\t\t\t\t\t\t\t<article class=\"text-token-text-primary w-full\" dir=\"auto\" data-testid=\"conversation-turn-14\" data-scroll-anchor=\"false\">\n<div class=\"text-base my-auto mx-auto py-5 [--thread-content-margin:--spacing(4)] @[37rem]:[--thread-content-margin:--spacing(6)] @[72rem]:[--thread-content-margin:--spacing(16)] px-(--thread-content-margin)\">\n<div class=\"[--thread-content-max-width:32rem] @[34rem]:[--thread-content-max-width:40rem] @[64rem]:[--thread-content-max-width:48rem] mx-auto flex max-w-(--thread-content-max-width) flex-1 text-base gap-4 md:gap-5 lg:gap-6 group\/turn-messages focus-visible:outline-hidden\" tabindex=\"-1\">\n<div class=\"group\/conversation-turn relative flex w-full min-w-0 flex-col agent-turn\">\n<div class=\"relative flex-col gap-1 md:gap-3\">\n<div class=\"flex max-w-full flex-col grow\">\n<div class=\"min-h-8 text-message relative flex w-full flex-col items-end gap-2 text-start break-words whitespace-normal [.text-message+&amp;]:mt-5\" dir=\"auto\" data-message-author-role=\"assistant\" data-message-id=\"28cf96c3-36ca-4029-8957-d1fdbcab35d2\" data-message-model-slug=\"gpt-4o\">\n<div class=\"flex w-full flex-col gap-1 empty:hidden first:pt-[3px]\">\n<div class=\"markdown prose dark:prose-invert w-full break-words light\">\n<p data-start=\"25\" data-end=\"648\">Chez Simple-Simon, la s\u00e9curit\u00e9 des donn\u00e9es clients est une priorit\u00e9 absolue. Nous appliquons des mesures de s\u00e9curit\u00e9 strictes afin de prot\u00e9ger vos donn\u00e9es de mani\u00e8re optimale. De l\u2019h\u00e9bergement sur l\u2019infrastructure fiable d\u2019Amazon \u00e0 l\u2019authentification \u00e0 deux facteurs (2FA) en passant par la communication chiffr\u00e9e via HTTPS, nous mettons tout en \u0153uvre pour garantir la s\u00e9curit\u00e9 de vos informations. Nos syst\u00e8mes sont continuellement mis \u00e0 jour, et chaque client dispose de sa propre base de donn\u00e9es distincte. D\u00e9couvrez ci-dessous nos mesures de s\u00e9curit\u00e9 compl\u00e8tes et la mani\u00e8re dont nous respectons les directives du RGPD.<\/p>\n<ul data-start=\"650\" data-end=\"2254\" data-is-last-node=\"\" data-is-only-node=\"\">\n<li data-start=\"650\" data-end=\"800\">\n<p data-start=\"652\" data-end=\"800\">Notre infrastructure de production est h\u00e9berg\u00e9e chez Amazon, un acteur reconnu offrant un ensemble solide de protections de base contre les abus ;<\/p>\n<\/li>\n<li data-start=\"801\" data-end=\"945\">\n<p data-start=\"803\" data-end=\"945\">Nous assurons une mise \u00e0 jour continue de tous les composants, avec des mises \u00e0 jour mensuelles et des versions majeures 1 \u00e0 2 fois par an ;<\/p>\n<\/li>\n<li data-start=\"946\" data-end=\"1162\">\n<p data-start=\"948\" data-end=\"1162\">L&rsquo;acc\u00e8s \u00e0 notre infrastructure de production se fait uniquement via VPN, avec des mots de passe robustes et une authentification \u00e0 deux facteurs (2FA), compl\u00e9t\u00e9s par d&rsquo;autres mesures de s\u00e9curit\u00e9 suppl\u00e9mentaires ;<\/p>\n<\/li>\n<li data-start=\"1163\" data-end=\"1246\">\n<p data-start=\"1165\" data-end=\"1246\">Tous les serveurs et ordinateurs sont \u00e9quip\u00e9s de logiciels antivirus modernes ;<\/p>\n<\/li>\n<li data-start=\"1247\" data-end=\"1420\">\n<p data-start=\"1249\" data-end=\"1420\">Toute communication entre les applications, l\u2019interface bureau et les autres composants utilise le protocole HTTPS. Les certificats sont renouvel\u00e9s tous les trois mois ;<\/p>\n<\/li>\n<li data-start=\"1421\" data-end=\"1502\">\n<p data-start=\"1423\" data-end=\"1502\">Le logiciel d\u2019int\u00e9gration utilise des jetons d\u2019acc\u00e8s \u00e0 dur\u00e9e de vie limit\u00e9e ;<\/p>\n<\/li>\n<li data-start=\"1503\" data-end=\"1556\">\n<p data-start=\"1505\" data-end=\"1556\">Chaque client poss\u00e8de sa propre base de donn\u00e9es ;<\/p>\n<\/li>\n<li data-start=\"1557\" data-end=\"1746\">\n<p data-start=\"1559\" data-end=\"1746\">L\u2019acc\u00e8s au module bureau de Simon n\u00e9cessite une combinaison d\u2019e-mail, de code PIN et de mot de passe. Dans Simon 3, l\u2019authentification \u00e0 deux facteurs (2FA) peut remplacer le code PIN ;<\/p>\n<\/li>\n<li data-start=\"1747\" data-end=\"1927\">\n<p data-start=\"1749\" data-end=\"1927\">Les mots de passe du module bureau sont valid\u00e9s \u00e0 l\u2019aide d\u2019une base de donn\u00e9es open source recensant les mots de passe courants et compromis, qui sont automatiquement refus\u00e9s ;<\/p>\n<\/li>\n<li data-start=\"1928\" data-end=\"2124\">\n<p data-start=\"1930\" data-end=\"2124\">Les applications Simon prennent en charge, en plus des mots de passe, les m\u00e9thodes modernes de s\u00e9curit\u00e9 des appareils, telles que le sch\u00e9ma, l\u2019empreinte digitale ou la reconnaissance faciale ;<\/p>\n<\/li>\n<li data-start=\"2125\" data-end=\"2254\" data-is-last-node=\"\">\n<p data-start=\"2127\" data-end=\"2254\" data-is-last-node=\"\">Enfin, nos conditions RGPD et nos mesures en tant que sous-traitant sont sp\u00e9cifiquement d\u00e9crites dans nos conditions g\u00e9n\u00e9rales<\/p>\n<\/li>\n<\/ul>\n<\/div>\n<\/div>\n<\/div>\n<\/div>\n<div class=\"flex min-h-[46px] justify-start\"><\/div>\n<\/div>\n<\/div>\n<\/div>\n<\/div>\n<\/article>\n\n\t\t\t\t\t\t\t\t\t\t\t\t\t<\/div>\n\t\t\t\t\t<\/div>\n\t\t\t\t<\/div>\n\t\t\t<\/div>\n\t\t<\/div>\n\t<\/section>","protected":false},"excerpt":{"rendered":"","protected":false},"author":12,"featured_media":0,"parent":0,"menu_order":0,"comment_status":"closed","ping_status":"closed","template":"","meta":{"_acf_changed":false,"inline_featured_image":false,"footnotes":""},"tags":[],"class_list":["post-9192","page","type-page","status-publish","hentry"],"acf":[],"aioseo_notices":[],"_links":{"self":[{"href":"https:\/\/simple-simon.com\/fr\/wp-json\/wp\/v2\/pages\/9192","targetHints":{"allow":["GET"]}}],"collection":[{"href":"https:\/\/simple-simon.com\/fr\/wp-json\/wp\/v2\/pages"}],"about":[{"href":"https:\/\/simple-simon.com\/fr\/wp-json\/wp\/v2\/types\/page"}],"author":[{"embeddable":true,"href":"https:\/\/simple-simon.com\/fr\/wp-json\/wp\/v2\/users\/12"}],"replies":[{"embeddable":true,"href":"https:\/\/simple-simon.com\/fr\/wp-json\/wp\/v2\/comments?post=9192"}],"version-history":[{"count":5,"href":"https:\/\/simple-simon.com\/fr\/wp-json\/wp\/v2\/pages\/9192\/revisions"}],"predecessor-version":[{"id":15088,"href":"https:\/\/simple-simon.com\/fr\/wp-json\/wp\/v2\/pages\/9192\/revisions\/15088"}],"wp:attachment":[{"href":"https:\/\/simple-simon.com\/fr\/wp-json\/wp\/v2\/media?parent=9192"}],"wp:term":[{"taxonomy":"post_tag","embeddable":true,"href":"https:\/\/simple-simon.com\/fr\/wp-json\/wp\/v2\/tags?post=9192"}],"curies":[{"name":"wp","href":"https:\/\/api.w.org\/{rel}","templated":true}]}}