{"id":8838,"date":"2024-11-12T14:03:00","date_gmt":"2024-11-12T14:03:00","guid":{"rendered":"https:\/\/simple-simon.com\/pro\/"},"modified":"2026-02-02T15:35:36","modified_gmt":"2026-02-02T15:35:36","slug":"pro","status":"publish","type":"page","link":"https:\/\/simple-simon.com\/fr\/pro\/","title":{"rendered":"Simple-Simon PRO"},"content":{"rendered":"\n\n\n<section class=\"theme-section theme-hero__wrapper theme-p-sm text__light \">\n\t<div class=\"theme-wrapper theme-element bl bg__dark-blue \">\n\t\t\t\t\t<div class=\"theme-hero__img-partial\">\n\t\t\t\t\t\t\t\t\t<img decoding=\"async\" src=\"https:\/\/simple-simon.com\/wp-content\/uploads\/2024\/10\/Kalina-website-pictures-29.png\" alt=\"\">\n\t\t\t\t\t\t\t<\/div>\n\t\t\t\t<div class=\"container\">\n\t\t\t<div class=\"row justify-content-between\">\n\t\t\t\t<div class=\"col-xl-6\">\n\t\t\t\t\t<div class=\"theme-hero__content\">\n\t\t\t\t\t\t<h1><strong data-start=\"0\" data-end=\"20\">Simple-Simon PRO<\/strong><br data-start=\"20\" data-end=\"23\" \/>D\u00e9couvrez nos modules suppl\u00e9mentaires pour l\u2019utilisateur de niveau sup\u00e9rieur<\/h1>\n<p><a class=\"theme-btn theme-btn__orange-gradient\" href=\"https:\/\/simple-simon.com\/fr\/contact\/\">Contacter le service commercial<\/a><\/p>\n\t\t\t\t\t<\/div>\n\t\t\t\t<\/div>\n\t\t\t\t\t\t\t\t\n\t\t\t\t\t\t\t<\/div>\n\n\t\t<\/div>\n\n\n\t<\/div>\n<\/section>\n\t<section class=\"theme-section theme-split theme-content-variable active text-left theme-p-sm\">\n\t\t<div class=\"theme-content-variable__row theme-content-variable__card theme-wrapper\">\n\t\t\t<div class=\"container-fluid\">\n\t\t\t\t<div class=\"row justify-content-md-between \">\n\t\t\t\t\t<div class=\"col-md-5 p-0 order-md-2 order-1\">\n\t\t\t\t\t\t<div class=\"theme-content-variable__card-img img-scale\">\n\t\t\t\t\t\t\t<img decoding=\"async\" src=\"https:\/\/simple-simon.com\/wp-content\/uploads\/2024\/09\/vecteezy_making-handshake-two-construction-workers-in-uniform-and_15302866-scaled.jpg\" alt=\"\">\n\t\t\t\t\t\t\t\t\t\t\t\t\t<\/div>\n\t\t\t\t\t<\/div>\n\t\t\t\t\t<div class=\"col-md-6 order-md-1 order-2\">\n\t\t\t\t\t\t<div class=\"theme-content-variable__row-content theme-content-variable__card-content text-left \">\n\t\t\t\t\t\t\t<p>Les modules Simple-Simon PRO vous aident \u00e0 optimiser et automatiser vos processus m\u00e9tier. Gr\u00e2ce \u00e0 ces modules avanc\u00e9s, vous am\u00e9liorez facilement votre enregistrement des heures, la gestion des objets, la planification de la maintenance et la gestion des bons de travail. En utilisant les modules Simple-Simon PRO, vous gagnez du temps, gardez un meilleur contr\u00f4le et obtenez une vue d\u2019ensemble plus claire.<\/p>\n\n\t\t\t\t\t\t\t\t\t\t\t\t\t<\/div>\n\t\t\t\t\t<\/div>\n\t\t\t\t<\/div>\n\t\t\t<\/div>\n\t\t<\/div>\n\t<\/section>\n\t<section class=\"theme-section theme-split theme-content-variable active text-left theme-p-sm\">\n\t\t<div class=\"theme-content-variable__row theme-content-variable__card theme-wrapper\">\n\t\t\t<div class=\"container-fluid\">\n\t\t\t\t<div class=\"row justify-content-md-between align-items-center\">\n\t\t\t\t\t<div class=\"col-md-5 p-0 order-md-2 order-1\">\n\t\t\t\t\t\t<div class=\"theme-content-variable__card-img img-no-scale\">\n\t\t\t\t\t\t\t<img decoding=\"async\" src=\"https:\/\/simple-simon.com\/wp-content\/uploads\/2024\/10\/Laura-website-pictures-4.png\" alt=\"\">\n\t\t\t\t\t\t\t\t\t\t\t\t\t<\/div>\n\t\t\t\t\t<\/div>\n\t\t\t\t\t<div class=\"col-md-6 order-md-1 order-2\">\n\t\t\t\t\t\t<div class=\"theme-content-variable__row-content theme-content-variable__card-content text-left read-more\">\n\t\t\t\t\t\t\t<h3>Module objets<\/h3>\n<p>Avec le module <a href=\"https:\/\/simple-simon.com\/fr\/module-objets-pro\/\">Objets et le module de planification des objets<\/a>, vous g\u00e9rez et planifiez facilement les travaux de maintenance. Ces modules rendent inutiles les bons de travail et les plannings manuels, et vous permettent de mettre en place une planification de maintenance enti\u00e8rement automatis\u00e9e.<\/p>\n<p>Ajout d\u2019un niveau de type d\u2019objet pour une meilleure cat\u00e9gorisation<\/p>\n<ul>\n<li>Cr\u00e9ation de formulaires sp\u00e9cifiques et de colonnes personnalis\u00e9es par situation de service ou type d\u2019objet<\/li>\n<li>Saisie de donn\u00e9es bas\u00e9e sur le type d\u2019objet lors de la cr\u00e9ation, y compris sur le terrain<\/li>\n<li>Enregistrement d\u00e9taill\u00e9 et structur\u00e9 des donn\u00e9es de base<\/li>\n<li>Ajout du mat\u00e9riel consomm\u00e9 aux objets, aussi bien dans le module bureau que dans le module terrain<\/li>\n<li>Scan de QR codes ou codes-barres dans l\u2019application pour acc\u00e9der aux d\u00e9tails des objets<\/li>\n<li>Ajout facile de nouveaux objets aux bons de travail, directement dans l\u2019application<\/li>\n<li>D\u00e9finition de jeux d\u2019actions par type d\u2019objet (par ex. maintenance annuelle, inspections)<\/li>\n<li>Attribution de formulaires sp\u00e9cifiques aux actions et de sch\u00e9mas de planification d\u00e9taill\u00e9s<\/li>\n<li>Cr\u00e9ation de plannings propos\u00e9s sur la base de la fr\u00e9quence de r\u00e9p\u00e9tition et de la fr\u00e9quence de visite des objets<\/li>\n<li>Vue d\u2019ensemble des adresses de travail, des objets et des actions avec options de regroupement<\/li>\n<li>Confirmation du planning propos\u00e9 et glisser-d\u00e9poser des bons de travail vers les techniciens dans le tableau de planification<\/li>\n<\/ul>\n<p><a class=\"theme-btn theme-btn__orange-gradient\" href=\"https:\/\/simple-simon.com\/fr\/contact\/\">Contactez-nous<\/a> <a href=\"https:\/\/simple-simon.com\/fr\/module-objets-pro\/\">En savoir plus sur le module Objets<\/a><\/p>\n\n\t\t\t\t\t\t\t\t\t\t\t\t\t\t\t<a href=\"#\" class=\"theme-link more\"><i class=\"bi bi-chevron-down\"><\/i> En savoir plus<\/a>\n\t\t\t\t\t\t\t\t<a href=\"#\" class=\"theme-link more\"><i class=\"bi bi-chevron-up\"><\/i> Lire moins<\/a>\n\t\t\t\t\t\t\t\t\t\t\t\t\t<\/div>\n\t\t\t\t\t<\/div>\n\t\t\t\t<\/div>\n\t\t\t<\/div>\n\t\t<\/div>\n\t<\/section>\n\t<section class=\"theme-section theme-split theme-content-variable active text-right theme-p-sm\">\n\t\t<div class=\"theme-content-variable__row theme-content-variable__card theme-wrapper\">\n\t\t\t<div class=\"container-fluid\">\n\t\t\t\t<div class=\"row justify-content-md-between align-items-center\">\n\t\t\t\t\t<div class=\"col-md-5 p-0 \">\n\t\t\t\t\t\t<div class=\"theme-content-variable__card-img img-no-scale\">\n\t\t\t\t\t\t\t<img decoding=\"async\" src=\"https:\/\/simple-simon.com\/wp-content\/uploads\/2025\/10\/Untitled-design-7.png\" alt=\"\">\n\t\t\t\t\t\t\t\t\t\t\t\t\t<\/div>\n\t\t\t\t\t<\/div>\n\t\t\t\t\t<div class=\"col-md-6 \">\n\t\t\t\t\t\t<div class=\"theme-content-variable__row-content theme-content-variable__card-content text-right read-more\">\n\t\t\t\t\t\t\t<h3>Portail client<\/h3>\n<p>Le <a href=\"https:\/\/simple-simon.com\/klantportaal-pro\/\">portail client<\/a> de Simple-Simon facilite la d\u00e9claration, le suivi et le traitement des pannes et des demandes de service. Les clients peuvent scanner ou rechercher un objet, mais aussi soumettre une demande sans objet. Gr\u00e2ce \u00e0 des questionnaires intelligents et \u00e0 la possibilit\u00e9 d\u2019ajouter des pi\u00e8ces jointes ou des photos, toutes les informations pertinentes sont collect\u00e9es imm\u00e9diatement. Il en r\u00e9sulte automatiquement un ticket complet, facilement transform\u00e9 en bon de travail, pr\u00eat pour la planification et l\u2019ex\u00e9cution.<\/p>\n<ul>\n<li>Soumettre des demandes (y compris sans objet) lorsque n\u00e9cessaire<\/li>\n<li>Scanner ou rechercher des objets et cr\u00e9er directement un ticket<\/li>\n<li>G\u00e9rer l\u2019acc\u00e8s et les droits par client afin de d\u00e9terminer quelles donn\u00e9es sont visibles<\/li>\n<li>Accompagnement via des questionnaires intelligents et des arbres de d\u00e9cision pour des demandes compl\u00e8tes<\/li>\n<li>Ajouter des pi\u00e8ces jointes standard afin que les clients puissent r\u00e9soudre eux-m\u00eames certains probl\u00e8mes<\/li>\n<li>Conversion automatique des e-mails de support en tickets et bons de travail avec les bonnes informations d\u2019objet<\/li>\n<li>Transformation automatique des tickets en bons de travail, imm\u00e9diatement pr\u00eats pour la planification<\/li>\n<li>Planification des bons de travail ou prise en charge directe par les techniciens via le tableau de planification<\/li>\n<li>Donner aux sous-traitants l\u2019acc\u00e8s \u00e0 des bons de travail et formulaires sp\u00e9cifiques<\/li>\n<li>Vue en temps r\u00e9el sur le statut des tickets, signature num\u00e9rique et historique complet des objets<\/li>\n<li>Documentation compl\u00e8te et historique par objet disponibles pour les clients et les techniciens<\/li>\n<li>Les clients peuvent g\u00e9n\u00e9rer eux-m\u00eames des rapports et des exports pour une vue d\u2019ensemble compl\u00e8te<\/li>\n<\/ul>\n<p><a class=\"theme-btn theme-btn__orange-gradient\" href=\"https:\/\/simple-simon.com\/fr\/contact\/\">Contactez-nous<\/a> <a href=\"https:\/\/simple-simon.com\/klantportaal-pro\/\">En savoir plus sur ce module<\/a><\/p>\n\n\t\t\t\t\t\t\t\t\t\t\t\t\t\t\t<a href=\"#\" class=\"theme-link more\"><i class=\"bi bi-chevron-down\"><\/i> En savoir plus<\/a>\n\t\t\t\t\t\t\t\t<a href=\"#\" class=\"theme-link more\"><i class=\"bi bi-chevron-up\"><\/i> Lire moins<\/a>\n\t\t\t\t\t\t\t\t\t\t\t\t\t<\/div>\n\t\t\t\t\t<\/div>\n\t\t\t\t<\/div>\n\t\t\t<\/div>\n\t\t<\/div>\n\t<\/section>\n\t<section class=\"theme-section theme-split theme-content-variable active text-left theme-p-sm\">\n\t\t<div class=\"theme-content-variable__row theme-content-variable__card theme-wrapper\">\n\t\t\t<div class=\"container-fluid\">\n\t\t\t\t<div class=\"row justify-content-md-between \">\n\t\t\t\t\t<div class=\"col-md-5 p-0 order-md-2 order-1\">\n\t\t\t\t\t\t<div class=\"theme-content-variable__card-img img-scale\">\n\t\t\t\t\t\t\t<img decoding=\"async\" src=\"https:\/\/simple-simon.com\/wp-content\/uploads\/2024\/10\/Kalina-website-pictures-51.png\" alt=\"\">\n\t\t\t\t\t\t\t\t\t\t\t\t\t<\/div>\n\t\t\t\t\t<\/div>\n\t\t\t\t\t<div class=\"col-md-6 order-md-1 order-2\">\n\t\t\t\t\t\t<div class=\"theme-content-variable__row-content theme-content-variable__card-content text-left read-more\">\n\t\t\t\t\t\t\t<h3>Module bons de travail avanc\u00e9e<\/h3>\n<p>Le <a href=\"https:\/\/simple-simon.com\/fr\/type-de-bon-de-travail-pro\/\">module avanc\u00e9 des bons de travail<\/a> offre des fonctionnalit\u00e9s \u00e9tendues pour g\u00e9rer et personnaliser les bons de travail. Gr\u00e2ce \u00e0 ce module, vous pouvez classer les bons de travail en diff\u00e9rents types et d\u00e9finir facilement quels formulaires, messages et mises en page sont requis pour chaque bon de travail. Vous travaillez ainsi de mani\u00e8re plus efficace et sur mesure.<\/p>\n<ul>\n<li>R\u00e9partition des bons de travail en diff\u00e9rents types<\/li>\n<li>D\u00e9finition de la mise en page PDF par type de bon de travail<\/li>\n<li>Ajout automatique de formulaires par type de bon de travail<\/li>\n<li>Configuration de messages automatiques \u00e0 destination des clients par type de bon de travail<\/li>\n<li>Estimation du temps de travail par type de bon de travail<\/li>\n<li>Attribution des bons de travail aux techniciens disposant des comp\u00e9tences appropri\u00e9es<\/li>\n<li>Affichage d\u2019ic\u00f4nes sp\u00e9cifiques en fonction du type de bon de travail dans la planification et la liste des bons de travail<\/li>\n<\/ul>\n<p><a class=\"theme-btn theme-btn__orange-gradient\" href=\"https:\/\/simple-simon.com\/fr\/contact\/\">Contactez-nous<\/a> <a href=\"https:\/\/simple-simon.com\/fr\/type-de-bon-de-travail-pro\/\">En savoir plus sur ce module <\/a><\/p>\n\n\t\t\t\t\t\t\t\t\t\t\t\t\t\t\t<a href=\"#\" class=\"theme-link more\"><i class=\"bi bi-chevron-down\"><\/i> En savoir plus<\/a>\n\t\t\t\t\t\t\t\t<a href=\"#\" class=\"theme-link more\"><i class=\"bi bi-chevron-up\"><\/i> Lire moins<\/a>\n\t\t\t\t\t\t\t\t\t\t\t\t\t<\/div>\n\t\t\t\t\t<\/div>\n\t\t\t\t<\/div>\n\t\t\t<\/div>\n\t\t<\/div>\n\t<\/section>\n\t<section class=\"theme-section theme-split theme-content-variable active text-right theme-p-sm\">\n\t\t<div class=\"theme-content-variable__row theme-content-variable__card theme-wrapper\">\n\t\t\t<div class=\"container-fluid\">\n\t\t\t\t<div class=\"row justify-content-md-between align-items-center\">\n\t\t\t\t\t<div class=\"col-md-5 p-0 \">\n\t\t\t\t\t\t<div class=\"theme-content-variable__card-img img-no-scale\">\n\t\t\t\t\t\t\t<img decoding=\"async\" src=\"https:\/\/simple-simon.com\/wp-content\/uploads\/2024\/10\/Laura-website-pictures-3-e1747313233282.png\" alt=\"\">\n\t\t\t\t\t\t\t\t\t\t\t\t\t<\/div>\n\t\t\t\t\t<\/div>\n\t\t\t\t\t<div class=\"col-md-6 \">\n\t\t\t\t\t\t<div class=\"theme-content-variable__row-content theme-content-variable__card-content text-right read-more\">\n\t\t\t\t\t\t\t<h3>Module d\u2019enregistrement des heures<\/h3>\n<p>Le<a href=\"https:\/\/simple-simon.com\/fr\/enregistrement-des-heures-pro\/\"> module d\u2019enregistrement des heures<\/a> de Simple-Simon permet d\u2019enregistrer, de contr\u00f4ler et de valider facilement les heures de travail. Les techniciens compl\u00e8tent rapidement leurs feuilles de temps via l\u2019application, tandis que les planificateurs et responsables g\u00e8rent ces donn\u00e9es en toute simplicit\u00e9 depuis le module bureau.<\/p>\n<ul>\n<li>Saisie simple des feuilles de temps quotidiennes via l\u2019application<\/li>\n<li>Modification et validation des feuilles de temps au bureau<\/li>\n<li>Gestion des types de travaux et des codes de type de travail dans le module bureau<\/li>\n<li>Codes sans num\u00e9ro de bon de travail (par ex. jours f\u00e9ri\u00e9s, maladie) et avec num\u00e9ro de bon de travail (par ex. travail r\u00e9gulier, heures suppl\u00e9mentaires) pour un enregistrement d\u00e9taill\u00e9 des heures<\/li>\n<li>Enregistrement automatique du temps pour les bons de travail et liaison des types de travaux aux heures<\/li>\n<li>Comparaison du nombre total d\u2019heures avec les heures planifi\u00e9es<\/li>\n<li>Filtrage par date et\/ou par technicien pour des rapports d\u00e9taill\u00e9s<\/li>\n<li>G\u00e9n\u00e9ration de feuilles de temps au format PDF avec toutes les informations pertinentes<\/li>\n<li>Cr\u00e9ation facile de totaux pour une vue d\u2019ensemble claire<\/li>\n<\/ul>\n<p><a class=\"theme-btn theme-btn__orange-gradient\" href=\"https:\/\/simple-simon.com\/fr\/contact\/\">Contactez-nous<\/a> <a href=\"https:\/\/simple-simon.com\/fr\/enregistrement-des-heures-pro\/\">En savoir plus sur ce module<\/a><\/p>\n\n\t\t\t\t\t\t\t\t\t\t\t\t\t\t\t<a href=\"#\" class=\"theme-link more\"><i class=\"bi bi-chevron-down\"><\/i> En savoir plus<\/a>\n\t\t\t\t\t\t\t\t<a href=\"#\" class=\"theme-link more\"><i class=\"bi bi-chevron-up\"><\/i> Lire moins<\/a>\n\t\t\t\t\t\t\t\t\t\t\t\t\t<\/div>\n\t\t\t\t\t<\/div>\n\t\t\t\t<\/div>\n\t\t\t<\/div>\n\t\t<\/div>\n\t<\/section>\n\n\n\n<section class=\"theme-section theme-m-sm-t\">\n\n\t<div class=\"theme-cta\">\n\n\t\t<div class=\"theme-cta__icon\">\n\t\t\t\n\t\t<\/div>\n\t\t<div class=\" theme-card bg__purple theme-element tr\">\n\t\t\t<div class=\"container\">\n\t\t\t\t<div class=\"row\">\n\t\t\t\t\t<div class=\"col-md-3\">\n\t\t\t\t\t\t<div class=\"theme-card__icon\">\n\t\t\t\t\t\t\t<svg xmlns=\"http:\/\/www.w3.org\/2000\/svg\" width=\"178.145\" height=\"175.046\" viewBox=\"0 0 178.145 175.046\">\n\t\t\t\t\t\t\t\t<g id=\"confetti\" transform=\"translate(0 175.046) rotate(-90)\">\n\t\t\t\t\t\t\t\t\t<g id=\"Group_313\" data-name=\"Group 313\" transform=\"translate(0 43.062)\">\n\t\t\t\t\t\t\t\t\t\t<g id=\"Group_310\" data-name=\"Group 310\" transform=\"translate(0 67.058)\">\n\t\t\t\t\t\t\t\t\t\t\t<path id=\"Path_149\" data-name=\"Path 149\" d=\"M67.368,51.75a8.969,8.969,0,0,1-3.86,2.185l-13.8,3.773A14.6,14.6,0,0,1,35.3,53.81l-7.216-7.515A14.6,14.6,0,0,1,24.78,31.741l4.463-14.668L11.391,21.688A9.011,9.011,0,0,1,6.637,4.3L20.433.53a14.6,14.6,0,0,1,14.407,3.9l7.216,7.515A14.6,14.6,0,0,1,45.365,26.5L40.2,41.3l18.552-4.751a9.012,9.012,0,0,1,8.614,15.2Z\" fill=\"#8bb6ef\" \/>\n\t\t\t\t\t\t\t\t\t\t\t<path id=\"Path_150\" data-name=\"Path 150\" d=\"M5.166,3.933,4.7,5.478.7,18.6a14.654,14.654,0,0,0,1.9,12.841c4.076-.932,9.5-2.113,13.517-3.281l.662-1.9,4.5-12.907A14.637,14.637,0,0,0,19,0C14.9,1.221,9.292,2.776,5.166,3.933Z\" transform=\"translate(24.078 13.14)\" fill=\"#8388ef\" \/>\n\t\t\t\t\t\t\t\t\t\t<\/g>\n\t\t\t\t\t\t\t\t\t\t<g id=\"Group_311\" data-name=\"Group 311\" transform=\"translate(120.708 54.09)\">\n\t\t\t\t\t\t\t\t\t\t\t<path id=\"Path_151\" data-name=\"Path 151\" d=\"M5.655,66.748a8.967,8.967,0,0,0,4.4.587l14.207-1.65A14.594,14.594,0,0,0,36.17,56.691l3.889-9.665A14.6,14.6,0,0,0,37.7,32.288L28.08,20.347l18.285-2.383A9.012,9.012,0,0,0,44.286.061L30.079,1.71A14.6,14.6,0,0,0,18.168,10.7L14.279,20.37a14.6,14.6,0,0,0,2.363,14.737L26.958,46.914,7.973,49.432A9.013,9.013,0,0,0,5.655,66.748Z\" fill=\"#a183e2\" \/>\n\t\t\t\t\t\t\t\t\t\t\t<path id=\"Path_152\" data-name=\"Path 152\" d=\"M14.835,0l1.013,1.258,8.6,10.684a14.654,14.654,0,0,1,3.026,12.625c-4.13.657-9.6,1.585-13.765,2L12.39,25.054,3.4,14.76A14.636,14.636,0,0,1,.528,1.516C4.8,1.115,10.575.467,14.835,0Z\" transform=\"translate(13.245 20.347)\" fill=\"#9762e2\" \/>\n\t\t\t\t\t\t\t\t\t\t<\/g>\n\t\t\t\t\t\t\t\t\t\t<g id=\"Group_312\" data-name=\"Group 312\" transform=\"translate(52.214)\">\n\t\t\t\t\t\t\t\t\t\t\t<path id=\"Path_153\" data-name=\"Path 153\" d=\"M34,77.345a8.969,8.969,0,0,0,3.417-2.828l8.441-11.546a14.6,14.6,0,0,0,1.492-14.85L42.9,38.7a14.6,14.6,0,0,0-12.42-8.278l-15.3-1.056L25.855,14.33A9.011,9.011,0,0,0,11.306,3.693L2.865,15.24A14.6,14.6,0,0,0,1.373,30.09l4.45,9.42a14.6,14.6,0,0,0,12.419,8.278l15.672.452L22.865,63.881A9.013,9.013,0,0,0,34,77.345Z\" fill=\"#ffa585\" \/>\n\t\t\t\t\t\t\t\t\t\t\t<path id=\"Path_154\" data-name=\"Path 154\" d=\"M7.757,1.274,8.607,0,23.9,1.056a14.654,14.654,0,0,1,11.32,6.356c-2.066,3.092-4.251,6.1-6.485,9.078a12.13,12.13,0,0,0-1.4,2.383l-15.672-.452A14.638,14.638,0,0,1,0,11.528C2.605,8.124,5.205,4.717,7.757,1.274Z\" transform=\"translate(6.575 29.367)\" fill=\"#ef7c85\" \/>\n\t\t\t\t\t\t\t\t\t\t<\/g>\n\t\t\t\t\t\t\t\t\t\t<path id=\"Path_155\" data-name=\"Path 155\" d=\"M10.079,19.979,2.523,16.2A4.564,4.564,0,0,1,.483,10.079L4.261,2.523A4.563,4.563,0,0,1,10.383.483l7.556,3.778a4.563,4.563,0,0,1,2.041,6.122L16.2,17.938A4.563,4.563,0,0,1,10.079,19.979Z\" transform=\"translate(11.979 30.062)\" fill=\"#ffe266\" \/>\n\t\t\t\t\t\t\t\t\t\t<path id=\"Path_156\" data-name=\"Path 156\" d=\"M3.311,2.5,11.433.177a4.563,4.563,0,0,1,5.641,3.134l2.32,8.123a4.563,4.563,0,0,1-3.134,5.641L8.138,19.4A4.563,4.563,0,0,1,2.5,16.261L.177,8.138A4.564,4.564,0,0,1,3.311,2.5Z\" transform=\"translate(82.049 115.511)\" fill=\"#ef8bbd\" \/>\n\t\t\t\t\t\t\t\t\t\t<path id=\"Path_157\" data-name=\"Path 157\" d=\"M26.8,23.08,16.138,29.238A6.652,6.652,0,0,1,7.05,26.8L.892,16.138A6.653,6.653,0,0,1,3.327,7.05L13.993.892A6.652,6.652,0,0,1,23.08,3.327l6.158,10.665A6.653,6.653,0,0,1,26.8,23.08Z\" transform=\"translate(116.483 10.165)\" fill=\"#78eac4\" \/>\n\t\t\t\t\t\t\t\t\t<\/g>\n\t\t\t\t\t\t\t\t\t<path id=\"Path_158\" data-name=\"Path 158\" d=\"M14.049.875,16.988,9.14a1.327,1.327,0,0,0,.689.776l7.343,3.308a1.465,1.465,0,0,1,0,2.588L17.677,19.12a1.326,1.326,0,0,0-.689.776L14.049,28.16a1.192,1.192,0,0,1-2.3,0L8.81,19.9a1.327,1.327,0,0,0-.689-.776L.778,15.812a1.465,1.465,0,0,1,0-2.588L8.121,9.916A1.324,1.324,0,0,0,8.81,9.14L11.749.875A1.192,1.192,0,0,1,14.049.875Z\" transform=\"translate(16 16.306)\" fill=\"#cab4ef\" \/>\n\t\t\t\t\t\t\t\t\t<path id=\"Path_159\" data-name=\"Path 159\" d=\"M10.42.65,12.6,6.78a.983.983,0,0,0,.512.575l5.447,2.454a1.087,1.087,0,0,1,0,1.92l-5.447,2.454a.986.986,0,0,0-.512.575l-2.18,6.13a.884.884,0,0,1-1.705,0l-2.18-6.13a.983.983,0,0,0-.511-.575L.577,11.729a1.087,1.087,0,0,1,0-1.92L6.024,7.355a.985.985,0,0,0,.511-.575L8.715.65a.884.884,0,0,1,1.705,0Z\" transform=\"translate(129.357)\" fill=\"#ffc7b6\" \/>\n\t\t\t\t\t\t\t\t\t<circle id=\"Ellipse_21\" data-name=\"Ellipse 21\" cx=\"6.418\" cy=\"6.418\" r=\"6.418\" transform=\"translate(98.988 28.986) rotate(-22.514)\" fill=\"#8bb6ef\" \/>\n\t\t\t\t\t\t\t\t\t<circle id=\"Ellipse_22\" data-name=\"Ellipse 22\" cx=\"2.769\" cy=\"2.769\" r=\"2.769\" transform=\"translate(46.677 10.769)\" fill=\"#ef8bbd\" \/>\n\t\t\t\t\t\t\t\t\t<circle id=\"Ellipse_23\" data-name=\"Ellipse 23\" cx=\"2.769\" cy=\"2.769\" r=\"2.769\" transform=\"translate(160.893 53.079)\" fill=\"#ffe266\" \/>\n\t\t\t\t\t\t\t\t<\/g>\n\t\t\t\t\t\t\t<\/svg>\n\t\t\t\t\t\t<\/div>\n\t\t\t\t\t<\/div>\n\t\t\t\t\t<div class=\"col-md-6\">\n\t\t\t\t\t\t<div class=\"theme-card__content\">\n\t\t\t\t\t\t\t<h2 style=\"text-align: center;\">Commencez d\u00e8s aujourd\u2019hui avec Simple-Simon<\/h2>\n<h3 style=\"text-align: center;\">Lancez une d\u00e9mo ou essayez gratuitement pendant 2 semaines.<\/h3>\n<p style=\"text-align: center;\">Complet pour <a href=\"https:\/\/simple-simon.com\/prijzen\/\"><span class=\"ss-price\" data-attr=\"default\">\u20ac27,50<\/span>\u00a0 par mois par utilisateur !<\/a><\/p>\n<p style=\"text-align: center;\"><a class=\"theme-btn theme-btn__orange-gradient\" href=\"https:\/\/app.simple-simon.net\/Login\/Signup\/Trial.aspx?lang=nl\" target=\"_blank\" rel=\"noopener\">Essayez gratuitement<\/a><a class=\"theme-btn theme-btn__orange-gradient\" href=\"https:\/\/simple-simon.com\/plan-een-live-demo\/\">Planifiez une d\u00e9mo<\/a><\/p>\n\t\t\t\t\t\t<\/div>\n\t\t\t\t\t<\/div>\n\t\t\t\t\t<div class=\"col-md-3\">\n\t\t\t\t\t\t<div class=\"theme-card__content quote\">\n\t\t\t\t\t\t\t<p><em>\u00ab\u00a0Notre entreprise utilise cette application depuis tr\u00e8s longtemps et maintenant qu\u2019il y a une nouvelle version 2.0, elle fonctionne encore mieux. Un grand merci !\u202f\u00a0\u00bb<\/em><\/p>\n<p><strong>Aktie Totaalinstallateurs B.V.<\/strong><\/p>\n<span class=\"rating-wrapper\"><div class=\"star-ratings\"><div class=\"fill-ratings\" style=\"width: 96%;\"><span>\u2605\u2605\u2605\u2605\u2605<\/span><\/div><div class=\"empty-ratings\"><span>\u2605\u2605\u2605\u2605\u2605<\/span><\/div><\/div> 4.8\/5 not\u00e9<\/span>\n<p><a href=\"https:\/\/apps.apple.com\/nl\/app\/simple-simon-field-service\/id897884395\" target=\"_blank\" rel=\"noopener\"><img loading=\"lazy\" decoding=\"async\" class=\"alignnone\" src=\"\/wp-content\/uploads\/2024\/04\/appstore.png\" alt=\"\" width=\"180\" height=\"46\" \/><\/a> <a href=\"https:\/\/play.google.com\/store\/apps\/details?id=com.mobileop\" target=\"_blank\" rel=\"noopener\"><img loading=\"lazy\" decoding=\"async\" class=\"alignnone\" src=\"\/wp-content\/uploads\/2024\/04\/playstore.png\" alt=\"\" width=\"180\" height=\"46\" \/><\/a><\/p>\n\t\t\t\t\t\t<\/div>\n\t\t\t\t\t<\/div>\n\t\t\t\t<\/div>\n\t\t\t<\/div>\n\t\t<\/div>\n\t<\/div>\n<\/section>\n","protected":false},"excerpt":{"rendered":"","protected":false},"author":12,"featured_media":0,"parent":0,"menu_order":0,"comment_status":"closed","ping_status":"closed","template":"","meta":{"_acf_changed":false,"inline_featured_image":false,"footnotes":""},"tags":[],"class_list":["post-8838","page","type-page","status-publish","hentry"],"acf":[],"aioseo_notices":[],"_links":{"self":[{"href":"https:\/\/simple-simon.com\/fr\/wp-json\/wp\/v2\/pages\/8838","targetHints":{"allow":["GET"]}}],"collection":[{"href":"https:\/\/simple-simon.com\/fr\/wp-json\/wp\/v2\/pages"}],"about":[{"href":"https:\/\/simple-simon.com\/fr\/wp-json\/wp\/v2\/types\/page"}],"author":[{"embeddable":true,"href":"https:\/\/simple-simon.com\/fr\/wp-json\/wp\/v2\/users\/12"}],"replies":[{"embeddable":true,"href":"https:\/\/simple-simon.com\/fr\/wp-json\/wp\/v2\/comments?post=8838"}],"version-history":[{"count":5,"href":"https:\/\/simple-simon.com\/fr\/wp-json\/wp\/v2\/pages\/8838\/revisions"}],"predecessor-version":[{"id":14909,"href":"https:\/\/simple-simon.com\/fr\/wp-json\/wp\/v2\/pages\/8838\/revisions\/14909"}],"wp:attachment":[{"href":"https:\/\/simple-simon.com\/fr\/wp-json\/wp\/v2\/media?parent=8838"}],"wp:term":[{"taxonomy":"post_tag","embeddable":true,"href":"https:\/\/simple-simon.com\/fr\/wp-json\/wp\/v2\/tags?post=8838"}],"curies":[{"name":"wp","href":"https:\/\/api.w.org\/{rel}","templated":true}]}}