{"id":7245,"date":"2024-04-11T07:46:19","date_gmt":"2024-04-11T07:46:19","guid":{"rendered":"https:\/\/simple-simon.com\/fraeerste-werkbon-in-5-minuten\/"},"modified":"2026-02-03T16:13:45","modified_gmt":"2026-02-03T16:13:45","slug":"premier-bon-de-travail-en-5-minutes","status":"publish","type":"page","link":"https:\/\/simple-simon.com\/fr\/premier-bon-de-travail-en-5-minutes\/","title":{"rendered":"Premier bon de travail en 5 minutes"},"content":{"rendered":"\n\n\n<section class=\"theme-section theme-hero__wrapper theme-p-sm text__light \">\n\t<div class=\"theme-wrapper theme-element bl bg__dark-blue \">\n\t\t\t\t\t<div class=\"theme-hero__img-partial\">\n\t\t\t\t\t\t\t\t\t<img decoding=\"async\" src=\"https:\/\/simple-simon.com\/wp-content\/uploads\/2024\/10\/Kalina-website-pictures-44-e1749127766133.png\" alt=\"\">\n\t\t\t\t\t\t\t<\/div>\n\t\t\t\t<div class=\"container\">\n\t\t\t<div class=\"row justify-content-between\">\n\t\t\t\t<div class=\"col-xl-6\">\n\t\t\t\t\t<div class=\"theme-hero__content\">\n\t\t\t\t\t\t<h1>Votre premier bon de travail en 5 minutes avec Simple-Simon<\/h1>\n<p><\/p>\n<p style=\"text-align: left;\">Avec Simple-Simon, cr\u00e9ez facilement votre premier bon de travail en seulement 5 minutes. Les modules intuitifs du bureau et de l\u2019application vous permettent de travailler plus efficacement, tant au bureau que sur le terrain. Commencez d\u00e8s maintenant et d\u00e9couvrez par vous-m\u00eame \u00e0 quel point il est simple de cr\u00e9er des bons de travail avec Simple-Simon.<\/p>\n<p><a class=\"theme-btn theme-btn__orange-gradient\" href=\"https:\/\/app.simple-simon.net\/Login\/Signup\/Trial.aspx?lang=fr\" target=\"_blank\" rel=\"noopener\">Commencez une d\u00e9mo<\/a><a class=\"theme-link theme-link__blue\" href=\"https:\/\/simple-simon.com\/fr\/fonctionnalites\/\">Voir toutes les fonctionnalit\u00e9s<\/a><\/p>\n\t\t\t\t\t<\/div>\n\t\t\t\t<\/div>\n\t\t\t\t\t\t\t\t\n\t\t\t\t\t\t\t<\/div>\n\n\t\t<\/div>\n\n\n\t<\/div>\n<\/section>\n\t<section class=\"theme-section theme-split theme-content-variable active text-right theme-p-sm\">\n\t\t<div class=\"theme-content-variable__row theme-content-variable__card theme-wrapper\">\n\t\t\t<div class=\"container-fluid\">\n\t\t\t\t<div class=\"row justify-content-md-between align-items-center\">\n\t\t\t\t\t<div class=\"col-md-5 p-0 \">\n\t\t\t\t\t\t<div class=\"theme-content-variable__card-img img-no-scale\">\n\t\t\t\t\t\t\t<img decoding=\"async\" src=\"https:\/\/simple-simon.com\/wp-content\/uploads\/2025\/07\/Laura-website-pictures-1.gif\" alt=\"\">\n\t\t\t\t\t\t\t\t\t\t\t\t\t<\/div>\n\t\t\t\t\t<\/div>\n\t\t\t\t\t<div class=\"col-md-6 \">\n\t\t\t\t\t\t<div class=\"theme-content-variable__row-content theme-content-variable__card-content text-right \">\n\t\t\t\t\t\t\t<h2>Cr\u00e9er un bon de travail<\/h2>\n<p><\/p>\n<ol>\n<li><strong>Saisissez vos donn\u00e9es de base (Ou int\u00e9grez-les depuis votre logiciel de comptabilit\u00e9)<br \/>\n<\/strong>Allez dans les donn\u00e9es de base, o\u00f9 vous pouvez ajouter manuellement ou via une importation Excel : des clients, adresses de travail, articles. Vous pouvez \u00e9galement y ajouter vos propres formulaires, objets et personnes de contact.<br \/>\nLes articles saisis ici sont disponibles dans l\u2019application Simon pour enregistrer les articles consomm\u00e9s sur un bon de travail.*<\/li>\n<li><strong>Cr\u00e9ez votre bon de travail et placez-le dans le planning<br \/>\n<\/strong>Lorsque vous passez votre souris sur le planning, elle se transforme en signe \u201c+\u201d. Cliquez sur un jour\/une heure pour planifier un bon de travail. Vous pouvez cr\u00e9er un nouveau bon de travail en cliquant sur \u00ab Nouveau bon de travail \u00bb ou en s\u00e9lectionner un existant via \u00ab Rechercher un bon de travail \u00bb.<\/li>\n<li><strong>Et\u2026 c\u2019est pr\u00eat !<br \/>\n<\/strong>Le bon de travail est d\u00e9sormais visible dans le calendrier du technicien. Cette planification est synchronis\u00e9e en temps r\u00e9el avec l\u2019application Simon. D\u00e8s que vous planifiez un bon, il appara\u00eet automatiquement dans la planification du collaborateur sur le terrain.<\/li>\n<\/ol>\n<p><em>P.S. Vous pouvez ajouter toute votre \u00e9quipe dans l\u2019application et\u00a0<a href=\"https:\/\/simple-simon.com\/fr\/fonctionnalites\/personnalisation\/\">personnaliser<\/a>\u00a0vos bons de travail avec vos propres logos, listes de contr\u00f4le, etc.<\/em><\/p>\n\n\t\t\t\t\t\t\t\t\t\t\t\t\t<\/div>\n\t\t\t\t\t<\/div>\n\t\t\t\t<\/div>\n\t\t\t<\/div>\n\t\t<\/div>\n\t<\/section>\n\t<section class=\"theme-section theme-split theme-content-variable active text-left theme-p-sm\">\n\t\t<div class=\"theme-content-variable__row theme-content-variable__card theme-wrapper\">\n\t\t\t<div class=\"container-fluid\">\n\t\t\t\t<div class=\"row justify-content-md-between align-items-center\">\n\t\t\t\t\t<div class=\"col-md-5 p-0 order-md-2 order-1\">\n\t\t\t\t\t\t<div class=\"theme-content-variable__card-img img-no-scale\">\n\t\t\t\t\t\t\t<img decoding=\"async\" src=\"https:\/\/simple-simon.com\/wp-content\/uploads\/2025\/07\/Laura-website-pictures-36.png\" alt=\"\">\n\t\t\t\t\t\t\t\t\t\t\t\t\t<\/div>\n\t\t\t\t\t<\/div>\n\t\t\t\t\t<div class=\"col-md-6 order-md-1 order-2\">\n\t\t\t\t\t\t<div class=\"theme-content-variable__row-content theme-content-variable__card-content text-left \">\n\t\t\t\t\t\t\t<h2>Ex\u00e9cuter un bon de travail avec l\u2019application Simple-Simon<\/h2>\n<p>Maintenant que votre bon de travail est cr\u00e9\u00e9 et planifi\u00e9, vos techniciens peuvent l\u2019ouvrir et le d\u00e9marrer via l\u2019application.<\/p>\n<ol>\n<li><strong>Connexion et s\u00e9lection du bon de travail<\/strong><br \/>\nLes techniciens se connectent \u00e0 leur tableau de planification dans l\u2019application. Ils y voient tous les bons planifi\u00e9s pour eux. En cliquant sur un bon, ils peuvent commencer l\u2019enregistrement du temps de travail et des mat\u00e9riaux utilis\u00e9s.<\/li>\n<li><strong>Suivi du temps de trajet et de travail<\/strong><br \/>\nGr\u00e2ce \u00e0 l\u2019application Simon, les techniciens peuvent enregistrer leur temps de d\u00e9placement et leur temps de travail. Vous disposez ainsi de donn\u00e9es pr\u00e9cises sur les heures pass\u00e9es par bon de travail.<\/li>\n<li><strong>Saisie des articles et formulaires<\/strong><br \/>\nL\u2019application permet d\u2019enregistrer les articles via un scan de code-barres ou une saisie manuelle. Les employ\u00e9s peuvent \u00e9galement remplir des formulaires, comme des rapports d\u2019entretien ou des fiches de livraison.<\/li>\n<li><strong>Cl\u00f4ture du bon de travail<\/strong><br \/>\nUne fois le travail termin\u00e9, le technicien clique sur le drapeau d\u2019arriv\u00e9e. Il v\u00e9rifie alors les heures et les mat\u00e9riaux enregistr\u00e9s. Tout est correct ? Il peut alors demander la signature du client, puis envoyer le bon au client et\/ou au bureau.<\/li>\n<\/ol>\n\n\t\t\t\t\t\t\t\t\t\t\t\t\t<\/div>\n\t\t\t\t\t<\/div>\n\t\t\t\t<\/div>\n\t\t\t<\/div>\n\t\t<\/div>\n\t<\/section>    <div class=\"wrapper theme-pt\">\n        <div class=\"container\">\n            <div class=\"row justify-content-center mb-5\">\n                                            <div class=\"col-xs-12 col-sm-12 col-md-8 col-lg-8\">\n                            <h2 style=\"text-align: center;\" data-start=\"3133\" data-end=\"3172\">Pourquoi choisir Simple-Simon ?<\/h2>\n<p><\/p>\n<p data-start=\"3174\" data-end=\"3430\">\n                            <\/div>\n                                      \n            <\/div>\n        <\/div>\n    <\/div>\n    <div class=\"wrapper theme-pb\">\n        <div class=\"container container__small\">\n            <div class=\"row justify-content-center\">\n                                            <div class=\"col-xs-12 col-sm-12 col-md-4 col-lg-4\">\n                            <div class=\"rounded-img\"><p><img loading=\"lazy\" decoding=\"async\" class=\"aligncenter wp-image-6428\" src=\"https:\/\/simple-simon.com\/wp-content\/uploads\/2025\/03\/Urenregistratie.svg\" alt=\"Urenregistratie\" width=\"80\" height=\"76\" \/><\/p>\n<h3 style=\"text-align: center;\">Cr\u00e9er des bons de travail rapidement et efficacement<\/h3>\n<\/div>                            <\/div>\n                                                    <div class=\"col-xs-12 col-sm-12 col-md-4 col-lg-4\">\n                            <div class=\"rounded-img\"><p><img loading=\"lazy\" decoding=\"async\" class=\"aligncenter wp-image-6271\" src=\"https:\/\/simple-simon.com\/wp-content\/uploads\/2024\/10\/On-en-offline-werken.svg\" alt=\"On- en offline werken\" width=\"80\" height=\"76\" \/><\/p>\n<h3 style=\"text-align: center;\">Connexion en temps r\u00e9el et planification simple<\/h3>\n<\/div>                            <\/div>\n                                                    <div class=\"col-xs-12 col-sm-12 col-md-4 col-lg-4\">\n                            <div class=\"rounded-img\"><p><img loading=\"lazy\" decoding=\"async\" class=\"aligncenter wp-image-6247\" src=\"https:\/\/simple-simon.com\/wp-content\/uploads\/2024\/10\/Integraties-met-boekhoudpakket.svg\" alt=\"Integraties met boekhoudpakket\" width=\"80\" height=\"76\" \/><\/p>\n<h3 style=\"text-align: center;\">Int\u00e9grations avec les logiciels de comptabilit\u00e9<\/h3>\n<\/div>                            <\/div>\n                                      \n            <\/div>\n        <\/div>\n    <\/div>\n\n\t<section class=\"theme-section theme-split theme-content-variable active text-right theme-p-sm\">\n\t\t<div class=\"theme-content-variable__row theme-content-variable__card theme-wrapper\">\n\t\t\t<div class=\"container-fluid\">\n\t\t\t\t<div class=\"row justify-content-md-between \">\n\t\t\t\t\t<div class=\"col-md-5 p-0 \">\n\t\t\t\t\t\t<div class=\"theme-content-variable__card-img img-scale\">\n\t\t\t\t\t\t\t<img decoding=\"async\" src=\"https:\/\/simple-simon.com\/wp-content\/uploads\/2025\/05\/vecteezy_two-construction-workers-on-a-roof-with-hvac-units_50623996-scaled.jpeg\" alt=\"\">\n\t\t\t\t\t\t\t\t\t\t\t\t\t<\/div>\n\t\t\t\t\t<\/div>\n\t\t\t\t\t<div class=\"col-md-6 \">\n\t\t\t\t\t\t<div class=\"theme-content-variable__row-content theme-content-variable__card-content text-right \">\n\t\t\t\t\t\t\t<h2>Commencez votre premier bon de travail d\u00e8s aujourd\u2019hui !<\/h2>\n<p>Avec\u00a0<span class=\"brand\">Simple-Simon<\/span>, cr\u00e9ez facilement votre premier bon de travail en un clin d\u2019\u0153il. Cr\u00e9ez un compte de test maintenant et d\u00e9couvrez comment cr\u00e9er, planifier et cl\u00f4turer un bon de travail en moins de 5 minutes.<br \/>Des questions ? Contactez-nous!<\/p>\n\n\t\t\t\t\t\t\t\t\t\t\t\t\t<\/div>\n\t\t\t\t\t<\/div>\n\t\t\t\t<\/div>\n\t\t\t<\/div>\n\t\t<\/div>\n\t<\/section>\n\n\n\n<section class=\"theme-section theme-m-sm-t\">\n\n\t<div class=\"theme-cta\">\n\n\t\t<div class=\"theme-cta__icon\">\n\t\t\t\n\t\t<\/div>\n\t\t<div class=\" theme-card bg__purple theme-element tr\">\n\t\t\t<div class=\"container\">\n\t\t\t\t<div class=\"row\">\n\t\t\t\t\t<div class=\"col-md-3\">\n\t\t\t\t\t\t<div class=\"theme-card__icon\">\n\t\t\t\t\t\t\t<svg xmlns=\"http:\/\/www.w3.org\/2000\/svg\" width=\"178.145\" height=\"175.046\" viewBox=\"0 0 178.145 175.046\">\n\t\t\t\t\t\t\t\t<g id=\"confetti\" transform=\"translate(0 175.046) rotate(-90)\">\n\t\t\t\t\t\t\t\t\t<g id=\"Group_313\" data-name=\"Group 313\" transform=\"translate(0 43.062)\">\n\t\t\t\t\t\t\t\t\t\t<g id=\"Group_310\" data-name=\"Group 310\" transform=\"translate(0 67.058)\">\n\t\t\t\t\t\t\t\t\t\t\t<path id=\"Path_149\" data-name=\"Path 149\" d=\"M67.368,51.75a8.969,8.969,0,0,1-3.86,2.185l-13.8,3.773A14.6,14.6,0,0,1,35.3,53.81l-7.216-7.515A14.6,14.6,0,0,1,24.78,31.741l4.463-14.668L11.391,21.688A9.011,9.011,0,0,1,6.637,4.3L20.433.53a14.6,14.6,0,0,1,14.407,3.9l7.216,7.515A14.6,14.6,0,0,1,45.365,26.5L40.2,41.3l18.552-4.751a9.012,9.012,0,0,1,8.614,15.2Z\" fill=\"#8bb6ef\" \/>\n\t\t\t\t\t\t\t\t\t\t\t<path id=\"Path_150\" data-name=\"Path 150\" d=\"M5.166,3.933,4.7,5.478.7,18.6a14.654,14.654,0,0,0,1.9,12.841c4.076-.932,9.5-2.113,13.517-3.281l.662-1.9,4.5-12.907A14.637,14.637,0,0,0,19,0C14.9,1.221,9.292,2.776,5.166,3.933Z\" transform=\"translate(24.078 13.14)\" fill=\"#8388ef\" \/>\n\t\t\t\t\t\t\t\t\t\t<\/g>\n\t\t\t\t\t\t\t\t\t\t<g id=\"Group_311\" data-name=\"Group 311\" transform=\"translate(120.708 54.09)\">\n\t\t\t\t\t\t\t\t\t\t\t<path id=\"Path_151\" data-name=\"Path 151\" d=\"M5.655,66.748a8.967,8.967,0,0,0,4.4.587l14.207-1.65A14.594,14.594,0,0,0,36.17,56.691l3.889-9.665A14.6,14.6,0,0,0,37.7,32.288L28.08,20.347l18.285-2.383A9.012,9.012,0,0,0,44.286.061L30.079,1.71A14.6,14.6,0,0,0,18.168,10.7L14.279,20.37a14.6,14.6,0,0,0,2.363,14.737L26.958,46.914,7.973,49.432A9.013,9.013,0,0,0,5.655,66.748Z\" fill=\"#a183e2\" \/>\n\t\t\t\t\t\t\t\t\t\t\t<path id=\"Path_152\" data-name=\"Path 152\" d=\"M14.835,0l1.013,1.258,8.6,10.684a14.654,14.654,0,0,1,3.026,12.625c-4.13.657-9.6,1.585-13.765,2L12.39,25.054,3.4,14.76A14.636,14.636,0,0,1,.528,1.516C4.8,1.115,10.575.467,14.835,0Z\" transform=\"translate(13.245 20.347)\" fill=\"#9762e2\" \/>\n\t\t\t\t\t\t\t\t\t\t<\/g>\n\t\t\t\t\t\t\t\t\t\t<g id=\"Group_312\" data-name=\"Group 312\" transform=\"translate(52.214)\">\n\t\t\t\t\t\t\t\t\t\t\t<path id=\"Path_153\" data-name=\"Path 153\" d=\"M34,77.345a8.969,8.969,0,0,0,3.417-2.828l8.441-11.546a14.6,14.6,0,0,0,1.492-14.85L42.9,38.7a14.6,14.6,0,0,0-12.42-8.278l-15.3-1.056L25.855,14.33A9.011,9.011,0,0,0,11.306,3.693L2.865,15.24A14.6,14.6,0,0,0,1.373,30.09l4.45,9.42a14.6,14.6,0,0,0,12.419,8.278l15.672.452L22.865,63.881A9.013,9.013,0,0,0,34,77.345Z\" fill=\"#ffa585\" \/>\n\t\t\t\t\t\t\t\t\t\t\t<path id=\"Path_154\" data-name=\"Path 154\" d=\"M7.757,1.274,8.607,0,23.9,1.056a14.654,14.654,0,0,1,11.32,6.356c-2.066,3.092-4.251,6.1-6.485,9.078a12.13,12.13,0,0,0-1.4,2.383l-15.672-.452A14.638,14.638,0,0,1,0,11.528C2.605,8.124,5.205,4.717,7.757,1.274Z\" transform=\"translate(6.575 29.367)\" fill=\"#ef7c85\" \/>\n\t\t\t\t\t\t\t\t\t\t<\/g>\n\t\t\t\t\t\t\t\t\t\t<path id=\"Path_155\" data-name=\"Path 155\" d=\"M10.079,19.979,2.523,16.2A4.564,4.564,0,0,1,.483,10.079L4.261,2.523A4.563,4.563,0,0,1,10.383.483l7.556,3.778a4.563,4.563,0,0,1,2.041,6.122L16.2,17.938A4.563,4.563,0,0,1,10.079,19.979Z\" transform=\"translate(11.979 30.062)\" fill=\"#ffe266\" \/>\n\t\t\t\t\t\t\t\t\t\t<path id=\"Path_156\" data-name=\"Path 156\" d=\"M3.311,2.5,11.433.177a4.563,4.563,0,0,1,5.641,3.134l2.32,8.123a4.563,4.563,0,0,1-3.134,5.641L8.138,19.4A4.563,4.563,0,0,1,2.5,16.261L.177,8.138A4.564,4.564,0,0,1,3.311,2.5Z\" transform=\"translate(82.049 115.511)\" fill=\"#ef8bbd\" \/>\n\t\t\t\t\t\t\t\t\t\t<path id=\"Path_157\" data-name=\"Path 157\" d=\"M26.8,23.08,16.138,29.238A6.652,6.652,0,0,1,7.05,26.8L.892,16.138A6.653,6.653,0,0,1,3.327,7.05L13.993.892A6.652,6.652,0,0,1,23.08,3.327l6.158,10.665A6.653,6.653,0,0,1,26.8,23.08Z\" transform=\"translate(116.483 10.165)\" fill=\"#78eac4\" \/>\n\t\t\t\t\t\t\t\t\t<\/g>\n\t\t\t\t\t\t\t\t\t<path id=\"Path_158\" data-name=\"Path 158\" d=\"M14.049.875,16.988,9.14a1.327,1.327,0,0,0,.689.776l7.343,3.308a1.465,1.465,0,0,1,0,2.588L17.677,19.12a1.326,1.326,0,0,0-.689.776L14.049,28.16a1.192,1.192,0,0,1-2.3,0L8.81,19.9a1.327,1.327,0,0,0-.689-.776L.778,15.812a1.465,1.465,0,0,1,0-2.588L8.121,9.916A1.324,1.324,0,0,0,8.81,9.14L11.749.875A1.192,1.192,0,0,1,14.049.875Z\" transform=\"translate(16 16.306)\" fill=\"#cab4ef\" \/>\n\t\t\t\t\t\t\t\t\t<path id=\"Path_159\" data-name=\"Path 159\" d=\"M10.42.65,12.6,6.78a.983.983,0,0,0,.512.575l5.447,2.454a1.087,1.087,0,0,1,0,1.92l-5.447,2.454a.986.986,0,0,0-.512.575l-2.18,6.13a.884.884,0,0,1-1.705,0l-2.18-6.13a.983.983,0,0,0-.511-.575L.577,11.729a1.087,1.087,0,0,1,0-1.92L6.024,7.355a.985.985,0,0,0,.511-.575L8.715.65a.884.884,0,0,1,1.705,0Z\" transform=\"translate(129.357)\" fill=\"#ffc7b6\" \/>\n\t\t\t\t\t\t\t\t\t<circle id=\"Ellipse_21\" data-name=\"Ellipse 21\" cx=\"6.418\" cy=\"6.418\" r=\"6.418\" transform=\"translate(98.988 28.986) rotate(-22.514)\" fill=\"#8bb6ef\" \/>\n\t\t\t\t\t\t\t\t\t<circle id=\"Ellipse_22\" data-name=\"Ellipse 22\" cx=\"2.769\" cy=\"2.769\" r=\"2.769\" transform=\"translate(46.677 10.769)\" fill=\"#ef8bbd\" \/>\n\t\t\t\t\t\t\t\t\t<circle id=\"Ellipse_23\" data-name=\"Ellipse 23\" cx=\"2.769\" cy=\"2.769\" r=\"2.769\" transform=\"translate(160.893 53.079)\" fill=\"#ffe266\" \/>\n\t\t\t\t\t\t\t\t<\/g>\n\t\t\t\t\t\t\t<\/svg>\n\t\t\t\t\t\t<\/div>\n\t\t\t\t\t<\/div>\n\t\t\t\t\t<div class=\"col-md-6\">\n\t\t\t\t\t\t<div class=\"theme-card__content\">\n\t\t\t\t\t\t\t<h2 style=\"text-align: center;\">Commencez d\u00e8s aujourd\u2019hui avec Simple-Simon<\/h2>\n<h3 style=\"text-align: center;\">Lancez une d\u00e9mo ou essayez gratuitement pendant 2 semaines.<\/h3>\n<p style=\"text-align: center;\">Complet pour <a href=\"https:\/\/simple-simon.com\/prijzen\/\"><span class=\"ss-price\" data-attr=\"default\">\u20ac27,50<\/span>\u00a0 par mois par utilisateur !<\/a><\/p>\n<p style=\"text-align: center;\"><a class=\"theme-btn theme-btn__orange-gradient\" href=\"https:\/\/app.simple-simon.net\/Login\/Signup\/Trial.aspx?lang=nl\" target=\"_blank\" rel=\"noopener\">Essayez gratuitement<\/a><a class=\"theme-btn theme-btn__orange-gradient\" href=\"https:\/\/simple-simon.com\/plan-een-live-demo\/\">Planifiez une d\u00e9mo<\/a><\/p>\n\t\t\t\t\t\t<\/div>\n\t\t\t\t\t<\/div>\n\t\t\t\t\t<div class=\"col-md-3\">\n\t\t\t\t\t\t<div class=\"theme-card__content quote\">\n\t\t\t\t\t\t\t<p><em>\u00ab\u00a0Notre entreprise utilise cette application depuis tr\u00e8s longtemps et maintenant qu\u2019il y a une nouvelle version 2.0, elle fonctionne encore mieux. Un grand merci !\u202f\u00a0\u00bb<\/em><\/p>\n<p><strong>Aktie Totaalinstallateurs B.V.<\/strong><\/p>\n<span class=\"rating-wrapper\"><div class=\"star-ratings\"><div class=\"fill-ratings\" style=\"width: 96%;\"><span>\u2605\u2605\u2605\u2605\u2605<\/span><\/div><div class=\"empty-ratings\"><span>\u2605\u2605\u2605\u2605\u2605<\/span><\/div><\/div> 4.8\/5 not\u00e9<\/span>\n<p><a href=\"https:\/\/apps.apple.com\/nl\/app\/simple-simon-field-service\/id897884395\" target=\"_blank\" rel=\"noopener\"><img loading=\"lazy\" decoding=\"async\" class=\"alignnone\" src=\"\/wp-content\/uploads\/2024\/04\/appstore.png\" alt=\"\" width=\"180\" height=\"46\" \/><\/a> <a href=\"https:\/\/play.google.com\/store\/apps\/details?id=com.mobileop\" target=\"_blank\" rel=\"noopener\"><img loading=\"lazy\" decoding=\"async\" class=\"alignnone\" src=\"\/wp-content\/uploads\/2024\/04\/playstore.png\" alt=\"\" width=\"180\" height=\"46\" \/><\/a><\/p>\n\t\t\t\t\t\t<\/div>\n\t\t\t\t\t<\/div>\n\t\t\t\t<\/div>\n\t\t\t<\/div>\n\t\t<\/div>\n\t<\/div>\n<\/section>\n","protected":false},"excerpt":{"rendered":"","protected":false},"author":12,"featured_media":0,"parent":0,"menu_order":0,"comment_status":"closed","ping_status":"closed","template":"","meta":{"_acf_changed":false,"inline_featured_image":false,"footnotes":""},"tags":[],"class_list":["post-7245","page","type-page","status-publish","hentry"],"acf":[],"aioseo_notices":[],"_links":{"self":[{"href":"https:\/\/simple-simon.com\/fr\/wp-json\/wp\/v2\/pages\/7245","targetHints":{"allow":["GET"]}}],"collection":[{"href":"https:\/\/simple-simon.com\/fr\/wp-json\/wp\/v2\/pages"}],"about":[{"href":"https:\/\/simple-simon.com\/fr\/wp-json\/wp\/v2\/types\/page"}],"author":[{"embeddable":true,"href":"https:\/\/simple-simon.com\/fr\/wp-json\/wp\/v2\/users\/12"}],"replies":[{"embeddable":true,"href":"https:\/\/simple-simon.com\/fr\/wp-json\/wp\/v2\/comments?post=7245"}],"version-history":[{"count":9,"href":"https:\/\/simple-simon.com\/fr\/wp-json\/wp\/v2\/pages\/7245\/revisions"}],"predecessor-version":[{"id":15055,"href":"https:\/\/simple-simon.com\/fr\/wp-json\/wp\/v2\/pages\/7245\/revisions\/15055"}],"wp:attachment":[{"href":"https:\/\/simple-simon.com\/fr\/wp-json\/wp\/v2\/media?parent=7245"}],"wp:term":[{"taxonomy":"post_tag","embeddable":true,"href":"https:\/\/simple-simon.com\/fr\/wp-json\/wp\/v2\/tags?post=7245"}],"curies":[{"name":"wp","href":"https:\/\/api.w.org\/{rel}","templated":true}]}}