{"id":7167,"date":"2024-08-20T14:50:56","date_gmt":"2024-08-20T14:50:56","guid":{"rendered":"https:\/\/simple-simon.com\/connecter-le-calendrier-apple\/"},"modified":"2025-04-16T07:43:54","modified_gmt":"2025-04-16T07:43:54","slug":"connecter-le-calendrier-apple","status":"publish","type":"page","link":"https:\/\/simple-simon.com\/fr\/connecter-le-calendrier-apple\/","title":{"rendered":"Connecter le calendrier Apple"},"content":{"rendered":"\n\n\n<section class=\"theme-section theme-hero__wrapper theme-p-sm  \">\n\t<div class=\"theme-wrapper theme-element bl  \">\n\t\t\t\t\t<div class=\"theme-hero__img-full\">\n\t\t\t\t<img decoding=\"async\" src=\"https:\/\/simple-simon.com\/wp-content\/uploads\/2024\/04\/dog-hero.png\" alt=\"\">\n\t\t\t<\/div>\n\t\t\t\t<div class=\"container\">\n\t\t\t<div class=\"row justify-content-between\">\n\t\t\t\t<div class=\"col-xl-6\">\n\t\t\t\t\t<div class=\"theme-hero__content\">\n\t\t\t\t\t\t<h1>Connectez votre calendrier Apple \u00e0 Simple-Simon en un rien de temps<\/h1>\n<p>Connectez facilement les bons de travail num\u00e9riques de Simple-Simon \u00e0 votre calendrier Apple et gagnez imm\u00e9diatement en efficacit\u00e9. Les plannings que vous cr\u00e9ez dans Simple-Simon sont automatiquement synchronis\u00e9s avec votre calendrier, et inversement. Planifiez directement dans votre propre calendrier, et vos rendez-vous appara\u00eetront instantan\u00e9ment sur le planning interactif de Simple-Simon. Cette int\u00e9gration avec votre calendrier Apple est gratuite.<\/p>\n<p><strong data-start=\"676\" data-end=\"704\">Commencez d\u00e8s maintenant<\/strong>: cliquez sur le lien ci-dessous pour ouvrir le PDF et configurer la connexion.<\/p>\n<p><a class=\"theme-btn theme-btn__lg theme-btn__orange-gradient\" href=\"\/wp-content\/uploads\/2024\/08\/Koppeling-Apple-Agenda.pdf\">T\u00e9l\u00e9charger le PDF<\/a><\/p>\n\t\t\t\t\t<\/div>\n\t\t\t\t<\/div>\n\t\t\t\t\t\t\t\t\n\t\t\t\t\t\t\t<\/div>\n\n\t\t<\/div>\n\n\n\t<\/div>\n<\/section>\n<p><\/p>\n","protected":false},"excerpt":{"rendered":"","protected":false},"author":12,"featured_media":0,"parent":0,"menu_order":0,"comment_status":"closed","ping_status":"closed","template":"","meta":{"_acf_changed":false,"inline_featured_image":false,"footnotes":""},"tags":[],"class_list":["post-7167","page","type-page","status-publish","hentry"],"acf":[],"aioseo_notices":[],"_links":{"self":[{"href":"https:\/\/simple-simon.com\/fr\/wp-json\/wp\/v2\/pages\/7167","targetHints":{"allow":["GET"]}}],"collection":[{"href":"https:\/\/simple-simon.com\/fr\/wp-json\/wp\/v2\/pages"}],"about":[{"href":"https:\/\/simple-simon.com\/fr\/wp-json\/wp\/v2\/types\/page"}],"author":[{"embeddable":true,"href":"https:\/\/simple-simon.com\/fr\/wp-json\/wp\/v2\/users\/12"}],"replies":[{"embeddable":true,"href":"https:\/\/simple-simon.com\/fr\/wp-json\/wp\/v2\/comments?post=7167"}],"version-history":[{"count":1,"href":"https:\/\/simple-simon.com\/fr\/wp-json\/wp\/v2\/pages\/7167\/revisions"}],"predecessor-version":[{"id":7168,"href":"https:\/\/simple-simon.com\/fr\/wp-json\/wp\/v2\/pages\/7167\/revisions\/7168"}],"wp:attachment":[{"href":"https:\/\/simple-simon.com\/fr\/wp-json\/wp\/v2\/media?parent=7167"}],"wp:term":[{"taxonomy":"post_tag","embeddable":true,"href":"https:\/\/simple-simon.com\/fr\/wp-json\/wp\/v2\/tags?post=7167"}],"curies":[{"name":"wp","href":"https:\/\/api.w.org\/{rel}","templated":true}]}}