{"id":7033,"date":"2024-09-25T06:16:07","date_gmt":"2024-09-25T06:16:07","guid":{"rendered":"https:\/\/simple-simon.com\/blog\/"},"modified":"2026-02-02T16:10:51","modified_gmt":"2026-02-02T16:10:51","slug":"blog","status":"publish","type":"page","link":"https:\/\/simple-simon.com\/fr\/blog\/","title":{"rendered":"Blog"},"content":{"rendered":"\n\n\n<section class=\"theme-header-banner bg__blue text__white  theme-p-sm\">\n\t<div class=\"container\">\n\t\t<div class=\"row\">\n\t\t\t<div class=\"col-md-12\">\n\t\t\t\t<h1>Blog<\/h1>\n\t\t\t<\/div>\n\t\t<\/div>\n\t<\/div>\n<\/section>    <div class=\"wrapper theme-p\">\n        <div class=\"container\">\n            <div class=\"row\">\n                                            <div class=\"col-12\">\n                            <div class=\"facetwp-facet facetwp-facet-blog_categories facetwp-type-radio\" data-name=\"blog_categories\" data-type=\"radio\"><\/div>\n<div class=\"facetwp-template\" data-name=\"blog_posts\"><div class=\"row\">\n    <div class=\"col-md-3 mb-5\">\n        <div class=\"theme-news bg__white\">\n            <div class=\"theme-news__top\">\n                <img decoding=\"async\" src=\"https:\/\/simple-simon.com\/wp-content\/uploads\/2024\/10\/vecteezy_specialist-wind-turbine-team-of-engineers-discussing-green_45371302-scaled.jpg\" alt=\"Comment Simple-Simon et Sellsy digitalisent la gestion d\u2019intervention des PME\">\n                \n                                \n                <div class=\"theme-news__top-category\">\n                                            <span>Conseils<\/span>\n                                    <\/div>\n            <\/div>\n            <div class=\"theme-news__content\">\n                <div class=\"theme-news__content-top\">\n                    <span>10-11-2025<\/span>\n                <\/div>\n                <p><strong>Comment Simple-Simon et Sellsy digitalisent la gestion d\u2019intervention des PME<\/strong><\/p>\n                <p><\/p>\n                <a href=\"https:\/\/simple-simon.com\/fr\/comment-simple-simon-et-sellsy-digitalisent-la-gestion-dintervention-des-pme\/\" class=\"theme-link\">\n                     <i class=\"bi bi-chevron-right\"><\/i>\n                <\/a>\n            <\/div>\n        <\/div>\n    <\/div>\n        <div class=\"col-md-3 mb-5\">\n        <div class=\"theme-news bg__white\">\n            <div class=\"theme-news__top\">\n                <img decoding=\"async\" src=\"https:\/\/simple-simon.com\/wp-content\/uploads\/2024\/10\/Laura-website-pictures-76.png\" alt=\"L\u2019int\u00e9gration ultime avec Exact : pourquoi les installateurs et techniciens choisissent Simple-Simon\">\n                \n                                \n                <div class=\"theme-news__top-category\">\n                                            <span>Conseils<\/span>\n                                    <\/div>\n            <\/div>\n            <div class=\"theme-news__content\">\n                <div class=\"theme-news__content-top\">\n                    <span>03-11-2025<\/span>\n                <\/div>\n                <p><strong>L\u2019int\u00e9gration ultime avec Exact : pourquoi les installateurs et techniciens choisissent Simple-Simon<\/strong><\/p>\n                <p><\/p>\n                <a href=\"https:\/\/simple-simon.com\/fr\/lintegration-ultime-avec-exact-pourquoi-les-installateurs-et-techniciens-choisissent-simple-simon\/\" class=\"theme-link\">\n                     <i class=\"bi bi-chevron-right\"><\/i>\n                <\/a>\n            <\/div>\n        <\/div>\n    <\/div>\n        <div class=\"col-md-3 mb-5\">\n        <div class=\"theme-news bg__white\">\n            <div class=\"theme-news__top\">\n                <img decoding=\"async\" src=\"https:\/\/simple-simon.com\/wp-content\/uploads\/2025\/10\/vecteezy_office-worker-concentrating-on-bright-computer-screen-at-night_70108725-1-scaled.jpg\" alt=\"Logiciel pour les petites entreprises d\u2019installation : le guide complet 2026\">\n                \n                                \n                <div class=\"theme-news__top-category\">\n                                            <span>Conseils<\/span>\n                                    <\/div>\n            <\/div>\n            <div class=\"theme-news__content\">\n                <div class=\"theme-news__content-top\">\n                    <span>28-10-2025<\/span>\n                <\/div>\n                <p><strong>Logiciel pour les petites entreprises d\u2019installation : le guide complet 2026<\/strong><\/p>\n                <p><\/p>\n                <a href=\"https:\/\/simple-simon.com\/fr\/logiciel-pour-les-petites-entreprises-dinstallation-le-guide-complet-2026\/\" class=\"theme-link\">\n                     <i class=\"bi bi-chevron-right\"><\/i>\n                <\/a>\n            <\/div>\n        <\/div>\n    <\/div>\n        <div class=\"col-md-3 mb-5\">\n        <div class=\"theme-news bg__white\">\n            <div class=\"theme-news__top\">\n                <img decoding=\"async\" src=\"https:\/\/simple-simon.com\/wp-content\/uploads\/2025\/05\/PMT_klantcase.png\" alt=\"Comment PMT Aviation a num\u00e9ris\u00e9 plus de 900 bons de travail hebdomadaires et gagn\u00e9 des heures de temps\">\n                \n                                \n                <div class=\"theme-news__top-category\">\n                                            <span>T\u00e9moignages clients<\/span>\n                                    <\/div>\n            <\/div>\n            <div class=\"theme-news__content\">\n                <div class=\"theme-news__content-top\">\n                    <span>07-05-2025<\/span>\n                <\/div>\n                <p><strong>Comment PMT Aviation a num\u00e9ris\u00e9 plus de 900 bons de travail hebdomadaires et gagn\u00e9 des heures de temps<\/strong><\/p>\n                <p><\/p>\n                <a href=\"https:\/\/simple-simon.com\/fr\/comment-pmt-aviation-a-numerise-plus-de-900-bons-de-travail-hebdomadaires-et-gagne-des-heures-de-temps\/\" class=\"theme-link\">\n                     <i class=\"bi bi-chevron-right\"><\/i>\n                <\/a>\n            <\/div>\n        <\/div>\n    <\/div>\n        <div class=\"col-md-3 mb-5\">\n        <div class=\"theme-news bg__white\">\n            <div class=\"theme-news__top\">\n                <img decoding=\"async\" src=\"https:\/\/simple-simon.com\/wp-content\/uploads\/2025\/05\/Savona6.jpg\" alt=\"Comment Savona acc\u00e9l\u00e8re son service et maintient la satisfaction de ses clients\">\n                \n                                \n                <div class=\"theme-news__top-category\">\n                                            <span>T\u00e9moignages clients<\/span>\n                                    <\/div>\n            <\/div>\n            <div class=\"theme-news__content\">\n                <div class=\"theme-news__content-top\">\n                    <span>07-05-2025<\/span>\n                <\/div>\n                <p><strong>Comment Savona acc\u00e9l\u00e8re son service et maintient la satisfaction de ses clients<\/strong><\/p>\n                <p><\/p>\n                <a href=\"https:\/\/simple-simon.com\/fr\/comment-savona-accelere-son-service-et-maintient-la-satisfaction-de-ses-clients\/\" class=\"theme-link\">\n                     <i class=\"bi bi-chevron-right\"><\/i>\n                <\/a>\n            <\/div>\n        <\/div>\n    <\/div>\n        <div class=\"col-md-3 mb-5\">\n        <div class=\"theme-news bg__white\">\n            <div class=\"theme-news__top\">\n                <img decoding=\"async\" src=\"https:\/\/simple-simon.com\/wp-content\/uploads\/2025\/03\/Maandplanning.png\" alt=\"Planification mensuelle\">\n                \n                                \n                <div class=\"theme-news__top-category\">\n                                            <span>Mises \u00e0 jour<\/span>\n                                    <\/div>\n            <\/div>\n            <div class=\"theme-news__content\">\n                <div class=\"theme-news__content-top\">\n                    <span>12-03-2025<\/span>\n                <\/div>\n                <p><strong>Planification mensuelle<\/strong><\/p>\n                <p><\/p>\n                <a href=\"https:\/\/simple-simon.com\/fr\/planification-mensuelle\/\" class=\"theme-link\">\n                     <i class=\"bi bi-chevron-right\"><\/i>\n                <\/a>\n            <\/div>\n        <\/div>\n    <\/div>\n    <\/div>\n<\/div>\n                            <\/div>\n                                      \n            <\/div>\n        <\/div>\n    <\/div>\n","protected":false},"excerpt":{"rendered":"","protected":false},"author":12,"featured_media":0,"parent":0,"menu_order":0,"comment_status":"closed","ping_status":"closed","template":"","meta":{"_acf_changed":false,"inline_featured_image":false,"footnotes":""},"tags":[],"class_list":["post-7033","page","type-page","status-publish","hentry"],"acf":[],"aioseo_notices":[],"_links":{"self":[{"href":"https:\/\/simple-simon.com\/fr\/wp-json\/wp\/v2\/pages\/7033","targetHints":{"allow":["GET"]}}],"collection":[{"href":"https:\/\/simple-simon.com\/fr\/wp-json\/wp\/v2\/pages"}],"about":[{"href":"https:\/\/simple-simon.com\/fr\/wp-json\/wp\/v2\/types\/page"}],"author":[{"embeddable":true,"href":"https:\/\/simple-simon.com\/fr\/wp-json\/wp\/v2\/users\/12"}],"replies":[{"embeddable":true,"href":"https:\/\/simple-simon.com\/fr\/wp-json\/wp\/v2\/comments?post=7033"}],"version-history":[{"count":2,"href":"https:\/\/simple-simon.com\/fr\/wp-json\/wp\/v2\/pages\/7033\/revisions"}],"predecessor-version":[{"id":13014,"href":"https:\/\/simple-simon.com\/fr\/wp-json\/wp\/v2\/pages\/7033\/revisions\/13014"}],"wp:attachment":[{"href":"https:\/\/simple-simon.com\/fr\/wp-json\/wp\/v2\/media?parent=7033"}],"wp:term":[{"taxonomy":"post_tag","embeddable":true,"href":"https:\/\/simple-simon.com\/fr\/wp-json\/wp\/v2\/tags?post=7033"}],"curies":[{"name":"wp","href":"https:\/\/api.w.org\/{rel}","templated":true}]}}