{"id":6662,"date":"2024-10-24T08:25:33","date_gmt":"2024-10-24T08:25:33","guid":{"rendered":"https:\/\/simple-simon.com\/travailler-sans-papier\/"},"modified":"2026-01-02T12:45:22","modified_gmt":"2026-01-02T12:45:22","slug":"travailler-sans-papier","status":"publish","type":"page","link":"https:\/\/simple-simon.com\/fr\/travailler-sans-papier\/","title":{"rendered":"Respectez les lois et r\u00e9glementations"},"content":{"rendered":"\n\n\n<section class=\"theme-section theme-hero__wrapper theme-p-sm text__light \">\n\t<div class=\"theme-wrapper theme-element bl bg__dark-blue \">\n\t\t\t\t\t<div class=\"theme-hero__img-partial\">\n\t\t\t\t\t\t\t\t\t<img decoding=\"async\" src=\"https:\/\/simple-simon.com\/wp-content\/uploads\/2025\/07\/Kalina-website-pictures-65-scaled.png\" alt=\"\">\n\t\t\t\t\t\t\t<\/div>\n\t\t\t\t<div class=\"container\">\n\t\t\t<div class=\"row justify-content-between\">\n\t\t\t\t<div class=\"col-xl-6\">\n\t\t\t\t\t<div class=\"theme-hero__content\">\n\t\t\t\t\t\t<h1>Respectez rapidement les lois et r\u00e9glementations avec l\u2019application de bons de travail Simple-Simon<\/h1>\n<p>En tant qu\u2019entrepreneur, vous souhaitez vous concentrer sur ce que vous faites de mieux : aider vos clients et d\u00e9velopper votre entreprise. Mais en parall\u00e8le, vous devez respecter de nombreuses lois et r\u00e9glementations. De l\u2019enregistrement des heures aux contr\u00f4les de s\u00e9curit\u00e9 en passant par la facturation correcte \u2013 l\u2019administratif peut rapidement devenir chronophage.<br data-start=\"637\" data-end=\"640\" \/>Simple-Simon comprend que vous voulez travailler \u00e0 la fois efficacement <strong data-start=\"712\" data-end=\"718\">et<\/strong> en toute conformit\u00e9 administrative. C\u2019est pourquoi notre logiciel est la solution id\u00e9ale pour vous aider \u00e0 r\u00e9pondre aux exigences l\u00e9gales tout en optimisant vos op\u00e9rations.<\/p>\n<p><a class=\"theme-btn theme-btn__orange-gradient\" href=\"https:\/\/app.simple-simon.net\/Login\/Signup\/Trial.aspx?lang=nl\" target=\"_blank\" rel=\"noopener\">Essayez gratuitement<\/a><\/p>\n\t\t\t\t\t<\/div>\n\t\t\t\t<\/div>\n\t\t\t\t\t\t\t\t\n\t\t\t\t\t\t\t<\/div>\n\n\t\t<\/div>\n\n\n\t<\/div>\n<\/section>\n\t<section class=\"theme-section theme-split theme-content-variable active text-right theme-p-sm\">\n\t\t<div class=\"theme-content-variable__row theme-content-variable__card theme-wrapper\">\n\t\t\t<div class=\"container-fluid\">\n\t\t\t\t<div class=\"row justify-content-md-between align-items-center\">\n\t\t\t\t\t<div class=\"col-md-5 p-0 \">\n\t\t\t\t\t\t<div class=\"theme-content-variable__card-img img-no-scale\">\n\t\t\t\t\t\t\t<img decoding=\"async\" src=\"https:\/\/simple-simon.com\/wp-content\/uploads\/2025\/07\/Kalina-website-pictures-9-scaled.jpg\" alt=\"\">\n\t\t\t\t\t\t\t\t\t\t\t\t\t<\/div>\n\t\t\t\t\t<\/div>\n\t\t\t\t\t<div class=\"col-md-6 \">\n\t\t\t\t\t\t<div class=\"theme-content-variable__row-content theme-content-variable__card-content text-right \">\n\t\t\t\t\t\t\t<h2 data-start=\"898\" data-end=\"978\"><strong data-start=\"902\" data-end=\"978\">Quelles sont les principales obligations l\u00e9gales pour votre entreprise ?<\/strong><\/h2>\n<p data-start=\"749\" data-end=\"825\">Si vous avez des employ\u00e9s sur le terrain ou fournissez des services sur site, vous \u00eates probablement concern\u00e9 par les r\u00e9glementations suivantes :<\/p>\n<ul>\n<li data-start=\"1155\" data-end=\"1300\"><strong data-start=\"1155\" data-end=\"1198\">Obligation de tenue de registres pr\u00e9cis<\/strong><br data-start=\"1198\" data-end=\"1201\" \/>Exig\u00e9e par l\u2019administration fiscale (DGFiP en France) ou pour les contr\u00f4les comptables et audits.<\/li>\n<li data-start=\"1155\" data-end=\"1300\"><strong data-start=\"1304\" data-end=\"1362\">Enregistrement du temps de travail et des d\u00e9placements<\/strong><br data-start=\"1362\" data-end=\"1365\" \/>Conformit\u00e9 avec le <strong data-start=\"1386\" data-end=\"1414\">Code du travail fran\u00e7ais<\/strong> ou les l\u00e9gislations internationales concernant la dur\u00e9e l\u00e9gale du travail, les pauses et les d\u00e9placements professionnels.<\/li>\n<li data-start=\"1155\" data-end=\"1300\"><strong data-start=\"1540\" data-end=\"1572\">Sant\u00e9 et s\u00e9curit\u00e9 au travail<\/strong><br data-start=\"1572\" data-end=\"1575\" \/>Respect de la <strong data-start=\"1591\" data-end=\"1690\">loi sur la sant\u00e9 et la s\u00e9curit\u00e9 au travail (ex. Code du travail, articles L.4121-1 et suivants)<\/strong>, y compris l\u2019\u00e9valuation des risques, les consignes de s\u00e9curit\u00e9 et les rapports d\u2019incidents (DUERP, etc.).<\/li>\n<li style=\"list-style-type: none;\"><\/li>\n<\/ul>\n\n\t\t\t\t\t\t\t\t\t\t\t\t\t<\/div>\n\t\t\t\t\t<\/div>\n\t\t\t\t<\/div>\n\t\t\t<\/div>\n\t\t<\/div>\n\t<\/section>\n\t<section class=\"theme-section theme-split theme-content-variable active text-left theme-p-sm\">\n\t\t<div class=\"theme-content-variable__row theme-content-variable__card theme-wrapper\">\n\t\t\t<div class=\"container-fluid\">\n\t\t\t\t<div class=\"row justify-content-md-between \">\n\t\t\t\t\t<div class=\"col-md-5 p-0 order-md-2 order-1\">\n\t\t\t\t\t\t<div class=\"theme-content-variable__card-img img-scale\">\n\t\t\t\t\t\t\t<img decoding=\"async\" src=\"https:\/\/simple-simon.com\/wp-content\/uploads\/2024\/09\/vecteezy_focused-construction-worker-using-a-tablet_56421562-scaled-e1747665800706.png\" alt=\"\">\n\t\t\t\t\t\t\t\t\t\t\t\t\t<\/div>\n\t\t\t\t\t<\/div>\n\t\t\t\t\t<div class=\"col-md-6 order-md-1 order-2\">\n\t\t\t\t\t\t<div class=\"theme-content-variable__row-content theme-content-variable__card-content text-left \">\n\t\t\t\t\t\t\t<h2>Comment Simple-Simon vous aide-t-il \u00e0 respecter la r\u00e9glementation ?<\/h2>\n<p data-start=\"2260\" data-end=\"2398\">Pas de promesses creuses, mais des solutions concr\u00e8tes. Voici comment Simple-Simon optimise r\u00e9ellement la conformit\u00e9 de votre entreprise :<\/p>\n<ul data-start=\"2400\" data-end=\"3222\">\n<li data-start=\"2400\" data-end=\"2531\">\n<p data-start=\"2402\" data-end=\"2531\"><strong data-start=\"2402\" data-end=\"2452\">Bons de travail num\u00e9riques comme preuve l\u00e9gale<\/strong> : Qui a fait quoi, quand, pendant combien de temps, et avec quels mat\u00e9riaux.<\/p>\n<\/li>\n<li data-start=\"2532\" data-end=\"2743\">\n<p data-start=\"2534\" data-end=\"2743\"><strong data-start=\"2534\" data-end=\"2573\">Suivi rigoureux du temps de travail<\/strong> : Vos employ\u00e9s peuvent enregistrer leurs heures par t\u00e2che ou par journ\u00e9e. Vous gardez une vue d\u2019ensemble sur les heures travaill\u00e9es pour respecter le droit du travail.<\/p>\n<\/li>\n<li data-start=\"2744\" data-end=\"2926\">\n<p data-start=\"2746\" data-end=\"2926\"><strong data-start=\"2746\" data-end=\"2787\">Formulaires sant\u00e9\/s\u00e9curit\u00e9 et qualit\u00e9<\/strong> : Int\u00e9grez facilement vos propres documents, comme des checklists s\u00e9curit\u00e9, instructions de travail, ou \u00e9valuations des risques (DUERP).<\/p>\n<\/li>\n<li data-start=\"2927\" data-end=\"3040\">\n<p data-start=\"2929\" data-end=\"3040\"><strong data-start=\"2929\" data-end=\"2963\">Transparence des interventions<\/strong> : Bons num\u00e9riques instantan\u00e9s, confirmations claires, signatures sur site.<\/p>\n<\/li>\n<li data-start=\"3041\" data-end=\"3222\">\n<p data-start=\"3043\" data-end=\"3222\"><strong data-start=\"3043\" data-end=\"3068\">Int\u00e9gration comptable<\/strong> : Connectez Simple-Simon \u00e0 votre logiciel de comptabilit\u00e9 pour envoyer des factures conformes (TVA, mentions l\u00e9gales) imm\u00e9diatement apr\u00e8s l\u2019intervention.<\/p>\n<\/li>\n<\/ul>\n<p data-start=\"3224\" data-end=\"3328\">Curieux de savoir comment Simple-Simon peut vous aider \u00e0 respecter d&rsquo;autres obligations r\u00e9glementaires ?<\/p>\n<p><a class=\"theme-btn theme-btn__orange-gradient\" href=\"https:\/\/simple-simon.com\/fr\/contact\/\">Contactez-nous<\/a><\/p>\n\n\t\t\t\t\t\t\t\t\t\t\t\t\t<\/div>\n\t\t\t\t\t<\/div>\n\t\t\t\t<\/div>\n\t\t\t<\/div>\n\t\t<\/div>\n\t<\/section>\n\t<section class=\"theme-section theme-split theme-content-variable active text-right theme-p-sm\">\n\t\t<div class=\"theme-content-variable__row theme-content-variable__card theme-wrapper\">\n\t\t\t<div class=\"container-fluid\">\n\t\t\t\t<div class=\"row justify-content-md-between align-items-center\">\n\t\t\t\t\t<div class=\"col-md-5 p-0 \">\n\t\t\t\t\t\t<div class=\"theme-content-variable__card-img img-no-scale\">\n\t\t\t\t\t\t\t<img decoding=\"async\" src=\"https:\/\/simple-simon.com\/wp-content\/uploads\/2025\/07\/Kalina-website-pictures-66-scaled.png\" alt=\"\">\n\t\t\t\t\t\t\t\t\t\t\t\t\t<\/div>\n\t\t\t\t\t<\/div>\n\t\t\t\t\t<div class=\"col-md-6 \">\n\t\t\t\t\t\t<div class=\"theme-content-variable__row-content theme-content-variable__card-content text-right \">\n\t\t\t\t\t\t\t<h2>Cr\u00e9ez vos propres formulaires en quelques minutes<\/h2>\n<p>Cr\u00e9er vos propres formulaires dans Simple-Simon est simple, rapide et vous aide \u00e0 rester en conformit\u00e9. Que vous souhaitiez \u00e9tablir une checklist d\u2019inspection, un rapport de fin de chantier ou un questionnaire \u2013 vous pouvez g\u00e9n\u00e9rer un formulaire complet avec vos propres questions en quelques minutes.<br data-start=\"3735\" data-end=\"3738\" \/>Une fois l\u2019intervention termin\u00e9e, vous partagez le document avec toutes les parties concern\u00e9es, incluant votre logo, en format PDF par e-mail. Vos donn\u00e9es sont toujours disponibles et bien archiv\u00e9es.<\/p>\n\n\t\t\t\t\t\t\t\t\t\t\t\t\t<\/div>\n\t\t\t\t\t<\/div>\n\t\t\t\t<\/div>\n\t\t\t<\/div>\n\t\t<\/div>\n\t<\/section>\n\t<section class=\"theme-section theme-split theme-content-variable active text-left theme-p-sm\">\n\t\t<div class=\"theme-content-variable__row theme-content-variable__card theme-wrapper\">\n\t\t\t<div class=\"container-fluid\">\n\t\t\t\t<div class=\"row justify-content-md-between align-items-center\">\n\t\t\t\t\t<div class=\"col-md-5 p-0 order-md-2 order-1\">\n\t\t\t\t\t\t<div class=\"theme-content-variable__card-img img-no-scale\">\n\t\t\t\t\t\t\t<img decoding=\"async\" src=\"https:\/\/simple-simon.com\/wp-content\/uploads\/2025\/07\/Kalina-website-pictures-6-scaled.jpg\" alt=\"\">\n\t\t\t\t\t\t\t\t\t\t\t\t\t<\/div>\n\t\t\t\t\t<\/div>\n\t\t\t\t\t<div class=\"col-md-6 order-md-1 order-2\">\n\t\t\t\t\t\t<div class=\"theme-content-variable__row-content theme-content-variable__card-content text-left \">\n\t\t\t\t\t\t\t<h2>Tous les avantages en un coup d\u2019\u0153il<\/h2>\n<ul>\n<li data-start=\"3989\" data-end=\"4039\">\n<p data-start=\"3991\" data-end=\"4039\">Gagnez du temps sur les t\u00e2ches administratives<\/p>\n<\/li>\n<li data-start=\"4040\" data-end=\"4099\">\n<p data-start=\"4042\" data-end=\"4099\">Soyez en conformit\u00e9 avec les r\u00e9glementations en vigueur<\/p>\n<\/li>\n<li data-start=\"4100\" data-end=\"4155\">\n<p data-start=\"4102\" data-end=\"4155\">R\u00e9duisez les risques en cas d\u2019audit ou d\u2019inspection<\/p>\n<\/li>\n<li data-start=\"4156\" data-end=\"4187\">\n<p data-start=\"4158\" data-end=\"4187\">\u00c9vitez amendes et p\u00e9nalit\u00e9s<\/p>\n<\/li>\n<li data-start=\"4188\" data-end=\"4256\">\n<p data-start=\"4190\" data-end=\"4256\">Offrez \u00e0 vos clients une communication claire et professionnelle<\/p>\n<\/li>\n<\/ul>\n\n\t\t\t\t\t\t\t\t\t\t\t\t\t<\/div>\n\t\t\t\t\t<\/div>\n\t\t\t\t<\/div>\n\t\t\t<\/div>\n\t\t<\/div>\n\t<\/section>\n\t<section class=\"theme-section theme-split theme-content-variable active text-right theme-p-sm\">\n\t\t<div class=\"theme-content-variable__row theme-content-variable__card theme-wrapper\">\n\t\t\t<div class=\"container-fluid\">\n\t\t\t\t<div class=\"row justify-content-md-between align-items-center\">\n\t\t\t\t\t<div class=\"col-md-5 p-0 \">\n\t\t\t\t\t\t<div class=\"theme-content-variable__card-img img-no-scale\">\n\t\t\t\t\t\t\t<img decoding=\"async\" src=\"https:\/\/simple-simon.com\/wp-content\/uploads\/2024\/10\/6S9A1525-scaled-e1747664614167.jpg\" alt=\"\">\n\t\t\t\t\t\t\t\t\t\t\t\t\t<\/div>\n\t\t\t\t\t<\/div>\n\t\t\t\t\t<div class=\"col-md-6 \">\n\t\t\t\t\t\t<div class=\"theme-content-variable__row-content theme-content-variable__card-content text-right \">\n\t\t\t\t\t\t\t<h2>Parlez \u00e0 notre expert m\u00e9tier<\/h2>\n<p data-start=\"4301\" data-end=\"4505\">Envie de savoir comment Simple-Simon peut transformer votre gestion de terrain ? Demandez une d\u00e9mo gratuite avec l\u2019un de nos experts et d\u00e9couvrez comment faire passer votre entreprise au niveau sup\u00e9rieur.<\/p>\n<p data-start=\"4507\" data-end=\"4562\"><strong data-start=\"4507\" data-end=\"4562\">Contactez-nous pour une d\u00e9monstration personnalis\u00e9e<\/strong><\/p>\n<p data-start=\"4507\" data-end=\"4562\"><a class=\"theme-btn theme-btn__orange-gradient\" href=\"https:\/\/simple-simon.com\/fr\/planifiez-une-demo\/\">Planifiez une d\u00e9mo<\/a><\/p>\n\n\t\t\t\t\t\t\t\t\t\t\t\t\t<\/div>\n\t\t\t\t\t<\/div>\n\t\t\t\t<\/div>\n\t\t\t<\/div>\n\t\t<\/div>\n\t<\/section>\n\n\n\n<section class=\"theme-section theme-m-sm-t\">\n\n\t<div class=\"theme-cta\">\n\n\t\t<div class=\"theme-cta__icon\">\n\t\t\t\n\t\t<\/div>\n\t\t<div class=\" theme-card bg__purple theme-element tr\">\n\t\t\t<div class=\"container\">\n\t\t\t\t<div class=\"row\">\n\t\t\t\t\t<div class=\"col-md-3\">\n\t\t\t\t\t\t<div class=\"theme-card__icon\">\n\t\t\t\t\t\t\t<svg xmlns=\"http:\/\/www.w3.org\/2000\/svg\" width=\"178.145\" height=\"175.046\" viewBox=\"0 0 178.145 175.046\">\n\t\t\t\t\t\t\t\t<g id=\"confetti\" transform=\"translate(0 175.046) rotate(-90)\">\n\t\t\t\t\t\t\t\t\t<g id=\"Group_313\" data-name=\"Group 313\" transform=\"translate(0 43.062)\">\n\t\t\t\t\t\t\t\t\t\t<g id=\"Group_310\" data-name=\"Group 310\" transform=\"translate(0 67.058)\">\n\t\t\t\t\t\t\t\t\t\t\t<path id=\"Path_149\" data-name=\"Path 149\" d=\"M67.368,51.75a8.969,8.969,0,0,1-3.86,2.185l-13.8,3.773A14.6,14.6,0,0,1,35.3,53.81l-7.216-7.515A14.6,14.6,0,0,1,24.78,31.741l4.463-14.668L11.391,21.688A9.011,9.011,0,0,1,6.637,4.3L20.433.53a14.6,14.6,0,0,1,14.407,3.9l7.216,7.515A14.6,14.6,0,0,1,45.365,26.5L40.2,41.3l18.552-4.751a9.012,9.012,0,0,1,8.614,15.2Z\" fill=\"#8bb6ef\" \/>\n\t\t\t\t\t\t\t\t\t\t\t<path id=\"Path_150\" data-name=\"Path 150\" d=\"M5.166,3.933,4.7,5.478.7,18.6a14.654,14.654,0,0,0,1.9,12.841c4.076-.932,9.5-2.113,13.517-3.281l.662-1.9,4.5-12.907A14.637,14.637,0,0,0,19,0C14.9,1.221,9.292,2.776,5.166,3.933Z\" transform=\"translate(24.078 13.14)\" fill=\"#8388ef\" \/>\n\t\t\t\t\t\t\t\t\t\t<\/g>\n\t\t\t\t\t\t\t\t\t\t<g id=\"Group_311\" data-name=\"Group 311\" transform=\"translate(120.708 54.09)\">\n\t\t\t\t\t\t\t\t\t\t\t<path id=\"Path_151\" data-name=\"Path 151\" d=\"M5.655,66.748a8.967,8.967,0,0,0,4.4.587l14.207-1.65A14.594,14.594,0,0,0,36.17,56.691l3.889-9.665A14.6,14.6,0,0,0,37.7,32.288L28.08,20.347l18.285-2.383A9.012,9.012,0,0,0,44.286.061L30.079,1.71A14.6,14.6,0,0,0,18.168,10.7L14.279,20.37a14.6,14.6,0,0,0,2.363,14.737L26.958,46.914,7.973,49.432A9.013,9.013,0,0,0,5.655,66.748Z\" fill=\"#a183e2\" \/>\n\t\t\t\t\t\t\t\t\t\t\t<path id=\"Path_152\" data-name=\"Path 152\" d=\"M14.835,0l1.013,1.258,8.6,10.684a14.654,14.654,0,0,1,3.026,12.625c-4.13.657-9.6,1.585-13.765,2L12.39,25.054,3.4,14.76A14.636,14.636,0,0,1,.528,1.516C4.8,1.115,10.575.467,14.835,0Z\" transform=\"translate(13.245 20.347)\" fill=\"#9762e2\" \/>\n\t\t\t\t\t\t\t\t\t\t<\/g>\n\t\t\t\t\t\t\t\t\t\t<g id=\"Group_312\" data-name=\"Group 312\" transform=\"translate(52.214)\">\n\t\t\t\t\t\t\t\t\t\t\t<path id=\"Path_153\" data-name=\"Path 153\" d=\"M34,77.345a8.969,8.969,0,0,0,3.417-2.828l8.441-11.546a14.6,14.6,0,0,0,1.492-14.85L42.9,38.7a14.6,14.6,0,0,0-12.42-8.278l-15.3-1.056L25.855,14.33A9.011,9.011,0,0,0,11.306,3.693L2.865,15.24A14.6,14.6,0,0,0,1.373,30.09l4.45,9.42a14.6,14.6,0,0,0,12.419,8.278l15.672.452L22.865,63.881A9.013,9.013,0,0,0,34,77.345Z\" fill=\"#ffa585\" \/>\n\t\t\t\t\t\t\t\t\t\t\t<path id=\"Path_154\" data-name=\"Path 154\" d=\"M7.757,1.274,8.607,0,23.9,1.056a14.654,14.654,0,0,1,11.32,6.356c-2.066,3.092-4.251,6.1-6.485,9.078a12.13,12.13,0,0,0-1.4,2.383l-15.672-.452A14.638,14.638,0,0,1,0,11.528C2.605,8.124,5.205,4.717,7.757,1.274Z\" transform=\"translate(6.575 29.367)\" fill=\"#ef7c85\" \/>\n\t\t\t\t\t\t\t\t\t\t<\/g>\n\t\t\t\t\t\t\t\t\t\t<path id=\"Path_155\" data-name=\"Path 155\" d=\"M10.079,19.979,2.523,16.2A4.564,4.564,0,0,1,.483,10.079L4.261,2.523A4.563,4.563,0,0,1,10.383.483l7.556,3.778a4.563,4.563,0,0,1,2.041,6.122L16.2,17.938A4.563,4.563,0,0,1,10.079,19.979Z\" transform=\"translate(11.979 30.062)\" fill=\"#ffe266\" \/>\n\t\t\t\t\t\t\t\t\t\t<path id=\"Path_156\" data-name=\"Path 156\" d=\"M3.311,2.5,11.433.177a4.563,4.563,0,0,1,5.641,3.134l2.32,8.123a4.563,4.563,0,0,1-3.134,5.641L8.138,19.4A4.563,4.563,0,0,1,2.5,16.261L.177,8.138A4.564,4.564,0,0,1,3.311,2.5Z\" transform=\"translate(82.049 115.511)\" fill=\"#ef8bbd\" \/>\n\t\t\t\t\t\t\t\t\t\t<path id=\"Path_157\" data-name=\"Path 157\" d=\"M26.8,23.08,16.138,29.238A6.652,6.652,0,0,1,7.05,26.8L.892,16.138A6.653,6.653,0,0,1,3.327,7.05L13.993.892A6.652,6.652,0,0,1,23.08,3.327l6.158,10.665A6.653,6.653,0,0,1,26.8,23.08Z\" transform=\"translate(116.483 10.165)\" fill=\"#78eac4\" \/>\n\t\t\t\t\t\t\t\t\t<\/g>\n\t\t\t\t\t\t\t\t\t<path id=\"Path_158\" data-name=\"Path 158\" d=\"M14.049.875,16.988,9.14a1.327,1.327,0,0,0,.689.776l7.343,3.308a1.465,1.465,0,0,1,0,2.588L17.677,19.12a1.326,1.326,0,0,0-.689.776L14.049,28.16a1.192,1.192,0,0,1-2.3,0L8.81,19.9a1.327,1.327,0,0,0-.689-.776L.778,15.812a1.465,1.465,0,0,1,0-2.588L8.121,9.916A1.324,1.324,0,0,0,8.81,9.14L11.749.875A1.192,1.192,0,0,1,14.049.875Z\" transform=\"translate(16 16.306)\" fill=\"#cab4ef\" \/>\n\t\t\t\t\t\t\t\t\t<path id=\"Path_159\" data-name=\"Path 159\" d=\"M10.42.65,12.6,6.78a.983.983,0,0,0,.512.575l5.447,2.454a1.087,1.087,0,0,1,0,1.92l-5.447,2.454a.986.986,0,0,0-.512.575l-2.18,6.13a.884.884,0,0,1-1.705,0l-2.18-6.13a.983.983,0,0,0-.511-.575L.577,11.729a1.087,1.087,0,0,1,0-1.92L6.024,7.355a.985.985,0,0,0,.511-.575L8.715.65a.884.884,0,0,1,1.705,0Z\" transform=\"translate(129.357)\" fill=\"#ffc7b6\" \/>\n\t\t\t\t\t\t\t\t\t<circle id=\"Ellipse_21\" data-name=\"Ellipse 21\" cx=\"6.418\" cy=\"6.418\" r=\"6.418\" transform=\"translate(98.988 28.986) rotate(-22.514)\" fill=\"#8bb6ef\" \/>\n\t\t\t\t\t\t\t\t\t<circle id=\"Ellipse_22\" data-name=\"Ellipse 22\" cx=\"2.769\" cy=\"2.769\" r=\"2.769\" transform=\"translate(46.677 10.769)\" fill=\"#ef8bbd\" \/>\n\t\t\t\t\t\t\t\t\t<circle id=\"Ellipse_23\" data-name=\"Ellipse 23\" cx=\"2.769\" cy=\"2.769\" r=\"2.769\" transform=\"translate(160.893 53.079)\" fill=\"#ffe266\" \/>\n\t\t\t\t\t\t\t\t<\/g>\n\t\t\t\t\t\t\t<\/svg>\n\t\t\t\t\t\t<\/div>\n\t\t\t\t\t<\/div>\n\t\t\t\t\t<div class=\"col-md-6\">\n\t\t\t\t\t\t<div class=\"theme-card__content\">\n\t\t\t\t\t\t\t<h2 style=\"text-align: center;\">Commencez d\u00e8s aujourd\u2019hui avec Simple-Simon<\/h2>\n<h3 style=\"text-align: center;\">Lancez une d\u00e9mo ou essayez gratuitement pendant 2 semaines.<\/h3>\n<p style=\"text-align: center;\">Complet pour <a href=\"https:\/\/simple-simon.com\/prijzen\/\"><span class=\"ss-price\" data-attr=\"default\">\u20ac27,50<\/span>\u00a0 par mois par utilisateur !<\/a><\/p>\n<p style=\"text-align: center;\"><a class=\"theme-btn theme-btn__orange-gradient\" href=\"https:\/\/app.simple-simon.net\/Login\/Signup\/Trial.aspx?lang=nl\" target=\"_blank\" rel=\"noopener\">Essayez gratuitement<\/a><a class=\"theme-btn theme-btn__orange-gradient\" href=\"https:\/\/simple-simon.com\/plan-een-live-demo\/\">Planifiez une d\u00e9mo<\/a><\/p>\n\t\t\t\t\t\t<\/div>\n\t\t\t\t\t<\/div>\n\t\t\t\t\t<div class=\"col-md-3\">\n\t\t\t\t\t\t<div class=\"theme-card__content quote\">\n\t\t\t\t\t\t\t<p><em>\u00ab\u00a0Notre entreprise utilise cette application depuis tr\u00e8s longtemps et maintenant qu\u2019il y a une nouvelle version 2.0, elle fonctionne encore mieux. Un grand merci !\u202f\u00a0\u00bb<\/em><\/p>\n<p><strong>Aktie Totaalinstallateurs B.V.<\/strong><\/p>\n<span class=\"rating-wrapper\"><div class=\"star-ratings\"><div class=\"fill-ratings\" style=\"width: 96%;\"><span>\u2605\u2605\u2605\u2605\u2605<\/span><\/div><div class=\"empty-ratings\"><span>\u2605\u2605\u2605\u2605\u2605<\/span><\/div><\/div> 4.8\/5 not\u00e9<\/span>\n<p><a href=\"https:\/\/apps.apple.com\/nl\/app\/simple-simon-field-service\/id897884395\" target=\"_blank\" rel=\"noopener\"><img loading=\"lazy\" decoding=\"async\" class=\"alignnone\" src=\"\/wp-content\/uploads\/2024\/04\/appstore.png\" alt=\"\" width=\"180\" height=\"46\" \/><\/a> <a href=\"https:\/\/play.google.com\/store\/apps\/details?id=com.mobileop\" target=\"_blank\" rel=\"noopener\"><img loading=\"lazy\" decoding=\"async\" class=\"alignnone\" src=\"\/wp-content\/uploads\/2024\/04\/playstore.png\" alt=\"\" width=\"180\" height=\"46\" \/><\/a><\/p>\n\t\t\t\t\t\t<\/div>\n\t\t\t\t\t<\/div>\n\t\t\t\t<\/div>\n\t\t\t<\/div>\n\t\t<\/div>\n\t<\/div>\n<\/section>\n","protected":false},"excerpt":{"rendered":"","protected":false},"author":12,"featured_media":0,"parent":0,"menu_order":0,"comment_status":"closed","ping_status":"closed","template":"","meta":{"_acf_changed":false,"inline_featured_image":false,"footnotes":""},"tags":[],"class_list":["post-6662","page","type-page","status-publish","hentry"],"acf":[],"aioseo_notices":[],"_links":{"self":[{"href":"https:\/\/simple-simon.com\/fr\/wp-json\/wp\/v2\/pages\/6662","targetHints":{"allow":["GET"]}}],"collection":[{"href":"https:\/\/simple-simon.com\/fr\/wp-json\/wp\/v2\/pages"}],"about":[{"href":"https:\/\/simple-simon.com\/fr\/wp-json\/wp\/v2\/types\/page"}],"author":[{"embeddable":true,"href":"https:\/\/simple-simon.com\/fr\/wp-json\/wp\/v2\/users\/12"}],"replies":[{"embeddable":true,"href":"https:\/\/simple-simon.com\/fr\/wp-json\/wp\/v2\/comments?post=6662"}],"version-history":[{"count":15,"href":"https:\/\/simple-simon.com\/fr\/wp-json\/wp\/v2\/pages\/6662\/revisions"}],"predecessor-version":[{"id":14624,"href":"https:\/\/simple-simon.com\/fr\/wp-json\/wp\/v2\/pages\/6662\/revisions\/14624"}],"wp:attachment":[{"href":"https:\/\/simple-simon.com\/fr\/wp-json\/wp\/v2\/media?parent=6662"}],"wp:term":[{"taxonomy":"post_tag","embeddable":true,"href":"https:\/\/simple-simon.com\/fr\/wp-json\/wp\/v2\/tags?post=6662"}],"curies":[{"name":"wp","href":"https:\/\/api.w.org\/{rel}","templated":true}]}}