{"id":3897,"date":"2024-04-10T06:18:18","date_gmt":"2024-04-10T06:18:18","guid":{"rendered":"https:\/\/simple-simon.com\/vacatures\/"},"modified":"2026-02-03T15:11:17","modified_gmt":"2026-02-03T15:11:17","slug":"offres-demploi","status":"publish","type":"page","link":"https:\/\/simple-simon.com\/fr\/offres-demploi\/","title":{"rendered":"Offres d\u2019emploi"},"content":{"rendered":"\n\n\n<section class=\"theme-section theme-hero__wrapper theme-p-sm text__light \">\n\t<div class=\"theme-wrapper theme-element bl bg__dark-blue \">\n\t\t\t\t\t<div class=\"theme-hero__img-partial\">\n\t\t\t\t\t\t\t\t\t<img decoding=\"async\" src=\"https:\/\/simple-simon.com\/wp-content\/uploads\/2024\/10\/Kalina-website-pictures-48.png\" alt=\"\">\n\t\t\t\t\t\t\t<\/div>\n\t\t\t\t<div class=\"container\">\n\t\t\t<div class=\"row justify-content-between\">\n\t\t\t\t<div class=\"col-xl-6\">\n\t\t\t\t\t<div class=\"theme-hero__content\">\n\t\t\t\t\t\t<h1>Bienvenue sur notre page de recrutement.<\/h1>\n<p>Le lieu incontournable pour d\u00e9couvrir les derni\u00e8res opportunit\u00e9s de carri\u00e8re au sein de notre entreprise. Consultez ci-dessous nos offres d\u2019emploi actuelles et trouvez le poste qui vous correspond.<\/p>\n\t\t\t\t\t<\/div>\n\t\t\t\t<\/div>\n\t\t\t\t\t\t\t\t\n\t\t\t\t\t\t\t<\/div>\n\n\t\t<\/div>\n\n\n\t<\/div>\n<\/section>\n\t<section class=\"theme-section theme-split theme-content-variable active text-right theme-p-sm theme-p-m-none-t\">\n\t\t<div class=\"theme-content-variable__row theme-content-variable__card theme-wrapper\">\n\t\t\t<div class=\"container-fluid\">\n\t\t\t\t<div class=\"row justify-content-md-between align-items-center\">\n\t\t\t\t\t<div class=\"col-md-5 p-0 \">\n\t\t\t\t\t\t<div class=\"theme-content-variable__card-img img-no-scale\">\n\t\t\t\t\t\t\t<img decoding=\"async\" src=\"https:\/\/simple-simon.com\/wp-content\/uploads\/2024\/10\/6S9A1525-scaled-e1747664614167.jpg\" alt=\"\">\n\t\t\t\t\t\t\t\t\t\t\t\t\t<\/div>\n\t\t\t\t\t<\/div>\n\t\t\t\t\t<div class=\"col-md-6 \">\n\t\t\t\t\t\t<div class=\"theme-content-variable__row-content theme-content-variable__card-content text-right \">\n\t\t\t\t\t\t\t<h3>Offres d&#8217;emploi actuelles<\/h3>\n<p><\/p>\n<ul>\n<li><b data-path-to-node=\"2\" data-index-in-node=\"0\">Consultant en impl\u00e9mentation<\/b> \u2013 Aidez nos clients \u00e0 r\u00e9ussir avec Simple-Simon en les accompagnant dans l&rsquo;impl\u00e9mentation et l&rsquo;optimisation de notre logiciel. Consultez l&rsquo;offre compl\u00e8te ici.<\/li>\n<\/ul>\n<p>&nbsp;<\/p>\n<ul>\n<li><b data-path-to-node=\"3\" data-index-in-node=\"0\">Marketeur digital<\/b> \u2013 Souhaitez-vous attirer de nouveaux clients gr\u00e2ce \u00e0 des campagnes num\u00e9riques intelligentes ? Vous \u00eates cr\u00e9atif et ax\u00e9 sur les r\u00e9sultats ? Consultez l&rsquo;offre compl\u00e8te ici.<\/li>\n<\/ul>\n<p>&nbsp;<\/p>\n<p>Le poste de vos r\u00eaves ne figure pas parmi nos offres ? N&rsquo;h\u00e9sitez pas \u00e0 envoyer une candidature spontan\u00e9e \u00e0 <a href=\"mailto:b.peters@simple-simon.net\">b.peters@simple-simon.net<\/a>. Qui sait, nous pourrions cr\u00e9er ensemble le r\u00f4le qui vous convient !<\/p>\n\n\t\t\t\t\t\t\t\t\t\t\t\t\t<\/div>\n\t\t\t\t\t<\/div>\n\t\t\t\t<\/div>\n\t\t\t<\/div>\n\t\t<\/div>\n\t<\/section>","protected":false},"excerpt":{"rendered":"","protected":false},"author":12,"featured_media":0,"parent":0,"menu_order":0,"comment_status":"closed","ping_status":"closed","template":"","meta":{"_acf_changed":false,"inline_featured_image":false,"footnotes":""},"tags":[],"class_list":["post-3897","page","type-page","status-publish","hentry"],"acf":[],"aioseo_notices":[],"_links":{"self":[{"href":"https:\/\/simple-simon.com\/fr\/wp-json\/wp\/v2\/pages\/3897","targetHints":{"allow":["GET"]}}],"collection":[{"href":"https:\/\/simple-simon.com\/fr\/wp-json\/wp\/v2\/pages"}],"about":[{"href":"https:\/\/simple-simon.com\/fr\/wp-json\/wp\/v2\/types\/page"}],"author":[{"embeddable":true,"href":"https:\/\/simple-simon.com\/fr\/wp-json\/wp\/v2\/users\/12"}],"replies":[{"embeddable":true,"href":"https:\/\/simple-simon.com\/fr\/wp-json\/wp\/v2\/comments?post=3897"}],"version-history":[{"count":5,"href":"https:\/\/simple-simon.com\/fr\/wp-json\/wp\/v2\/pages\/3897\/revisions"}],"predecessor-version":[{"id":15022,"href":"https:\/\/simple-simon.com\/fr\/wp-json\/wp\/v2\/pages\/3897\/revisions\/15022"}],"wp:attachment":[{"href":"https:\/\/simple-simon.com\/fr\/wp-json\/wp\/v2\/media?parent=3897"}],"wp:term":[{"taxonomy":"post_tag","embeddable":true,"href":"https:\/\/simple-simon.com\/fr\/wp-json\/wp\/v2\/tags?post=3897"}],"curies":[{"name":"wp","href":"https:\/\/api.w.org\/{rel}","templated":true}]}}