{"id":3895,"date":"2024-04-10T06:18:01","date_gmt":"2024-04-10T06:18:01","guid":{"rendered":"https:\/\/simple-simon.com\/ons-team\/"},"modified":"2026-01-02T10:54:09","modified_gmt":"2026-01-02T10:54:09","slug":"ons-team","status":"publish","type":"page","link":"https:\/\/simple-simon.com\/fr\/ons-team\/","title":{"rendered":"Notre \u00e9quipe"},"content":{"rendered":"\n\n\n<section class=\"theme-section theme-hero__wrapper theme-p-sm text__light \">\n\t<div class=\"theme-wrapper theme-element bl bg__dark-blue \">\n\t\t\t\t\t<div class=\"theme-hero__img-partial\">\n\t\t\t\t\t\t\t<\/div>\n\t\t\t\t<div class=\"container\">\n\t\t\t<div class=\"row justify-content-between\">\n\t\t\t\t<div class=\"col-xl-6\">\n\t\t\t\t\t<div class=\"theme-hero__content\">\n\t\t\t\t\t\t<h1>Experts, fiables, 100 % engag\u00e9s, serviables, techniques, sympathiques. Voil\u00e0 notre \u00e9quipe\u2026 en beaucoup trop peu de mots.<\/h1>\n<p>Experts, fiables, 100 % engag\u00e9s, serviables, techniques, sympathiques. Voil\u00e0 notre \u00e9quipe\u2026 en beaucoup trop peu de mots.<\/p>\n<p><a class=\"theme-btn theme-btn__orange-gradient\" href=\"https:\/\/testsimplesimon20.kinsta.cloud\/service\/ons-team\/#\">Contactez-nous<\/a><\/p>\n\t\t\t\t\t<\/div>\n\t\t\t\t<\/div>\n\t\t\t\t\t\t\t\t\n\t\t\t\t\t\t\t<\/div>\n\n\t\t<\/div>\n\n\n\t<\/div>\n<\/section>\n\n\n<section class=\"theme-section theme-p-sm\">\n\t<div class=\"container\">\n\t\t<div class=\"theme-wrapper no-bg\">\n\t\t\t<div class=\"row justify-content-center\">\n\t\t\t\t<div class=\"col-md-8 text-center mb-5\">\n\t\t\t\t\t\t\t\t\t<\/div>\n\t\t\t<\/div>\n\t\t\t<div class=\"row\">\n\t\t\t\t\t\t\t\t<div class=\"col-md-3 mb-5\">\n\t\t\t\t\t<div class=\"theme-team bg__white\">\n\t\t\t\t\t\t<div class=\"theme-team__header\">\n\t\t\t\t\t\t\t<img decoding=\"async\" src=\"https:\/\/simple-simon.com\/wp-content\/uploads\/2026\/03\/Adam-SQ-Orange.png\" alt=\"\">\n\t\t\t\t\t\t<\/div>\n\t\t\t\t\t\t<div class=\"theme-team__content\">\n\t\t\t\t\t\t\t<p><strong>Adam<\/strong><\/p>\n\t\t\t\t\t\t\t<p>Content Marketeer<\/p>\n\t\t\t\t\t\t\t<p><\/p>\n\t\t\t\t\t\t\t\n\t\t\t\t\t\t<\/div>\n\t\t\t\t\t<\/div>\n\t\t\t\t<\/div>\n\t\t\t\t\t\t\t\t<div class=\"col-md-3 mb-5\">\n\t\t\t\t\t<div class=\"theme-team bg__white\">\n\t\t\t\t\t\t<div class=\"theme-team__header\">\n\t\t\t\t\t\t\t<img decoding=\"async\" src=\"https:\/\/simple-simon.com\/wp-content\/uploads\/2025\/08\/Hugo-SQ-Blue-V4.png\" alt=\"\">\n\t\t\t\t\t\t<\/div>\n\t\t\t\t\t\t<div class=\"theme-team__content\">\n\t\t\t\t\t\t\t<p><strong>Hugo<\/strong><\/p>\n\t\t\t\t\t\t\t<p>Head of Sales &#038; Customer Success<\/p>\n\t\t\t\t\t\t\t<p><\/p>\n\t\t\t\t\t\t\t\t\t\t\t\t\t\t<a target=\"_blank\" href=\"https:\/\/www.linkedin.com\/in\/hugo-dekkers-a02671129\/\" class=\"theme-team__social\"><i class=\"bi bi-linkedin\"><\/i><\/a>\n\t\t\t\t\t\t\t\n\t\t\t\t\t\t<\/div>\n\t\t\t\t\t<\/div>\n\t\t\t\t<\/div>\n\t\t\t\t\t\t\t\t<div class=\"col-md-3 mb-5\">\n\t\t\t\t\t<div class=\"theme-team bg__white\">\n\t\t\t\t\t\t<div class=\"theme-team__header\">\n\t\t\t\t\t\t\t<img decoding=\"async\" src=\"https:\/\/simple-simon.com\/wp-content\/uploads\/2025\/08\/Meriam-SQ-Green-V2-1.png\" alt=\"\">\n\t\t\t\t\t\t<\/div>\n\t\t\t\t\t\t<div class=\"theme-team__content\">\n\t\t\t\t\t\t\t<p><strong>Miriam<\/strong><\/p>\n\t\t\t\t\t\t\t<p>Office Assistant<\/p>\n\t\t\t\t\t\t\t<p><\/p>\n\t\t\t\t\t\t\t\n\t\t\t\t\t\t<\/div>\n\t\t\t\t\t<\/div>\n\t\t\t\t<\/div>\n\t\t\t\t\t\t\t\t<div class=\"col-md-3 mb-5\">\n\t\t\t\t\t<div class=\"theme-team bg__white\">\n\t\t\t\t\t\t<div class=\"theme-team__header\">\n\t\t\t\t\t\t\t<img decoding=\"async\" src=\"https:\/\/simple-simon.com\/wp-content\/uploads\/2025\/08\/Kalin-SQ-Purple.png\" alt=\"\">\n\t\t\t\t\t\t<\/div>\n\t\t\t\t\t\t<div class=\"theme-team__content\">\n\t\t\t\t\t\t\t<p><strong>Kalin<\/strong><\/p>\n\t\t\t\t\t\t\t<p><\/p>\n\t\t\t\t\t\t\t<p>Developer<\/p>\n\t\t\t\t\t\t\t\n\t\t\t\t\t\t<\/div>\n\t\t\t\t\t<\/div>\n\t\t\t\t<\/div>\n\t\t\t\t\t\t\t\t<div class=\"col-md-3 mb-5\">\n\t\t\t\t\t<div class=\"theme-team bg__white\">\n\t\t\t\t\t\t<div class=\"theme-team__header\">\n\t\t\t\t\t\t\t<img decoding=\"async\" src=\"https:\/\/simple-simon.com\/wp-content\/uploads\/2025\/08\/Placeholder-Marketing.png\" alt=\"\">\n\t\t\t\t\t\t<\/div>\n\t\t\t\t\t\t<div class=\"theme-team__content\">\n\t\t\t\t\t\t\t<p><strong>Bjorn<\/strong><\/p>\n\t\t\t\t\t\t\t<p>Content &#038; Community Specialist<\/p>\n\t\t\t\t\t\t\t<p><\/p>\n\t\t\t\t\t\t\t\n\t\t\t\t\t\t<\/div>\n\t\t\t\t\t<\/div>\n\t\t\t\t<\/div>\n\t\t\t\t\t\t\t\t<div class=\"col-md-3 mb-5\">\n\t\t\t\t\t<div class=\"theme-team bg__white\">\n\t\t\t\t\t\t<div class=\"theme-team__header\">\n\t\t\t\t\t\t\t<img decoding=\"async\" src=\"https:\/\/simple-simon.com\/wp-content\/uploads\/2025\/05\/Niels-SQ-Blue-V3.png\" alt=\"\">\n\t\t\t\t\t\t<\/div>\n\t\t\t\t\t\t<div class=\"theme-team__content\">\n\t\t\t\t\t\t\t<p><strong>Niels<\/strong><\/p>\n\t\t\t\t\t\t\t<p>Sales Consultant &#038; Accountmanager<\/p>\n\t\t\t\t\t\t\t<p><\/p>\n\t\t\t\t\t\t\t\n\t\t\t\t\t\t<\/div>\n\t\t\t\t\t<\/div>\n\t\t\t\t<\/div>\n\t\t\t\t\t\t\t\t<div class=\"col-md-3 mb-5\">\n\t\t\t\t\t<div class=\"theme-team bg__white\">\n\t\t\t\t\t\t<div class=\"theme-team__header\">\n\t\t\t\t\t\t\t<img decoding=\"async\" src=\"https:\/\/simple-simon.com\/wp-content\/uploads\/2025\/05\/Placeholder-Developer.png\" alt=\"\">\n\t\t\t\t\t\t<\/div>\n\t\t\t\t\t\t<div class=\"theme-team__content\">\n\t\t\t\t\t\t\t<p><strong>Laras<\/strong><\/p>\n\t\t\t\t\t\t\t<p>Full Stack Developer<\/p>\n\t\t\t\t\t\t\t<p><\/p>\n\t\t\t\t\t\t\t\n\t\t\t\t\t\t<\/div>\n\t\t\t\t\t<\/div>\n\t\t\t\t<\/div>\n\t\t\t\t\t\t\t\t<div class=\"col-md-3 mb-5\">\n\t\t\t\t\t<div class=\"theme-team bg__white\">\n\t\t\t\t\t\t<div class=\"theme-team__header\">\n\t\t\t\t\t\t\t<img decoding=\"async\" src=\"https:\/\/simple-simon.com\/wp-content\/uploads\/2025\/05\/Placeholder-Developer.png\" alt=\"\">\n\t\t\t\t\t\t<\/div>\n\t\t\t\t\t\t<div class=\"theme-team__content\">\n\t\t\t\t\t\t\t<p><strong>Eric<\/strong><\/p>\n\t\t\t\t\t\t\t<p>Full Stack Developer<\/p>\n\t\t\t\t\t\t\t<p><\/p>\n\t\t\t\t\t\t\t\n\t\t\t\t\t\t<\/div>\n\t\t\t\t\t<\/div>\n\t\t\t\t<\/div>\n\t\t\t\t\t\t\t\t<div class=\"col-md-3 mb-5\">\n\t\t\t\t\t<div class=\"theme-team bg__white\">\n\t\t\t\t\t\t<div class=\"theme-team__header\">\n\t\t\t\t\t\t\t<img decoding=\"async\" src=\"https:\/\/simple-simon.com\/wp-content\/uploads\/2025\/04\/Ankit-SQ-Purple-1.png\" alt=\"\">\n\t\t\t\t\t\t<\/div>\n\t\t\t\t\t\t<div class=\"theme-team__content\">\n\t\t\t\t\t\t\t<p><strong>Ankit<\/strong><\/p>\n\t\t\t\t\t\t\t<p>Full Stack Developer<\/p>\n\t\t\t\t\t\t\t<p><\/p>\n\t\t\t\t\t\t\t\n\t\t\t\t\t\t<\/div>\n\t\t\t\t\t<\/div>\n\t\t\t\t<\/div>\n\t\t\t\t\t\t\t\t<div class=\"col-md-3 mb-5\">\n\t\t\t\t\t<div class=\"theme-team bg__white\">\n\t\t\t\t\t\t<div class=\"theme-team__header\">\n\t\t\t\t\t\t\t<img decoding=\"async\" src=\"https:\/\/simple-simon.com\/wp-content\/uploads\/2025\/04\/Ron-SQ-Green.png\" alt=\"\">\n\t\t\t\t\t\t<\/div>\n\t\t\t\t\t\t<div class=\"theme-team__content\">\n\t\t\t\t\t\t\t<p><strong>Ron<\/strong><\/p>\n\t\t\t\t\t\t\t<p>Customer Success Manager<\/p>\n\t\t\t\t\t\t\t<p><\/p>\n\t\t\t\t\t\t\t\n\t\t\t\t\t\t<\/div>\n\t\t\t\t\t<\/div>\n\t\t\t\t<\/div>\n\t\t\t\t\t\t\t\t<div class=\"col-md-3 mb-5\">\n\t\t\t\t\t<div class=\"theme-team bg__white\">\n\t\t\t\t\t\t<div class=\"theme-team__header\">\n\t\t\t\t\t\t\t<img decoding=\"async\" src=\"https:\/\/simple-simon.com\/wp-content\/uploads\/2025\/04\/Lotte-SQ-Green.png\" alt=\"\">\n\t\t\t\t\t\t<\/div>\n\t\t\t\t\t\t<div class=\"theme-team__content\">\n\t\t\t\t\t\t\t<p><strong>Lotte<\/strong><\/p>\n\t\t\t\t\t\t\t<p>Project Manager<\/p>\n\t\t\t\t\t\t\t<p><\/p>\n\t\t\t\t\t\t\t\t\t\t\t\t\t\t<a target=\"_blank\" href=\"#https:\/\/www.linkedin.com\/in\/lotte-van-berkel-80b54711a\/\" class=\"theme-team__social\"><i class=\"bi bi-linkedin\"><\/i><\/a>\n\t\t\t\t\t\t\t\n\t\t\t\t\t\t<\/div>\n\t\t\t\t\t<\/div>\n\t\t\t\t<\/div>\n\t\t\t\t\t\t\t\t<div class=\"col-md-3 mb-5\">\n\t\t\t\t\t<div class=\"theme-team bg__white\">\n\t\t\t\t\t\t<div class=\"theme-team__header\">\n\t\t\t\t\t\t\t<img decoding=\"async\" src=\"https:\/\/simple-simon.com\/wp-content\/uploads\/2025\/04\/Swapna-SQ-Purple.png\" alt=\"\">\n\t\t\t\t\t\t<\/div>\n\t\t\t\t\t\t<div class=\"theme-team__content\">\n\t\t\t\t\t\t\t<p><strong>Swapna<\/strong><\/p>\n\t\t\t\t\t\t\t<p>Full Stack Developer<\/p>\n\t\t\t\t\t\t\t<p><\/p>\n\t\t\t\t\t\t\t\t\t\t\t\t\t\t<a target=\"_blank\" href=\"https:\/\/www.linkedin.com\/in\/swapna-chamarthy-21115aa0\/\" class=\"theme-team__social\"><i class=\"bi bi-linkedin\"><\/i><\/a>\n\t\t\t\t\t\t\t\n\t\t\t\t\t\t<\/div>\n\t\t\t\t\t<\/div>\n\t\t\t\t<\/div>\n\t\t\t\t\t\t\t\t<div class=\"col-md-3 mb-5\">\n\t\t\t\t\t<div class=\"theme-team bg__white\">\n\t\t\t\t\t\t<div class=\"theme-team__header\">\n\t\t\t\t\t\t\t<img decoding=\"async\" src=\"https:\/\/simple-simon.com\/wp-content\/uploads\/2025\/04\/Kalina-SQ-Orange-1.png\" alt=\"\">\n\t\t\t\t\t\t<\/div>\n\t\t\t\t\t\t<div class=\"theme-team__content\">\n\t\t\t\t\t\t\t<p><strong>Kalina<\/strong><\/p>\n\t\t\t\t\t\t\t<p>Performance &#038; Growth Marketeer<\/p>\n\t\t\t\t\t\t\t<p><\/p>\n\t\t\t\t\t\t\t\t\t\t\t\t\t\t<a target=\"_blank\" href=\"https:\/\/www.linkedin.com\/in\/kalina-yordanova-5298b91bb\/\" class=\"theme-team__social\"><i class=\"bi bi-linkedin\"><\/i><\/a>\n\t\t\t\t\t\t\t\n\t\t\t\t\t\t<\/div>\n\t\t\t\t\t<\/div>\n\t\t\t\t<\/div>\n\t\t\t\t\t\t\t\t<div class=\"col-md-3 mb-5\">\n\t\t\t\t\t<div class=\"theme-team bg__white\">\n\t\t\t\t\t\t<div class=\"theme-team__header\">\n\t\t\t\t\t\t\t<img decoding=\"async\" src=\"https:\/\/simple-simon.com\/wp-content\/uploads\/2025\/04\/Ganesh-SQ-Purple.png\" alt=\"\">\n\t\t\t\t\t\t<\/div>\n\t\t\t\t\t\t<div class=\"theme-team__content\">\n\t\t\t\t\t\t\t<p><strong>Ganesh<\/strong><\/p>\n\t\t\t\t\t\t\t<p>Senior Software Engineer <\/p>\n\t\t\t\t\t\t\t<p><\/p>\n\t\t\t\t\t\t\t\t\t\t\t\t\t\t<a target=\"_blank\" href=\"https:\/\/www.linkedin.com\/in\/ganesh-badgujar-2b585218\/\" class=\"theme-team__social\"><i class=\"bi bi-linkedin\"><\/i><\/a>\n\t\t\t\t\t\t\t\n\t\t\t\t\t\t<\/div>\n\t\t\t\t\t<\/div>\n\t\t\t\t<\/div>\n\t\t\t\t\t\t\t\t<div class=\"col-md-3 mb-5\">\n\t\t\t\t\t<div class=\"theme-team bg__white\">\n\t\t\t\t\t\t<div class=\"theme-team__header\">\n\t\t\t\t\t\t\t<img decoding=\"async\" src=\"https:\/\/simple-simon.com\/wp-content\/uploads\/2025\/04\/Daniel-SQ-Purple.png\" alt=\"\">\n\t\t\t\t\t\t<\/div>\n\t\t\t\t\t\t<div class=\"theme-team__content\">\n\t\t\t\t\t\t\t<p><strong>Daniel<\/strong><\/p>\n\t\t\t\t\t\t\t<p>Full Stack Developer<\/p>\n\t\t\t\t\t\t\t<p><\/p>\n\t\t\t\t\t\t\t\n\t\t\t\t\t\t<\/div>\n\t\t\t\t\t<\/div>\n\t\t\t\t<\/div>\n\t\t\t\t\t\t\t\t<div class=\"col-md-3 mb-5\">\n\t\t\t\t\t<div class=\"theme-team bg__white\">\n\t\t\t\t\t\t<div class=\"theme-team__header\">\n\t\t\t\t\t\t\t<img decoding=\"async\" src=\"https:\/\/simple-simon.com\/wp-content\/uploads\/2025\/04\/Bart-Jr-SQ-Blue-1.png\" alt=\"\">\n\t\t\t\t\t\t<\/div>\n\t\t\t\t\t\t<div class=\"theme-team__content\">\n\t\t\t\t\t\t\t<p><strong>Bart<\/strong><\/p>\n\t\t\t\t\t\t\t<p>Head of Business Development<\/p>\n\t\t\t\t\t\t\t<p><\/p>\n\t\t\t\t\t\t\t\t\t\t\t\t\t\t<a target=\"_blank\" href=\"#https:\/\/www.linkedin.com\/in\/bart-sommer-a24163200\/\" class=\"theme-team__social\"><i class=\"bi bi-linkedin\"><\/i><\/a>\n\t\t\t\t\t\t\t\n\t\t\t\t\t\t<\/div>\n\t\t\t\t\t<\/div>\n\t\t\t\t<\/div>\n\t\t\t\t\t\t\t\t<div class=\"col-md-3 mb-5\">\n\t\t\t\t\t<div class=\"theme-team bg__white\">\n\t\t\t\t\t\t<div class=\"theme-team__header\">\n\t\t\t\t\t\t\t<img decoding=\"async\" src=\"https:\/\/simple-simon.com\/wp-content\/uploads\/2025\/02\/Adelina-SQ-2-Blue.png\" alt=\"\">\n\t\t\t\t\t\t<\/div>\n\t\t\t\t\t\t<div class=\"theme-team__content\">\n\t\t\t\t\t\t\t<p><strong>Adelina<\/strong><\/p>\n\t\t\t\t\t\t\t<p>Sales Consultant<\/p>\n\t\t\t\t\t\t\t<p><\/p>\n\t\t\t\t\t\t\t\n\t\t\t\t\t\t<\/div>\n\t\t\t\t\t<\/div>\n\t\t\t\t<\/div>\n\t\t\t\t\t\t\t\t<div class=\"col-md-3 mb-5\">\n\t\t\t\t\t<div class=\"theme-team bg__white\">\n\t\t\t\t\t\t<div class=\"theme-team__header\">\n\t\t\t\t\t\t\t<img decoding=\"async\" src=\"https:\/\/simple-simon.com\/wp-content\/uploads\/2025\/05\/Placeholder-Developer.png\" alt=\"\">\n\t\t\t\t\t\t<\/div>\n\t\t\t\t\t\t<div class=\"theme-team__content\">\n\t\t\t\t\t\t\t<p><strong>Ghazi<\/strong><\/p>\n\t\t\t\t\t\t\t<p>Full Stack Developer<\/p>\n\t\t\t\t\t\t\t<p><\/p>\n\t\t\t\t\t\t\t\n\t\t\t\t\t\t<\/div>\n\t\t\t\t\t<\/div>\n\t\t\t\t<\/div>\n\t\t\t\t\t\t\t\t<div class=\"col-md-3 mb-5\">\n\t\t\t\t\t<div class=\"theme-team bg__white\">\n\t\t\t\t\t\t<div class=\"theme-team__header\">\n\t\t\t\t\t\t\t<img decoding=\"async\" src=\"https:\/\/simple-simon.com\/wp-content\/uploads\/2025\/02\/Lucas-SQ-White.png\" alt=\"\">\n\t\t\t\t\t\t<\/div>\n\t\t\t\t\t\t<div class=\"theme-team__content\">\n\t\t\t\t\t\t\t<p><strong>Lucas<\/strong><\/p>\n\t\t\t\t\t\t\t<p>Sales Development Specialist<\/p>\n\t\t\t\t\t\t\t<p><\/p>\n\t\t\t\t\t\t\t\t\t\t\t\t\t\t<a target=\"_blank\" href=\"https:\/\/www.linkedin.com\/in\/lucas-van-bergeijk-\/\" class=\"theme-team__social\"><i class=\"bi bi-linkedin\"><\/i><\/a>\n\t\t\t\t\t\t\t\n\t\t\t\t\t\t<\/div>\n\t\t\t\t\t<\/div>\n\t\t\t\t<\/div>\n\t\t\t\t\t\t\t\t<div class=\"col-md-3 mb-5\">\n\t\t\t\t\t<div class=\"theme-team bg__white\">\n\t\t\t\t\t\t<div class=\"theme-team__header\">\n\t\t\t\t\t\t\t<img decoding=\"async\" src=\"https:\/\/simple-simon.com\/wp-content\/uploads\/2025\/02\/Eline-SQ-Green.png\" alt=\"\">\n\t\t\t\t\t\t<\/div>\n\t\t\t\t\t\t<div class=\"theme-team__content\">\n\t\t\t\t\t\t\t<p><strong>Eline<\/strong><\/p>\n\t\t\t\t\t\t\t<p>Customer Succes Manager<\/p>\n\t\t\t\t\t\t\t<p><\/p>\n\t\t\t\t\t\t\t\n\t\t\t\t\t\t<\/div>\n\t\t\t\t\t<\/div>\n\t\t\t\t<\/div>\n\t\t\t\t\t\t\t\t<div class=\"col-md-3 mb-5\">\n\t\t\t\t\t<div class=\"theme-team bg__white\">\n\t\t\t\t\t\t<div class=\"theme-team__header\">\n\t\t\t\t\t\t\t<img decoding=\"async\" src=\"https:\/\/simple-simon.com\/wp-content\/uploads\/2025\/05\/Placeholder-Developer.png\" alt=\"\">\n\t\t\t\t\t\t<\/div>\n\t\t\t\t\t\t<div class=\"theme-team__content\">\n\t\t\t\t\t\t\t<p><strong>Cristi<\/strong><\/p>\n\t\t\t\t\t\t\t<p>Lead Developer<\/p>\n\t\t\t\t\t\t\t<p><\/p>\n\t\t\t\t\t\t\t\n\t\t\t\t\t\t<\/div>\n\t\t\t\t\t<\/div>\n\t\t\t\t<\/div>\n\t\t\t\t\t\t\t\t<div class=\"col-md-3 mb-5\">\n\t\t\t\t\t<div class=\"theme-team bg__white\">\n\t\t\t\t\t\t<div class=\"theme-team__header\">\n\t\t\t\t\t\t\t<img decoding=\"async\" src=\"https:\/\/simple-simon.com\/wp-content\/uploads\/2024\/12\/Bart-Sr-SQ-Blue.png\" alt=\"\">\n\t\t\t\t\t\t<\/div>\n\t\t\t\t\t\t<div class=\"theme-team__content\">\n\t\t\t\t\t\t\t<p><strong>Bart<\/strong><\/p>\n\t\t\t\t\t\t\t<p>Owner<\/p>\n\t\t\t\t\t\t\t<p><\/p>\n\t\t\t\t\t\t\t\t\t\t\t\t\t\t<a target=\"_blank\" href=\"#https:\/\/www.linkedin.com\/in\/bart-peters-4572a99a\/\" class=\"theme-team__social\"><i class=\"bi bi-linkedin\"><\/i><\/a>\n\t\t\t\t\t\t\t\n\t\t\t\t\t\t<\/div>\n\t\t\t\t\t<\/div>\n\t\t\t\t<\/div>\n\t\t\t\t\t\t\t\t<div class=\"col-md-3 mb-5\">\n\t\t\t\t\t<div class=\"theme-team bg__white\">\n\t\t\t\t\t\t<div class=\"theme-team__header\">\n\t\t\t\t\t\t\t<img decoding=\"async\" src=\"https:\/\/simple-simon.com\/wp-content\/uploads\/2024\/05\/Kevin-SQ-Green.png\" alt=\"\">\n\t\t\t\t\t\t<\/div>\n\t\t\t\t\t\t<div class=\"theme-team__content\">\n\t\t\t\t\t\t\t<p><strong>Kevin<\/strong><\/p>\n\t\t\t\t\t\t\t<p>Project Manager<\/p>\n\t\t\t\t\t\t\t<p><\/p>\n\t\t\t\t\t\t\t\t\t\t\t\t\t\t<a target=\"_blank\" href=\"https:\/\/www.linkedin.com\/in\/kevin-peters-438920240\/\" class=\"theme-team__social\"><i class=\"bi bi-linkedin\"><\/i><\/a>\n\t\t\t\t\t\t\t\n\t\t\t\t\t\t<\/div>\n\t\t\t\t\t<\/div>\n\t\t\t\t<\/div>\n\t\t\t\t\t\t\t<\/div>\n\t\t<\/div>\n\t<\/div>\n<\/section>","protected":false},"excerpt":{"rendered":"","protected":false},"author":12,"featured_media":0,"parent":0,"menu_order":0,"comment_status":"closed","ping_status":"closed","template":"","meta":{"_acf_changed":false,"inline_featured_image":false,"footnotes":""},"tags":[],"class_list":["post-3895","page","type-page","status-publish","hentry"],"acf":[],"aioseo_notices":[],"_links":{"self":[{"href":"https:\/\/simple-simon.com\/fr\/wp-json\/wp\/v2\/pages\/3895","targetHints":{"allow":["GET"]}}],"collection":[{"href":"https:\/\/simple-simon.com\/fr\/wp-json\/wp\/v2\/pages"}],"about":[{"href":"https:\/\/simple-simon.com\/fr\/wp-json\/wp\/v2\/types\/page"}],"author":[{"embeddable":true,"href":"https:\/\/simple-simon.com\/fr\/wp-json\/wp\/v2\/users\/12"}],"replies":[{"embeddable":true,"href":"https:\/\/simple-simon.com\/fr\/wp-json\/wp\/v2\/comments?post=3895"}],"version-history":[{"count":6,"href":"https:\/\/simple-simon.com\/fr\/wp-json\/wp\/v2\/pages\/3895\/revisions"}],"predecessor-version":[{"id":14603,"href":"https:\/\/simple-simon.com\/fr\/wp-json\/wp\/v2\/pages\/3895\/revisions\/14603"}],"wp:attachment":[{"href":"https:\/\/simple-simon.com\/fr\/wp-json\/wp\/v2\/media?parent=3895"}],"wp:term":[{"taxonomy":"post_tag","embeddable":true,"href":"https:\/\/simple-simon.com\/fr\/wp-json\/wp\/v2\/tags?post=3895"}],"curies":[{"name":"wp","href":"https:\/\/api.w.org\/{rel}","templated":true}]}}