{"id":3891,"date":"2024-04-10T06:17:37","date_gmt":"2024-04-10T06:17:37","guid":{"rendered":"https:\/\/simple-simon.com\/nieuws-updates\/"},"modified":"2026-02-03T15:06:04","modified_gmt":"2026-02-03T15:06:04","slug":"actualites-mises-a-jour","status":"publish","type":"page","link":"https:\/\/simple-simon.com\/fr\/actualites-mises-a-jour\/","title":{"rendered":"Actualit\u00e9s &#038; mises \u00e0 jour"},"content":{"rendered":"\n\n\n<section class=\"theme-section theme-hero__wrapper theme-p-sm text__light \">\n\t<div class=\"theme-wrapper theme-element bl bg__dark-blue \">\n\t\t\t\t\t<div class=\"theme-hero__img-partial\">\n\t\t\t\t\t\t\t\t\t<img decoding=\"async\" src=\"https:\/\/simple-simon.com\/wp-content\/uploads\/2025\/01\/hero-simple-simon-sa-older-worker.png\" alt=\"\">\n\t\t\t\t\t\t\t<\/div>\n\t\t\t\t<div class=\"container\">\n\t\t\t<div class=\"row justify-content-between\">\n\t\t\t\t<div class=\"col-xl-6\">\n\t\t\t\t\t<div class=\"theme-hero__content\">\n\t\t\t\t\t\t<h1>Actualit\u00e9s &amp; mises \u00e0 jour<\/h1>\n<p>Bienvenue sur notre <strong>page d\u2019actualit\u00e9s<\/strong> et de mises \u00e0 jour, o\u00f9 nous vous tenons inform\u00e9 des derni\u00e8res \u00e9volutions et tendances. Qu&rsquo;il s&rsquo;agisse d&rsquo;innovations technologiques, de nouvelles de l\u2019entreprise ou d\u2019\u00e9v\u00e9nements d\u2019actualit\u00e9, vous trouverez ici toutes les informations pertinentes en un seul endroit. Restez \u00e0 jour et ne manquez aucune nouvelle importante.<\/p>\n\t\t\t\t\t<\/div>\n\t\t\t\t<\/div>\n\t\t\t\t\t\t\t\t\n\t\t\t\t\t\t\t<\/div>\n\n\t\t<\/div>\n\n\n\t<\/div>\n<\/section>\r\n\r\n\r\n<section class=\"theme-section theme-content-variable-wrapper theme-p-sm\">\r\n\r\n\t<div class=\"row\">\r\n\t\t<div class=\"col-md-12 text-center\">\r\n\t\t\t\t\t<\/div>\r\n\t\t<div class=\"col-md-12\">\r\n\t\t\t<div class=\"theme-content-variable__nav-wrapper\">\r\n\t\t\t\t<div class=\"theme-content-variable__nav\">\r\n\t\t\t\t\t\t\t\t\t\t\t\t<a href=\"#\" data-name=\"Nouvelles de Simple-Simon\" class=\"theme-btn theme-btn__blue  theme-btn__lg\">Nouvelles de Simple-Simon<\/a>\r\n\t\t\t\t\t\t\t\t\t\t\t\t<a href=\"#\" data-name=\"Mises \u00e0 jour iOS\" class=\"theme-btn theme-btn__light-blue  theme-btn__lg\">Mises \u00e0 jour iOS<\/a>\r\n\t\t\t\t\t\t\t\t\t\t\t\t<a href=\"#\" data-name=\"Mises \u00e0 jour Android \" class=\"theme-btn theme-btn__light-blue  theme-btn__lg\">Mises \u00e0 jour Android <\/a>\r\n\t\t\t\t\t\t\t\t\t\t\t\t<a href=\"#\" data-name=\"Simple-Simon PRO\" class=\"theme-btn theme-btn__light-blue  theme-btn__lg\">Simple-Simon PRO<\/a>\r\n\t\t\t\t\t\t\t\t\t<\/div>\r\n\t\t\t<\/div>\r\n\t\t<\/div>\r\n\t\t<div class=\"col-md-12\">\r\n\t\t\t\t\t\t\t<div class=\"theme-content-variable active\" data-name=\"Nouvelles de Simple-Simon\">\r\n\t\t\t\t\t<div class=\"theme-content-variable__card theme-wrapper\">\r\n\t\t\t\t\t\t<div class=\"container-fluid\">\r\n\t\t\t\t\t\t\t<div class=\"row justify-content-between align-items-center\">\r\n\t\t\t\t\t\t\t\t<div class=\"col-md-6 order-2 order-md-1 p-0\">\r\n\t\t\t\t\t\t\t\t\t<div class=\"theme-content-variable__card-content\">\r\n\t\t\t\t\t\t\t\t\t\t<table style=\"width: 86.1603%;\">\n<tbody>\n<tr>\n<th style=\"width: 14.2602%; text-align: center;\">Date<\/th>\n<th style=\"width: 16.934%; text-align: center;\">Versiom<\/th>\n<th style=\"width: 67.5579%; text-align: center;\">Description<\/th>\n<\/tr>\n<tr>\n<td style=\"width: 14.2602%; text-align: center;\">22-01-2026<\/td>\n<td style=\"width: 16.934%; text-align: center;\">Simon 3<\/td>\n<td style=\"width: 67.5579%;\"><span style=\"text-decoration: underline;\"><strong>Correctifs:<br \/>\n<\/strong><\/span><\/p>\n<ul>\n<li data-path-to-node=\"4,0,0\"><b data-path-to-node=\"4,0,0\" data-index-in-node=\"0\">Chargements flexibles :<\/b> Les pi\u00e8ces jointes prennent d\u00e9sormais en charge les extensions de fichiers en majuscules et en minuscules.<\/li>\n<li data-path-to-node=\"4,1,0\"><b data-path-to-node=\"4,1,0\" data-index-in-node=\"0\">Bureau mobile :<\/b> Performances et affichage plus rapides pour le module de bureau sur mobile.<\/li>\n<li data-path-to-node=\"4,2,0\"><b data-path-to-node=\"4,2,0\" data-index-in-node=\"0\">Tableau de bord :<\/b> Les probl\u00e8mes de chargement pour les nouveaux utilisateurs sur les appareils mobiles ont \u00e9t\u00e9 r\u00e9solus.<\/li>\n<li data-path-to-node=\"4,3,0\"><b data-path-to-node=\"4,3,0\" data-index-in-node=\"0\">Mises \u00e0 jour de l&rsquo;interface :<\/b> Diverses petites am\u00e9liorations de l&rsquo;interface pour un aspect plus \u00e9pur\u00e9.<\/li>\n<\/ul>\n<\/td>\n<\/tr>\n<tr>\n<td style=\"width: 14.2602%; text-align: center;\">22-01-2026<\/td>\n<td style=\"width: 16.934%; text-align: center;\">Simon 3<\/td>\n<td style=\"width: 67.5579%;\"><span style=\"text-decoration: underline;\"><strong>S\u00e9lecteur d&rsquo;heure:<br \/>\n<\/strong><\/span>De plus, la mani\u00e8re d&rsquo;ajouter l&rsquo;heure dans le module de bureau sur les appareils mobiles a chang\u00e9 ; un s\u00e9lecteur d&rsquo;heure a \u00e9t\u00e9 ajout\u00e9. Vous pouvez d\u00e9sormais saisir l&rsquo;heure manuellement ou faire glisser et utiliser les fl\u00e8ches.<span style=\"text-decoration: underline;\"><strong><br \/>\n<\/strong><\/span><\/td>\n<\/tr>\n<tr>\n<td style=\"width: 14.2602%; text-align: center;\">22-01-2026<\/td>\n<td style=\"width: 16.934%; text-align: center;\">Simon 3<\/td>\n<td style=\"width: 67.5579%;\"><span style=\"text-decoration: underline;\"><strong>Recherche avanc\u00e9e:<\/strong><\/span><\/p>\n<p>D\u00e8s maintenant, vous pouvez ajouter encore plus de filtres et de conditions lorsque vous recherchez un bon d&rsquo;intervention, un produit, une adresse de travail, un planning ou un objet ! Essayez la nouvelle option de recherche avanc\u00e9e.<\/p>\n<p>*Lorsque vous \u00eates en vue liste, vous trouverez cette option dans le coin sup\u00e9rieur droit, \u00e0 c\u00f4t\u00e9 de l&rsquo;ic\u00f4ne de filtre!<\/td>\n<\/tr>\n<tr>\n<td style=\"width: 14.2602%; text-align: center;\">10-11-2025<\/td>\n<td style=\"width: 16.934%; text-align: center;\">Simon 3<\/td>\n<td style=\"width: 67.5579%;\"><span style=\"text-decoration: underline;\"><strong>Formulaire de commentaires<\/strong><\/span><\/p>\n<p>Nous lan\u00e7ons un nouvel outil sur lequel nous avons travaill\u00e9 r\u00e9cemment ! Vous verrez une ic\u00f4ne \ud83d\udca1 en bas \u00e0 gauche de votre \u00e9cran. Lorsque vous cliquez dessus, un formulaire s&rsquo;ouvrira dans une nouvelle fen\u00eatre o\u00f9 vous pourrez nous laisser vos id\u00e9es, vos souhaits et vos commentaires!<\/p>\n<p>Cliquez sur ce \u00a0<a href=\"https:\/\/simple-simon.canny.io\/ideeen-feedback-en-wensen\">lien<\/a> pour ouvrir le formulaire de commentaires.<\/td>\n<\/tr>\n<tr>\n<td style=\"width: 14.2602%; text-align: center;\">10-11-2025<\/td>\n<td style=\"width: 16.934%; text-align: center;\">Simon 3<\/td>\n<td style=\"width: 67.5579%;\"><span style=\"text-decoration: underline;\"><strong>Tableau de bord<\/strong><\/span><\/p>\n<ul>\n<li>Le glisser-d\u00e9poser ainsi que l&rsquo;application des modifications sont d\u00e9sormais nettement plus rapides et fluides.<\/li>\n<li>Audit des donn\u00e9es:<span style=\"text-decoration: underline;\"><strong><br \/>\n<\/strong><\/span><\/li>\n<\/ul>\n<p>&#8211; En s\u00e9lectionnant un bon d&rsquo;intervention et en cliquant sur l&rsquo;ic\u00f4ne de modification, vous verrez toutes les mises \u00e0 jour effectu\u00e9es par vos coll\u00e8gues.<br \/>\n&#8211; Vous pouvez choisir de visualiser les derni\u00e8res modifications non seulement sur les bons d&rsquo;intervention, mais aussi sur les produits utilis\u00e9s, les enregistrements de temps ou les plannings!<br \/>\n&#8211; Vous pouvez \u00e9galement s\u00e9lectionner et comparer jusqu&rsquo;\u00e0 deux mises \u00e0 jour de la liste, ce qui rend les choses encore plus simples et claires! Les modifications sont affich\u00e9es en rouge clair.<\/p>\n<p><span style=\"text-decoration: underline;\"><strong>\u00a0<\/strong><\/span><\/td>\n<\/tr>\n<tr>\n<td style=\"width: 14.2602%; text-align: center;\">16-10-2025<\/td>\n<td style=\"width: 16.934%; text-align: center;\">Simon 3<\/td>\n<td style=\"width: 67.5579%;\"><span style=\"text-decoration: underline;\"><strong>Bugs r\u00e9solus:<\/strong><\/span><\/p>\n<ul>\n<li>Les utilisateurs non-administrateurs ne pouvaient pas ouvrir l&rsquo;\u00e9cran de connexion pour l&rsquo;int\u00e9gration du calendrier : ceci est maintenant r\u00e9solu.<\/li>\n<\/ul>\n<\/td>\n<\/tr>\n<tr>\n<td style=\"width: 14.2602%; text-align: center;\">16-10-2025<\/td>\n<td style=\"width: 16.934%; text-align: center;\">Simon 3<\/td>\n<td style=\"width: 67.5579%;\">\n<ul>\n<li><strong><span style=\"text-decoration: underline;\">Module Office<br \/>\n<\/span><\/strong>Nouvelle fonction disponible : Param\u00e8tres de recherche rapide<\/li>\n<li>Option de filtre ajout\u00e9e pour les adresses de travail bas\u00e9e sur le nombre d&rsquo;objets \u00e0 cette adresse de travail.<\/li>\n<\/ul>\n<\/td>\n<\/tr>\n<tr>\n<td style=\"width: 14.2602%; text-align: center;\">8-10-2025<\/td>\n<td style=\"width: 16.934%; text-align: center;\">Simon 3<\/td>\n<td style=\"width: 67.5579%;\"><span style=\"text-decoration: underline;\"><strong>Type de bon de travail:<\/strong><\/span><\/p>\n<ul>\n<li>Option pour d\u00e9finir le nombre minimal de minutes requis pour un bon de travail d&rsquo;un type sp\u00e9cifique. Cette valeur peut \u00eatre utilis\u00e9e dans une int\u00e9gration.<\/li>\n<li>Prise en charge ajout\u00e9e pour d\u00e9finir une planification par type de bon de travail.<\/li>\n<\/ul>\n<\/td>\n<\/tr>\n<tr>\n<td style=\"width: 14.2602%; text-align: center;\">1-10-2025<\/td>\n<td style=\"width: 16.934%; text-align: center;\">Simon 3<\/td>\n<td style=\"width: 67.5579%;\"><span style=\"text-decoration: underline;\"><strong>Corrections de bugs:<\/strong><\/span><\/p>\n<ul>\n<li>Am\u00e9liorations pour \u00e9viter de devoir se connecter plusieurs fois au portail et au Module de bureau Simon.<\/li>\n<li>L&rsquo;envoi d&rsquo;invitations pour un nouvel utilisateur du portail a \u00e9t\u00e9 corrig\u00e9.<\/li>\n<\/ul>\n<p>&nbsp;<\/td>\n<\/tr>\n<tr>\n<td style=\"width: 14.2602%; text-align: center;\">1-10-2025<\/td>\n<td style=\"width: 16.934%; text-align: center;\">Simon 3<\/td>\n<td style=\"width: 67.5579%;\"><span style=\"text-decoration: underline;\"><strong>Int\u00e9gration Exact &amp; SAP:<\/strong><\/span><\/p>\n<ul>\n<li>Nous introduisons le R\u00e9sum\u00e9 de synchronisation (Sync Summary), qui permet aux utilisateurs de recevoir des mises \u00e0 jour en temps r\u00e9el concernant la synchronisation entre Simple-Simon et votre int\u00e9gration ERP. Vous pouvez par exemple voir imm\u00e9diatement combien de commandes ont \u00e9t\u00e9 transmises avec succ\u00e8s de l&rsquo;ERP vers Simple-Simon et combien ont \u00e9chou\u00e9, y compris la raison et une solution.<\/li>\n<\/ul>\n<\/td>\n<\/tr>\n<tr>\n<td style=\"width: 14.2602%; text-align: center;\">15-9-2025<\/td>\n<td style=\"width: 16.934%; text-align: center;\">Simon 3<\/td>\n<td style=\"width: 67.5579%;\">\n<ul>\n<li>S\u00e9lection multiple dans le tableau de planification : glisser-d\u00e9poser plusieurs bons de travail en m\u00eame temps<\/li>\n<li>Am\u00e9liorations pour l&rsquo;archivage: red\u00e9marrage automatique dans le cas o\u00f9 un bon de travail ne peut pas \u00eatre archiv\u00e9<\/li>\n<\/ul>\n<\/td>\n<\/tr>\n<tr>\n<td style=\"width: 14.2602%; text-align: center;\">9-9-2025<\/td>\n<td style=\"width: 16.934%; text-align: center;\">Simon 3<\/td>\n<td style=\"width: 67.5579%;\">\n<ul>\n<li>Temps d&rsquo;attente inutile supprim\u00e9 : plus de temps d&rsquo;attente dans le tableau de planification lors de la fermeture d&rsquo;une bo\u00eete de dialogue (\u00e9crans gris)<\/li>\n<\/ul>\n<\/td>\n<\/tr>\n<tr>\n<td style=\"width: 14.2602%; text-align: center;\">4-9-2025<\/td>\n<td style=\"width: 16.934%; text-align: center;\">Simon 3<\/td>\n<td style=\"width: 67.5579%;\">\n<ul>\n<li>Colonnes clients personnalis\u00e9es : maintenant aussi disponibles dans la vue d&rsquo;ensemble des adresses de travail<\/li>\n<li>Mise en page des bons de travail : option ajout\u00e9e pour qu&rsquo;un bloc qui ne tient pas sur la page commence sur la page suivante lors de l&rsquo;impression<\/li>\n<\/ul>\n<\/td>\n<\/tr>\n<tr>\n<td style=\"width: 14.2602%; text-align: center;\">1-9-2025<\/td>\n<td style=\"width: 16.934%; text-align: center;\">Simon 3<\/td>\n<td style=\"width: 67.5579%;\"><b><\/b><span style=\"text-decoration: underline;\"><strong>Bugs r\u00e9solus: <\/strong><\/span><\/p>\n<ul>\n<li>divers bugs, petits et grands, ont \u00e9t\u00e9 corrig\u00e9s.<\/li>\n<\/ul>\n<\/td>\n<\/tr>\n<\/tbody>\n<\/table>\n<p><strong>Actualit\u00e9s de Simon<\/strong><\/p>\n<p>Visitez notre <a href=\"https:\/\/simple-simon.com\/fr\/blog\/\">page de blog<\/a> pour les derni\u00e8res actualit\u00e9s sur le nouvel environnement Simple-Simon.<\/p>\n\t\t\t\t\t\t\t\t\t<\/div>\r\n\r\n\t\t\t\t\t\t\t\t<\/div>\r\n\t\t\t\t\t\t\t\t<div class=\"col-md-5 order-1 order-md-2 p-0 \">\r\n\t\t\t\t\t\t\t\t\t<div class=\"theme-content-variable__card-img img-no-scale\">\r\n\t\t\t\t\t\t\t\t\t\t<img decoding=\"async\" src=\"\" alt=\"\">\r\n\t\t\t\t\t\t\t\t\t<\/div>\r\n\t\t\t\t\t\t\t\t<\/div>\r\n\t\t\t\t\t\t\t<\/div>\r\n\t\t\t\t\t\t<\/div>\r\n\t\t\t\t\t<\/div>\r\n\t\t\t\t<\/div>\r\n\t\t\t\t\t\t\t<div class=\"theme-content-variable \" data-name=\"Mises \u00e0 jour iOS\">\r\n\t\t\t\t\t<div class=\"theme-content-variable__card theme-wrapper\">\r\n\t\t\t\t\t\t<div class=\"container-fluid\">\r\n\t\t\t\t\t\t\t<div class=\"row justify-content-between align-items-center\">\r\n\t\t\t\t\t\t\t\t<div class=\"col-md-6 order-2 order-md-1 p-0\">\r\n\t\t\t\t\t\t\t\t\t<div class=\"theme-content-variable__card-content\">\r\n\t\t\t\t\t\t\t\t\t\t<table style=\"width: 100%; height: 273px;\">\n<tbody>\n<tr style=\"height: 24px;\">\n<th style=\"height: 24px; width: 9.21502%;\"><strong>Date<\/strong><\/th>\n<th style=\"height: 24px; width: 18.2594%;\"><strong>Version<\/strong><\/th>\n<th style=\"height: 24px; width: 71.3311%;\"><strong>Description<\/strong><\/th>\n<\/tr>\n<tr>\n<td style=\"width: 9.21502%;\">\n<p class=\"p1\">8-10-2025<\/p>\n<\/td>\n<td style=\"width: 18.2594%;\"><\/td>\n<td style=\"width: 71.3311%;\"><span style=\"text-decoration: underline;\"><strong>Bon de travail avanc\u00e9:<\/strong><\/span><\/p>\n<ul>\n<li>Lors de la saisie des bons de travail, il est d\u00e9sormais automatiquement v\u00e9rifi\u00e9 si les travaux sont valid\u00e9s en fonction des comp\u00e9tences requises.<\/li>\n<\/ul>\n<\/td>\n<\/tr>\n<tr style=\"height: 104px;\">\n<td style=\"height: 104px; width: 9.21502%;\">\n<p class=\"p1\">30-5-2024<\/p>\n<\/td>\n<td style=\"height: 104px; width: 18.2594%;\">1.2.4.00818-20818<\/td>\n<td style=\"height: 104px; width: 71.3311%;\">\n<ul>\n<li>Fonctionnalit\u00e9 de la fiche machine ajout\u00e9e<\/li>\n<li>Diverses petites corrections de bugs<\/li>\n<\/ul>\n<\/td>\n<\/tr>\n<tr style=\"height: 145px;\">\n<td style=\"height: 145px; width: 9.21502%;\">27-2-2024<\/td>\n<td style=\"height: 145px; width: 18.2594%;\"><span style=\"color: #000000; font-family: Roboto; font-size: medium;\">1.2.4-00786-20786<\/span><\/td>\n<td style=\"height: 145px; width: 71.3311%;\">\n<ul>\n<li>Am\u00e9liorations du module d&rsquo;objet avanc\u00e9<\/li>\n<li>Prise en charge de l&rsquo;enregistrement des heures ajout\u00e9e<\/li>\n<\/ul>\n<\/td>\n<\/tr>\n<\/tbody>\n<\/table>\n\t\t\t\t\t\t\t\t\t<\/div>\r\n\r\n\t\t\t\t\t\t\t\t<\/div>\r\n\t\t\t\t\t\t\t\t<div class=\"col-md-5 order-1 order-md-2 p-0 \">\r\n\t\t\t\t\t\t\t\t\t<div class=\"theme-content-variable__card-img img-no-scale\">\r\n\t\t\t\t\t\t\t\t\t\t<img decoding=\"async\" src=\"\" alt=\"\">\r\n\t\t\t\t\t\t\t\t\t<\/div>\r\n\t\t\t\t\t\t\t\t<\/div>\r\n\t\t\t\t\t\t\t<\/div>\r\n\t\t\t\t\t\t<\/div>\r\n\t\t\t\t\t<\/div>\r\n\t\t\t\t<\/div>\r\n\t\t\t\t\t\t\t<div class=\"theme-content-variable \" data-name=\"Mises \u00e0 jour Android \">\r\n\t\t\t\t\t<div class=\"theme-content-variable__card theme-wrapper\">\r\n\t\t\t\t\t\t<div class=\"container-fluid\">\r\n\t\t\t\t\t\t\t<div class=\"row justify-content-between align-items-center\">\r\n\t\t\t\t\t\t\t\t<div class=\"col-md-6 order-2 order-md-1 p-0\">\r\n\t\t\t\t\t\t\t\t\t<div class=\"theme-content-variable__card-content\">\r\n\t\t\t\t\t\t\t\t\t\t<table style=\"width: 93.057%; height: 184px;\">\n<tbody>\n<tr style=\"height: 24px;\">\n<th style=\"width: 13.1363%; height: 24px; text-align: center;\">Date<\/th>\n<th style=\"width: 23.3169%; height: 24px; text-align: center;\">Version<\/th>\n<th style=\"width: 64.2036%; height: 24px; text-align: center;\">Description<\/th>\n<\/tr>\n<tr>\n<td style=\"width: 13.1363%;\">16-10-2025<\/td>\n<td style=\"width: 23.3169%;\"><\/td>\n<td style=\"width: 64.2036%;\"><span style=\"text-decoration: underline;\"><strong><b>Correction de bug<\/b>:<\/strong><\/span><\/p>\n<ul>\n<li>L&rsquo;application plantait auparavant si vous saisissiez ,5 au lieu de 0,5 ; ceci est maintenant corrig\u00e9.<\/li>\n<\/ul>\n<\/td>\n<\/tr>\n<tr>\n<td style=\"width: 13.1363%;\">8-10-2025<\/td>\n<td style=\"width: 23.3169%;\"><\/td>\n<td style=\"width: 64.2036%;\"><span style=\"text-decoration: underline;\"><strong>Bon de travail avanc\u00e9:<\/strong><\/span><\/p>\n<ul>\n<li>Lors de la saisie des bons de travail, il est d\u00e9sormais automatiquement v\u00e9rifi\u00e9 si les travaux sont valid\u00e9s en fonction des comp\u00e9tences requises.<\/li>\n<\/ul>\n<\/td>\n<\/tr>\n<tr>\n<td style=\"width: 13.1363%;\">8-10-2025<\/td>\n<td style=\"width: 23.3169%;\"><\/td>\n<td style=\"width: 64.2036%;\">\n<ul>\n<li>Solution mise en \u0153uvre pour que le clavier ne recouvre plus le texte.<\/li>\n<\/ul>\n<\/td>\n<\/tr>\n<tr style=\"height: 80px;\">\n<td style=\"width: 13.1363%; height: 80px;\">30-5-2024<\/td>\n<td style=\"width: 23.3169%; height: 80px;\">1.2.4.00818-20818<\/td>\n<td style=\"width: 64.2036%; height: 80px;\">\n<ul>\n<li>Fonctionnalit\u00e9 de la fiche machine ajout\u00e9e<\/li>\n<li>Prise en charge de l&rsquo;enregistrement des heures ajout\u00e9e<\/li>\n<\/ul>\n<\/td>\n<\/tr>\n<tr style=\"height: 80px;\">\n<td style=\"width: 13.1363%; height: 80px;\">27-2-2024<\/td>\n<td style=\"width: 23.3169%; height: 80px;\">1.2.4-00786-20786<\/td>\n<td style=\"width: 64.2036%; height: 80px;\">\n<ul>\n<li>Am\u00e9liorations du module d&rsquo;objet avanc\u00e9<\/li>\n<li>Prise en charge de l&rsquo;enregistrement des heures ajout\u00e9e<\/li>\n<\/ul>\n<\/td>\n<\/tr>\n<\/tbody>\n<\/table>\n\t\t\t\t\t\t\t\t\t<\/div>\r\n\r\n\t\t\t\t\t\t\t\t<\/div>\r\n\t\t\t\t\t\t\t\t<div class=\"col-md-5 order-1 order-md-2 p-0 \">\r\n\t\t\t\t\t\t\t\t\t<div class=\"theme-content-variable__card-img img-no-scale\">\r\n\t\t\t\t\t\t\t\t\t\t<img decoding=\"async\" src=\"\" alt=\"\">\r\n\t\t\t\t\t\t\t\t\t<\/div>\r\n\t\t\t\t\t\t\t\t<\/div>\r\n\t\t\t\t\t\t\t<\/div>\r\n\t\t\t\t\t\t<\/div>\r\n\t\t\t\t\t<\/div>\r\n\t\t\t\t<\/div>\r\n\t\t\t\t\t\t\t<div class=\"theme-content-variable \" data-name=\"Simple-Simon PRO\">\r\n\t\t\t\t\t<div class=\"theme-content-variable__card theme-wrapper\">\r\n\t\t\t\t\t\t<div class=\"container-fluid\">\r\n\t\t\t\t\t\t\t<div class=\"row justify-content-between align-items-center\">\r\n\t\t\t\t\t\t\t\t<div class=\"col-md-6 order-2 order-md-1 p-0\">\r\n\t\t\t\t\t\t\t\t\t<div class=\"theme-content-variable__card-content\">\r\n\t\t\t\t\t\t\t\t\t\t<table style=\"width: 96.3949%;\">\n<tbody>\n<tr>\n<th style=\"width: 14.8036%; text-align: center;\"><span style=\"font-weight: 400;\">Date<\/span><\/th>\n<th style=\"width: 17.2205%; text-align: center;\"><span style=\"font-weight: 400;\">Version<\/span><\/th>\n<th style=\"width: 64.2754%; text-align: center;\"><span style=\"font-weight: 400;\">Description<\/span><\/th>\n<\/tr>\n<tr>\n<td style=\"width: 14.8036%; text-align: center;\">22-01-2026<\/td>\n<td style=\"width: 17.2205%; text-align: center;\">Simon 3<\/td>\n<td style=\"width: 64.2754%;\"><span style=\"text-decoration: underline;\"><strong><b>Portail client:<br \/>\n<\/b><\/strong><\/span><\/p>\n<ul>\n<li data-path-to-node=\"9,0,0\"><b data-path-to-node=\"9,0,0\" data-index-in-node=\"0\">Importer des utilisateurs :<\/b> Vous pouvez d\u00e9sormais importer des utilisateurs automatiquement !<\/li>\n<li data-path-to-node=\"9,1,0\"><b data-path-to-node=\"9,1,0\" data-index-in-node=\"0\">Chat :<\/b> Vous avez maintenant une vue d&rsquo;ensemble bien meilleure et plus approfondie de votre chat. Vous pouvez facilement voir les informations d&rsquo;adresse et le dernier message envoy\u00e9. De plus, vous pouvez ajouter des membres au chat et, si vous \u00eates administrateur, les supprimer d&rsquo;un simple clic. De plus, la r\u00e9f\u00e9rence du ticket est d\u00e9sormais cliquable et ouvre directement les informations du ticket.<\/li>\n<li data-path-to-node=\"9,2,0\"><b data-path-to-node=\"9,2,0\" data-index-in-node=\"0\">Grilles :<\/b> Les rapports pour les bons d&rsquo;intervention et les objets disposent d\u00e9sormais non seulement d&rsquo;une vue en liste, mais aussi d&rsquo;une vue normale (cliquez sur l&rsquo;ic\u00f4ne \ud83d\udc41\ufe0f) avec des pages de d\u00e9tails. Ces pages affichent ou masquent des champs en fonction de l&rsquo;autorisation des colonnes normales et des colonnes personnalis\u00e9es.<\/li>\n<\/ul>\n<p><span style=\"text-decoration: underline;\"><strong><b>\u00a0<\/b><\/strong><\/span><\/td>\n<\/tr>\n<tr>\n<td style=\"width: 14.8036%; text-align: center;\">16-10-2025<\/td>\n<td style=\"width: 17.2205%; text-align: center;\">Simon 3<\/td>\n<td style=\"width: 64.2754%;\"><span style=\"text-decoration: underline;\"><strong><b>Portail Client<\/b>:<\/strong><\/span><\/p>\n<ul>\n<li>Un param\u00e8tre ajout\u00e9 garantit que les nouveaux tickets apparaissent imm\u00e9diatement sur le tableau de planification apr\u00e8s leur cr\u00e9ation.<\/li>\n<\/ul>\n<\/td>\n<\/tr>\n<tr>\n<td style=\"width: 14.8036%; text-align: center;\">16-10-2025<\/td>\n<td style=\"width: 17.2205%; text-align: center;\">Simon 3<\/td>\n<td style=\"width: 64.2754%;\"><span style=\"text-decoration: underline;\"><strong><b>Objet avanc\u00e9<\/b>: <\/strong><\/span><\/p>\n<ul>\n<li>Vitesse de calcul de la planification provisoire am\u00e9lior\u00e9e. Barre de progression ajout\u00e9e pour visualiser le statut. Vous n&rsquo;avez pas besoin d&rsquo;attendre sur cet \u00e9cran, le processus s&rsquo;ex\u00e9cute en arri\u00e8re-plan.<\/li>\n<\/ul>\n<\/td>\n<\/tr>\n<tr>\n<td style=\"width: 14.8036%; text-align: center;\">8-10-2025<\/td>\n<td style=\"width: 17.2205%; text-align: center;\"><\/td>\n<td style=\"width: 64.2754%;\"><span style=\"text-decoration: underline;\"><strong>Portail avanc\u00e9:<\/strong><\/span><\/p>\n<ul>\n<li>Un param\u00e8tre ajout\u00e9 garantit que les nouveaux tickets apparaissent imm\u00e9diatement sur le tableau de planification apr\u00e8s leur cr\u00e9ation.<\/li>\n<\/ul>\n<\/td>\n<\/tr>\n<tr>\n<td style=\"width: 14.8036%; text-align: center;\">1-10-2025<\/td>\n<td style=\"width: 17.2205%; text-align: center;\"><\/td>\n<td style=\"width: 64.2754%;\"><span style=\"text-decoration: underline;\"><span style=\"text-decoration: underline;\"><strong>Portail avanc\u00e9:<\/strong><\/span><br \/>\n<\/span><\/p>\n<ul>\n<li>Option ajout\u00e9e pour ins\u00e9rer des multi-tickets. Cr\u00e9ez un seul ticket et attribuez-le directement \u00e0 une liste d&rsquo;adresses de travail.<\/li>\n<\/ul>\n<\/td>\n<\/tr>\n<tr>\n<td style=\"width: 14.8036%; text-align: center;\">5-9-2025<\/td>\n<td style=\"width: 17.2205%; text-align: center;\">Simon 3<\/td>\n<td style=\"width: 64.2754%;\">\n<ul>\n<li>Ajout de priorit\u00e9 : option pour ajouter une priorit\u00e9 (par exemple, faible, moyenne, \u00e9lev\u00e9e) \u00e0 un bon de travail, y compris une ic\u00f4ne sur le tableau de planification<\/li>\n<li>App : lors de la cr\u00e9ation d&rsquo;un bon de travail, option ajout\u00e9e pour s\u00e9lectionner le type de bon de travail.<\/li>\n<\/ul>\n<p><span style=\"color: #000000; font-family: Arial, Helvetica;\">\u00a0<\/span><\/td>\n<\/tr>\n<tr>\n<td style=\"width: 14.8036%; text-align: center;\">1-9-2025<\/td>\n<td style=\"width: 17.2205%; text-align: center;\">Simon 3<\/td>\n<td style=\"width: 64.2754%;\">\n<ul>\n<li>Liste d&rsquo;articles standard : option pour ajouter une liste standard d&rsquo;articles \u00e0 un bon de travail d&rsquo;un certain type<\/li>\n<li>Arrondi du temps de trajet et de travail : configurable par type de bon de travail<\/li>\n<\/ul>\n<\/td>\n<\/tr>\n<\/tbody>\n<\/table>\n\t\t\t\t\t\t\t\t\t<\/div>\r\n\r\n\t\t\t\t\t\t\t\t<\/div>\r\n\t\t\t\t\t\t\t\t<div class=\"col-md-5 order-1 order-md-2 p-0 \">\r\n\t\t\t\t\t\t\t\t\t<div class=\"theme-content-variable__card-img img-no-scale\">\r\n\t\t\t\t\t\t\t\t\t\t<img decoding=\"async\" src=\"\" alt=\"\">\r\n\t\t\t\t\t\t\t\t\t<\/div>\r\n\t\t\t\t\t\t\t\t<\/div>\r\n\t\t\t\t\t\t\t<\/div>\r\n\t\t\t\t\t\t<\/div>\r\n\t\t\t\t\t<\/div>\r\n\t\t\t\t<\/div>\r\n\t\t\t\t\t<\/div>\r\n\t<\/div>\r\n<\/section>","protected":false},"excerpt":{"rendered":"","protected":false},"author":12,"featured_media":0,"parent":0,"menu_order":0,"comment_status":"closed","ping_status":"closed","template":"","meta":{"_acf_changed":false,"inline_featured_image":false,"footnotes":""},"tags":[],"class_list":["post-3891","page","type-page","status-publish","hentry"],"acf":[],"aioseo_notices":[],"_links":{"self":[{"href":"https:\/\/simple-simon.com\/fr\/wp-json\/wp\/v2\/pages\/3891","targetHints":{"allow":["GET"]}}],"collection":[{"href":"https:\/\/simple-simon.com\/fr\/wp-json\/wp\/v2\/pages"}],"about":[{"href":"https:\/\/simple-simon.com\/fr\/wp-json\/wp\/v2\/types\/page"}],"author":[{"embeddable":true,"href":"https:\/\/simple-simon.com\/fr\/wp-json\/wp\/v2\/users\/12"}],"replies":[{"embeddable":true,"href":"https:\/\/simple-simon.com\/fr\/wp-json\/wp\/v2\/comments?post=3891"}],"version-history":[{"count":14,"href":"https:\/\/simple-simon.com\/fr\/wp-json\/wp\/v2\/pages\/3891\/revisions"}],"predecessor-version":[{"id":15019,"href":"https:\/\/simple-simon.com\/fr\/wp-json\/wp\/v2\/pages\/3891\/revisions\/15019"}],"wp:attachment":[{"href":"https:\/\/simple-simon.com\/fr\/wp-json\/wp\/v2\/media?parent=3891"}],"wp:term":[{"taxonomy":"post_tag","embeddable":true,"href":"https:\/\/simple-simon.com\/fr\/wp-json\/wp\/v2\/tags?post=3891"}],"curies":[{"name":"wp","href":"https:\/\/api.w.org\/{rel}","templated":true}]}}