{"id":3875,"date":"2024-04-10T06:16:42","date_gmt":"2024-04-10T06:16:42","guid":{"rendered":"https:\/\/simple-simon.com\/implementatiepaketten\/"},"modified":"2026-01-02T11:12:27","modified_gmt":"2026-01-02T11:12:27","slug":"les-paquets-de-mise-en-oeuvre","status":"publish","type":"page","link":"https:\/\/simple-simon.com\/fr\/les-paquets-de-mise-en-oeuvre\/","title":{"rendered":"Les paquets de mise en \u0153uvre"},"content":{"rendered":"\n\n\n<section class=\"theme-section theme-hero__wrapper theme-p-sm text__light \">\n\t<div class=\"theme-wrapper theme-element bl bg__dark-blue \">\n\t\t\t\t\t<div class=\"theme-hero__img-partial\">\n\t\t\t\t\t\t\t\t\t<img decoding=\"async\" src=\"https:\/\/simple-simon.com\/wp-content\/uploads\/2024\/09\/vecteezy_focused-construction-worker-using-a-tablet_56421562-scaled-e1747665800706.png\" alt=\"\">\n\t\t\t\t\t\t\t<\/div>\n\t\t\t\t<div class=\"container\">\n\t\t\t<div class=\"row justify-content-between\">\n\t\t\t\t<div class=\"col-xl-6\">\n\t\t\t\t\t<div class=\"theme-hero__content\">\n\t\t\t\t\t\t<h1>Les paquets de mise en \u0153uvre<\/h1>\n<p>Ne sous-estimez pas l\u2019importance de la mise en \u0153uvre : \u00e9vitez les pi\u00e8ges les plus courants. Notre approche ci-dessous est sp\u00e9cifiquement con\u00e7ue pour vous accompagner tout au long du processus !<\/p>\n\t\t\t\t\t<\/div>\n\t\t\t\t<\/div>\n\t\t\t\t\t\t\t\t\n\t\t\t\t\t\t\t<\/div>\n\n\t\t<\/div>\n\n\n\t<\/div>\n<\/section>\n\n\t<section class=\"theme-banner-wrapper theme-section theme-p-sm\">\n\n\t\t<div class=\"theme-package-wrapper theme-wrapper bg__white border-radius-16px theme-p-sm\">\n\t\t\t<div class=\"container\">\n\t\t\t\t<div class=\"row justify-content-center\">\n\t\t\t\t\t<div class=\"col-md-6\">\n\t\t\t\t\t\t<div class=\"theme-package-wrapper__content\">\n\t\t\t\t\t\t\t\t\t\t\t\t\t<\/div>\n\t\t\t\t\t<\/div>\n\t\t\t\t<\/div>\n\t\t\t\t<div class=\"row justify-content-center\">\n\t\t\t\t\t\t\t\t\t\t\t\t<div class=\"col-md-4 col-xxl-3\">\n\t\t\t\t\t\t\t\t<div class=\"theme-package theme-p-sm \">\n\t\t\t\t\t\t\t\t\t\t\t\t\t\t\t\t\t\t\t<div class=\"theme-package__label  bg__blue\">\n\t\t\t\t\t\t\t\t\t\t\t<p style=\"text-align: center;\"><strong>Base<\/strong><\/p>\n\t\t\t\t\t\t\t\t\t\t<\/div>\n\t\t\t\t\t\t\t\t\t\t\t\t\t\t\t\t\t\t<div class=\"theme-package__content\">\n\t\t\t\t\t\t\t\t\t\t<h3 style=\"text-align: center;\"><span  data-attr=\"default\">\u20ac899,-<\/span>*<\/h3>\n\t\t\t\t\t\t\t\t\t<\/div>\n\t\t\t\t\t\t\t\t\t<p style=\"text-align: center;\">\n<p style=\"text-align: center;\"><strong>Pack de base:<\/strong><\/p>\n<ul>\n<li>Configurer l\u2019int\u00e9gration selon votre choix<\/li>\n<li>Cr\u00e9er et planifier des bons de travail au bureau<\/li>\n<li>Enregistrer les heures et les mat\u00e9riaux sur le terrain<\/li>\n<li>Consulter les r\u00e9sultats au bureau et dans votre logiciel de comptabilit\u00e9<\/li>\n<\/ul>\n<p>&nbsp;<\/p>\n<ul>\n<li>Int\u00e9gration avec logiciel de comptabilit\u00e9<\/li>\n<li>Param\u00e8tres de base<\/li>\n<li>Remplir les donn\u00e9es de base<\/li>\n<li>Bons de travail<\/li>\n<li>Planification<\/li>\n<li>Application (heures, mat\u00e9riaux, photos, etc.)<\/li>\n<li>Planification jour\/semaine<\/li>\n<li>Suivi du temps<\/li>\n<li>Consommation de mat\u00e9riaux<\/li>\n<li>Planifier vous-m\u00eame les bons de travail<\/li>\n<li>Nombre illimit\u00e9 d\u2019utilisateurs<\/li>\n<\/ul>\n\t\t\t\t\t\t\t\t\t\t\t\t\t\t\t\t\t\t\t<a href=\"#\" class=\"theme-link active\">Voir les d\u00e9tails<\/a>\n\t\t\t\t\t\t\t\t\t\t<a href=\"#\" class=\"theme-link\">Moins de d\u00e9tails<\/a>\n\t\t\t\t\t\t\t\t\t\t\t\t\t\t\t\t\t\t<p style=\"text-align: center;\"><a class=\"theme-btn theme-btn__orange-gradient\" href=\"https:\/\/simple-simon.com\/fr\/contact\/\">Contactez-nous<\/a><\/p>\n\t\t\t\t\t\t\t\t<\/div>\n\t\t\t\t\t\t\t<\/div>\n\t\t\t\t\t\t\t\t\t\t\t\t<div class=\"col-md-4 col-xxl-3\">\n\t\t\t\t\t\t\t\t<div class=\"theme-package theme-p-sm \">\n\t\t\t\t\t\t\t\t\t\t\t\t\t\t\t\t\t\t\t<div class=\"theme-package__label  bg__purple\">\n\t\t\t\t\t\t\t\t\t\t\t<p style=\"text-align: center;\"><strong>Avanc\u00e9<\/strong><\/p>\n<p style=\"text-align: center;\">Le plus populaire<\/p>\n\t\t\t\t\t\t\t\t\t\t<\/div>\n\t\t\t\t\t\t\t\t\t\t\t\t\t\t\t\t\t\t<div class=\"theme-package__content\">\n\t\t\t\t\t\t\t\t\t\t<h3 style=\"text-align: center;\"><span  data-attr=\"default\">\u20ac1.599,-<\/span>*<\/h3>\n\t\t\t\t\t\t\t\t\t<\/div>\n\t\t\t\t\t\t\t\t\t<p style=\"text-align: center;\">\n<p style=\"text-align: center;\"><strong>Tout ce qui est inclus dans le pack avanc\u00e9 + les options suivantes:<\/strong><\/p>\n<ul>\n<li>Options de planification avanc\u00e9es (bureau et application)<\/li>\n<li>Fonctionnalit\u00e9s avanc\u00e9es avec formulaires personnalis\u00e9s<\/li>\n<li>Parcourir les param\u00e8tres avanc\u00e9s<\/li>\n<\/ul>\n<p>&nbsp;<\/p>\n<ul>\n<li>Int\u00e9gration avec logiciel de comptabilit\u00e9<\/li>\n<li>Param\u00e8tres de base<\/li>\n<li>Remplir les donn\u00e9es de baseBons de travail<\/li>\n<li>Planification<\/li>\n<li>Application (heures, mat\u00e9riaux, photos, etc.)<\/li>\n<li>Planification jour\/semaine<\/li>\n<li>Suivi du temps<\/li>\n<li>Consommation de mat\u00e9riaux<\/li>\n<li>Planifier vous-m\u00eame les bons de travail<\/li>\n<li>\u00c9valuation de la premi\u00e8re semaine<\/li>\n<li>Planification avanc\u00e9e, planification r\u00e9currente, utilisation du tableau de planification, envoi de SMS\/email aux clients<\/li>\n<li>Cr\u00e9er des formulaires personnalis\u00e9sMise en page : bons de travail et formulaires personnalis\u00e9s<\/li>\n<li>Parcourir les param\u00e8tres avanc\u00e9s<\/li>\n<li>Rapports<\/li>\n<li>Nombre illimit\u00e9 d\u2019utilisateurs<\/li>\n<\/ul>\n\t\t\t\t\t\t\t\t\t\t\t\t\t\t\t\t\t\t\t<a href=\"#\" class=\"theme-link active\">Voir les d\u00e9tails<\/a>\n\t\t\t\t\t\t\t\t\t\t<a href=\"#\" class=\"theme-link\">Moins de d\u00e9tails<\/a>\n\t\t\t\t\t\t\t\t\t\t\t\t\t\t\t\t\t\t<p style=\"text-align: center;\"><a class=\"theme-btn theme-btn__orange-gradient\" href=\"https:\/\/simple-simon.com\/fr\/contact\/\">Contactez-nous<\/a><\/p>\n\t\t\t\t\t\t\t\t<\/div>\n\t\t\t\t\t\t\t<\/div>\n\t\t\t\t\t\t\t\t\t\t\t\t<div class=\"col-md-4 col-xxl-3\">\n\t\t\t\t\t\t\t\t<div class=\"theme-package theme-p-sm \">\n\t\t\t\t\t\t\t\t\t\t\t\t\t\t\t\t\t\t\t<div class=\"theme-package__label  bg__blue\">\n\t\t\t\t\t\t\t\t\t\t\t<p style=\"text-align: center;\"><strong>Professionnel<\/strong><\/p>\n\t\t\t\t\t\t\t\t\t\t<\/div>\n\t\t\t\t\t\t\t\t\t\t\t\t\t\t\t\t\t\t<div class=\"theme-package__content\">\n\t\t\t\t\t\t\t\t\t\t<h3 style=\"text-align: center;\"><span  data-attr=\"default\">\u20ac2.249,-<\/span>*<\/h3>\n\t\t\t\t\t\t\t\t\t<\/div>\n\t\t\t\t\t\t\t\t\t<p style=\"text-align: center;\">\n<p style=\"text-align: center;\"><strong>Tout ce qui est inclus dans le pack professionnel + les options suivantes:<\/strong><\/p>\n<ul>\n<li>100 % sans souci : configuration de l\u2019environnement, mise en \u0153uvre dans votre entreprise et formation de vos employ\u00e9s<\/li>\n<li>Renforcez l\u2019adh\u00e9sion des employ\u00e9s : des points de contact plus fr\u00e9quents favorisent l\u2019acceptation au sein de votre entreprise<\/li>\n<li>M\u00e9thode de travail optimale : gr\u00e2ce \u00e0 un accompagnement intensif, la meilleure m\u00e9thode est identifi\u00e9e et mise en \u0153uvre dans votre entreprise<\/li>\n<\/ul>\n<p>&nbsp;<\/p>\n<ul>\n<li>Plus de temps, plus d\u2019attention = 100 % sans souci<\/li>\n<li>Configuration \u00e9tape par \u00e9tape de votre environnement<\/li>\n<li>Int\u00e9gration avec logiciel de comptabilit\u00e9<\/li>\n<li>Param\u00e8tres de base<\/li>\n<li>Remplir les donn\u00e9es de base<\/li>\n<li>Bons de travail<\/li>\n<li>Planification<\/li>\n<li>Application (heures, mat\u00e9riaux, photos, etc.)<\/li>\n<li>Planification jour\/semaine<\/li>\n<li>Suivi du temps<\/li>\n<li>Consommation de mat\u00e9riaux<\/li>\n<li>Planifier vous-m\u00eame les bons de travail<\/li>\n<li>\u00c9valuation de la premi\u00e8re semaine<\/li>\n<li>Planification avanc\u00e9e, planification r\u00e9currente, utilisation du tableau de planification, envoi de SMS\/email aux clients<\/li>\n<li>Cr\u00e9er des formulaires personnalis\u00e9s<\/li>\n<li>Mise en page : bons de travail et formulaires personnalis\u00e9s<\/li>\n<li>Parcourir les param\u00e8tres avanc\u00e9s<\/li>\n<li>Rapports<\/li>\n<li>Nombre illimit\u00e9 d\u2019utilisateurs<\/li>\n<\/ul>\n\t\t\t\t\t\t\t\t\t\t\t\t\t\t\t\t\t\t\t<a href=\"#\" class=\"theme-link active\">Voir les d\u00e9tails<\/a>\n\t\t\t\t\t\t\t\t\t\t<a href=\"#\" class=\"theme-link\">Moins de d\u00e9tails<\/a>\n\t\t\t\t\t\t\t\t\t\t\t\t\t\t\t\t\t\t<p style=\"text-align: center;\"><a class=\"theme-btn theme-btn__orange-gradient\" href=\"https:\/\/simple-simon.com\/fr\/contact\/\">Contactez-nous<\/a><\/p>\n\t\t\t\t\t\t\t\t<\/div>\n\t\t\t\t\t\t\t<\/div>\n\t\t\t\t\t\t\t\t\t<\/div>\n\t\t\t<\/div>\n\t\t<\/div>\n\n\t<\/section>    <div class=\"wrapper\">\n        <div class=\"container\">\n            <div class=\"row\">\n                                            <div class=\"col-12\">\n                            <p>* Les prix indiqu\u00e9s sont hors TVA et hors frais de d\u00e9placement (en cas de formation sur site).<\/p>\n                            <\/div>\n                                      \n            <\/div>\n        <\/div>\n    <\/div>\n","protected":false},"excerpt":{"rendered":"","protected":false},"author":12,"featured_media":0,"parent":0,"menu_order":0,"comment_status":"closed","ping_status":"closed","template":"","meta":{"_acf_changed":false,"inline_featured_image":false,"footnotes":""},"tags":[],"class_list":["post-3875","page","type-page","status-publish","hentry"],"acf":[],"aioseo_notices":[],"_links":{"self":[{"href":"https:\/\/simple-simon.com\/fr\/wp-json\/wp\/v2\/pages\/3875","targetHints":{"allow":["GET"]}}],"collection":[{"href":"https:\/\/simple-simon.com\/fr\/wp-json\/wp\/v2\/pages"}],"about":[{"href":"https:\/\/simple-simon.com\/fr\/wp-json\/wp\/v2\/types\/page"}],"author":[{"embeddable":true,"href":"https:\/\/simple-simon.com\/fr\/wp-json\/wp\/v2\/users\/12"}],"replies":[{"embeddable":true,"href":"https:\/\/simple-simon.com\/fr\/wp-json\/wp\/v2\/comments?post=3875"}],"version-history":[{"count":16,"href":"https:\/\/simple-simon.com\/fr\/wp-json\/wp\/v2\/pages\/3875\/revisions"}],"predecessor-version":[{"id":13225,"href":"https:\/\/simple-simon.com\/fr\/wp-json\/wp\/v2\/pages\/3875\/revisions\/13225"}],"wp:attachment":[{"href":"https:\/\/simple-simon.com\/fr\/wp-json\/wp\/v2\/media?parent=3875"}],"wp:term":[{"taxonomy":"post_tag","embeddable":true,"href":"https:\/\/simple-simon.com\/fr\/wp-json\/wp\/v2\/tags?post=3875"}],"curies":[{"name":"wp","href":"https:\/\/api.w.org\/{rel}","templated":true}]}}