{"id":3871,"date":"2024-04-10T06:16:05","date_gmt":"2024-04-10T06:16:05","guid":{"rendered":"https:\/\/simple-simon.com\/integraties\/"},"modified":"2026-01-02T11:08:15","modified_gmt":"2026-01-02T11:08:15","slug":"integrations","status":"publish","type":"page","link":"https:\/\/simple-simon.com\/fr\/integrations\/","title":{"rendered":"Int\u00e9grations"},"content":{"rendered":"\n\n\n<section class=\"theme-section theme-hero__wrapper theme-p-sm text__light \">\n\t<div class=\"theme-wrapper theme-element bl bg__blue \">\n\t\t\t\t\t<div class=\"theme-hero__img-partial\">\n\t\t\t\t\t\t\t<\/div>\n\t\t\t\t<div class=\"container\">\n\t\t\t<div class=\"row justify-content-between\">\n\t\t\t\t<div class=\"col-xl-6\">\n\t\t\t\t\t<div class=\"theme-hero__content\">\n\t\t\t\t\t\t<h1>Vous utilisez un logiciel de comptabilit\u00e9, un CRM ou un ERP ? Connectez-le facilement \u00e0 Simple-Simon !<\/h1>\n<p>Avec Simple-Simon, connectez sans effort votre logiciel de comptabilit\u00e9, votre CRM et\/ou votre ERP, et g\u00e9rez tout depuis un seul endroit centralis\u00e9.<br \/>\nProfitez de plus de 70 int\u00e9grations disponibles !<\/p>\n<p>Gr\u00e2ce \u00e0 la synchronisation en temps r\u00e9el, vos donn\u00e9es sont toujours \u00e0 jour. Vos processus actuels restent inchang\u00e9s.<br \/>\nD\u00e9couvrez rapidement quelles int\u00e9grations sont disponibles dans votre r\u00e9gion.<br \/>\nTravaillez plus efficacement, sans complications !<\/p>\n\t\t\t\t\t<\/div>\n\t\t\t\t<\/div>\n\t\t\t\t\t\t\t\t\t<div class=\"col-xl-6\">\n\t\t\t\t\t\t<img decoding=\"async\" src=\"https:\/\/simple-simon.com\/wp-content\/uploads\/2025\/07\/Integration-Animation.gif\" alt=\"\">\n\t\t\t\t\t<\/div>\n\t\t\t\t\t\t\t\t\n\t\t\t\t\t\t\t<\/div>\n\n\t\t<\/div>\n\n\n\t<\/div>\n<\/section>\n\t<section class=\"theme-team-wrapper theme-p-sm\">\n\t\t<div class=\"container\">\n\t\t\t<div class=\"theme-hover-tiles__title\">\n\t\t\t\t<h2>Int\u00e9grations<\/h2>\n\t\t\t<\/div>\n\t\t<\/div>\n\n\t\t<div class=\"theme-p-sm theme-section\">\n\n\t\t\t<div class=\"theme-hover-tiles theme-wrapper\">\n\t\t\t\t<div class=\"container\">\n\t\t\t\t\t<div class=\"theme-hover-tiles__category-title\">\n\t\t\t\t\t\t\t\t\t\t\t<\/div>\n\t\t\t\t\t<div class=\"theme-hover-tiles__category-wrapper\">\n\t\t\t\t\t\t<p>Filter op land\/Type<\/p>\n<div class=\"facetwp-facet facetwp-facet-integration_filter facetwp-type-dropdown\" data-name=\"integration_filter\" data-type=\"dropdown\"><\/div>\n<div class=\"facetwp-facet facetwp-facet-integration_tag_filter facetwp-type-dropdown\" data-name=\"integration_tag_filter\" data-type=\"dropdown\"><\/div>\n<p>\u00a0<\/p>\n\t\t\t\t\t<\/div>\n\t\t\t\t\t<div class=\"facetwp-template\" data-name=\"companies\"><div class=\"theme-hover-tiles__wrapper\">\n\t<a href=\"https:\/\/simple-simon.com\/fr\/integrations\/exact\/\" class=\"theme-hover-tiles__item \">\n\t\t\t<img decoding=\"async\" src=\"https:\/\/simple-simon.com\/wp-content\/uploads\/2024\/10\/exact-logo.png\" alt=\"\">\n\t\t<div class=\"theme-hover-tiles__item-content\">\n\n\t\t\t<h5>Exact<\/h5>\n\t\t\t<span>Plus d&rsquo;informations<\/span>\n\t\t<\/div>\n\t<\/a>\n\t\t<a href=\"https:\/\/simple-simon.com\/fr\/integrations\/teamleader\/\" class=\"theme-hover-tiles__item \">\n\t\t\t<img decoding=\"async\" src=\"https:\/\/simple-simon.com\/wp-content\/uploads\/2024\/12\/teamleader.png\" alt=\"\">\n\t\t<div class=\"theme-hover-tiles__item-content\">\n\n\t\t\t<h5>Teamleader<\/h5>\n\t\t\t<span>Plus d&rsquo;informations<\/span>\n\t\t<\/div>\n\t<\/a>\n\t\t<a href=\"https:\/\/simple-simon.com\/fr\/integrations\/microsoft-business-central\/\" class=\"theme-hover-tiles__item \">\n\t\t\t<img decoding=\"async\" src=\"https:\/\/simple-simon.com\/wp-content\/uploads\/2024\/12\/MS-business-central-logo.webp\" alt=\"\">\n\t\t<div class=\"theme-hover-tiles__item-content\">\n\n\t\t\t<h5>Microsoft Business Central<\/h5>\n\t\t\t<span>Plus d&rsquo;informations<\/span>\n\t\t<\/div>\n\t<\/a>\n\t\t<a href=\"https:\/\/simple-simon.com\/fr\/integrations\/microsoft-bookings\/\" class=\"theme-hover-tiles__item \">\n\t\t\t<img decoding=\"async\" src=\"https:\/\/simple-simon.com\/wp-content\/uploads\/2024\/12\/microsoft-booking.png\" alt=\"\">\n\t\t<div class=\"theme-hover-tiles__item-content\">\n\n\t\t\t<h5>Microsoft Bookings<\/h5>\n\t\t\t<span>Plus d&rsquo;informations<\/span>\n\t\t<\/div>\n\t<\/a>\n\t\t<a href=\"https:\/\/simple-simon.com\/fr\/integrations\/hubspot\/\" class=\"theme-hover-tiles__item \">\n\t\t\t<img decoding=\"async\" src=\"https:\/\/simple-simon.com\/wp-content\/uploads\/2024\/10\/Hubspot.png\" alt=\"\">\n\t\t<div class=\"theme-hover-tiles__item-content\">\n\n\t\t\t<h5>Hubspot<\/h5>\n\t\t\t<span>Plus d&rsquo;informations<\/span>\n\t\t<\/div>\n\t<\/a>\n\t\t<a href=\"https:\/\/simple-simon.com\/fr\/integrations\/sellsy\/\" class=\"theme-hover-tiles__item \">\n\t\t\t<img decoding=\"async\" src=\"https:\/\/simple-simon.com\/wp-content\/uploads\/2024\/12\/e19e8167-8263-4221-9b5c-86ad5b5d230c.png\" alt=\"\">\n\t\t<div class=\"theme-hover-tiles__item-content\">\n\n\t\t\t<h5>Sellsy<\/h5>\n\t\t\t<span>Plus d&rsquo;informations<\/span>\n\t\t<\/div>\n\t<\/a>\n\t\t<a href=\"https:\/\/simple-simon.com\/fr\/integrations\/sap-business-one\/\" class=\"theme-hover-tiles__item \">\n\t\t\t<img decoding=\"async\" src=\"https:\/\/simple-simon.com\/wp-content\/uploads\/2024\/12\/sap-logo.png\" alt=\"\">\n\t\t<div class=\"theme-hover-tiles__item-content\">\n\n\t\t\t<h5>SAP Business One<\/h5>\n\t\t\t<span>Plus d&rsquo;informations<\/span>\n\t\t<\/div>\n\t<\/a>\n\t\t<a href=\"https:\/\/simple-simon.com\/fr\/integrations\/onfact-nl\/\" class=\"theme-hover-tiles__item \">\n\t\t\t<img decoding=\"async\" src=\"https:\/\/simple-simon.com\/wp-content\/uploads\/2024\/12\/onfact.png\" alt=\"\">\n\t\t<div class=\"theme-hover-tiles__item-content\">\n\n\t\t\t<h5>Onfact NL<\/h5>\n\t\t\t<span>Plus d&rsquo;informations<\/span>\n\t\t<\/div>\n\t<\/a>\n\t\t<a href=\"https:\/\/simple-simon.com\/fr\/integrations\/apple-calendar\/\" class=\"theme-hover-tiles__item \">\n\t\t\t<img decoding=\"async\" src=\"https:\/\/simple-simon.com\/wp-content\/uploads\/2024\/10\/apple-calendar.png\" alt=\"\">\n\t\t<div class=\"theme-hover-tiles__item-content\">\n\n\t\t\t<h5>Apple calendar<\/h5>\n\t\t\t<span>Plus d&rsquo;informations<\/span>\n\t\t<\/div>\n\t<\/a>\n\t\t<a href=\"https:\/\/simple-simon.com\/fr\/integrations\/agenda-outlook\/\" class=\"theme-hover-tiles__item \">\n\t\t\t<img decoding=\"async\" src=\"https:\/\/simple-simon.com\/wp-content\/uploads\/2024\/10\/Outlook_Calendar.png\" alt=\"\">\n\t\t<div class=\"theme-hover-tiles__item-content\">\n\n\t\t\t<h5>Agenda Outlook<\/h5>\n\t\t\t<span>Plus d&rsquo;informations<\/span>\n\t\t<\/div>\n\t<\/a>\n\t\t<a href=\"https:\/\/simple-simon.com\/fr\/integrations\/google-calendar\/\" class=\"theme-hover-tiles__item \">\n\t\t\t<img decoding=\"async\" src=\"https:\/\/simple-simon.com\/wp-content\/uploads\/2024\/10\/google-calendar-full-2.png\" alt=\"\">\n\t\t<div class=\"theme-hover-tiles__item-content\">\n\n\t\t\t<h5>Google calendar<\/h5>\n\t\t\t<span>Plus d&rsquo;informations<\/span>\n\t\t<\/div>\n\t<\/a>\n\t\t<a href=\"https:\/\/simple-simon.com\/fr\/integrations\/creez-votre-propre-integration\/\" class=\"theme-hover-tiles__item \">\n\t\t\t<img decoding=\"async\" src=\"https:\/\/simple-simon.com\/wp-content\/uploads\/2024\/10\/Own-Integration-Icon-1.png\" alt=\"\">\n\t\t<div class=\"theme-hover-tiles__item-content\">\n\n\t\t\t<h5>Cr\u00e9ez votre propre int\u00e9gration<\/h5>\n\t\t\t<span>Plus d&rsquo;informations<\/span>\n\t\t<\/div>\n\t<\/a>\n\t<\/div>\n<\/div>\n\n\t\t\t\t\t<div class=\"row justify-content-center\">\n\t\t\t\t\t\t<div class=\"col-md-6\">\n\t\t\t\t\t\t\t<div class=\"theme-hover-tiles__bottom theme-brand lineleft centerX bottom\">\n\t\t\t\t\t\t\t\t<p style=\"text-align: center;\">Votre syst\u00e8me est absent de cette liste ?<\/p>\n<p>&nbsp;<\/p>\n<p style=\"text-align: center;\"><a class=\"theme-btn theme-btn__orange-gradient\" href=\"https:\/\/simple-simon.com\/fr\/contact\/\">Contactez-nous<\/a><\/p>\n\t\t\t\t\t\t\t<\/div>\n\t\t\t\t\t\t<\/div>\n\t\t\t\t\t<\/div>\n\t\t\t\t<\/div>\n\t\t\t<\/div>\n\t\t<\/div>\n\t<\/section>","protected":false},"excerpt":{"rendered":"","protected":false},"author":12,"featured_media":0,"parent":0,"menu_order":0,"comment_status":"closed","ping_status":"closed","template":"","meta":{"_acf_changed":false,"inline_featured_image":false,"footnotes":""},"tags":[318],"class_list":["post-3871","page","type-page","status-publish","hentry","tag-compatibiliteit-fr"],"acf":[],"aioseo_notices":[],"_links":{"self":[{"href":"https:\/\/simple-simon.com\/fr\/wp-json\/wp\/v2\/pages\/3871","targetHints":{"allow":["GET"]}}],"collection":[{"href":"https:\/\/simple-simon.com\/fr\/wp-json\/wp\/v2\/pages"}],"about":[{"href":"https:\/\/simple-simon.com\/fr\/wp-json\/wp\/v2\/types\/page"}],"author":[{"embeddable":true,"href":"https:\/\/simple-simon.com\/fr\/wp-json\/wp\/v2\/users\/12"}],"replies":[{"embeddable":true,"href":"https:\/\/simple-simon.com\/fr\/wp-json\/wp\/v2\/comments?post=3871"}],"version-history":[{"count":12,"href":"https:\/\/simple-simon.com\/fr\/wp-json\/wp\/v2\/pages\/3871\/revisions"}],"predecessor-version":[{"id":14790,"href":"https:\/\/simple-simon.com\/fr\/wp-json\/wp\/v2\/pages\/3871\/revisions\/14790"}],"wp:attachment":[{"href":"https:\/\/simple-simon.com\/fr\/wp-json\/wp\/v2\/media?parent=3871"}],"wp:term":[{"taxonomy":"post_tag","embeddable":true,"href":"https:\/\/simple-simon.com\/fr\/wp-json\/wp\/v2\/tags?post=3871"}],"curies":[{"name":"wp","href":"https:\/\/api.w.org\/{rel}","templated":true}]}}