{"id":13235,"date":"2025-01-16T09:40:41","date_gmt":"2025-01-16T09:40:41","guid":{"rendered":"https:\/\/simple-simon.com\/exigences-minimales-application-simon\/"},"modified":"2026-02-24T14:21:56","modified_gmt":"2026-02-24T14:21:56","slug":"exigences-minimales-application-simon","status":"publish","type":"page","link":"https:\/\/simple-simon.com\/fr\/exigences-minimales-application-simon\/","title":{"rendered":"Exigences Minimales Application Simon"},"content":{"rendered":"\n\n\n<section class=\"theme-header-banner bg__blue text__white  theme-p-sm\">\n\t<div class=\"container\">\n\t\t<div class=\"row\">\n\t\t\t<div class=\"col-md-12\">\n\t\t\t\t<h1>Exigences Minimales Application Simon<\/h1>\n\t\t\t<\/div>\n\t\t<\/div>\n\t<\/div>\n<\/section>\n\t<section class=\"theme-section theme-split theme-content-variable active text-right theme-p-sm\">\n\t\t<div class=\"theme-content-variable__row theme-content-variable__card theme-wrapper\">\n\t\t\t<div class=\"container-fluid\">\n\t\t\t\t<div class=\"row justify-content-md-between align-items-center\">\n\t\t\t\t\t<div class=\"col-md-5 p-0 \">\n\t\t\t\t\t\t<div class=\"theme-content-variable__card-img img-no-scale\">\n\t\t\t\t\t\t\t<img decoding=\"async\" src=\"https:\/\/simple-simon.com\/wp-content\/uploads\/2024\/10\/Laura-website-pictures-5.png\" alt=\"\">\n\t\t\t\t\t\t\t\t\t\t\t\t\t<\/div>\n\t\t\t\t\t<\/div>\n\t\t\t\t\t<div class=\"col-md-6 \">\n\t\t\t\t\t\t<div class=\"theme-content-variable__row-content theme-content-variable__card-content text-right \">\n\t\t\t\t\t\t\t<h2>Utilisez des appareils sur lesquels l&rsquo;application Simon peut fonctionner sans probl\u00e8me<\/h2>\n<p>L&rsquo;Application Simon est con\u00e7ue pour les appareils fonctionnant avec les derni\u00e8res technologies, et il est donc recommand\u00e9 de l&rsquo;installer sur des appareils qui r\u00e9pondent \u00e0 un certain nombre d&rsquo;exigences. Pour utiliser Simple-Simon sans probl\u00e8mes, nous vous conseillons d&rsquo;utiliser des appareils dot\u00e9s de processeurs rapides et d&rsquo;une m\u00e9moire vive (RAM) suffisante.<\/p>\n\n\t\t\t\t\t\t\t\t\t\t\t\t\t<\/div>\n\t\t\t\t\t<\/div>\n\t\t\t\t<\/div>\n\t\t\t<\/div>\n\t\t<\/div>\n\t<\/section>\n\t<section class=\"theme-section theme-split theme-content-variable active text-left theme-p-sm\">\n\t\t<div class=\"theme-content-variable__row theme-content-variable__card theme-wrapper\">\n\t\t\t<div class=\"container-fluid\">\n\t\t\t\t<div class=\"row justify-content-md-between align-items-center\">\n\t\t\t\t\t<div class=\"col-md-5 p-0 order-md-2 order-1\">\n\t\t\t\t\t\t<div class=\"theme-content-variable__card-img img-no-scale\">\n\t\t\t\t\t\t\t<img decoding=\"async\" src=\"https:\/\/simple-simon.com\/wp-content\/uploads\/2025\/07\/vecteezy_aerial-view-with-laptop-in-hands-industrial-worker-indoors_15217407-scaled.jpg\" alt=\"\">\n\t\t\t\t\t\t\t\t\t\t\t\t\t<\/div>\n\t\t\t\t\t<\/div>\n\t\t\t\t\t<div class=\"col-md-6 order-md-1 order-2\">\n\t\t\t\t\t\t<div class=\"theme-content-variable__row-content theme-content-variable__card-content text-left read-more\">\n\t\t\t\t\t\t\t<h2>Pourquoi ?<\/h2>\n<p>Avec le temps, vous utiliserez Simple-Simon de mani\u00e8re de plus en plus professionnelle. Par cela, nous entendons que vous utiliserez un nombre croissant de fonctionnalit\u00e9s telles que l&rsquo;historique des donn\u00e9es, plus d&rsquo;articles\/objets, des bons de travail, des adresses clients, des contacts, et \u00e9ventuellement m\u00eame une int\u00e9gration avec un logiciel de comptabilit\u00e9.<\/p>\n<p>Imaginez que vous \u00eates une jeune entreprise et que vous avez install\u00e9 et utilisez l&rsquo;Application Simon sur un ancien appareil. Vous importez les adresses de chantier et vos articles les plus vendus et commencez avec le tableau de planification graphique. Cela vous pla\u00eet, c&rsquo;est simple. Vous importez tous vos clients et adresses de chantier, vous activez le module d&rsquo;historique, et apr\u00e8s un certain temps, vous d\u00e9cidez de l&rsquo;int\u00e9grer \u00e0 votre logiciel de comptabilit\u00e9. Heureusement, votre entreprise est prosp\u00e8re, vous grandissez rapidement et vous avez finalement mille clients et mille articles. Logiquement, tous ces clients et articles sont li\u00e9s \u00e0 un historique, des articles, des adresses de chantier, des bons de travail, ainsi qu&rsquo;\u00e0 une int\u00e9gration.<\/p>\n<p>Les clients Simon commencent avec peu de donn\u00e9es, mais cela augmente de plus en plus au fil du temps. Plus votre entreprise grandit, plus l&rsquo;Application Simon exigera de la m\u00e9moire vive (RAM) et de la vitesse de processeur de votre appareil. En moyenne, les clients Simon g\u00e8rent des milliers d&rsquo;articles avec photos et codes-barres, des milliers voire des dizaines de milliers de clients\/adresses de chantier, 5 \u00e0 10 questionnaires bien con\u00e7us, et doivent savoir imm\u00e9diatement ce qui s&rsquo;est pass\u00e9 la derni\u00e8re fois, etc. L&rsquo;application Simon est alors un outil essentiel sur lequel se basera finalement la facture adress\u00e9e \u00e0 votre client final. Faire des \u00e9conomies sur le mat\u00e9riel n&rsquo;est alors pas judicieux. Assurez-vous donc de choisir un appareil qui peut le supporter et grandir avec vous. L&rsquo;utilisation professionnelle n\u00e9cessite un mat\u00e9riel professionnel. La technologie avance vite et vous ne voulez pas commencer avec un retard.<\/p>\n\n\t\t\t\t\t\t\t\t\t\t\t\t\t\t\t<a href=\"#\" class=\"theme-link more\"><i class=\"bi bi-chevron-down\"><\/i> En savoir plus<\/a>\n\t\t\t\t\t\t\t\t<a href=\"#\" class=\"theme-link more\"><i class=\"bi bi-chevron-up\"><\/i> Lire moins<\/a>\n\t\t\t\t\t\t\t\t\t\t\t\t\t<\/div>\n\t\t\t\t\t<\/div>\n\t\t\t\t<\/div>\n\t\t\t<\/div>\n\t\t<\/div>\n\t<\/section>\n\t<section class=\"theme-section theme-split theme-content-variable active text-right theme-p-sm\">\n\t\t<div class=\"theme-content-variable__row theme-content-variable__card theme-wrapper\">\n\t\t\t<div class=\"container-fluid\">\n\t\t\t\t<div class=\"row justify-content-md-between align-items-center\">\n\t\t\t\t\t<div class=\"col-md-5 p-0 \">\n\t\t\t\t\t\t<div class=\"theme-content-variable__card-img img-no-scale\">\n\t\t\t\t\t\t\t<img decoding=\"async\" src=\"https:\/\/simple-simon.com\/wp-content\/uploads\/2025\/07\/Kalina-website-pictures-6-scaled.jpg\" alt=\"\">\n\t\t\t\t\t\t\t\t\t\t\t\t\t<\/div>\n\t\t\t\t\t<\/div>\n\t\t\t\t\t<div class=\"col-md-6 \">\n\t\t\t\t\t\t<div class=\"theme-content-variable__row-content theme-content-variable__card-content text-right \">\n\t\t\t\t\t\t\t<h2>Quelles sont les exigences minimales ?<\/h2>\n<p>Commencez tout de suite du bon pied avec Simple-Simon et choisissez des appareils qui peuvent grandir avec vous. Consultez ci-dessous les exigences minimales pour un appareil (Android &amp; iOS).<\/p>\n\n\t\t\t\t\t\t\t\t\t\t\t\t\t<\/div>\n\t\t\t\t\t<\/div>\n\t\t\t\t<\/div>\n\t\t\t<\/div>\n\t\t<\/div>\n\t<\/section>\n\t<section class=\"theme-section theme-split theme-content-variable active text-left theme-p-sm\">\n\t\t<div class=\"theme-content-variable__row theme-content-variable__card theme-wrapper\">\n\t\t\t<div class=\"container-fluid\">\n\t\t\t\t<div class=\"row justify-content-md-between align-items-center\">\n\t\t\t\t\t<div class=\"col-md-5 p-0 order-md-2 order-1\">\n\t\t\t\t\t\t<div class=\"theme-content-variable__card-img img-no-scale\">\n\t\t\t\t\t\t\t<img decoding=\"async\" src=\"https:\/\/simple-simon.com\/wp-content\/uploads\/2025\/10\/Android_robot.svg-e1759826657834.png\" alt=\"\">\n\t\t\t\t\t\t\t\t\t\t\t\t\t<\/div>\n\t\t\t\t\t<\/div>\n\t\t\t\t\t<div class=\"col-md-6 order-md-1 order-2\">\n\t\t\t\t\t\t<div class=\"theme-content-variable__row-content theme-content-variable__card-content text-left \">\n\t\t\t\t\t\t\t<table>\n<thead>\n<tr>\n<th><span style=\"font-weight: 400;\">Exigence Android<\/span><\/th>\n<th><span style=\"font-weight: 400;\">Smartphone<\/span><\/th>\n<th><span style=\"font-weight: 400;\">Tablette<\/span><\/th>\n<\/tr>\n<\/thead>\n<tbody>\n<tr>\n<td>Conseil Processeur:<\/td>\n<td>2,3 GHz octa-core (8 cores)<\/td>\n<td>2,3 GHz octa-core (8 cores)<\/td>\n<\/tr>\n<tr>\n<td>Conseil Stockage:<\/td>\n<td>64 Go +<\/td>\n<td>64 Go +<\/td>\n<\/tr>\n<tr>\n<td>Stockage Minimum:<\/td>\n<td>32 Go<\/td>\n<td>32 Go<\/td>\n<\/tr>\n<tr>\n<td>Conseil M\u00e9moire Vive (RAM):<\/td>\n<td>4 Go +<\/td>\n<td>4 Go +<\/td>\n<\/tr>\n<tr>\n<td>M\u00e9moire Vive Minimum:<\/td>\n<td>2-3 Go<\/td>\n<td>2-3 Go<\/td>\n<\/tr>\n<tr>\n<td>Conseil Android:<\/td>\n<td>11.0 ou sup\u00e9rieur<\/td>\n<td>11.0 ou sup\u00e9rieur<\/td>\n<\/tr>\n<\/tbody>\n<\/table>\n<p>&nbsp;<\/p>\n\n\t\t\t\t\t\t\t\t\t\t\t\t\t<\/div>\n\t\t\t\t\t<\/div>\n\t\t\t\t<\/div>\n\t\t\t<\/div>\n\t\t<\/div>\n\t<\/section>\n\t<section class=\"theme-section theme-split theme-content-variable active text-right theme-p-sm\">\n\t\t<div class=\"theme-content-variable__row theme-content-variable__card theme-wrapper\">\n\t\t\t<div class=\"container-fluid\">\n\t\t\t\t<div class=\"row justify-content-md-between align-items-center\">\n\t\t\t\t\t<div class=\"col-md-5 p-0 \">\n\t\t\t\t\t\t<div class=\"theme-content-variable__card-img img-no-scale\">\n\t\t\t\t\t\t\t<img decoding=\"async\" src=\"https:\/\/simple-simon.com\/wp-content\/uploads\/2025\/10\/Apple_Computer_Logo_rainbow.svg-e1759826667465.png\" alt=\"\">\n\t\t\t\t\t\t\t\t\t\t\t\t\t<\/div>\n\t\t\t\t\t<\/div>\n\t\t\t\t\t<div class=\"col-md-6 \">\n\t\t\t\t\t\t<div class=\"theme-content-variable__row-content theme-content-variable__card-content text-right \">\n\t\t\t\t\t\t\t<table style=\"width: 100%; height: 216px;\">\n<thead>\n<tr style=\"height: 24px;\">\n<th style=\"height: 24px;\"><span style=\"font-weight: 400;\">Exigences iOS<br \/>\n<\/span><\/th>\n<th style=\"height: 24px;\"><span style=\"font-weight: 400;\">Smartphone<\/span><\/th>\n<th style=\"height: 24px;\"><span style=\"font-weight: 400;\">Tablette<\/span><\/th>\n<\/tr>\n<\/thead>\n<tbody>\n<tr style=\"height: 48px;\">\n<td style=\"height: 48px;\">Conseil Processeur :<\/td>\n<td style=\"height: 48px;\">1,4 GHz dual-core<\/td>\n<td style=\"height: 48px;\">1.2 Quad Core<\/td>\n<\/tr>\n<tr style=\"height: 24px;\">\n<td style=\"height: 24px;\">Conseil Stockage:<\/td>\n<td style=\"height: 24px;\">32 Go<\/td>\n<td style=\"height: 24px;\">32 Go<\/td>\n<\/tr>\n<tr style=\"height: 24px;\">\n<td style=\"height: 24px;\">Conseil M\u00e9moire Vive (RAM):<\/td>\n<td style=\"height: 24px;\">1 Go<\/td>\n<td style=\"height: 24px;\">1 Go<\/td>\n<\/tr>\n<tr style=\"height: 96px;\">\n<td style=\"height: 96px;\">Conseil iOS:<br \/>\n<small>(Remarque : assurez-vous que votre appareil puisse continuer \u00e0 recevoir les mises \u00e0 jour iOS pendant les 3 prochaines ann\u00e9es)<\/small><\/td>\n<td style=\"height: 96px;\">iOS 12+<\/td>\n<td style=\"height: 96px;\">iOS 12+<\/td>\n<\/tr>\n<\/tbody>\n<\/table>\n<p>&nbsp;<\/p>\n\n\t\t\t\t\t\t\t\t\t\t\t\t\t<\/div>\n\t\t\t\t\t<\/div>\n\t\t\t\t<\/div>\n\t\t\t<\/div>\n\t\t<\/div>\n\t<\/section>\n\t<section class=\"theme-section theme-split theme-content-variable active text-left theme-p-sm\">\n\t\t<div class=\"theme-content-variable__row theme-content-variable__card theme-wrapper\">\n\t\t\t<div class=\"container-fluid\">\n\t\t\t\t<div class=\"row justify-content-md-between align-items-center\">\n\t\t\t\t\t<div class=\"col-md-5 p-0 order-md-2 order-1\">\n\t\t\t\t\t\t<div class=\"theme-content-variable__card-img img-no-scale\">\n\t\t\t\t\t\t\t<img decoding=\"async\" src=\"https:\/\/simple-simon.com\/wp-content\/uploads\/2024\/10\/Own-Integration-Icon-1.png\" alt=\"\">\n\t\t\t\t\t\t\t\t\t\t\t\t\t<\/div>\n\t\t\t\t\t<\/div>\n\t\t\t\t\t<div class=\"col-md-6 order-md-1 order-2\">\n\t\t\t\t\t\t<div class=\"theme-content-variable__row-content theme-content-variable__card-content text-left \">\n\t\t\t\t\t\t\t<table>\n<thead>\n<tr>\n<th>Exigences pour Ordinateur de Bureau\/Portable<\/th>\n<th>Standard (10~ Utilisateurs)<\/th>\n<th>Intensif (25+ Utilisateurs)<\/th>\n<\/tr>\n<\/thead>\n<tbody>\n<tr>\n<td>Conseil Processeur:<\/td>\n<td>Pas plus ancien que 4 ans<\/td>\n<td>Pas plus ancien que 2 ans<\/td>\n<\/tr>\n<tr>\n<td>Conseil M\u00e9moire Vive (RAM):<\/td>\n<td>8 Go<\/td>\n<td>16 Go<\/td>\n<\/tr>\n<tr>\n<td>Conseil macOS:<\/td>\n<td>MacOS 13 +<\/td>\n<td>MacOS 14+<\/td>\n<\/tr>\n<tr>\n<td>Conseil Windows<\/td>\n<td>Windows 11+<\/td>\n<td>Windows 11+<\/td>\n<\/tr>\n<\/tbody>\n<\/table>\n<p>&nbsp;<\/p>\n\n\t\t\t\t\t\t\t\t\t\t\t\t\t<\/div>\n\t\t\t\t\t<\/div>\n\t\t\t\t<\/div>\n\t\t\t<\/div>\n\t\t<\/div>\n\t<\/section>","protected":false},"excerpt":{"rendered":"","protected":false},"author":12,"featured_media":0,"parent":0,"menu_order":0,"comment_status":"closed","ping_status":"closed","template":"","meta":{"_acf_changed":false,"inline_featured_image":false,"footnotes":""},"tags":[],"class_list":["post-13235","page","type-page","status-publish","hentry"],"acf":[],"aioseo_notices":[],"_links":{"self":[{"href":"https:\/\/simple-simon.com\/fr\/wp-json\/wp\/v2\/pages\/13235","targetHints":{"allow":["GET"]}}],"collection":[{"href":"https:\/\/simple-simon.com\/fr\/wp-json\/wp\/v2\/pages"}],"about":[{"href":"https:\/\/simple-simon.com\/fr\/wp-json\/wp\/v2\/types\/page"}],"author":[{"embeddable":true,"href":"https:\/\/simple-simon.com\/fr\/wp-json\/wp\/v2\/users\/12"}],"replies":[{"embeddable":true,"href":"https:\/\/simple-simon.com\/fr\/wp-json\/wp\/v2\/comments?post=13235"}],"version-history":[{"count":3,"href":"https:\/\/simple-simon.com\/fr\/wp-json\/wp\/v2\/pages\/13235\/revisions"}],"predecessor-version":[{"id":15221,"href":"https:\/\/simple-simon.com\/fr\/wp-json\/wp\/v2\/pages\/13235\/revisions\/15221"}],"wp:attachment":[{"href":"https:\/\/simple-simon.com\/fr\/wp-json\/wp\/v2\/media?parent=13235"}],"wp:term":[{"taxonomy":"post_tag","embeddable":true,"href":"https:\/\/simple-simon.com\/fr\/wp-json\/wp\/v2\/tags?post=13235"}],"curies":[{"name":"wp","href":"https:\/\/api.w.org\/{rel}","templated":true}]}}