{"id":12386,"date":"2025-08-12T12:43:02","date_gmt":"2025-08-12T12:43:02","guid":{"rendered":"https:\/\/simple-simon.com\/enregistrement-des-heures-pro\/"},"modified":"2026-01-02T12:44:14","modified_gmt":"2026-01-02T12:44:14","slug":"enregistrement-des-heures-pro","status":"publish","type":"page","link":"https:\/\/simple-simon.com\/fr\/enregistrement-des-heures-pro\/","title":{"rendered":"Enregistrement des heures PRO"},"content":{"rendered":"\n\n\n<section class=\"theme-section theme-hero__wrapper theme-p-sm text__light \">\n\t<div class=\"theme-wrapper theme-element bl bg__blue \">\n\t\t\t\t\t<div class=\"theme-hero__img-partial\">\n\t\t\t\t\t\t\t\t\t<img decoding=\"async\" src=\"https:\/\/simple-simon.com\/wp-content\/uploads\/2025\/08\/Laura-website-pictures-77.png\" alt=\"\">\n\t\t\t\t\t\t\t<\/div>\n\t\t\t\t<div class=\"container\">\n\t\t\t<div class=\"row justify-content-between\">\n\t\t\t\t<div class=\"col-xl-6\">\n\t\t\t\t\t<div class=\"theme-hero__content\">\n\t\t\t\t\t\t<h1 data-start=\"101\" data-end=\"145\">Enregistrement des heures comme un PRO<\/h1>\n<p data-start=\"147\" data-end=\"504\">Le module Enregistrement \/ Justification des heures de Simple-Simon facilite l\u2019enregistrement, le contr\u00f4le et la validation des heures de travail de mani\u00e8re simple et efficace. Les techniciens peuvent remplir facilement leurs feuilles de temps via l\u2019application, tandis que les planificateurs et responsables peuvent les g\u00e9rer depuis le module bureau.<\/p>\n\t\t\t\t\t<\/div>\n\t\t\t\t<\/div>\n\t\t\t\t\t\t\t\t\n\t\t\t\t\t\t\t<\/div>\n\n\t\t<\/div>\n\n\n\t<\/div>\n<\/section>\n\t<section class=\"theme-section theme-split theme-content-variable active text-right theme-p-sm\">\n\t\t<div class=\"theme-content-variable__row theme-content-variable__card theme-wrapper\">\n\t\t\t<div class=\"container-fluid\">\n\t\t\t\t<div class=\"row justify-content-md-between align-items-center\">\n\t\t\t\t\t<div class=\"col-md-5 p-0 \">\n\t\t\t\t\t\t<div class=\"theme-content-variable__card-img img-no-scale\">\n\t\t\t\t\t\t\t<img decoding=\"async\" src=\"https:\/\/simple-simon.com\/wp-content\/uploads\/2024\/10\/vecteezy_energy-specialist-using-digital-smartphone-reading_50773258-scaled.jpg\" alt=\"\">\n\t\t\t\t\t\t\t\t\t\t\t\t\t<\/div>\n\t\t\t\t\t<\/div>\n\t\t\t\t\t<div class=\"col-md-6 \">\n\t\t\t\t\t\t<div class=\"theme-content-variable__row-content theme-content-variable__card-content text-right \">\n\t\t\t\t\t\t\t<h2 data-start=\"101\" data-end=\"161\">Fini l\u2019enregistrement manuel et chronophage des heures<\/h2>\n<p data-start=\"163\" data-end=\"544\">Avec le module Enregistrement des heures PRO de Simple-Simon, vous enregistrez vos heures de travail rapidement et sans erreur, directement depuis l\u2019application ou le module bureau. Fini les formulaires perdus et les feuilles Excel interminables : vous disposez toujours d\u2019une vue en temps r\u00e9el, avec un lien automatique vers les types de travail et une validation imm\u00e9diate.<\/p>\n<p data-start=\"546\" data-end=\"844\">Simple-Simon reconna\u00eet automatiquement le bon code de comptabilisation pour chaque client et enregistre facilement les heures particuli\u00e8res ou suppl\u00e9mentaires. Le calcul automatique n\u2019a jamais \u00e9t\u00e9 aussi simple, vous laissant plus de temps pour ce qui compte vraiment : vos clients et vos projets.<\/p>\n\n\t\t\t\t\t\t\t\t\t\t\t\t\t<\/div>\n\t\t\t\t\t<\/div>\n\t\t\t\t<\/div>\n\t\t\t<\/div>\n\t\t<\/div>\n\t<\/section>\n\t<section class=\"theme-section theme-split theme-content-variable active text-left theme-p-sm\">\n\t\t<div class=\"theme-content-variable__row theme-content-variable__card theme-wrapper\">\n\t\t\t<div class=\"container-fluid\">\n\t\t\t\t<div class=\"row justify-content-md-between align-items-center\">\n\t\t\t\t\t<div class=\"col-md-5 p-0 order-md-2 order-1\">\n\t\t\t\t\t\t<div class=\"theme-content-variable__card-img img-no-scale\">\n\t\t\t\t\t\t\t<img decoding=\"async\" src=\"https:\/\/simple-simon.com\/wp-content\/uploads\/2024\/10\/Laura-website-pictures-1.png\" alt=\"\">\n\t\t\t\t\t\t\t\t\t\t\t\t\t<\/div>\n\t\t\t\t\t<\/div>\n\t\t\t\t\t<div class=\"col-md-6 order-md-1 order-2\">\n\t\t\t\t\t\t<div class=\"theme-content-variable__row-content theme-content-variable__card-content text-left \">\n\t\t\t\t\t\t\t<h2 data-start=\"101\" data-end=\"167\">La validation est d\u00e9sormais plus simple et rapide que jamais<\/h2>\n<p data-start=\"169\" data-end=\"568\">Fini de passer de longues heures \u00e0 chercher dans des piles de paperasse. Modifiez et validez vos feuilles de temps en un clin d\u2019\u0153il. Gr\u00e2ce \u00e0 la synchronisation en temps r\u00e9el et \u00e0 la possibilit\u00e9 de signatures num\u00e9riques, le processus de validation est plus rapide, clair et enti\u00e8rement document\u00e9. D\u2019un simple clic, vous passez de l\u2019enregistrement des heures \u00e0 une administration compl\u00e8te et fiable.<\/p>\n\n\t\t\t\t\t\t\t\t\t\t\t\t\t<\/div>\n\t\t\t\t\t<\/div>\n\t\t\t\t<\/div>\n\t\t\t<\/div>\n\t\t<\/div>\n\t<\/section>\n\t<section class=\"theme-section theme-split theme-content-variable active text-right theme-p-sm\">\n\t\t<div class=\"theme-content-variable__row theme-content-variable__card theme-wrapper\">\n\t\t\t<div class=\"container-fluid\">\n\t\t\t\t<div class=\"row justify-content-md-between align-items-center\">\n\t\t\t\t\t<div class=\"col-md-5 p-0 \">\n\t\t\t\t\t\t<div class=\"theme-content-variable__card-img img-no-scale\">\n\t\t\t\t\t\t\t<img decoding=\"async\" src=\"https:\/\/simple-simon.com\/wp-content\/uploads\/2025\/07\/Laura-website-pictures-36.png\" alt=\"\">\n\t\t\t\t\t\t\t\t\t\t\t\t\t<\/div>\n\t\t\t\t\t<\/div>\n\t\t\t\t\t<div class=\"col-md-6 \">\n\t\t\t\t\t\t<div class=\"theme-content-variable__row-content theme-content-variable__card-content text-right \">\n\t\t\t\t\t\t\t<h2 data-start=\"101\" data-end=\"167\">Enregistrement toujours coh\u00e9rent et plus de perte de donn\u00e9es<\/h2>\n<p data-start=\"169\" data-end=\"692\">G\u00e9rez vos types de travail et vos codes de comptabilisation de mani\u00e8re centralis\u00e9e, afin que chacun utilise toujours les m\u00eames d\u00e9finitions, \u00e9vitant toute confusion ou saisie incorrecte. Parall\u00e8lement, toutes les heures sont enregistr\u00e9es num\u00e9riquement et stock\u00e9es en toute s\u00e9curit\u00e9, m\u00eame pour des projets globaux, \u00e9liminant ainsi le risque de feuilles perdues ou incompl\u00e8tes. Vous disposez ainsi toujours d\u2019informations actualis\u00e9es, coh\u00e9rentes et compl\u00e8tes pour une administration, une facturation et des rapports fiables.<\/p>\n\n\t\t\t\t\t\t\t\t\t\t\t\t\t<\/div>\n\t\t\t\t\t<\/div>\n\t\t\t\t<\/div>\n\t\t\t<\/div>\n\t\t<\/div>\n\t<\/section>\r\n\r\n\r\n<section class=\"theme-section theme-content-variable-wrapper theme-p-sm\">\r\n\r\n\t<div class=\"row\">\r\n\t\t<div class=\"col-md-12 text-center\">\r\n\t\t\t<h2>Fonctionnalit\u00e9s phares de l\u2019Enregistrement des heures PRO<\/h2>\n\t\t<\/div>\r\n\t\t<div class=\"col-md-12\">\r\n\t\t\t<div class=\"theme-content-variable__nav-wrapper\">\r\n\t\t\t\t<div class=\"theme-content-variable__nav\">\r\n\t\t\t\t\t\t\t\t\t\t\t\t<a href=\"#\" data-name=\"1. Feuilles de temps quotidiennes\" class=\"theme-btn theme-btn__blue  theme-btn__lg\">1. Feuilles de temps quotidiennes<\/a>\r\n\t\t\t\t\t\t\t\t\t\t\t\t<a href=\"#\" data-name=\"2. Types de travail\" class=\"theme-btn theme-btn__light-blue  theme-btn__lg\">2. Types de travail<\/a>\r\n\t\t\t\t\t\t\t\t\t\t\t\t<a href=\"#\" data-name=\"3. Rapports\" class=\"theme-btn theme-btn__light-blue  theme-btn__lg\">3. Rapports<\/a>\r\n\t\t\t\t\t\t\t\t\t\t\t\t<a href=\"#\" data-name=\"4. Administration des projets externes\" class=\"theme-btn theme-btn__light-blue  theme-btn__lg\">4. Administration des projets externes<\/a>\r\n\t\t\t\t\t\t\t\t\t<\/div>\r\n\t\t\t<\/div>\r\n\t\t<\/div>\r\n\t\t<div class=\"col-md-12\">\r\n\t\t\t\t\t\t\t<div class=\"theme-content-variable active\" data-name=\"1. Feuilles de temps quotidiennes\">\r\n\t\t\t\t\t<div class=\"theme-content-variable__card theme-wrapper\">\r\n\t\t\t\t\t\t<div class=\"container-fluid\">\r\n\t\t\t\t\t\t\t<div class=\"row justify-content-between align-items-center\">\r\n\t\t\t\t\t\t\t\t<div class=\"col-md-6 order-2 order-md-1 p-0\">\r\n\t\t\t\t\t\t\t\t\t<div class=\"theme-content-variable__card-content\">\r\n\t\t\t\t\t\t\t\t\t\t<p>Dans le module Enregistrement des heures PRO de Simple-Simon, les techniciens peuvent remplir facilement et rapidement leurs feuilles de temps quotidiennes via l\u2019application, tandis que les planificateurs et responsables les contr\u00f4lent et les valident dans le module bureau. Avec des fonctionnalit\u00e9s de modification, de signature et de rapports d\u00e9taill\u00e9s au format PDF ou Excel, le module offre un contr\u00f4le et une transparence totale sur les heures travaill\u00e9es, garantissant un enregistrement et une justification fluides et clairs.<\/p>\n\t\t\t\t\t\t\t\t\t<\/div>\r\n\r\n\t\t\t\t\t\t\t\t<\/div>\r\n\t\t\t\t\t\t\t\t<div class=\"col-md-5 order-1 order-md-2 p-0 \">\r\n\t\t\t\t\t\t\t\t\t<div class=\"theme-content-variable__card-img img-no-scale\">\r\n\t\t\t\t\t\t\t\t\t\t<img decoding=\"async\" src=\"\" alt=\"\">\r\n\t\t\t\t\t\t\t\t\t<\/div>\r\n\t\t\t\t\t\t\t\t<\/div>\r\n\t\t\t\t\t\t\t<\/div>\r\n\t\t\t\t\t\t<\/div>\r\n\t\t\t\t\t<\/div>\r\n\t\t\t\t<\/div>\r\n\t\t\t\t\t\t\t<div class=\"theme-content-variable \" data-name=\"2. Types de travail\">\r\n\t\t\t\t\t<div class=\"theme-content-variable__card theme-wrapper\">\r\n\t\t\t\t\t\t<div class=\"container-fluid\">\r\n\t\t\t\t\t\t\t<div class=\"row justify-content-between align-items-center\">\r\n\t\t\t\t\t\t\t\t<div class=\"col-md-6 order-2 order-md-1 p-0\">\r\n\t\t\t\t\t\t\t\t\t<div class=\"theme-content-variable__card-content\">\r\n\t\t\t\t\t\t\t\t\t\t<p>Les types de travail et les codes correspondants sont facilement g\u00e9r\u00e9s depuis le module bureau. Cela permet de d\u00e9finir clairement quel type de travail est effectu\u00e9, y compris les codes sp\u00e9cifiques pour le travail normal, les heures suppl\u00e9mentaires et les interventions pendant les jours f\u00e9ri\u00e9s. Gr\u00e2ce \u00e0 ce lien avec les feuilles de temps, un enregistrement d\u00e9taill\u00e9 des heures est obtenu, offrant non seulement visibilit\u00e9 et transparence, mais aussi un traitement plus efficace et des rapports pr\u00e9cis.<\/p>\n\t\t\t\t\t\t\t\t\t<\/div>\r\n\r\n\t\t\t\t\t\t\t\t<\/div>\r\n\t\t\t\t\t\t\t\t<div class=\"col-md-5 order-1 order-md-2 p-0 \">\r\n\t\t\t\t\t\t\t\t\t<div class=\"theme-content-variable__card-img img-no-scale\">\r\n\t\t\t\t\t\t\t\t\t\t<img decoding=\"async\" src=\"\" alt=\"\">\r\n\t\t\t\t\t\t\t\t\t<\/div>\r\n\t\t\t\t\t\t\t\t<\/div>\r\n\t\t\t\t\t\t\t<\/div>\r\n\t\t\t\t\t\t<\/div>\r\n\t\t\t\t\t<\/div>\r\n\t\t\t\t<\/div>\r\n\t\t\t\t\t\t\t<div class=\"theme-content-variable \" data-name=\"3. Rapports\">\r\n\t\t\t\t\t<div class=\"theme-content-variable__card theme-wrapper\">\r\n\t\t\t\t\t\t<div class=\"container-fluid\">\r\n\t\t\t\t\t\t\t<div class=\"row justify-content-between align-items-center\">\r\n\t\t\t\t\t\t\t\t<div class=\"col-md-6 order-2 order-md-1 p-0\">\r\n\t\t\t\t\t\t\t\t\t<div class=\"theme-content-variable__card-content\">\r\n\t\t\t\t\t\t\t\t\t\t<p>D\u00e9couvrez des fonctionnalit\u00e9s de rapports \u00e9tendues qui vous permettent d\u2019obtenir facilement une vue d\u2019ensemble des heures travaill\u00e9es. Gr\u00e2ce \u00e0 des filtres intelligents par date et\/ou par technicien, vous g\u00e9n\u00e9rez rapidement des rapports d\u00e9taill\u00e9s, exportables au format PDF ou Excel, avec des totaux journaliers, hebdomadaires et mensuels par technicien et par code de comptabilisation. Vous disposez ainsi toujours d\u2019informations claires et structur\u00e9es pour le contr\u00f4le et pour une vision compl\u00e8te, facilitant la prise de d\u00e9cision optimale.<\/p>\n\t\t\t\t\t\t\t\t\t<\/div>\r\n\r\n\t\t\t\t\t\t\t\t<\/div>\r\n\t\t\t\t\t\t\t\t<div class=\"col-md-5 order-1 order-md-2 p-0 \">\r\n\t\t\t\t\t\t\t\t\t<div class=\"theme-content-variable__card-img img-no-scale\">\r\n\t\t\t\t\t\t\t\t\t\t<img decoding=\"async\" src=\"\" alt=\"\">\r\n\t\t\t\t\t\t\t\t\t<\/div>\r\n\t\t\t\t\t\t\t\t<\/div>\r\n\t\t\t\t\t\t\t<\/div>\r\n\t\t\t\t\t\t<\/div>\r\n\t\t\t\t\t<\/div>\r\n\t\t\t\t<\/div>\r\n\t\t\t\t\t\t\t<div class=\"theme-content-variable \" data-name=\"4. Administration des projets externes\">\r\n\t\t\t\t\t<div class=\"theme-content-variable__card theme-wrapper\">\r\n\t\t\t\t\t\t<div class=\"container-fluid\">\r\n\t\t\t\t\t\t\t<div class=\"row justify-content-between align-items-center\">\r\n\t\t\t\t\t\t\t\t<div class=\"col-md-6 order-2 order-md-1 p-0\">\r\n\t\t\t\t\t\t\t\t\t<div class=\"theme-content-variable__card-content\">\r\n\t\t\t\t\t\t\t\t\t\t<p>Avec le module Enregistrement des heures PRO de Simple-Simon, les collaborateurs sur le terrain peuvent enregistrer facilement les heures pour des projets externes. Tout est consign\u00e9 de mani\u00e8re claire et structur\u00e9e, vous offrant une vue en temps r\u00e9el de l\u2019avancement, assurant une administration sans erreur et une facturation simplifi\u00e9e. Vous gardez ainsi le contr\u00f4le de chaque projet, o\u00f9 que votre \u00e9quipe travaille.<\/p>\n\t\t\t\t\t\t\t\t\t<\/div>\r\n\r\n\t\t\t\t\t\t\t\t<\/div>\r\n\t\t\t\t\t\t\t\t<div class=\"col-md-5 order-1 order-md-2 p-0 \">\r\n\t\t\t\t\t\t\t\t\t<div class=\"theme-content-variable__card-img img-no-scale\">\r\n\t\t\t\t\t\t\t\t\t\t<img decoding=\"async\" src=\"\" alt=\"\">\r\n\t\t\t\t\t\t\t\t\t<\/div>\r\n\t\t\t\t\t\t\t\t<\/div>\r\n\t\t\t\t\t\t\t<\/div>\r\n\t\t\t\t\t\t<\/div>\r\n\t\t\t\t\t<\/div>\r\n\t\t\t\t<\/div>\r\n\t\t\t\t\t<\/div>\r\n\t<\/div>\r\n<\/section>\n\t<section class=\"theme-section theme-split theme-content-variable active text-right theme-p-sm\">\n\t\t<div class=\"theme-content-variable__row theme-content-variable__card theme-wrapper\">\n\t\t\t<div class=\"container-fluid\">\n\t\t\t\t<div class=\"row justify-content-md-between align-items-center\">\n\t\t\t\t\t<div class=\"col-md-5 p-0 \">\n\t\t\t\t\t\t<div class=\"theme-content-variable__card-img img-no-scale\">\n\t\t\t\t\t\t\t<img decoding=\"async\" src=\"https:\/\/simple-simon.com\/wp-content\/uploads\/2025\/05\/vecteezy_construction-workers-installing-hvac-units-on-a-rooftop_50624011-scaled.jpeg\" alt=\"\">\n\t\t\t\t\t\t\t\t\t\t\t\t\t<\/div>\n\t\t\t\t\t<\/div>\n\t\t\t\t\t<div class=\"col-md-6 \">\n\t\t\t\t\t\t<div class=\"theme-content-variable__row-content theme-content-variable__card-content text-right \">\n\t\t\t\t\t\t\t<h2 data-start=\"101\" data-end=\"133\">Avantages en un coup d\u2019\u0153il<\/h2>\n<ul data-start=\"135\" data-end=\"538\">\n<li data-start=\"135\" data-end=\"224\">\n<p data-start=\"137\" data-end=\"224\"><strong data-start=\"137\" data-end=\"153\">Adaptabilit\u00e9<\/strong> : personnalisez les bons de travail selon des exigences sp\u00e9cifiques.<\/p>\n<\/li>\n<li data-start=\"225\" data-end=\"308\">\n<p data-start=\"227\" data-end=\"308\"><strong data-start=\"227\" data-end=\"241\">Efficacit\u00e9<\/strong> : les ajouts automatiques et notifications font gagner du temps.<\/p>\n<\/li>\n<li data-start=\"309\" data-end=\"452\">\n<p data-start=\"311\" data-end=\"452\"><strong data-start=\"311\" data-end=\"324\">Pr\u00e9cision<\/strong> : l\u2019estimation du temps de travail et la planification bas\u00e9e sur les comp\u00e9tences am\u00e9liorent l\u2019efficacit\u00e9 de la planification.<\/p>\n<\/li>\n<li data-start=\"453\" data-end=\"538\">\n<p data-start=\"455\" data-end=\"538\"><strong data-start=\"455\" data-end=\"465\">Clart\u00e9<\/strong> : des ic\u00f4nes sp\u00e9cifiques offrent une vue claire dans la planification.<\/p>\n<\/li>\n<\/ul>\n\n\t\t\t\t\t\t\t\t\t\t\t\t\t<\/div>\n\t\t\t\t\t<\/div>\n\t\t\t\t<\/div>\n\t\t\t<\/div>\n\t\t<\/div>\n\t<\/section>\n\t<section class=\"theme-section theme-split theme-content-variable active text-left theme-p-sm\">\n\t\t<div class=\"theme-content-variable__row theme-content-variable__card theme-wrapper\">\n\t\t\t<div class=\"container-fluid\">\n\t\t\t\t<div class=\"row justify-content-md-between \">\n\t\t\t\t\t<div class=\"col-md-5 p-0 order-md-2 order-1\">\n\t\t\t\t\t\t<div class=\"theme-content-variable__card-img img-scale\">\n\t\t\t\t\t\t\t<img decoding=\"async\" src=\"https:\/\/simple-simon.com\/wp-content\/uploads\/2025\/07\/vecteezy_aerial-view-with-laptop-in-hands-industrial-worker-indoors_15217407-scaled.jpg\" alt=\"\">\n\t\t\t\t\t\t\t\t\t\t\t\t\t<\/div>\n\t\t\t\t\t<\/div>\n\t\t\t\t\t<div class=\"col-md-6 order-md-1 order-2\">\n\t\t\t\t\t\t<div class=\"theme-content-variable__row-content theme-content-variable__card-content text-left \">\n\t\t\t\t\t\t\t<h2>Curieux ?<\/h2>\n<p>Souhaitez-vous d\u00e9couvrir comment Simple-Simon et nos modules PRO rendent votre service terrain encore plus efficace ? N\u2019attendez plus : r\u00e9servez d\u00e8s aujourd\u2019hui une d\u00e9mo et d\u00e9couvrez les avantages par vous-m\u00eame..<\/p>\n<p>D\u00e9j\u00e0 client ? N\u2019h\u00e9sitez pas \u00e0 nous contacter : nous vous montrerons pourquoi nos modules PRO constituent la prochaine \u00e9tape pour mieux ma\u00eetriser votre service terrain.<\/p>\n<p><a class=\"theme-btn theme-btn__orange-gradient\" href=\"https:\/\/simple-simon.com\/fr\/planifiez-une-demo\/\" target=\"_blank\" rel=\"noopener\">Planifier une d\u00e9mo<\/a>\u00a0<a class=\"theme-btn theme-btn__blue\" href=\"https:\/\/simple-simon.com\/fr\/contact\/\">Contactez nous<\/a><\/p>\n<p>&nbsp;<\/p>\n\n\t\t\t\t\t\t\t\t\t\t\t\t\t<\/div>\n\t\t\t\t\t<\/div>\n\t\t\t\t<\/div>\n\t\t\t<\/div>\n\t\t<\/div>\n\t<\/section>\n\n\n\n<section class=\"theme-section theme-m-sm-t\">\n\n\t<div class=\"theme-cta\">\n\n\t\t<div class=\"theme-cta__icon\">\n\t\t\t\n\t\t<\/div>\n\t\t<div class=\" theme-card bg__purple theme-element tr\">\n\t\t\t<div class=\"container\">\n\t\t\t\t<div class=\"row\">\n\t\t\t\t\t<div class=\"col-md-3\">\n\t\t\t\t\t\t<div class=\"theme-card__icon\">\n\t\t\t\t\t\t\t<svg xmlns=\"http:\/\/www.w3.org\/2000\/svg\" width=\"178.145\" height=\"175.046\" viewBox=\"0 0 178.145 175.046\">\n\t\t\t\t\t\t\t\t<g id=\"confetti\" transform=\"translate(0 175.046) rotate(-90)\">\n\t\t\t\t\t\t\t\t\t<g id=\"Group_313\" data-name=\"Group 313\" transform=\"translate(0 43.062)\">\n\t\t\t\t\t\t\t\t\t\t<g id=\"Group_310\" data-name=\"Group 310\" transform=\"translate(0 67.058)\">\n\t\t\t\t\t\t\t\t\t\t\t<path id=\"Path_149\" data-name=\"Path 149\" d=\"M67.368,51.75a8.969,8.969,0,0,1-3.86,2.185l-13.8,3.773A14.6,14.6,0,0,1,35.3,53.81l-7.216-7.515A14.6,14.6,0,0,1,24.78,31.741l4.463-14.668L11.391,21.688A9.011,9.011,0,0,1,6.637,4.3L20.433.53a14.6,14.6,0,0,1,14.407,3.9l7.216,7.515A14.6,14.6,0,0,1,45.365,26.5L40.2,41.3l18.552-4.751a9.012,9.012,0,0,1,8.614,15.2Z\" fill=\"#8bb6ef\" \/>\n\t\t\t\t\t\t\t\t\t\t\t<path id=\"Path_150\" data-name=\"Path 150\" d=\"M5.166,3.933,4.7,5.478.7,18.6a14.654,14.654,0,0,0,1.9,12.841c4.076-.932,9.5-2.113,13.517-3.281l.662-1.9,4.5-12.907A14.637,14.637,0,0,0,19,0C14.9,1.221,9.292,2.776,5.166,3.933Z\" transform=\"translate(24.078 13.14)\" fill=\"#8388ef\" \/>\n\t\t\t\t\t\t\t\t\t\t<\/g>\n\t\t\t\t\t\t\t\t\t\t<g id=\"Group_311\" data-name=\"Group 311\" transform=\"translate(120.708 54.09)\">\n\t\t\t\t\t\t\t\t\t\t\t<path id=\"Path_151\" data-name=\"Path 151\" d=\"M5.655,66.748a8.967,8.967,0,0,0,4.4.587l14.207-1.65A14.594,14.594,0,0,0,36.17,56.691l3.889-9.665A14.6,14.6,0,0,0,37.7,32.288L28.08,20.347l18.285-2.383A9.012,9.012,0,0,0,44.286.061L30.079,1.71A14.6,14.6,0,0,0,18.168,10.7L14.279,20.37a14.6,14.6,0,0,0,2.363,14.737L26.958,46.914,7.973,49.432A9.013,9.013,0,0,0,5.655,66.748Z\" fill=\"#a183e2\" \/>\n\t\t\t\t\t\t\t\t\t\t\t<path id=\"Path_152\" data-name=\"Path 152\" d=\"M14.835,0l1.013,1.258,8.6,10.684a14.654,14.654,0,0,1,3.026,12.625c-4.13.657-9.6,1.585-13.765,2L12.39,25.054,3.4,14.76A14.636,14.636,0,0,1,.528,1.516C4.8,1.115,10.575.467,14.835,0Z\" transform=\"translate(13.245 20.347)\" fill=\"#9762e2\" \/>\n\t\t\t\t\t\t\t\t\t\t<\/g>\n\t\t\t\t\t\t\t\t\t\t<g id=\"Group_312\" data-name=\"Group 312\" transform=\"translate(52.214)\">\n\t\t\t\t\t\t\t\t\t\t\t<path id=\"Path_153\" data-name=\"Path 153\" d=\"M34,77.345a8.969,8.969,0,0,0,3.417-2.828l8.441-11.546a14.6,14.6,0,0,0,1.492-14.85L42.9,38.7a14.6,14.6,0,0,0-12.42-8.278l-15.3-1.056L25.855,14.33A9.011,9.011,0,0,0,11.306,3.693L2.865,15.24A14.6,14.6,0,0,0,1.373,30.09l4.45,9.42a14.6,14.6,0,0,0,12.419,8.278l15.672.452L22.865,63.881A9.013,9.013,0,0,0,34,77.345Z\" fill=\"#ffa585\" \/>\n\t\t\t\t\t\t\t\t\t\t\t<path id=\"Path_154\" data-name=\"Path 154\" d=\"M7.757,1.274,8.607,0,23.9,1.056a14.654,14.654,0,0,1,11.32,6.356c-2.066,3.092-4.251,6.1-6.485,9.078a12.13,12.13,0,0,0-1.4,2.383l-15.672-.452A14.638,14.638,0,0,1,0,11.528C2.605,8.124,5.205,4.717,7.757,1.274Z\" transform=\"translate(6.575 29.367)\" fill=\"#ef7c85\" \/>\n\t\t\t\t\t\t\t\t\t\t<\/g>\n\t\t\t\t\t\t\t\t\t\t<path id=\"Path_155\" data-name=\"Path 155\" d=\"M10.079,19.979,2.523,16.2A4.564,4.564,0,0,1,.483,10.079L4.261,2.523A4.563,4.563,0,0,1,10.383.483l7.556,3.778a4.563,4.563,0,0,1,2.041,6.122L16.2,17.938A4.563,4.563,0,0,1,10.079,19.979Z\" transform=\"translate(11.979 30.062)\" fill=\"#ffe266\" \/>\n\t\t\t\t\t\t\t\t\t\t<path id=\"Path_156\" data-name=\"Path 156\" d=\"M3.311,2.5,11.433.177a4.563,4.563,0,0,1,5.641,3.134l2.32,8.123a4.563,4.563,0,0,1-3.134,5.641L8.138,19.4A4.563,4.563,0,0,1,2.5,16.261L.177,8.138A4.564,4.564,0,0,1,3.311,2.5Z\" transform=\"translate(82.049 115.511)\" fill=\"#ef8bbd\" \/>\n\t\t\t\t\t\t\t\t\t\t<path id=\"Path_157\" data-name=\"Path 157\" d=\"M26.8,23.08,16.138,29.238A6.652,6.652,0,0,1,7.05,26.8L.892,16.138A6.653,6.653,0,0,1,3.327,7.05L13.993.892A6.652,6.652,0,0,1,23.08,3.327l6.158,10.665A6.653,6.653,0,0,1,26.8,23.08Z\" transform=\"translate(116.483 10.165)\" fill=\"#78eac4\" \/>\n\t\t\t\t\t\t\t\t\t<\/g>\n\t\t\t\t\t\t\t\t\t<path id=\"Path_158\" data-name=\"Path 158\" d=\"M14.049.875,16.988,9.14a1.327,1.327,0,0,0,.689.776l7.343,3.308a1.465,1.465,0,0,1,0,2.588L17.677,19.12a1.326,1.326,0,0,0-.689.776L14.049,28.16a1.192,1.192,0,0,1-2.3,0L8.81,19.9a1.327,1.327,0,0,0-.689-.776L.778,15.812a1.465,1.465,0,0,1,0-2.588L8.121,9.916A1.324,1.324,0,0,0,8.81,9.14L11.749.875A1.192,1.192,0,0,1,14.049.875Z\" transform=\"translate(16 16.306)\" fill=\"#cab4ef\" \/>\n\t\t\t\t\t\t\t\t\t<path id=\"Path_159\" data-name=\"Path 159\" d=\"M10.42.65,12.6,6.78a.983.983,0,0,0,.512.575l5.447,2.454a1.087,1.087,0,0,1,0,1.92l-5.447,2.454a.986.986,0,0,0-.512.575l-2.18,6.13a.884.884,0,0,1-1.705,0l-2.18-6.13a.983.983,0,0,0-.511-.575L.577,11.729a1.087,1.087,0,0,1,0-1.92L6.024,7.355a.985.985,0,0,0,.511-.575L8.715.65a.884.884,0,0,1,1.705,0Z\" transform=\"translate(129.357)\" fill=\"#ffc7b6\" \/>\n\t\t\t\t\t\t\t\t\t<circle id=\"Ellipse_21\" data-name=\"Ellipse 21\" cx=\"6.418\" cy=\"6.418\" r=\"6.418\" transform=\"translate(98.988 28.986) rotate(-22.514)\" fill=\"#8bb6ef\" \/>\n\t\t\t\t\t\t\t\t\t<circle id=\"Ellipse_22\" data-name=\"Ellipse 22\" cx=\"2.769\" cy=\"2.769\" r=\"2.769\" transform=\"translate(46.677 10.769)\" fill=\"#ef8bbd\" \/>\n\t\t\t\t\t\t\t\t\t<circle id=\"Ellipse_23\" data-name=\"Ellipse 23\" cx=\"2.769\" cy=\"2.769\" r=\"2.769\" transform=\"translate(160.893 53.079)\" fill=\"#ffe266\" \/>\n\t\t\t\t\t\t\t\t<\/g>\n\t\t\t\t\t\t\t<\/svg>\n\t\t\t\t\t\t<\/div>\n\t\t\t\t\t<\/div>\n\t\t\t\t\t<div class=\"col-md-6\">\n\t\t\t\t\t\t<div class=\"theme-card__content\">\n\t\t\t\t\t\t\t<h2 style=\"text-align: center;\">Commencez d\u00e8s aujourd\u2019hui avec Simple-Simon<\/h2>\n<h3 style=\"text-align: center;\">Lancez une d\u00e9mo ou essayez gratuitement pendant 2 semaines.<\/h3>\n<p style=\"text-align: center;\">Complet pour <a href=\"https:\/\/simple-simon.com\/prijzen\/\"><span class=\"ss-price\" data-attr=\"default\">\u20ac27,50<\/span>\u00a0 par mois par utilisateur !<\/a><\/p>\n<p style=\"text-align: center;\"><a class=\"theme-btn theme-btn__orange-gradient\" href=\"https:\/\/app.simple-simon.net\/Login\/Signup\/Trial.aspx?lang=nl\" target=\"_blank\" rel=\"noopener\">Essayez gratuitement<\/a><a class=\"theme-btn theme-btn__orange-gradient\" href=\"https:\/\/simple-simon.com\/plan-een-live-demo\/\">Planifiez une d\u00e9mo<\/a><\/p>\n\t\t\t\t\t\t<\/div>\n\t\t\t\t\t<\/div>\n\t\t\t\t\t<div class=\"col-md-3\">\n\t\t\t\t\t\t<div class=\"theme-card__content quote\">\n\t\t\t\t\t\t\t<p><em>\u00ab\u00a0Notre entreprise utilise cette application depuis tr\u00e8s longtemps et maintenant qu\u2019il y a une nouvelle version 2.0, elle fonctionne encore mieux. Un grand merci !\u202f\u00a0\u00bb<\/em><\/p>\n<p><strong>Aktie Totaalinstallateurs B.V.<\/strong><\/p>\n<span class=\"rating-wrapper\"><div class=\"star-ratings\"><div class=\"fill-ratings\" style=\"width: 96%;\"><span>\u2605\u2605\u2605\u2605\u2605<\/span><\/div><div class=\"empty-ratings\"><span>\u2605\u2605\u2605\u2605\u2605<\/span><\/div><\/div> 4.8\/5 not\u00e9<\/span>\n<p><a href=\"https:\/\/apps.apple.com\/nl\/app\/simple-simon-field-service\/id897884395\" target=\"_blank\" rel=\"noopener\"><img loading=\"lazy\" decoding=\"async\" class=\"alignnone\" src=\"\/wp-content\/uploads\/2024\/04\/appstore.png\" alt=\"\" width=\"180\" height=\"46\" \/><\/a> <a href=\"https:\/\/play.google.com\/store\/apps\/details?id=com.mobileop\" target=\"_blank\" rel=\"noopener\"><img loading=\"lazy\" decoding=\"async\" class=\"alignnone\" src=\"\/wp-content\/uploads\/2024\/04\/playstore.png\" alt=\"\" width=\"180\" height=\"46\" \/><\/a><\/p>\n\t\t\t\t\t\t<\/div>\n\t\t\t\t\t<\/div>\n\t\t\t\t<\/div>\n\t\t\t<\/div>\n\t\t<\/div>\n\t<\/div>\n<\/section>\n","protected":false},"excerpt":{"rendered":"","protected":false},"author":9,"featured_media":0,"parent":0,"menu_order":0,"comment_status":"closed","ping_status":"closed","template":"","meta":{"_acf_changed":false,"inline_featured_image":false,"footnotes":""},"tags":[],"class_list":["post-12386","page","type-page","status-publish","hentry"],"acf":[],"aioseo_notices":[],"_links":{"self":[{"href":"https:\/\/simple-simon.com\/fr\/wp-json\/wp\/v2\/pages\/12386","targetHints":{"allow":["GET"]}}],"collection":[{"href":"https:\/\/simple-simon.com\/fr\/wp-json\/wp\/v2\/pages"}],"about":[{"href":"https:\/\/simple-simon.com\/fr\/wp-json\/wp\/v2\/types\/page"}],"author":[{"embeddable":true,"href":"https:\/\/simple-simon.com\/fr\/wp-json\/wp\/v2\/users\/9"}],"replies":[{"embeddable":true,"href":"https:\/\/simple-simon.com\/fr\/wp-json\/wp\/v2\/comments?post=12386"}],"version-history":[{"count":4,"href":"https:\/\/simple-simon.com\/fr\/wp-json\/wp\/v2\/pages\/12386\/revisions"}],"predecessor-version":[{"id":14620,"href":"https:\/\/simple-simon.com\/fr\/wp-json\/wp\/v2\/pages\/12386\/revisions\/14620"}],"wp:attachment":[{"href":"https:\/\/simple-simon.com\/fr\/wp-json\/wp\/v2\/media?parent=12386"}],"wp:term":[{"taxonomy":"post_tag","embeddable":true,"href":"https:\/\/simple-simon.com\/fr\/wp-json\/wp\/v2\/tags?post=12386"}],"curies":[{"name":"wp","href":"https:\/\/api.w.org\/{rel}","templated":true}]}}