{"id":12384,"date":"2025-08-13T08:26:00","date_gmt":"2025-08-13T08:26:00","guid":{"rendered":"https:\/\/simple-simon.com\/module-objets-pro\/"},"modified":"2026-02-03T15:24:16","modified_gmt":"2026-02-03T15:24:16","slug":"module-objets-pro","status":"publish","type":"page","link":"https:\/\/simple-simon.com\/fr\/module-objets-pro\/","title":{"rendered":"Module Objets PRO"},"content":{"rendered":"\n\n\n<section class=\"theme-section theme-hero__wrapper theme-p-sm text__light \">\n\t<div class=\"theme-wrapper theme-element bl bg__blue \">\n\t\t\t\t\t<div class=\"theme-hero__img-partial\">\n\t\t\t\t\t\t\t\t\t<img decoding=\"async\" src=\"https:\/\/simple-simon.com\/wp-content\/uploads\/2025\/08\/Laura-website-pictures-79.png\" alt=\"\">\n\t\t\t\t\t\t\t<\/div>\n\t\t\t\t<div class=\"container\">\n\t\t\t<div class=\"row justify-content-between\">\n\t\t\t\t<div class=\"col-xl-6\">\n\t\t\t\t\t<div class=\"theme-hero__content\">\n\t\t\t\t\t\t<h1 data-start=\"101\" data-end=\"136\">G\u00e9rez vos objets comme un PRO<\/h1>\n<p><\/p>\n<p data-start=\"138\" data-end=\"453\">Les modules avanc\u00e9s Objets et Planification des objets offrent des fonctionnalit\u00e9s compl\u00e8tes pour la gestion et la planification des travaux de maintenance. Ces modules rendent les bons de travail et les plannings manuels superflus et garantissent une planification de maintenance enti\u00e8rement automatis\u00e9e.<\/p>\n\t\t\t\t\t<\/div>\n\t\t\t\t<\/div>\n\t\t\t\t\t\t\t\t\n\t\t\t\t\t\t\t<\/div>\n\n\t\t<\/div>\n\n\n\t<\/div>\n<\/section>\n\t<section class=\"theme-section theme-split theme-content-variable active text-right theme-p-sm\">\n\t\t<div class=\"theme-content-variable__row theme-content-variable__card theme-wrapper\">\n\t\t\t<div class=\"container-fluid\">\n\t\t\t\t<div class=\"row justify-content-md-between align-items-center\">\n\t\t\t\t\t<div class=\"col-md-5 p-0 \">\n\t\t\t\t\t\t<div class=\"theme-content-variable__card-img img-no-scale\">\n\t\t\t\t\t\t\t<img decoding=\"async\" src=\"https:\/\/simple-simon.com\/wp-content\/uploads\/2025\/08\/Laura-website-pictures-80.png\" alt=\"\">\n\t\t\t\t\t\t\t\t\t\t\t\t\t<\/div>\n\t\t\t\t\t<\/div>\n\t\t\t\t\t<div class=\"col-md-6 \">\n\t\t\t\t\t\t<div class=\"theme-content-variable__row-content theme-content-variable__card-content text-right \">\n\t\t\t\t\t\t\t<hr data-start=\"96\" data-end=\"99\" \/>\n<h2 data-start=\"101\" data-end=\"188\">Ayez toujours toute l\u2019historique de chaque objet automatiquement \u00e0 port\u00e9e de main<\/h2>\n<p><\/p>\n<p data-start=\"190\" data-end=\"781\">Les modules avanc\u00e9s Objets et Planification des objets de Simple-Simon garantissent que tous les d\u00e9tails et l\u2019historique de maintenance de chaque objet sont automatiquement centralis\u00e9s. Scannez un objet avec un code-barres, un QR-code ou via l\u2019OCR et toutes les informations pertinentes apparaissent imm\u00e9diatement, sans recherche ni mise \u00e0 jour manuelle. Vous disposez ainsi \u00e0 tout moment d\u2019une vue d\u2019ensemble compl\u00e8te, travaillez plus rapidement et plus intelligemment, et \u00e9liminez les erreurs gr\u00e2ce \u00e0 des processus automatis\u00e9s qui soulagent r\u00e9ellement vos \u00e9quipes sur le terrain.<\/p>\n\n\t\t\t\t\t\t\t\t\t\t\t\t\t<\/div>\n\t\t\t\t\t<\/div>\n\t\t\t\t<\/div>\n\t\t\t<\/div>\n\t\t<\/div>\n\t<\/section>\n\t<section class=\"theme-section theme-split theme-content-variable active text-left theme-p-sm\">\n\t\t<div class=\"theme-content-variable__row theme-content-variable__card theme-wrapper\">\n\t\t\t<div class=\"container-fluid\">\n\t\t\t\t<div class=\"row justify-content-md-between align-items-center\">\n\t\t\t\t\t<div class=\"col-md-5 p-0 order-md-2 order-1\">\n\t\t\t\t\t\t<div class=\"theme-content-variable__card-img img-no-scale\">\n\t\t\t\t\t\t\t<img decoding=\"async\" src=\"https:\/\/simple-simon.com\/wp-content\/uploads\/2024\/10\/vecteezy_engineer-look-projects-and-planning-with-tablet-mobile-in_38516210-kopie-scaled.jpg\" alt=\"\">\n\t\t\t\t\t\t\t\t\t\t\t\t\t<\/div>\n\t\t\t\t\t<\/div>\n\t\t\t\t\t<div class=\"col-md-6 order-md-1 order-2\">\n\t\t\t\t\t\t<div class=\"theme-content-variable__row-content theme-content-variable__card-content text-left \">\n\t\t\t\t\t\t\t<h2 data-start=\"101\" data-end=\"144\">N\u2019oubliez plus jamais une maintenance<\/h2>\n<p><\/p>\n<p data-start=\"146\" data-end=\"628\">Sachez toujours \u00e0 quoi vous attendre : fini les listes manuelles ou le stress de derni\u00e8re minute, mais une planification rigoureuse et sans erreur qui sait exactement quoi faire et quand le faire. Avec nos modules avanc\u00e9s Objets et Planification des objets de Simple-Simon, les interventions de maintenance sont automatiquement planifi\u00e9es ou, en fonction des caract\u00e9ristiques des objets, intelligemment regroup\u00e9es par site et adapt\u00e9es aux diff\u00e9rentes fr\u00e9quences de visite.<\/p>\n<p><\/p>\n<p data-start=\"630\" data-end=\"936\">Les techniciens combinent facilement plusieurs t\u00e2ches en un seul d\u00e9placement, \u00e9conomisent du temps de trajet et du carburant, et aucune intervention de maintenance n\u2019est oubli\u00e9e. Ainsi, la planification se d\u00e9roule sans erreur, sans stress et de mani\u00e8re totalement automatis\u00e9e, du bureau jusqu\u2019au terrain.<\/p>\n<p>&nbsp;<\/p>\n\n\t\t\t\t\t\t\t\t\t\t\t\t\t<\/div>\n\t\t\t\t\t<\/div>\n\t\t\t\t<\/div>\n\t\t\t<\/div>\n\t\t<\/div>\n\t<\/section>\n\t<section class=\"theme-section theme-split theme-content-variable active text-right theme-p-sm\">\n\t\t<div class=\"theme-content-variable__row theme-content-variable__card theme-wrapper\">\n\t\t\t<div class=\"container-fluid\">\n\t\t\t\t<div class=\"row justify-content-md-between align-items-center\">\n\t\t\t\t\t<div class=\"col-md-5 p-0 \">\n\t\t\t\t\t\t<div class=\"theme-content-variable__card-img img-no-scale\">\n\t\t\t\t\t\t\t<img decoding=\"async\" src=\"https:\/\/simple-simon.com\/wp-content\/uploads\/2025\/08\/Laura-website-pictures-81.png\" alt=\"\">\n\t\t\t\t\t\t\t\t\t\t\t\t\t<\/div>\n\t\t\t\t\t<\/div>\n\t\t\t\t\t<div class=\"col-md-6 \">\n\t\t\t\t\t\t<div class=\"theme-content-variable__row-content theme-content-variable__card-content text-right \">\n\t\t\t\t\t\t\t<h2 data-start=\"101\" data-end=\"155\">Du chaos au contr\u00f4le de votre gestion des objets<\/h2>\n<p><\/p>\n<p data-start=\"157\" data-end=\"502\">Chez Simple-Simon, les plannings chronophages et sujets aux erreurs ainsi que les informations d\u2019objets dispers\u00e9es appartiennent au pass\u00e9. Toutes les donn\u00e9es de r\u00e9f\u00e9rence, les d\u00e9tails de maintenance et la consommation de mat\u00e9riel sont centralis\u00e9s et structur\u00e9s, tandis que les plannings de maintenance sont g\u00e9n\u00e9r\u00e9s enti\u00e8rement automatiquement.<\/p>\n<p><\/p>\n<p data-start=\"504\" data-end=\"864\">Gr\u00e2ce au niveau type d\u2019objet, vous cat\u00e9gorisez vos objets en toute simplicit\u00e9 pour une visibilit\u00e9 optimale et vous associez des formulaires sp\u00e9cifiques ainsi que vos propres colonnes \u00e0 chaque type. Vous travaillez ainsi plus rapidement, \u00e9vitez les erreurs et disposez toujours d\u2019une source unique et fiable pour l\u2019ensemble de votre \u00e9quipe sur le terrain. Pourquoi faire compliqu\u00e9 quand on peut faire simple ?<\/p>\n\n\t\t\t\t\t\t\t\t\t\t\t\t\t<\/div>\n\t\t\t\t\t<\/div>\n\t\t\t\t<\/div>\n\t\t\t<\/div>\n\t\t<\/div>\n\t<\/section>\r\n\r\n\r\n<section class=\"theme-section theme-content-variable-wrapper theme-p-sm\">\r\n\r\n\t<div class=\"row\">\r\n\t\t<div class=\"col-md-12 text-center\">\r\n\t\t\t<h2>Fonctionnalit\u00e9s phares du module Objets PRO<\/h2>\n\t\t<\/div>\r\n\t\t<div class=\"col-md-12\">\r\n\t\t\t<div class=\"theme-content-variable__nav-wrapper\">\r\n\t\t\t\t<div class=\"theme-content-variable__nav\">\r\n\t\t\t\t\t\t\t\t\t\t\t\t<a href=\"#\" data-name=\"1. Niveau et cr\u00e9ation de type d\u2019objet\" class=\"theme-btn theme-btn__blue  theme-btn__lg\">1. Niveau et cr\u00e9ation de type d\u2019objet<\/a>\r\n\t\t\t\t\t\t\t\t\t\t\t\t<a href=\"#\" data-name=\"2. Scanner des objets\" class=\"theme-btn theme-btn__light-blue  theme-btn__lg\">2. Scanner des objets<\/a>\r\n\t\t\t\t\t\t\t\t\t\t\t\t<a href=\"#\" data-name=\"3. Consommation de mat\u00e9riel\" class=\"theme-btn theme-btn__light-blue  theme-btn__lg\">3. Consommation de mat\u00e9riel<\/a>\r\n\t\t\t\t\t\t\t\t\t\t\t\t<a href=\"#\" data-name=\"4. Planification automatique\" class=\"theme-btn theme-btn__light-blue  theme-btn__lg\">4. Planification automatique<\/a>\r\n\t\t\t\t\t\t\t\t\t<\/div>\r\n\t\t\t<\/div>\r\n\t\t<\/div>\r\n\t\t<div class=\"col-md-12\">\r\n\t\t\t\t\t\t\t<div class=\"theme-content-variable active\" data-name=\"1. Niveau et cr\u00e9ation de type d\u2019objet\">\r\n\t\t\t\t\t<div class=\"theme-content-variable__card theme-wrapper\">\r\n\t\t\t\t\t\t<div class=\"container-fluid\">\r\n\t\t\t\t\t\t\t<div class=\"row justify-content-between align-items-center\">\r\n\t\t\t\t\t\t\t\t<div class=\"col-md-6 order-2 order-md-1 p-0\">\r\n\t\t\t\t\t\t\t\t\t<div class=\"theme-content-variable__card-content\">\r\n\t\t\t\t\t\t\t\t\t\t<p>Avec le niveau type d\u2019objet, vous cat\u00e9gorisez vos objets de mani\u00e8re claire et structur\u00e9e. Lors de la cr\u00e9ation d\u2019un nouvel objet, vous saisissez imm\u00e9diatement toutes les donn\u00e9es pertinentes en fonction du type, y compris les formulaires associ\u00e9s et vos propres colonnes. Ainsi, vous enregistrez d\u00e8s le d\u00e9part des informations compl\u00e8tes et coh\u00e9rentes.<\/p>\n\t\t\t\t\t\t\t\t\t<\/div>\r\n\r\n\t\t\t\t\t\t\t\t<\/div>\r\n\t\t\t\t\t\t\t\t<div class=\"col-md-5 order-1 order-md-2 p-0 \">\r\n\t\t\t\t\t\t\t\t\t<div class=\"theme-content-variable__card-img img-no-scale\">\r\n\t\t\t\t\t\t\t\t\t\t<img decoding=\"async\" src=\"\" alt=\"\">\r\n\t\t\t\t\t\t\t\t\t<\/div>\r\n\t\t\t\t\t\t\t\t<\/div>\r\n\t\t\t\t\t\t\t<\/div>\r\n\t\t\t\t\t\t<\/div>\r\n\t\t\t\t\t<\/div>\r\n\t\t\t\t<\/div>\r\n\t\t\t\t\t\t\t<div class=\"theme-content-variable \" data-name=\"2. Scanner des objets\">\r\n\t\t\t\t\t<div class=\"theme-content-variable__card theme-wrapper\">\r\n\t\t\t\t\t\t<div class=\"container-fluid\">\r\n\t\t\t\t\t\t\t<div class=\"row justify-content-between align-items-center\">\r\n\t\t\t\t\t\t\t\t<div class=\"col-md-6 order-2 order-md-1 p-0\">\r\n\t\t\t\t\t\t\t\t\t<div class=\"theme-content-variable__card-content\">\r\n\t\t\t\t\t\t\t\t\t\t<p>Avec Simple-Simon, vous pouvez facilement scanner des objets via code-barres, QR code ou OCR et acc\u00e9der imm\u00e9diatement \u00e0 tous les d\u00e9tails et \u00e0 l\u2019historique de maintenance. Ainsi, sur le terrain comme au bureau, vous disposez toujours des bonnes informations \u00e0 port\u00e9e de main, sans avoir \u00e0 les rechercher.<\/p>\n\t\t\t\t\t\t\t\t\t<\/div>\r\n\r\n\t\t\t\t\t\t\t\t<\/div>\r\n\t\t\t\t\t\t\t\t<div class=\"col-md-5 order-1 order-md-2 p-0 \">\r\n\t\t\t\t\t\t\t\t\t<div class=\"theme-content-variable__card-img img-no-scale\">\r\n\t\t\t\t\t\t\t\t\t\t<img decoding=\"async\" src=\"\" alt=\"\">\r\n\t\t\t\t\t\t\t\t\t<\/div>\r\n\t\t\t\t\t\t\t\t<\/div>\r\n\t\t\t\t\t\t\t<\/div>\r\n\t\t\t\t\t\t<\/div>\r\n\t\t\t\t\t<\/div>\r\n\t\t\t\t<\/div>\r\n\t\t\t\t\t\t\t<div class=\"theme-content-variable \" data-name=\"3. Consommation de mat\u00e9riel\">\r\n\t\t\t\t\t<div class=\"theme-content-variable__card theme-wrapper\">\r\n\t\t\t\t\t\t<div class=\"container-fluid\">\r\n\t\t\t\t\t\t\t<div class=\"row justify-content-between align-items-center\">\r\n\t\t\t\t\t\t\t\t<div class=\"col-md-6 order-2 order-md-1 p-0\">\r\n\t\t\t\t\t\t\t\t\t<div class=\"theme-content-variable__card-content\">\r\n\t\t\t\t\t\t\t\t\t\t<p>Enregistrez le mat\u00e9riel utilis\u00e9 directement pour chaque objet, \u00e0 la fois dans l\u2019application et au bureau. Cela vous permet de garder le contr\u00f4le sur les stocks, les co\u00fbts et les interventions, tout en disposant toujours d\u2019une vue compl\u00e8te du mat\u00e9riel utilis\u00e9 pour chaque projet.<\/p>\n\t\t\t\t\t\t\t\t\t<\/div>\r\n\r\n\t\t\t\t\t\t\t\t<\/div>\r\n\t\t\t\t\t\t\t\t<div class=\"col-md-5 order-1 order-md-2 p-0 \">\r\n\t\t\t\t\t\t\t\t\t<div class=\"theme-content-variable__card-img img-no-scale\">\r\n\t\t\t\t\t\t\t\t\t\t<img decoding=\"async\" src=\"\" alt=\"\">\r\n\t\t\t\t\t\t\t\t\t<\/div>\r\n\t\t\t\t\t\t\t\t<\/div>\r\n\t\t\t\t\t\t\t<\/div>\r\n\t\t\t\t\t\t<\/div>\r\n\t\t\t\t\t<\/div>\r\n\t\t\t\t<\/div>\r\n\t\t\t\t\t\t\t<div class=\"theme-content-variable \" data-name=\"4. Planification automatique\">\r\n\t\t\t\t\t<div class=\"theme-content-variable__card theme-wrapper\">\r\n\t\t\t\t\t\t<div class=\"container-fluid\">\r\n\t\t\t\t\t\t\t<div class=\"row justify-content-between align-items-center\">\r\n\t\t\t\t\t\t\t\t<div class=\"col-md-6 order-2 order-md-1 p-0\">\r\n\t\t\t\t\t\t\t\t\t<div class=\"theme-content-variable__card-content\">\r\n\t\t\t\t\t\t\t\t\t\t<p>Les interventions de maintenance sont planifi\u00e9es automatiquement en fonction des fr\u00e9quences de r\u00e9p\u00e9tition et de visite. Fini les listes manuelles ou les rendez-vous en double : une planification efficace garantit toujours que le bon travail est effectu\u00e9 au bon moment.<\/p>\n\t\t\t\t\t\t\t\t\t<\/div>\r\n\r\n\t\t\t\t\t\t\t\t<\/div>\r\n\t\t\t\t\t\t\t\t<div class=\"col-md-5 order-1 order-md-2 p-0 \">\r\n\t\t\t\t\t\t\t\t\t<div class=\"theme-content-variable__card-img img-no-scale\">\r\n\t\t\t\t\t\t\t\t\t\t<img decoding=\"async\" src=\"\" alt=\"\">\r\n\t\t\t\t\t\t\t\t\t<\/div>\r\n\t\t\t\t\t\t\t\t<\/div>\r\n\t\t\t\t\t\t\t<\/div>\r\n\t\t\t\t\t\t<\/div>\r\n\t\t\t\t\t<\/div>\r\n\t\t\t\t<\/div>\r\n\t\t\t\t\t<\/div>\r\n\t<\/div>\r\n<\/section>\n\t<section class=\"theme-section theme-split theme-content-variable active text-right theme-p-sm\">\n\t\t<div class=\"theme-content-variable__row theme-content-variable__card theme-wrapper\">\n\t\t\t<div class=\"container-fluid\">\n\t\t\t\t<div class=\"row justify-content-md-between align-items-center\">\n\t\t\t\t\t<div class=\"col-md-5 p-0 \">\n\t\t\t\t\t\t<div class=\"theme-content-variable__card-img img-no-scale\">\n\t\t\t\t\t\t\t<img decoding=\"async\" src=\"https:\/\/simple-simon.com\/wp-content\/uploads\/2024\/12\/vecteezy_woman-worker-carpenter-wearing-safety-uniform-and-hard-hat_48841527-1-scaled.jpg\" alt=\"\">\n\t\t\t\t\t\t\t\t\t\t\t\t\t<\/div>\n\t\t\t\t\t<\/div>\n\t\t\t\t\t<div class=\"col-md-6 \">\n\t\t\t\t\t\t<div class=\"theme-content-variable__row-content theme-content-variable__card-content text-right \">\n\t\t\t\t\t\t\t<h2 data-start=\"101\" data-end=\"133\">Avantages en un coup d\u2019\u0153il<\/h2>\n<p><\/p>\n<ul data-start=\"135\" data-end=\"513\">\n<li data-start=\"135\" data-end=\"193\">\n<p data-start=\"137\" data-end=\"193\"><strong data-start=\"137\" data-end=\"155\">Automatisation<\/strong> : plus besoin de plannings manuels.<\/p>\n<\/li>\n<li data-start=\"194\" data-end=\"280\">\n<p data-start=\"196\" data-end=\"280\"><strong data-start=\"196\" data-end=\"210\">Efficacit\u00e9<\/strong> : la planification de maintenance automatis\u00e9e fait gagner du temps.<\/p>\n<\/li>\n<li data-start=\"281\" data-end=\"340\">\n<p data-start=\"283\" data-end=\"340\"><strong data-start=\"283\" data-end=\"301\">Vue d\u2019ensemble<\/strong> : des plannings clairs et d\u00e9taill\u00e9s.<\/p>\n<\/li>\n<li data-start=\"341\" data-end=\"425\">\n<p data-start=\"343\" data-end=\"425\"><strong data-start=\"343\" data-end=\"359\">Optimisation<\/strong> : options de regroupement pour une planification plus efficace.<\/p>\n<\/li>\n<li data-start=\"426\" data-end=\"513\">\n<p data-start=\"428\" data-end=\"513\"><strong data-start=\"428\" data-end=\"440\">Contr\u00f4le<\/strong> : meilleure supervision et compr\u00e9hension des processus de maintenance.<\/p>\n<\/li>\n<\/ul>\n\n\t\t\t\t\t\t\t\t\t\t\t\t\t<\/div>\n\t\t\t\t\t<\/div>\n\t\t\t\t<\/div>\n\t\t\t<\/div>\n\t\t<\/div>\n\t<\/section>\n\t<section class=\"theme-section theme-split theme-content-variable active text-left theme-p-sm\">\n\t\t<div class=\"theme-content-variable__row theme-content-variable__card theme-wrapper\">\n\t\t\t<div class=\"container-fluid\">\n\t\t\t\t<div class=\"row justify-content-md-between align-items-center\">\n\t\t\t\t\t<div class=\"col-md-5 p-0 order-md-2 order-1\">\n\t\t\t\t\t\t<div class=\"theme-content-variable__card-img img-no-scale\">\n\t\t\t\t\t\t\t<img decoding=\"async\" src=\"https:\/\/simple-simon.com\/wp-content\/uploads\/2025\/08\/Laura-website-pictures-78.png\" alt=\"\">\n\t\t\t\t\t\t\t\t\t\t\t\t\t<\/div>\n\t\t\t\t\t<\/div>\n\t\t\t\t\t<div class=\"col-md-6 order-md-1 order-2\">\n\t\t\t\t\t\t<div class=\"theme-content-variable__row-content theme-content-variable__card-content text-left \">\n\t\t\t\t\t\t\t<h2 data-start=\"101\" data-end=\"116\">Curieux ?<\/h2>\n<p><\/p>\n<p data-start=\"118\" data-end=\"338\">Vous souhaitez d\u00e9couvrir comment\u00a0<span class=\"brand\">Simple-Simon<\/span>\u00a0et nos modules PRO peuvent rendre votre \u00e9quipe terrain encore plus efficace ? N\u2019attendez plus et r\u00e9servez d\u00e8s aujourd\u2019hui une d\u00e9monstration pour en constater les avantages.<\/p>\n<p><\/p>\n<p data-start=\"340\" data-end=\"509\"><strong data-start=\"340\" data-end=\"361\">Client existant ?<\/strong>\u00a0Contactez-nous et nous vous montrerons pourquoi nos modules PRO repr\u00e9sentent la prochaine \u00e9tape pour mieux ma\u00eetriser votre \u00e9quipe sur le terrain.<\/p>\n<p><a class=\"theme-btn theme-btn__orange-gradient\" href=\"https:\/\/simple-simon.com\/fr\/planifiez-une-demo\/\" target=\"_blank\" rel=\"noopener\">Planifiez une d\u00e9mo<\/a>\u00a0<a class=\"theme-btn theme-btn__blue\" href=\"https:\/\/simple-simon.com\/fr\/contact\/\">Contactez-nous<\/a><\/p>\n\n\t\t\t\t\t\t\t\t\t\t\t\t\t<\/div>\n\t\t\t\t\t<\/div>\n\t\t\t\t<\/div>\n\t\t\t<\/div>\n\t\t<\/div>\n\t<\/section>\n\n\n\n<section class=\"theme-section theme-m-sm-t\">\n\n\t<div class=\"theme-cta\">\n\n\t\t<div class=\"theme-cta__icon\">\n\t\t\t\n\t\t<\/div>\n\t\t<div class=\" theme-card bg__purple theme-element tr\">\n\t\t\t<div class=\"container\">\n\t\t\t\t<div class=\"row\">\n\t\t\t\t\t<div class=\"col-md-3\">\n\t\t\t\t\t\t<div class=\"theme-card__icon\">\n\t\t\t\t\t\t\t<svg xmlns=\"http:\/\/www.w3.org\/2000\/svg\" width=\"178.145\" height=\"175.046\" viewBox=\"0 0 178.145 175.046\">\n\t\t\t\t\t\t\t\t<g id=\"confetti\" transform=\"translate(0 175.046) rotate(-90)\">\n\t\t\t\t\t\t\t\t\t<g id=\"Group_313\" data-name=\"Group 313\" transform=\"translate(0 43.062)\">\n\t\t\t\t\t\t\t\t\t\t<g id=\"Group_310\" data-name=\"Group 310\" transform=\"translate(0 67.058)\">\n\t\t\t\t\t\t\t\t\t\t\t<path id=\"Path_149\" data-name=\"Path 149\" d=\"M67.368,51.75a8.969,8.969,0,0,1-3.86,2.185l-13.8,3.773A14.6,14.6,0,0,1,35.3,53.81l-7.216-7.515A14.6,14.6,0,0,1,24.78,31.741l4.463-14.668L11.391,21.688A9.011,9.011,0,0,1,6.637,4.3L20.433.53a14.6,14.6,0,0,1,14.407,3.9l7.216,7.515A14.6,14.6,0,0,1,45.365,26.5L40.2,41.3l18.552-4.751a9.012,9.012,0,0,1,8.614,15.2Z\" fill=\"#8bb6ef\" \/>\n\t\t\t\t\t\t\t\t\t\t\t<path id=\"Path_150\" data-name=\"Path 150\" d=\"M5.166,3.933,4.7,5.478.7,18.6a14.654,14.654,0,0,0,1.9,12.841c4.076-.932,9.5-2.113,13.517-3.281l.662-1.9,4.5-12.907A14.637,14.637,0,0,0,19,0C14.9,1.221,9.292,2.776,5.166,3.933Z\" transform=\"translate(24.078 13.14)\" fill=\"#8388ef\" \/>\n\t\t\t\t\t\t\t\t\t\t<\/g>\n\t\t\t\t\t\t\t\t\t\t<g id=\"Group_311\" data-name=\"Group 311\" transform=\"translate(120.708 54.09)\">\n\t\t\t\t\t\t\t\t\t\t\t<path id=\"Path_151\" data-name=\"Path 151\" d=\"M5.655,66.748a8.967,8.967,0,0,0,4.4.587l14.207-1.65A14.594,14.594,0,0,0,36.17,56.691l3.889-9.665A14.6,14.6,0,0,0,37.7,32.288L28.08,20.347l18.285-2.383A9.012,9.012,0,0,0,44.286.061L30.079,1.71A14.6,14.6,0,0,0,18.168,10.7L14.279,20.37a14.6,14.6,0,0,0,2.363,14.737L26.958,46.914,7.973,49.432A9.013,9.013,0,0,0,5.655,66.748Z\" fill=\"#a183e2\" \/>\n\t\t\t\t\t\t\t\t\t\t\t<path id=\"Path_152\" data-name=\"Path 152\" d=\"M14.835,0l1.013,1.258,8.6,10.684a14.654,14.654,0,0,1,3.026,12.625c-4.13.657-9.6,1.585-13.765,2L12.39,25.054,3.4,14.76A14.636,14.636,0,0,1,.528,1.516C4.8,1.115,10.575.467,14.835,0Z\" transform=\"translate(13.245 20.347)\" fill=\"#9762e2\" \/>\n\t\t\t\t\t\t\t\t\t\t<\/g>\n\t\t\t\t\t\t\t\t\t\t<g id=\"Group_312\" data-name=\"Group 312\" transform=\"translate(52.214)\">\n\t\t\t\t\t\t\t\t\t\t\t<path id=\"Path_153\" data-name=\"Path 153\" d=\"M34,77.345a8.969,8.969,0,0,0,3.417-2.828l8.441-11.546a14.6,14.6,0,0,0,1.492-14.85L42.9,38.7a14.6,14.6,0,0,0-12.42-8.278l-15.3-1.056L25.855,14.33A9.011,9.011,0,0,0,11.306,3.693L2.865,15.24A14.6,14.6,0,0,0,1.373,30.09l4.45,9.42a14.6,14.6,0,0,0,12.419,8.278l15.672.452L22.865,63.881A9.013,9.013,0,0,0,34,77.345Z\" fill=\"#ffa585\" \/>\n\t\t\t\t\t\t\t\t\t\t\t<path id=\"Path_154\" data-name=\"Path 154\" d=\"M7.757,1.274,8.607,0,23.9,1.056a14.654,14.654,0,0,1,11.32,6.356c-2.066,3.092-4.251,6.1-6.485,9.078a12.13,12.13,0,0,0-1.4,2.383l-15.672-.452A14.638,14.638,0,0,1,0,11.528C2.605,8.124,5.205,4.717,7.757,1.274Z\" transform=\"translate(6.575 29.367)\" fill=\"#ef7c85\" \/>\n\t\t\t\t\t\t\t\t\t\t<\/g>\n\t\t\t\t\t\t\t\t\t\t<path id=\"Path_155\" data-name=\"Path 155\" d=\"M10.079,19.979,2.523,16.2A4.564,4.564,0,0,1,.483,10.079L4.261,2.523A4.563,4.563,0,0,1,10.383.483l7.556,3.778a4.563,4.563,0,0,1,2.041,6.122L16.2,17.938A4.563,4.563,0,0,1,10.079,19.979Z\" transform=\"translate(11.979 30.062)\" fill=\"#ffe266\" \/>\n\t\t\t\t\t\t\t\t\t\t<path id=\"Path_156\" data-name=\"Path 156\" d=\"M3.311,2.5,11.433.177a4.563,4.563,0,0,1,5.641,3.134l2.32,8.123a4.563,4.563,0,0,1-3.134,5.641L8.138,19.4A4.563,4.563,0,0,1,2.5,16.261L.177,8.138A4.564,4.564,0,0,1,3.311,2.5Z\" transform=\"translate(82.049 115.511)\" fill=\"#ef8bbd\" \/>\n\t\t\t\t\t\t\t\t\t\t<path id=\"Path_157\" data-name=\"Path 157\" d=\"M26.8,23.08,16.138,29.238A6.652,6.652,0,0,1,7.05,26.8L.892,16.138A6.653,6.653,0,0,1,3.327,7.05L13.993.892A6.652,6.652,0,0,1,23.08,3.327l6.158,10.665A6.653,6.653,0,0,1,26.8,23.08Z\" transform=\"translate(116.483 10.165)\" fill=\"#78eac4\" \/>\n\t\t\t\t\t\t\t\t\t<\/g>\n\t\t\t\t\t\t\t\t\t<path id=\"Path_158\" data-name=\"Path 158\" d=\"M14.049.875,16.988,9.14a1.327,1.327,0,0,0,.689.776l7.343,3.308a1.465,1.465,0,0,1,0,2.588L17.677,19.12a1.326,1.326,0,0,0-.689.776L14.049,28.16a1.192,1.192,0,0,1-2.3,0L8.81,19.9a1.327,1.327,0,0,0-.689-.776L.778,15.812a1.465,1.465,0,0,1,0-2.588L8.121,9.916A1.324,1.324,0,0,0,8.81,9.14L11.749.875A1.192,1.192,0,0,1,14.049.875Z\" transform=\"translate(16 16.306)\" fill=\"#cab4ef\" \/>\n\t\t\t\t\t\t\t\t\t<path id=\"Path_159\" data-name=\"Path 159\" d=\"M10.42.65,12.6,6.78a.983.983,0,0,0,.512.575l5.447,2.454a1.087,1.087,0,0,1,0,1.92l-5.447,2.454a.986.986,0,0,0-.512.575l-2.18,6.13a.884.884,0,0,1-1.705,0l-2.18-6.13a.983.983,0,0,0-.511-.575L.577,11.729a1.087,1.087,0,0,1,0-1.92L6.024,7.355a.985.985,0,0,0,.511-.575L8.715.65a.884.884,0,0,1,1.705,0Z\" transform=\"translate(129.357)\" fill=\"#ffc7b6\" \/>\n\t\t\t\t\t\t\t\t\t<circle id=\"Ellipse_21\" data-name=\"Ellipse 21\" cx=\"6.418\" cy=\"6.418\" r=\"6.418\" transform=\"translate(98.988 28.986) rotate(-22.514)\" fill=\"#8bb6ef\" \/>\n\t\t\t\t\t\t\t\t\t<circle id=\"Ellipse_22\" data-name=\"Ellipse 22\" cx=\"2.769\" cy=\"2.769\" r=\"2.769\" transform=\"translate(46.677 10.769)\" fill=\"#ef8bbd\" \/>\n\t\t\t\t\t\t\t\t\t<circle id=\"Ellipse_23\" data-name=\"Ellipse 23\" cx=\"2.769\" cy=\"2.769\" r=\"2.769\" transform=\"translate(160.893 53.079)\" fill=\"#ffe266\" \/>\n\t\t\t\t\t\t\t\t<\/g>\n\t\t\t\t\t\t\t<\/svg>\n\t\t\t\t\t\t<\/div>\n\t\t\t\t\t<\/div>\n\t\t\t\t\t<div class=\"col-md-6\">\n\t\t\t\t\t\t<div class=\"theme-card__content\">\n\t\t\t\t\t\t\t<h2 style=\"text-align: center;\">Commencez d\u00e8s aujourd\u2019hui avec Simple-Simon<\/h2>\n<h3 style=\"text-align: center;\">Lancez une d\u00e9mo ou essayez gratuitement pendant 2 semaines.<\/h3>\n<p style=\"text-align: center;\">Complet pour <a href=\"https:\/\/simple-simon.com\/prijzen\/\"><span class=\"ss-price\" data-attr=\"default\">\u20ac27,50<\/span>\u00a0 par mois par utilisateur !<\/a><\/p>\n<p style=\"text-align: center;\"><a class=\"theme-btn theme-btn__orange-gradient\" href=\"https:\/\/app.simple-simon.net\/Login\/Signup\/Trial.aspx?lang=nl\" target=\"_blank\" rel=\"noopener\">Essayez gratuitement<\/a><a class=\"theme-btn theme-btn__orange-gradient\" href=\"https:\/\/simple-simon.com\/plan-een-live-demo\/\">Planifiez une d\u00e9mo<\/a><\/p>\n\t\t\t\t\t\t<\/div>\n\t\t\t\t\t<\/div>\n\t\t\t\t\t<div class=\"col-md-3\">\n\t\t\t\t\t\t<div class=\"theme-card__content quote\">\n\t\t\t\t\t\t\t<p><em>\u00ab\u00a0Notre entreprise utilise cette application depuis tr\u00e8s longtemps et maintenant qu\u2019il y a une nouvelle version 2.0, elle fonctionne encore mieux. Un grand merci !\u202f\u00a0\u00bb<\/em><\/p>\n<p><strong>Aktie Totaalinstallateurs B.V.<\/strong><\/p>\n<span class=\"rating-wrapper\"><div class=\"star-ratings\"><div class=\"fill-ratings\" style=\"width: 96%;\"><span>\u2605\u2605\u2605\u2605\u2605<\/span><\/div><div class=\"empty-ratings\"><span>\u2605\u2605\u2605\u2605\u2605<\/span><\/div><\/div> 4.8\/5 not\u00e9<\/span>\n<p><a href=\"https:\/\/apps.apple.com\/nl\/app\/simple-simon-field-service\/id897884395\" target=\"_blank\" rel=\"noopener\"><img loading=\"lazy\" decoding=\"async\" class=\"alignnone\" src=\"\/wp-content\/uploads\/2024\/04\/appstore.png\" alt=\"\" width=\"180\" height=\"46\" \/><\/a> <a href=\"https:\/\/play.google.com\/store\/apps\/details?id=com.mobileop\" target=\"_blank\" rel=\"noopener\"><img loading=\"lazy\" decoding=\"async\" class=\"alignnone\" src=\"\/wp-content\/uploads\/2024\/04\/playstore.png\" alt=\"\" width=\"180\" height=\"46\" \/><\/a><\/p>\n\t\t\t\t\t\t<\/div>\n\t\t\t\t\t<\/div>\n\t\t\t\t<\/div>\n\t\t\t<\/div>\n\t\t<\/div>\n\t<\/div>\n<\/section>\n","protected":false},"excerpt":{"rendered":"","protected":false},"author":9,"featured_media":0,"parent":0,"menu_order":0,"comment_status":"closed","ping_status":"closed","template":"","meta":{"_acf_changed":false,"inline_featured_image":false,"footnotes":""},"tags":[],"class_list":["post-12384","page","type-page","status-publish","hentry"],"acf":[],"aioseo_notices":[],"_links":{"self":[{"href":"https:\/\/simple-simon.com\/fr\/wp-json\/wp\/v2\/pages\/12384","targetHints":{"allow":["GET"]}}],"collection":[{"href":"https:\/\/simple-simon.com\/fr\/wp-json\/wp\/v2\/pages"}],"about":[{"href":"https:\/\/simple-simon.com\/fr\/wp-json\/wp\/v2\/types\/page"}],"author":[{"embeddable":true,"href":"https:\/\/simple-simon.com\/fr\/wp-json\/wp\/v2\/users\/9"}],"replies":[{"embeddable":true,"href":"https:\/\/simple-simon.com\/fr\/wp-json\/wp\/v2\/comments?post=12384"}],"version-history":[{"count":2,"href":"https:\/\/simple-simon.com\/fr\/wp-json\/wp\/v2\/pages\/12384\/revisions"}],"predecessor-version":[{"id":15033,"href":"https:\/\/simple-simon.com\/fr\/wp-json\/wp\/v2\/pages\/12384\/revisions\/15033"}],"wp:attachment":[{"href":"https:\/\/simple-simon.com\/fr\/wp-json\/wp\/v2\/media?parent=12384"}],"wp:term":[{"taxonomy":"post_tag","embeddable":true,"href":"https:\/\/simple-simon.com\/fr\/wp-json\/wp\/v2\/tags?post=12384"}],"curies":[{"name":"wp","href":"https:\/\/api.w.org\/{rel}","templated":true}]}}