{"id":12354,"date":"2024-11-05T13:15:25","date_gmt":"2024-11-05T13:15:25","guid":{"rendered":"https:\/\/simple-simon.com\/a-propos-de-simple-simon\/"},"modified":"2025-12-29T12:14:59","modified_gmt":"2025-12-29T12:14:59","slug":"a-propos-de-simple-simon","status":"publish","type":"page","link":"https:\/\/simple-simon.com\/fr\/a-propos-de-simple-simon\/","title":{"rendered":"\u00c0 propos de Simple-Simon"},"content":{"rendered":"\n\n\n<section class=\"theme-section theme-hero__wrapper theme-p-sm text__light \">\n\t<div class=\"theme-wrapper theme-element bl bg__dark-blue \">\n\t\t\t\t\t<div class=\"theme-hero__img-partial\">\n\t\t\t\t\t\t\t<\/div>\n\t\t\t\t<div class=\"container\">\n\t\t\t<div class=\"row justify-content-between\">\n\t\t\t\t<div class=\"col-xl-6\">\n\t\t\t\t\t<div class=\"theme-hero__content\">\n\t\t\t\t\t\t<h1>\u00c0 propos de Simple-Simon : une prise en main directe de votre service sur le terrain<\/h1>\n<p>Bienvenue chez Simple-Simon! Fond\u00e9 en 2005 par Bart Peters apr\u00e8s des ann\u00e9es d&rsquo;exp\u00e9rience sur le terrain. Une entreprise SaaS avec plus de 25 \u00ab\u00a0Simons\u00a0\u00bb et \u00ab\u00a0Simones\u00a0\u00bb pr\u00eats \u00e0 rendre l&rsquo;administration de votre service sur le terrain simple, intuitive et efficace!<\/p>\n\t\t\t\t\t<\/div>\n\t\t\t\t<\/div>\n\t\t\t\t\t\t\t\t\n\t\t\t\t\t\t\t<\/div>\n\n\t\t<\/div>\n\n\n\t<\/div>\n<\/section>\n\t<section class=\"theme-section theme-split theme-content-variable active text-right theme-p-sm\">\n\t\t<div class=\"theme-content-variable__row theme-content-variable__card theme-wrapper\">\n\t\t\t<div class=\"container-fluid\">\n\t\t\t\t<div class=\"row justify-content-md-between align-items-center\">\n\t\t\t\t\t<div class=\"col-md-5 p-0 \">\n\t\t\t\t\t\t<div class=\"theme-content-variable__card-img img-no-scale\">\n\t\t\t\t\t\t\t<img decoding=\"async\" src=\"https:\/\/simple-simon.com\/wp-content\/uploads\/2024\/12\/Bart-Sr-SQ-Blue.png\" alt=\"\">\n\t\t\t\t\t\t\t\t\t\t\t\t\t<\/div>\n\t\t\t\t\t<\/div>\n\t\t\t\t\t<div class=\"col-md-6 \">\n\t\t\t\t\t\t<div class=\"theme-content-variable__row-content theme-content-variable__card-content text-right \">\n\t\t\t\t\t\t\t<h2>La gen\u00e8se de Simple-Simon<\/h2>\n<p>En 2005, Bart Peters a d\u00e9but\u00e9 dans un grenier avec un objectif clair : <em>d\u00e9velopper une solution simple pour les services sur le terrain.<\/em><\/p>\n<p>Ce qui avait commenc\u00e9 modestement est devenu un grand projet. Aujourd&rsquo;hui, Simple-Simon op\u00e8re depuis des bureaux chaleureux situ\u00e9s au Verdunplein 15, avec une \u00e9quipe enthousiaste de plus de 25 coll\u00e8gues repr\u00e9sentant plus de 10 nationalit\u00e9s diff\u00e9rentes. Ensemble, nous continuons \u00e0 construire la solution la plus intelligente et la plus simple pour les services sur le terrain.<\/p>\n\n\t\t\t\t\t\t\t\t\t\t\t\t\t<\/div>\n\t\t\t\t\t<\/div>\n\t\t\t\t<\/div>\n\t\t\t<\/div>\n\t\t<\/div>\n\t<\/section>\n\t<section class=\"theme-section theme-split theme-content-variable active text-left theme-p-sm\">\n\t\t<div class=\"theme-content-variable__row theme-content-variable__card theme-wrapper\">\n\t\t\t<div class=\"container-fluid\">\n\t\t\t\t<div class=\"row justify-content-md-between \">\n\t\t\t\t\t<div class=\"col-md-5 p-0 order-md-2 order-1\">\n\t\t\t\t\t\t<div class=\"theme-content-variable__card-img img-scale\">\n\t\t\t\t\t\t\t<img decoding=\"async\" src=\"https:\/\/simple-simon.com\/wp-content\/uploads\/2024\/10\/Kalina-website-pictures-43.png\" alt=\"\">\n\t\t\t\t\t\t\t\t\t\t\t\t\t<\/div>\n\t\t\t\t\t<\/div>\n\t\t\t\t\t<div class=\"col-md-6 order-md-1 order-2\">\n\t\t\t\t\t\t<div class=\"theme-content-variable__row-content theme-content-variable__card-content text-left \">\n\t\t\t\t\t\t\t<h2>La mission de Simple-Simon<\/h2>\n<p data-start=\"125\" data-end=\"381\"><strong data-start=\"125\" data-end=\"187\">Notre mission est simple : une prise en main directe de votre service sur le terrain.<\/strong><br data-start=\"187\" data-end=\"190\" \/>Avec Simple-Simon, nous veillons \u00e0 ce que l&rsquo;administration du service sur le terrain soit efficace et sans effort. Pas de complexit\u00e9 inutile, mais un logiciel simple qui fait ce qu&rsquo;il doit faire. Pour toujours garder cette mission \u00e0 l&rsquo;esprit, nous avons des valeurs fondamentales claires:<\/p>\n<p data-start=\"383\" data-end=\"545\"><strong>Simple d&rsquo;utilisation, mais riche en fonctionnalit\u00e9s.<\/strong><br data-start=\"426\" data-end=\"429\" \/>Simon est clair et intuitif, mais il est plein de fonctions intelligentes qui aident vraiment votre service sur le terrain \u00e0 progresser. Chaque \u00e9tape que nous franchissons doit rester simple.<\/p>\n<p data-start=\"547\" data-end=\"699\"><strong>Ce que vous voyez est ce que vous obtenez?<\/strong><br data-start=\"580\" data-end=\"583\" \/>Chez nous, pas de trucs commerciaux ou de cases cach\u00e9es. Vous savez exactement ce que vous obtenez : de la transparence et de l&rsquo;honn\u00eatet\u00e9.<\/p>\n<p data-start=\"701\" data-end=\"895\"><strong>Nous ne vous laissons pas seul.<\/strong><br data-start=\"744\" data-end=\"747\" \/>Notre \u00e9quipe jeune et enthousiaste offre un support de mise en \u0153uvre professionnel et r\u00e9fl\u00e9chit avec vous pour que vous puissiez commencer rapidement et sans souci.<\/p>\n<p data-start=\"897\" data-end=\"1082\"><strong data-start=\"897\" data-end=\"947\">Un partenaire fiable \u00e0 long terme.<\/strong><br data-start=\"947\" data-end=\"950\" \/>Nous construisons des relations, pas des argumentaires de vente. Simon grandit avec vous et continue de soutenir votre service sur le terrain, jour apr\u00e8s jour.<\/p>\n<p data-start=\"897\" data-end=\"1082\">Vous voulez en savoir plus sur Simple-Simon et comment nous pouvons renforcer votre service sur le terrain ? N&rsquo;h\u00e9sitez pas \u00e0 nous contacter!<\/p>\n\n\t\t\t\t\t\t\t\t\t\t\t\t\t<\/div>\n\t\t\t\t\t<\/div>\n\t\t\t\t<\/div>\n\t\t\t<\/div>\n\t\t<\/div>\n\t<\/section>    <div class=\"wrapper theme-pb\">\n        <div class=\"container container__small\">\n            <div class=\"row justify-content-center\">\n                                            <div class=\"col-xs-12 col-sm-12 col-md-4 col-lg-4\">\n                            <div class=\"rounded-img\"><p>&nbsp;<\/p>\n<p><img loading=\"lazy\" decoding=\"async\" class=\"aligncenter wp-image-6434\" src=\"https:\/\/simple-simon.com\/wp-content\/uploads\/2025\/03\/Flexibel-projectwerk.svg\" alt=\"Flexibel projectwerk\" width=\"100\" height=\"94\" \/><\/p>\n<h3 style=\"text-align: center;\">10 000+ utilisateurs<\/h3>\n<\/div>                            <\/div>\n                                                    <div class=\"col-xs-12 col-sm-12 col-md-4 col-lg-4\">\n                            <div class=\"rounded-img\"><p>&nbsp;<\/p>\n<p><img loading=\"lazy\" decoding=\"async\" class=\"aligncenter wp-image-6468\" src=\"https:\/\/simple-simon.com\/wp-content\/uploads\/2025\/03\/Automatische-afspraakbevestiging.svg\" alt=\"Automatische afspraakbevestiging\" width=\"100\" height=\"94\" \/><\/p>\n<h3 style=\"text-align: center;\"><b data-path-to-node=\"1\" data-index-in-node=\"21\">10 pays<\/b><\/h3>\n<\/div>                            <\/div>\n                                                    <div class=\"col-xs-12 col-sm-12 col-md-4 col-lg-4\">\n                            <div class=\"rounded-img\"><p>&nbsp;<\/p>\n<p style=\"text-align: center;\"><img loading=\"lazy\" decoding=\"async\" class=\"aligncenter wp-image-6223\" src=\"https:\/\/simple-simon.com\/wp-content\/uploads\/2024\/09\/Field-service-management.svg\" alt=\"Field service management\" width=\"100\" height=\"94\" \/><\/p>\n<h3 style=\"text-align: center;\">30+ secteurs<\/h3>\n<\/div>                            <\/div>\n                                      \n            <\/div>\n        <\/div>\n    <\/div>\n\n\t<section class=\"theme-section theme-split theme-content-variable active text-right theme-p-sm\">\n\t\t<div class=\"theme-content-variable__row theme-content-variable__card theme-wrapper\">\n\t\t\t<div class=\"container-fluid\">\n\t\t\t\t<div class=\"row justify-content-md-between \">\n\t\t\t\t\t<div class=\"col-md-5 p-0 \">\n\t\t\t\t\t\t<div class=\"theme-content-variable__card-img img-scale\">\n\t\t\t\t\t\t\t<img decoding=\"async\" src=\"https:\/\/simple-simon.com\/wp-content\/uploads\/2025\/07\/Question-Png.png\" alt=\"\">\n\t\t\t\t\t\t\t\t\t\t\t\t\t<\/div>\n\t\t\t\t\t<\/div>\n\t\t\t\t\t<div class=\"col-md-6 \">\n\t\t\t\t\t\t<div class=\"theme-content-variable__row-content theme-content-variable__card-content text-right \">\n\t\t\t\t\t\t\t<h2>Pourquoi le nom Simple-Simon ?<\/h2>\n<p><strong>Simple Simon n&rsquo;est pas \u00ab\u00a0simple\u00a0\u00bb dans ce qu&rsquo;il peut faire, mais dans la mani\u00e8re dont vous l&rsquo;utilisez.<\/strong><br data-start=\"181\" data-end=\"184\" \/>Nous aimons que les choses soient claires et faciles, sans fioritures. Pour nous, \u00ab\u00a0simple\u00a0\u00bb signifie : accessible, abordable et enti\u00e8rement personnalisable selon vos besoins.<\/p>\n<p><strong data-start=\"352\" data-end=\"406\">Simon est votre assistant intelligent sur le terrain.<\/strong><br data-start=\"406\" data-end=\"409\" \/>Il vous aide \u00e0 travailler plus efficacement, vous soulage des t\u00e2ches fastidieuses et rend votre journ\u00e9e de travail beaucoup plus l\u00e9g\u00e8re. Derri\u00e8re Simon se cachent des ann\u00e9es de savoir-faire et de d\u00e9vouement de notre \u00e9quipe, et il est impatient de se retrousser les manches avec vous.<\/p>\n\n\t\t\t\t\t\t\t\t\t\t\t\t\t<\/div>\n\t\t\t\t\t<\/div>\n\t\t\t\t<\/div>\n\t\t\t<\/div>\n\t\t<\/div>\n\t<\/section>\n\t<section class=\"theme-section theme-split theme-content-variable active text-left theme-p-sm\">\n\t\t<div class=\"theme-content-variable__row theme-content-variable__card theme-wrapper\">\n\t\t\t<div class=\"container-fluid\">\n\t\t\t\t<div class=\"row justify-content-md-between align-items-center\">\n\t\t\t\t\t<div class=\"col-md-5 p-0 order-md-2 order-1\">\n\t\t\t\t\t\t<div class=\"theme-content-variable__card-img img-no-scale\">\n\t\t\t\t\t\t\t<img decoding=\"async\" src=\"https:\/\/simple-simon.com\/wp-content\/uploads\/2025\/07\/Integration-Animation.gif\" alt=\"\">\n\t\t\t\t\t\t\t\t\t\t\t\t\t<\/div>\n\t\t\t\t\t<\/div>\n\t\t\t\t\t<div class=\"col-md-6 order-md-1 order-2\">\n\t\t\t\t\t\t<div class=\"theme-content-variable__row-content theme-content-variable__card-content text-left \">\n\t\t\t\t\t\t\t<h2>Ensemble, vous \u00eates plus fort<\/h2>\n<p>Simple-Simon est bon dans ce qu&rsquo;il fait et ose l\u00e2cher les r\u00eanes l\u00e0 o\u00f9 d&rsquo;autres ont d\u00e9j\u00e0 fait leurs preuves. C&rsquo;est pourquoi nous proposons plus de 80 int\u00e9grations avec des syst\u00e8mes CRM et ERP existants. \u00ab\u00a0Cliquez et c&rsquo;est pr\u00eat\u00a0\u00bb, op\u00e9rationnel en quelques minutes. De cette fa\u00e7on, nous restons fid\u00e8les \u00e0 notre mission de rendre votre service sur le terrain plus facile, plut\u00f4t que plus difficile!<\/p>\n\n\t\t\t\t\t\t\t\t\t\t\t\t\t<\/div>\n\t\t\t\t\t<\/div>\n\t\t\t\t<\/div>\n\t\t\t<\/div>\n\t\t<\/div>\n\t<\/section>\n\t<section class=\"theme-section theme-split theme-content-variable active text-right theme-p-sm\">\n\t\t<div class=\"theme-content-variable__row theme-content-variable__card theme-wrapper\">\n\t\t\t<div class=\"container-fluid\">\n\t\t\t\t<div class=\"row justify-content-md-between align-items-center\">\n\t\t\t\t\t<div class=\"col-md-5 p-0 \">\n\t\t\t\t\t\t<div class=\"theme-content-variable__card-img img-no-scale\">\n\t\t\t\t\t\t\t<img decoding=\"async\" src=\"https:\/\/simple-simon.com\/wp-content\/uploads\/2025\/07\/Kalina-website-pictures-6-scaled.jpg\" alt=\"\">\n\t\t\t\t\t\t\t\t\t\t\t\t\t<\/div>\n\t\t\t\t\t<\/div>\n\t\t\t\t\t<div class=\"col-md-6 \">\n\t\t\t\t\t\t<div class=\"theme-content-variable__row-content theme-content-variable__card-content text-right \">\n\t\t\t\t\t\t\t<h2>Simon ne conna\u00eet pas de fronti\u00e8res<\/h2>\n<p>Avec une \u00e9quipe internationale, Simon est un v\u00e9ritable globe-trotter. Simple-Simon est actif dans plus de 5 pays et nous saisissons toutes les occasions d&rsquo;aider de nouveaux endroits \u00e0 rendre leur administration de service sur le terrain plus efficace. La langue de travail au bureau de Simple-Simon est l&rsquo;anglais, mais nos id\u00e9aux sont bas\u00e9s sur la franchise n\u00e9erlandaise. Pourquoi faire compliqu\u00e9, quand on peut faire simple?<\/p>\n\n\t\t\t\t\t\t\t\t\t\t\t\t\t<\/div>\n\t\t\t\t\t<\/div>\n\t\t\t\t<\/div>\n\t\t\t<\/div>\n\t\t<\/div>\n\t<\/section>\n\t<section class=\"theme-section theme-split theme-content-variable active text-left theme-p-sm\">\n\t\t<div class=\"theme-content-variable__row theme-content-variable__card theme-wrapper\">\n\t\t\t<div class=\"container-fluid\">\n\t\t\t\t<div class=\"row justify-content-md-between align-items-center\">\n\t\t\t\t\t<div class=\"col-md-5 p-0 order-md-2 order-1\">\n\t\t\t\t\t\t<div class=\"theme-content-variable__card-img img-no-scale\">\n\t\t\t\t\t\t\t<img decoding=\"async\" src=\"https:\/\/simple-simon.com\/wp-content\/uploads\/2024\/10\/Laura-website-pictures-5.png\" alt=\"\">\n\t\t\t\t\t\t\t\t\t\t\t\t\t<\/div>\n\t\t\t\t\t<\/div>\n\t\t\t\t\t<div class=\"col-md-6 order-md-1 order-2\">\n\t\t\t\t\t\t<div class=\"theme-content-variable__row-content theme-content-variable__card-content text-left \">\n\t\t\t\t\t\t\t<h2>Les avantages de Simple-Simon<\/h2>\n<p>Simple-Simon offre plusieurs avantages pour les entreprises avec un service sur le terrain:<\/p>\n<ul>\n<li>Convivialit\u00e9 : le logiciel est si intuitif que vous savez ce que vous devez faire en un coup d&rsquo;\u0153il.<\/li>\n<li>Int\u00e9gration : se connecte parfaitement \u00e0 vos syst\u00e8mes administratifs actuels.<\/li>\n<li>Flexibilit\u00e9 : fonctionne sur diff\u00e9rents appareils, m\u00eame sans Internet.<\/li>\n<li>\u00c9conomies : pas besoin de mat\u00e9riel co\u00fbteux ou de longues formations.<\/li>\n<li>Mise en \u0153uvre rapide : pas de consultants qui ont besoin de semaines ou de mois pour tout expliquer.<\/li>\n<li>Vue d&rsquo;ensemble facile : une meilleure visibilit\u00e9 de vos activit\u00e9s, automatiquement.<\/li>\n<li>Service personnalis\u00e9 : une \u00e9quipe de support pr\u00eate \u00e0 vous aider en cas de difficult\u00e9s<\/li>\n<\/ul>\n\n\t\t\t\t\t\t\t\t\t\t\t\t\t<\/div>\n\t\t\t\t\t<\/div>\n\t\t\t\t<\/div>\n\t\t\t<\/div>\n\t\t<\/div>\n\t<\/section>\n\n\n\n<section class=\"theme-section theme-m-sm-t\">\n\n\t<div class=\"theme-cta\">\n\n\t\t<div class=\"theme-cta__icon\">\n\t\t\t\n\t\t<\/div>\n\t\t<div class=\" theme-card bg__purple theme-element tr\">\n\t\t\t<div class=\"container\">\n\t\t\t\t<div class=\"row\">\n\t\t\t\t\t<div class=\"col-md-3\">\n\t\t\t\t\t\t<div class=\"theme-card__icon\">\n\t\t\t\t\t\t\t<svg xmlns=\"http:\/\/www.w3.org\/2000\/svg\" width=\"178.145\" height=\"175.046\" viewBox=\"0 0 178.145 175.046\">\n\t\t\t\t\t\t\t\t<g id=\"confetti\" transform=\"translate(0 175.046) rotate(-90)\">\n\t\t\t\t\t\t\t\t\t<g id=\"Group_313\" data-name=\"Group 313\" transform=\"translate(0 43.062)\">\n\t\t\t\t\t\t\t\t\t\t<g id=\"Group_310\" data-name=\"Group 310\" transform=\"translate(0 67.058)\">\n\t\t\t\t\t\t\t\t\t\t\t<path id=\"Path_149\" data-name=\"Path 149\" d=\"M67.368,51.75a8.969,8.969,0,0,1-3.86,2.185l-13.8,3.773A14.6,14.6,0,0,1,35.3,53.81l-7.216-7.515A14.6,14.6,0,0,1,24.78,31.741l4.463-14.668L11.391,21.688A9.011,9.011,0,0,1,6.637,4.3L20.433.53a14.6,14.6,0,0,1,14.407,3.9l7.216,7.515A14.6,14.6,0,0,1,45.365,26.5L40.2,41.3l18.552-4.751a9.012,9.012,0,0,1,8.614,15.2Z\" fill=\"#8bb6ef\" \/>\n\t\t\t\t\t\t\t\t\t\t\t<path id=\"Path_150\" data-name=\"Path 150\" d=\"M5.166,3.933,4.7,5.478.7,18.6a14.654,14.654,0,0,0,1.9,12.841c4.076-.932,9.5-2.113,13.517-3.281l.662-1.9,4.5-12.907A14.637,14.637,0,0,0,19,0C14.9,1.221,9.292,2.776,5.166,3.933Z\" transform=\"translate(24.078 13.14)\" fill=\"#8388ef\" \/>\n\t\t\t\t\t\t\t\t\t\t<\/g>\n\t\t\t\t\t\t\t\t\t\t<g id=\"Group_311\" data-name=\"Group 311\" transform=\"translate(120.708 54.09)\">\n\t\t\t\t\t\t\t\t\t\t\t<path id=\"Path_151\" data-name=\"Path 151\" d=\"M5.655,66.748a8.967,8.967,0,0,0,4.4.587l14.207-1.65A14.594,14.594,0,0,0,36.17,56.691l3.889-9.665A14.6,14.6,0,0,0,37.7,32.288L28.08,20.347l18.285-2.383A9.012,9.012,0,0,0,44.286.061L30.079,1.71A14.6,14.6,0,0,0,18.168,10.7L14.279,20.37a14.6,14.6,0,0,0,2.363,14.737L26.958,46.914,7.973,49.432A9.013,9.013,0,0,0,5.655,66.748Z\" fill=\"#a183e2\" \/>\n\t\t\t\t\t\t\t\t\t\t\t<path id=\"Path_152\" data-name=\"Path 152\" d=\"M14.835,0l1.013,1.258,8.6,10.684a14.654,14.654,0,0,1,3.026,12.625c-4.13.657-9.6,1.585-13.765,2L12.39,25.054,3.4,14.76A14.636,14.636,0,0,1,.528,1.516C4.8,1.115,10.575.467,14.835,0Z\" transform=\"translate(13.245 20.347)\" fill=\"#9762e2\" \/>\n\t\t\t\t\t\t\t\t\t\t<\/g>\n\t\t\t\t\t\t\t\t\t\t<g id=\"Group_312\" data-name=\"Group 312\" transform=\"translate(52.214)\">\n\t\t\t\t\t\t\t\t\t\t\t<path id=\"Path_153\" data-name=\"Path 153\" d=\"M34,77.345a8.969,8.969,0,0,0,3.417-2.828l8.441-11.546a14.6,14.6,0,0,0,1.492-14.85L42.9,38.7a14.6,14.6,0,0,0-12.42-8.278l-15.3-1.056L25.855,14.33A9.011,9.011,0,0,0,11.306,3.693L2.865,15.24A14.6,14.6,0,0,0,1.373,30.09l4.45,9.42a14.6,14.6,0,0,0,12.419,8.278l15.672.452L22.865,63.881A9.013,9.013,0,0,0,34,77.345Z\" fill=\"#ffa585\" \/>\n\t\t\t\t\t\t\t\t\t\t\t<path id=\"Path_154\" data-name=\"Path 154\" d=\"M7.757,1.274,8.607,0,23.9,1.056a14.654,14.654,0,0,1,11.32,6.356c-2.066,3.092-4.251,6.1-6.485,9.078a12.13,12.13,0,0,0-1.4,2.383l-15.672-.452A14.638,14.638,0,0,1,0,11.528C2.605,8.124,5.205,4.717,7.757,1.274Z\" transform=\"translate(6.575 29.367)\" fill=\"#ef7c85\" \/>\n\t\t\t\t\t\t\t\t\t\t<\/g>\n\t\t\t\t\t\t\t\t\t\t<path id=\"Path_155\" data-name=\"Path 155\" d=\"M10.079,19.979,2.523,16.2A4.564,4.564,0,0,1,.483,10.079L4.261,2.523A4.563,4.563,0,0,1,10.383.483l7.556,3.778a4.563,4.563,0,0,1,2.041,6.122L16.2,17.938A4.563,4.563,0,0,1,10.079,19.979Z\" transform=\"translate(11.979 30.062)\" fill=\"#ffe266\" \/>\n\t\t\t\t\t\t\t\t\t\t<path id=\"Path_156\" data-name=\"Path 156\" d=\"M3.311,2.5,11.433.177a4.563,4.563,0,0,1,5.641,3.134l2.32,8.123a4.563,4.563,0,0,1-3.134,5.641L8.138,19.4A4.563,4.563,0,0,1,2.5,16.261L.177,8.138A4.564,4.564,0,0,1,3.311,2.5Z\" transform=\"translate(82.049 115.511)\" fill=\"#ef8bbd\" \/>\n\t\t\t\t\t\t\t\t\t\t<path id=\"Path_157\" data-name=\"Path 157\" d=\"M26.8,23.08,16.138,29.238A6.652,6.652,0,0,1,7.05,26.8L.892,16.138A6.653,6.653,0,0,1,3.327,7.05L13.993.892A6.652,6.652,0,0,1,23.08,3.327l6.158,10.665A6.653,6.653,0,0,1,26.8,23.08Z\" transform=\"translate(116.483 10.165)\" fill=\"#78eac4\" \/>\n\t\t\t\t\t\t\t\t\t<\/g>\n\t\t\t\t\t\t\t\t\t<path id=\"Path_158\" data-name=\"Path 158\" d=\"M14.049.875,16.988,9.14a1.327,1.327,0,0,0,.689.776l7.343,3.308a1.465,1.465,0,0,1,0,2.588L17.677,19.12a1.326,1.326,0,0,0-.689.776L14.049,28.16a1.192,1.192,0,0,1-2.3,0L8.81,19.9a1.327,1.327,0,0,0-.689-.776L.778,15.812a1.465,1.465,0,0,1,0-2.588L8.121,9.916A1.324,1.324,0,0,0,8.81,9.14L11.749.875A1.192,1.192,0,0,1,14.049.875Z\" transform=\"translate(16 16.306)\" fill=\"#cab4ef\" \/>\n\t\t\t\t\t\t\t\t\t<path id=\"Path_159\" data-name=\"Path 159\" d=\"M10.42.65,12.6,6.78a.983.983,0,0,0,.512.575l5.447,2.454a1.087,1.087,0,0,1,0,1.92l-5.447,2.454a.986.986,0,0,0-.512.575l-2.18,6.13a.884.884,0,0,1-1.705,0l-2.18-6.13a.983.983,0,0,0-.511-.575L.577,11.729a1.087,1.087,0,0,1,0-1.92L6.024,7.355a.985.985,0,0,0,.511-.575L8.715.65a.884.884,0,0,1,1.705,0Z\" transform=\"translate(129.357)\" fill=\"#ffc7b6\" \/>\n\t\t\t\t\t\t\t\t\t<circle id=\"Ellipse_21\" data-name=\"Ellipse 21\" cx=\"6.418\" cy=\"6.418\" r=\"6.418\" transform=\"translate(98.988 28.986) rotate(-22.514)\" fill=\"#8bb6ef\" \/>\n\t\t\t\t\t\t\t\t\t<circle id=\"Ellipse_22\" data-name=\"Ellipse 22\" cx=\"2.769\" cy=\"2.769\" r=\"2.769\" transform=\"translate(46.677 10.769)\" fill=\"#ef8bbd\" \/>\n\t\t\t\t\t\t\t\t\t<circle id=\"Ellipse_23\" data-name=\"Ellipse 23\" cx=\"2.769\" cy=\"2.769\" r=\"2.769\" transform=\"translate(160.893 53.079)\" fill=\"#ffe266\" \/>\n\t\t\t\t\t\t\t\t<\/g>\n\t\t\t\t\t\t\t<\/svg>\n\t\t\t\t\t\t<\/div>\n\t\t\t\t\t<\/div>\n\t\t\t\t\t<div class=\"col-md-6\">\n\t\t\t\t\t\t<div class=\"theme-card__content\">\n\t\t\t\t\t\t\t<h2 style=\"text-align: center;\">Commencez d\u00e8s aujourd\u2019hui avec Simple-Simon<\/h2>\n<h3 style=\"text-align: center;\">Lancez une d\u00e9mo ou essayez gratuitement pendant 2 semaines.<\/h3>\n<p style=\"text-align: center;\">Complet pour <a href=\"https:\/\/simple-simon.com\/prijzen\/\"><span class=\"ss-price\" data-attr=\"default\">\u20ac27,50<\/span>\u00a0 par mois par utilisateur !<\/a><\/p>\n<p style=\"text-align: center;\"><a class=\"theme-btn theme-btn__orange-gradient\" href=\"https:\/\/app.simple-simon.net\/Login\/Signup\/Trial.aspx?lang=nl\" target=\"_blank\" rel=\"noopener\">Essayez gratuitement<\/a><a class=\"theme-btn theme-btn__orange-gradient\" href=\"https:\/\/simple-simon.com\/plan-een-live-demo\/\">Planifiez une d\u00e9mo<\/a><\/p>\n\t\t\t\t\t\t<\/div>\n\t\t\t\t\t<\/div>\n\t\t\t\t\t<div class=\"col-md-3\">\n\t\t\t\t\t\t<div class=\"theme-card__content quote\">\n\t\t\t\t\t\t\t<p><em>\u00ab\u00a0Notre entreprise utilise cette application depuis tr\u00e8s longtemps et maintenant qu\u2019il y a une nouvelle version 2.0, elle fonctionne encore mieux. Un grand merci !\u202f\u00a0\u00bb<\/em><\/p>\n<p><strong>Aktie Totaalinstallateurs B.V.<\/strong><\/p>\n<span class=\"rating-wrapper\"><div class=\"star-ratings\"><div class=\"fill-ratings\" style=\"width: 96%;\"><span>\u2605\u2605\u2605\u2605\u2605<\/span><\/div><div class=\"empty-ratings\"><span>\u2605\u2605\u2605\u2605\u2605<\/span><\/div><\/div> 4.8\/5 not\u00e9<\/span>\n<p><a href=\"https:\/\/apps.apple.com\/nl\/app\/simple-simon-field-service\/id897884395\" target=\"_blank\" rel=\"noopener\"><img loading=\"lazy\" decoding=\"async\" class=\"alignnone\" src=\"\/wp-content\/uploads\/2024\/04\/appstore.png\" alt=\"\" width=\"180\" height=\"46\" \/><\/a> <a href=\"https:\/\/play.google.com\/store\/apps\/details?id=com.mobileop\" target=\"_blank\" rel=\"noopener\"><img loading=\"lazy\" decoding=\"async\" class=\"alignnone\" src=\"\/wp-content\/uploads\/2024\/04\/playstore.png\" alt=\"\" width=\"180\" height=\"46\" \/><\/a><\/p>\n\t\t\t\t\t\t<\/div>\n\t\t\t\t\t<\/div>\n\t\t\t\t<\/div>\n\t\t\t<\/div>\n\t\t<\/div>\n\t<\/div>\n<\/section>\n","protected":false},"excerpt":{"rendered":"","protected":false},"author":12,"featured_media":0,"parent":0,"menu_order":0,"comment_status":"closed","ping_status":"closed","template":"","meta":{"_acf_changed":false,"inline_featured_image":false,"footnotes":""},"tags":[],"class_list":["post-12354","page","type-page","status-publish","hentry"],"acf":[],"aioseo_notices":[],"_links":{"self":[{"href":"https:\/\/simple-simon.com\/fr\/wp-json\/wp\/v2\/pages\/12354","targetHints":{"allow":["GET"]}}],"collection":[{"href":"https:\/\/simple-simon.com\/fr\/wp-json\/wp\/v2\/pages"}],"about":[{"href":"https:\/\/simple-simon.com\/fr\/wp-json\/wp\/v2\/types\/page"}],"author":[{"embeddable":true,"href":"https:\/\/simple-simon.com\/fr\/wp-json\/wp\/v2\/users\/12"}],"replies":[{"embeddable":true,"href":"https:\/\/simple-simon.com\/fr\/wp-json\/wp\/v2\/comments?post=12354"}],"version-history":[{"count":2,"href":"https:\/\/simple-simon.com\/fr\/wp-json\/wp\/v2\/pages\/12354\/revisions"}],"predecessor-version":[{"id":14694,"href":"https:\/\/simple-simon.com\/fr\/wp-json\/wp\/v2\/pages\/12354\/revisions\/14694"}],"wp:attachment":[{"href":"https:\/\/simple-simon.com\/fr\/wp-json\/wp\/v2\/media?parent=12354"}],"wp:term":[{"taxonomy":"post_tag","embeddable":true,"href":"https:\/\/simple-simon.com\/fr\/wp-json\/wp\/v2\/tags?post=12354"}],"curies":[{"name":"wp","href":"https:\/\/api.w.org\/{rel}","templated":true}]}}