{"id":10074,"date":"2024-07-03T10:26:50","date_gmt":"2024-07-03T10:26:50","guid":{"rendered":"https:\/\/simple-simon.com\/les-integrations-cest-simple-non\/"},"modified":"2026-01-02T13:14:43","modified_gmt":"2026-01-02T13:14:43","slug":"les-integrations-cest-simple-non","status":"publish","type":"page","link":"https:\/\/simple-simon.com\/fr\/les-integrations-cest-simple-non\/","title":{"rendered":"Les int\u00e9grations, c\u2019est simple non ?"},"content":{"rendered":"\n\n\n<section class=\"theme-header-banner bg__blue text__white  theme-p-sm\">\n\t<div class=\"container\">\n\t\t<div class=\"row\">\n\t\t\t<div class=\"col-md-12\">\n\t\t\t\t<h1><strong data-start=\"40\" data-end=\"80\">Les int\u00e9grations, c\u2019est simple non ?<\/strong><\/h1>\n\t\t\t<\/div>\n\t\t<\/div>\n\t<\/div>\n<\/section>\n\n\n<section class=\"theme-content-wrapper theme-p\">\n\t<div class=\"container\">\n\t\t<div class=\"row\">\n\t\t\t<div class=\"col-md-6\">\n\t\t\t\t<div class=\"theme-content\">\n\t\t\t\t\t<h2 class=\"zw-paragraph heading0\" data-header=\"0\" data-margin-bottom=\"12pt\" data-hd-info=\"0\" data-line-height=\"1.2\" data-doc-id=\"1356964000000668021\" data-doc-type=\"writer\">La technologie derri\u00e8re les int\u00e9grations<\/h2>\n<p>En connectant votre compte Simple-Simon \u00e0 votre logiciel de comptabilit\u00e9 pr\u00e9f\u00e9r\u00e9, vous exploitez tout le potentiel de vos bons de travail tout en am\u00e9liorant l\u2019efficacit\u00e9 de vos processus. Chez Simple-Simon, une \u00e9quipe de 8 d\u00e9veloppeurs veille \u00e0 ce que nos int\u00e9grations soient toujours \u00e0 jour.<\/p>\n\t\t\t\t<\/div>\n\t\t\t<\/div>\n\t\t<\/div>\n\t<\/div>\n<\/section>\n\n\n\t<section class=\"theme-section theme-split theme-content-variable active text-right theme-p-sm\">\n\t\t<div class=\"theme-content-variable__row theme-content-variable__card theme-wrapper\">\n\t\t\t<div class=\"container-fluid\">\n\t\t\t\t<div class=\"row justify-content-md-between align-items-center\">\n\t\t\t\t\t<div class=\"col-md-5 p-0 \">\n\t\t\t\t\t\t<div class=\"theme-content-variable__card-img img-no-scale\">\n\t\t\t\t\t\t\t<img decoding=\"async\" src=\"https:\/\/simple-simon.com\/wp-content\/uploads\/2024\/07\/integratie-ontwikkelingen.png\" alt=\"\">\n\t\t\t\t\t\t\t\t\t\t\t\t\t<\/div>\n\t\t\t\t\t<\/div>\n\t\t\t\t\t<div class=\"col-md-6 \">\n\t\t\t\t\t\t<div class=\"theme-content-variable__row-content theme-content-variable__card-content text-right \">\n\t\t\t\t\t\t\t<p class=\"zw-paragraph heading0\" data-header=\"0\" data-textformat=\"{&quot;ff&quot;:&quot;Roboto&quot;,&quot;fv&quot;:&quot;normal&quot;,&quot;td&quot;:&quot;none&quot;,&quot;cs&quot;:&quot;0pt&quot;,&quot;fw&quot;:&quot;none&quot;,&quot;fgc&quot;:&quot;rgb(0, 0, 0)&quot;,&quot;size&quot;:&quot;12.00&quot;,&quot;va&quot;:&quot;baseline&quot;,&quot;fw_i&quot;:400,&quot;type&quot;:&quot;text&quot;,&quot;fs&quot;:&quot;normal&quot;,&quot;bgc&quot;:&quot;rgba(0, 0, 0, 0)&quot;}\" data-margin-bottom=\"12pt\" data-hd-info=\"0\" data-line-height=\"1.2\" data-doc-id=\"1356964000000668021\" data-doc-type=\"writer\"><strong>Comment Simple-Simon garantit-il le bon fonctionnement continu de ses int\u00e9grations ?<\/strong><\/p>\n<ol data-start=\"154\" data-end=\"1771\">\n<li data-start=\"154\" data-end=\"282\">\n<p data-start=\"157\" data-end=\"282\">Un serveur cloud d\u00e9di\u00e9, h\u00e9berg\u00e9 au sein de l\u2019infrastructure de Simon, est utilis\u00e9 pour ex\u00e9cuter le logiciel d\u2019int\u00e9gration ;<\/p>\n<\/li>\n<li data-start=\"283\" data-end=\"345\">\n<p data-start=\"286\" data-end=\"345\">Ce serveur b\u00e9n\u00e9ficie d\u2019un niveau de haute disponibilit\u00e9 ;<\/p>\n<\/li>\n<li data-start=\"346\" data-end=\"461\">\n<p data-start=\"349\" data-end=\"461\">Chaque ann\u00e9e, nous installons des certificats payants afin de chiffrer aussi bien les messages que le trafic ;<\/p>\n<\/li>\n<li data-start=\"462\" data-end=\"662\">\n<p data-start=\"465\" data-end=\"662\">Le serveur de base de donn\u00e9es sur lequel les donn\u00e9es sont stock\u00e9es est r\u00e9guli\u00e8rement mis \u00e0 jour. Il est essentiel de suivre ces mises \u00e0 jour pour garantir le bon fonctionnement des int\u00e9grations ;<\/p>\n<\/li>\n<li data-start=\"663\" data-end=\"907\">\n<p data-start=\"666\" data-end=\"907\">Nos partenaires proposent tous des API qu\u2019ils mettent \u00e0 jour r\u00e9guli\u00e8rement. Notre logiciel doit suivre pr\u00e9cis\u00e9ment ces \u00e9volutions. M\u00eame des modifications mineures n\u00e9cessitent des ajustements imm\u00e9diats, des tests et une mise en production ;<\/p>\n<\/li>\n<li data-start=\"908\" data-end=\"1004\">\n<p data-start=\"911\" data-end=\"1004\">Certains partenaires imposent des exigences strictes \u00e0 appliquer dans un d\u00e9lai tr\u00e8s court ;<\/p>\n<\/li>\n<li data-start=\"1005\" data-end=\"1155\">\n<p data-start=\"1008\" data-end=\"1155\">Des \u00e9volutions constantes ont lieu dans le domaine de l\u2019\u00e9change de donn\u00e9es, tant du c\u00f4t\u00e9 de nos partenaires d\u2019int\u00e9gration que chez Simple-Simon ;<\/p>\n<\/li>\n<li data-start=\"1156\" data-end=\"1305\">\n<p data-start=\"1159\" data-end=\"1305\">Les extensions fonctionnelles, qu\u2019elles proviennent de nos partenaires ou de Simple-Simon, n\u00e9cessitent des modifications dans les int\u00e9grations ;<\/p>\n<\/li>\n<li data-start=\"1306\" data-end=\"1473\">\n<p data-start=\"1309\" data-end=\"1473\">Nos int\u00e9grations varient de simples \u00e0 complexes. Notre \u00e9quipe support suit attentivement toutes les \u00e9volutions afin de pouvoir assister les clients efficacement ;<\/p>\n<\/li>\n<li data-start=\"1474\" data-end=\"1557\">\n<p data-start=\"1478\" data-end=\"1557\">Plus de 70 % de toutes les questions au support concernent les int\u00e9grations ;<\/p>\n<\/li>\n<li data-start=\"1558\" data-end=\"1677\">\n<p data-start=\"1562\" data-end=\"1677\">Certains partenaires exigent un audit annuel pour v\u00e9rifier que l\u2019int\u00e9gration respecte bien toutes les exigences ;<\/p>\n<\/li>\n<li data-start=\"1678\" data-end=\"1771\">\n<p data-start=\"1682\" data-end=\"1771\">Plusieurs partenaires facturent \u00e0 Simple-Simon des frais pour l\u2019utilisation de leurs API.<\/p>\n<\/li>\n<\/ol>\n\n\t\t\t\t\t\t\t\t\t\t\t\t\t<\/div>\n\t\t\t\t\t<\/div>\n\t\t\t\t<\/div>\n\t\t\t<\/div>\n\t\t<\/div>\n\t<\/section>","protected":false},"excerpt":{"rendered":"","protected":false},"author":12,"featured_media":0,"parent":0,"menu_order":0,"comment_status":"closed","ping_status":"closed","template":"","meta":{"_acf_changed":false,"inline_featured_image":false,"footnotes":""},"tags":[],"class_list":["post-10074","page","type-page","status-publish","hentry"],"acf":[],"aioseo_notices":[],"_links":{"self":[{"href":"https:\/\/simple-simon.com\/fr\/wp-json\/wp\/v2\/pages\/10074","targetHints":{"allow":["GET"]}}],"collection":[{"href":"https:\/\/simple-simon.com\/fr\/wp-json\/wp\/v2\/pages"}],"about":[{"href":"https:\/\/simple-simon.com\/fr\/wp-json\/wp\/v2\/types\/page"}],"author":[{"embeddable":true,"href":"https:\/\/simple-simon.com\/fr\/wp-json\/wp\/v2\/users\/12"}],"replies":[{"embeddable":true,"href":"https:\/\/simple-simon.com\/fr\/wp-json\/wp\/v2\/comments?post=10074"}],"version-history":[{"count":1,"href":"https:\/\/simple-simon.com\/fr\/wp-json\/wp\/v2\/pages\/10074\/revisions"}],"predecessor-version":[{"id":10075,"href":"https:\/\/simple-simon.com\/fr\/wp-json\/wp\/v2\/pages\/10074\/revisions\/10075"}],"wp:attachment":[{"href":"https:\/\/simple-simon.com\/fr\/wp-json\/wp\/v2\/media?parent=10074"}],"wp:term":[{"taxonomy":"post_tag","embeddable":true,"href":"https:\/\/simple-simon.com\/fr\/wp-json\/wp\/v2\/tags?post=10074"}],"curies":[{"name":"wp","href":"https:\/\/api.w.org\/{rel}","templated":true}]}}