{"id":9790,"date":"2024-07-03T10:26:50","date_gmt":"2024-07-03T10:26:50","guid":{"rendered":"https:\/\/simple-simon.com\/integrationen-einfach-gemacht\/"},"modified":"2026-01-02T13:14:23","modified_gmt":"2026-01-02T13:14:23","slug":"integrationen-einfach-gemacht","status":"publish","type":"page","link":"https:\/\/simple-simon.com\/de\/integrationen-einfach-gemacht\/","title":{"rendered":"Integrationen einfach gemacht"},"content":{"rendered":"\n\n\n<section class=\"theme-header-banner bg__blue text__white  theme-p-sm\">\n\t<div class=\"container\">\n\t\t<div class=\"row\">\n\t\t\t<div class=\"col-md-12\">\n\t\t\t\t<h1>Integrationen einfach gemacht<\/h1>\n\t\t\t<\/div>\n\t\t<\/div>\n\t<\/div>\n<\/section>\n\n\n<section class=\"theme-content-wrapper theme-p\">\n\t<div class=\"container\">\n\t\t<div class=\"row\">\n\t\t\t<div class=\"col-md-6\">\n\t\t\t\t<div class=\"theme-content\">\n\t\t\t\t\t<h2 class=\"zw-paragraph heading0\" data-header=\"0\" data-margin-bottom=\"12pt\" data-hd-info=\"0\" data-line-height=\"1.2\" data-doc-id=\"1356964000000668021\" data-doc-type=\"writer\">Die Technologie hinter den Integrationen!<\/h2>\n<p>Indem Sie Ihr Simple-Simon-Konto mit Ihrem bevorzugten Buchhaltungspaket verkn\u00fcpfen, sch\u00f6pfen Sie nicht nur das volle Potenzial Ihrer Arbeitsauftr\u00e4ge aus, sondern steigern auch die Effizienz Ihrer Workflows. Innerhalb von Simple-Simon sorgt ein Team von 8 Entwicklern daf\u00fcr, dass unsere Integrationen immer auf dem neuesten Stand sind.<\/p>\n\t\t\t\t<\/div>\n\t\t\t<\/div>\n\t\t<\/div>\n\t<\/div>\n<\/section>\n\n\n\t<section class=\"theme-section theme-split theme-content-variable active text-right theme-p-sm\">\n\t\t<div class=\"theme-content-variable__row theme-content-variable__card theme-wrapper\">\n\t\t\t<div class=\"container-fluid\">\n\t\t\t\t<div class=\"row justify-content-md-between align-items-center\">\n\t\t\t\t\t<div class=\"col-md-5 p-0 \">\n\t\t\t\t\t\t<div class=\"theme-content-variable__card-img img-no-scale\">\n\t\t\t\t\t\t\t<img decoding=\"async\" src=\"https:\/\/simple-simon.com\/wp-content\/uploads\/2024\/07\/integratie-ontwikkelingen.png\" alt=\"\">\n\t\t\t\t\t\t\t\t\t\t\t\t\t<\/div>\n\t\t\t\t\t<\/div>\n\t\t\t\t\t<div class=\"col-md-6 \">\n\t\t\t\t\t\t<div class=\"theme-content-variable__row-content theme-content-variable__card-content text-right \">\n\t\t\t\t\t\t\t<p class=\"zw-paragraph heading0\" data-header=\"0\" data-textformat=\"{&quot;ff&quot;:&quot;Roboto&quot;,&quot;fv&quot;:&quot;normal&quot;,&quot;td&quot;:&quot;none&quot;,&quot;cs&quot;:&quot;0pt&quot;,&quot;fw&quot;:&quot;none&quot;,&quot;fgc&quot;:&quot;rgb(0, 0, 0)&quot;,&quot;size&quot;:&quot;12.00&quot;,&quot;va&quot;:&quot;baseline&quot;,&quot;fw_i&quot;:400,&quot;type&quot;:&quot;text&quot;,&quot;fs&quot;:&quot;normal&quot;,&quot;bgc&quot;:&quot;rgba(0, 0, 0, 0)&quot;}\" data-margin-bottom=\"12pt\" data-hd-info=\"0\" data-line-height=\"1.2\" data-doc-id=\"1356964000000668021\" data-doc-type=\"writer\"><strong>Wie stellt Simple-Simon sicher, dass Integrationen weiterhin funktionieren?<\/strong><\/p>\n<ol data-list-id=\"22875745\" data-list-format=\"{&quot;level0&quot;:{&quot;type&quot;:0,&quot;startsWith&quot;:1,&quot;c&quot;:&quot;\\u0000.&quot;},&quot;level1&quot;:{&quot;type&quot;:4,&quot;startsWith&quot;:1,&quot;c&quot;:&quot;\\u0001.&quot;},&quot;level2&quot;:{&quot;type&quot;:2,&quot;startsWith&quot;:1,&quot;c&quot;:&quot;\\u0002.&quot;},&quot;level3&quot;:{&quot;type&quot;:0,&quot;startsWith&quot;:1,&quot;c&quot;:&quot;\\u0003.&quot;},&quot;level4&quot;:{&quot;type&quot;:4,&quot;startsWith&quot;:1,&quot;c&quot;:&quot;\\u0004.&quot;},&quot;level5&quot;:{&quot;type&quot;:2,&quot;startsWith&quot;:1,&quot;c&quot;:&quot;\\u0005.&quot;},&quot;level6&quot;:{&quot;type&quot;:0,&quot;startsWith&quot;:1,&quot;c&quot;:&quot;\\u0006.&quot;},&quot;level7&quot;:{&quot;type&quot;:4,&quot;startsWith&quot;:1,&quot;c&quot;:&quot;\\u0007.&quot;},&quot;level8&quot;:{&quot;type&quot;:2,&quot;startsWith&quot;:1,&quot;c&quot;:&quot;\\b.&quot;}}\" data-spl-bullet-format=\"{}\">\n<li>\n<p class=\"zw-list zw-paragraph heading0\" data-header=\"0\" data-textformat=\"{&quot;ff&quot;:&quot;Roboto&quot;,&quot;fv&quot;:&quot;normal&quot;,&quot;td&quot;:&quot;none&quot;,&quot;cs&quot;:&quot;0pt&quot;,&quot;fw&quot;:&quot;none&quot;,&quot;fgc&quot;:&quot;rgb(0, 0, 0)&quot;,&quot;size&quot;:&quot;12.00&quot;,&quot;va&quot;:&quot;baseline&quot;,&quot;fw_i&quot;:400,&quot;type&quot;:&quot;text&quot;,&quot;fs&quot;:&quot;normal&quot;,&quot;bgc&quot;:&quot;rgba(0, 0, 0, 0)&quot;}\" data-margin-left=\"0.000in\" data-text-indent=\"-0.250in\" data-padding-left=\"0.25in\" data-margin-bottom=\"0pt\" data-hd-info=\"0\" data-line-height=\"1.2\" data-list-id=\"22875745\" data-list-info=\"{&quot;id&quot;:22875745,&quot;l&quot;:0}\">Ein dedizierter Cloud-Server innerhalb der Simon-Infrastruktur hostet die Integrationssoftware.<\/p>\n<\/li>\n<li>\n<p class=\"zw-list zw-paragraph heading0\" data-header=\"0\" data-textformat=\"{&quot;ff&quot;:&quot;Roboto&quot;,&quot;fv&quot;:&quot;normal&quot;,&quot;td&quot;:&quot;none&quot;,&quot;cs&quot;:&quot;0pt&quot;,&quot;fw&quot;:&quot;none&quot;,&quot;fgc&quot;:&quot;rgb(0, 0, 0)&quot;,&quot;size&quot;:&quot;12.00&quot;,&quot;va&quot;:&quot;baseline&quot;,&quot;fw_i&quot;:400,&quot;type&quot;:&quot;text&quot;,&quot;fs&quot;:&quot;normal&quot;,&quot;bgc&quot;:&quot;rgba(0, 0, 0, 0)&quot;}\" data-margin-left=\"0.000in\" data-text-indent=\"-0.250in\" data-padding-left=\"0.25in\" data-margin-bottom=\"0pt\" data-hd-info=\"0\" data-line-height=\"1.2\" data-list-id=\"22875745\" data-list-info=\"{&quot;id&quot;:22875745,&quot;l&quot;:0}\">Wir mieten diesen Server mit einer hohen Verf\u00fcgbarkeit.<\/p>\n<\/li>\n<li>\n<p class=\"zw-list zw-paragraph heading0\" data-header=\"0\" data-textformat=\"{&quot;ff&quot;:&quot;Roboto&quot;,&quot;fv&quot;:&quot;normal&quot;,&quot;td&quot;:&quot;none&quot;,&quot;cs&quot;:&quot;0pt&quot;,&quot;fw&quot;:&quot;none&quot;,&quot;fgc&quot;:&quot;rgb(0, 0, 0)&quot;,&quot;size&quot;:&quot;12.00&quot;,&quot;va&quot;:&quot;baseline&quot;,&quot;fw_i&quot;:400,&quot;type&quot;:&quot;text&quot;,&quot;fs&quot;:&quot;normal&quot;,&quot;bgc&quot;:&quot;rgba(0, 0, 0, 0)&quot;}\" data-margin-left=\"0.000in\" data-text-indent=\"-0.250in\" data-padding-left=\"0.25in\" data-margin-bottom=\"0pt\" data-hd-info=\"0\" data-line-height=\"1.2\" data-list-id=\"22875745\" data-list-info=\"{&quot;id&quot;:22875745,&quot;l&quot;:0}\">J\u00e4hrlich installieren wir kostenpflichtige Zertifikate, um sowohl Nachrichten als auch Datenverkehr zu verschl\u00fcsseln.<\/p>\n<\/li>\n<li>\n<p class=\"zw-list zw-paragraph heading0\" data-header=\"0\" data-textformat=\"{&quot;ff&quot;:&quot;Roboto&quot;,&quot;fv&quot;:&quot;normal&quot;,&quot;td&quot;:&quot;none&quot;,&quot;cs&quot;:&quot;0pt&quot;,&quot;fw&quot;:&quot;none&quot;,&quot;fgc&quot;:&quot;rgb(0, 0, 0)&quot;,&quot;size&quot;:&quot;12.00&quot;,&quot;va&quot;:&quot;baseline&quot;,&quot;fw_i&quot;:400,&quot;type&quot;:&quot;text&quot;,&quot;fs&quot;:&quot;normal&quot;,&quot;bgc&quot;:&quot;rgba(0, 0, 0, 0)&quot;}\" data-margin-left=\"0.000in\" data-text-indent=\"-0.250in\" data-padding-left=\"0.25in\" data-margin-bottom=\"0pt\" data-hd-info=\"0\" data-line-height=\"1.2\" data-list-id=\"22875745\" data-list-info=\"{&quot;id&quot;:22875745,&quot;l&quot;:0}\">Der Datenbankspeicher, in dem Daten abgelegt werden, wird regelm\u00e4\u00dfig aktualisiert. Es ist unerl\u00e4sslich, dass wir diese Updates verfolgen; andernfalls funktionieren die Integrationen m\u00f6glicherweise nicht richtig.<\/p>\n<\/li>\n<li>\n<p class=\"zw-list zw-paragraph heading0\" data-header=\"0\" data-textformat=\"{&quot;ff&quot;:&quot;Roboto&quot;,&quot;fv&quot;:&quot;normal&quot;,&quot;td&quot;:&quot;none&quot;,&quot;cs&quot;:&quot;0pt&quot;,&quot;fw&quot;:&quot;none&quot;,&quot;fgc&quot;:&quot;rgb(0, 0, 0)&quot;,&quot;size&quot;:&quot;12.00&quot;,&quot;va&quot;:&quot;baseline&quot;,&quot;fw_i&quot;:400,&quot;type&quot;:&quot;text&quot;,&quot;fs&quot;:&quot;normal&quot;,&quot;bgc&quot;:&quot;rgba(0, 0, 0, 0)&quot;}\" data-margin-left=\"0.000in\" data-text-indent=\"-0.250in\" data-padding-left=\"0.25in\" data-margin-bottom=\"0pt\" data-hd-info=\"0\" data-line-height=\"1.2\" data-list-id=\"22875745\" data-list-info=\"{&quot;id&quot;:22875745,&quot;l&quot;:0}\">Unsere Partner stellen alle APIs bereit, die sie regelm\u00e4\u00dfig aktualisieren. Unsere Software muss diese \u00c4nderungen sorgf\u00e4ltig verfolgen. Selbst geringf\u00fcgige Anpassungen erfordern sofortige Modifikation, Testung und Implementierung.<\/p>\n<\/li>\n<li>\n<p class=\"zw-list zw-paragraph heading0\" data-header=\"0\" data-textformat=\"{&quot;ff&quot;:&quot;Roboto&quot;,&quot;fv&quot;:&quot;normal&quot;,&quot;td&quot;:&quot;none&quot;,&quot;cs&quot;:&quot;0pt&quot;,&quot;fw&quot;:&quot;none&quot;,&quot;fgc&quot;:&quot;rgb(0, 0, 0)&quot;,&quot;size&quot;:&quot;12.00&quot;,&quot;va&quot;:&quot;baseline&quot;,&quot;fw_i&quot;:400,&quot;type&quot;:&quot;text&quot;,&quot;fs&quot;:&quot;normal&quot;,&quot;bgc&quot;:&quot;rgba(0, 0, 0, 0)&quot;}\" data-margin-left=\"0.000in\" data-text-indent=\"-0.250in\" data-padding-left=\"0.25in\" data-margin-bottom=\"0pt\" data-hd-info=\"0\" data-line-height=\"1.2\" data-list-id=\"22875745\" data-list-info=\"{&quot;id&quot;:22875745,&quot;l&quot;:0}\">Gelegentlich stellen unsere Partner strenge Anforderungen an Integrationen, die innerhalb kurzer Zeitr\u00e4ume umgesetzt werden m\u00fcssen.<\/p>\n<\/li>\n<li>\n<p class=\"zw-list zw-paragraph heading0\" data-header=\"0\" data-textformat=\"{&quot;ff&quot;:&quot;Roboto&quot;,&quot;fv&quot;:&quot;normal&quot;,&quot;td&quot;:&quot;none&quot;,&quot;cs&quot;:&quot;0pt&quot;,&quot;fw&quot;:&quot;none&quot;,&quot;fgc&quot;:&quot;rgb(0, 0, 0)&quot;,&quot;size&quot;:&quot;12.00&quot;,&quot;va&quot;:&quot;baseline&quot;,&quot;fw_i&quot;:400,&quot;type&quot;:&quot;text&quot;,&quot;fs&quot;:&quot;normal&quot;,&quot;bgc&quot;:&quot;rgba(0, 0, 0, 0)&quot;}\" data-margin-left=\"0.000in\" data-text-indent=\"-0.250in\" data-padding-left=\"0.25in\" data-margin-bottom=\"0pt\" data-hd-info=\"0\" data-line-height=\"1.2\" data-list-id=\"22875745\" data-list-info=\"{&quot;id&quot;:22875745,&quot;l&quot;:0}\">Regelm\u00e4\u00dfige Entwicklungen im Datenaustausch finden sowohl auf Seiten unserer Integrationspartner als auch bei Simple-Simon selbst statt.<\/p>\n<\/li>\n<li>\n<p class=\"zw-list zw-paragraph heading0\" data-header=\"0\" data-textformat=\"{&quot;ff&quot;:&quot;Roboto&quot;,&quot;fv&quot;:&quot;normal&quot;,&quot;td&quot;:&quot;none&quot;,&quot;cs&quot;:&quot;0pt&quot;,&quot;fw&quot;:&quot;none&quot;,&quot;fgc&quot;:&quot;rgb(0, 0, 0)&quot;,&quot;size&quot;:&quot;12.00&quot;,&quot;va&quot;:&quot;baseline&quot;,&quot;fw_i&quot;:400,&quot;type&quot;:&quot;text&quot;,&quot;fs&quot;:&quot;normal&quot;,&quot;bgc&quot;:&quot;rgba(0, 0, 0, 0)&quot;}\" data-margin-left=\"0.000in\" data-text-indent=\"-0.250in\" data-padding-left=\"0.25in\" data-margin-bottom=\"0pt\" data-hd-info=\"0\" data-line-height=\"1.2\" data-list-id=\"22875745\" data-list-info=\"{&quot;id&quot;:22875745,&quot;l&quot;:0}\">Funktionale Erweiterungen, sowohl auf Seiten unserer Integrationspartner als auch bei Simple-Simon, erfordern \u00c4nderungen an der Integration.<\/p>\n<\/li>\n<li>\n<p class=\"zw-list zw-paragraph heading0\" data-header=\"0\" data-textformat=\"{&quot;ff&quot;:&quot;Roboto&quot;,&quot;fv&quot;:&quot;normal&quot;,&quot;td&quot;:&quot;none&quot;,&quot;cs&quot;:&quot;0pt&quot;,&quot;fw&quot;:&quot;none&quot;,&quot;fgc&quot;:&quot;rgb(0, 0, 0)&quot;,&quot;size&quot;:&quot;12.00&quot;,&quot;va&quot;:&quot;baseline&quot;,&quot;fw_i&quot;:400,&quot;type&quot;:&quot;text&quot;,&quot;fs&quot;:&quot;normal&quot;,&quot;bgc&quot;:&quot;rgba(0, 0, 0, 0)&quot;}\" data-margin-left=\"0.000in\" data-text-indent=\"-0.250in\" data-padding-left=\"0.25in\" data-margin-bottom=\"0pt\" data-hd-info=\"0\" data-line-height=\"1.2\" data-list-id=\"22875745\" data-list-info=\"{&quot;id&quot;:22875745,&quot;l&quot;:0}\">Unsere Integrationen reichen von einfach bis komplex. Unser Support-Team \u00fcberwacht alle Entwicklungen sorgf\u00e4ltig, um Kunden effizient zu unterst\u00fctzen.<\/p>\n<\/li>\n<li>\n<p class=\"zw-list zw-paragraph heading0\" data-header=\"0\" data-textformat=\"{&quot;ff&quot;:&quot;Roboto&quot;,&quot;fv&quot;:&quot;normal&quot;,&quot;td&quot;:&quot;none&quot;,&quot;cs&quot;:&quot;0pt&quot;,&quot;fw&quot;:&quot;none&quot;,&quot;fgc&quot;:&quot;rgb(0, 0, 0)&quot;,&quot;size&quot;:&quot;12.00&quot;,&quot;va&quot;:&quot;baseline&quot;,&quot;fw_i&quot;:400,&quot;type&quot;:&quot;text&quot;,&quot;fs&quot;:&quot;normal&quot;,&quot;bgc&quot;:&quot;rgba(0, 0, 0, 0)&quot;}\" data-margin-left=\"0.000in\" data-text-indent=\"-0.250in\" data-padding-left=\"0.25in\" data-margin-bottom=\"0pt\" data-hd-info=\"0\" data-line-height=\"1.2\" data-list-id=\"22875745\" data-list-info=\"{&quot;id&quot;:22875745,&quot;l&quot;:0}\">Mehr als 70 % aller Support-Anfragen beziehen sich auf Integrationen.<\/p>\n<\/li>\n<li>\n<p class=\"zw-list zw-paragraph heading0\" data-header=\"0\" data-textformat=\"{&quot;ff&quot;:&quot;Roboto&quot;,&quot;fv&quot;:&quot;normal&quot;,&quot;td&quot;:&quot;none&quot;,&quot;cs&quot;:&quot;0pt&quot;,&quot;fw&quot;:&quot;none&quot;,&quot;fgc&quot;:&quot;rgb(0, 0, 0)&quot;,&quot;size&quot;:&quot;12.00&quot;,&quot;va&quot;:&quot;baseline&quot;,&quot;fw_i&quot;:400,&quot;type&quot;:&quot;text&quot;,&quot;fs&quot;:&quot;normal&quot;,&quot;bgc&quot;:&quot;rgba(0, 0, 0, 0)&quot;}\" data-margin-left=\"0.000in\" data-text-indent=\"-0.250in\" data-padding-left=\"0.25in\" data-margin-bottom=\"0pt\" data-hd-info=\"0\" data-line-height=\"1.2\" data-list-id=\"22875745\" data-list-info=\"{&quot;id&quot;:22875745,&quot;l&quot;:0}\">Einige Partner verlangen ein j\u00e4hrliches Audit, um zu \u00fcberpr\u00fcfen, ob die Integration alle Anforderungen erf\u00fcllt.<\/p>\n<\/li>\n<li>\n<p class=\"zw-list zw-paragraph heading0\" data-header=\"0\" data-textformat=\"{&quot;ff&quot;:&quot;Roboto&quot;,&quot;fv&quot;:&quot;normal&quot;,&quot;td&quot;:&quot;none&quot;,&quot;cs&quot;:&quot;0pt&quot;,&quot;fw&quot;:&quot;none&quot;,&quot;fgc&quot;:&quot;rgb(0, 0, 0)&quot;,&quot;size&quot;:&quot;12.00&quot;,&quot;va&quot;:&quot;baseline&quot;,&quot;fw_i&quot;:400,&quot;type&quot;:&quot;text&quot;,&quot;fs&quot;:&quot;normal&quot;,&quot;bgc&quot;:&quot;rgba(0, 0, 0, 0)&quot;}\" data-margin-left=\"0.000in\" data-text-indent=\"-0.250in\" data-padding-left=\"0.25in\" data-margin-bottom=\"0pt\" data-hd-info=\"0\" data-line-height=\"1.2\" data-list-id=\"22875745\" data-list-info=\"{&quot;id&quot;:22875745,&quot;l&quot;:0}\">Verschiedene Partner berechnen Simple-Simon eine Geb\u00fchr f\u00fcr die Nutzung ihrer APIs.<\/p>\n<\/li>\n<\/ol>\n\n\t\t\t\t\t\t\t\t\t\t\t\t\t<\/div>\n\t\t\t\t\t<\/div>\n\t\t\t\t<\/div>\n\t\t\t<\/div>\n\t\t<\/div>\n\t<\/section>","protected":false},"excerpt":{"rendered":"","protected":false},"author":12,"featured_media":0,"parent":0,"menu_order":0,"comment_status":"closed","ping_status":"closed","template":"","meta":{"_acf_changed":false,"inline_featured_image":false,"footnotes":""},"tags":[],"class_list":["post-9790","page","type-page","status-publish","hentry"],"acf":[],"aioseo_notices":[],"_links":{"self":[{"href":"https:\/\/simple-simon.com\/de\/wp-json\/wp\/v2\/pages\/9790","targetHints":{"allow":["GET"]}}],"collection":[{"href":"https:\/\/simple-simon.com\/de\/wp-json\/wp\/v2\/pages"}],"about":[{"href":"https:\/\/simple-simon.com\/de\/wp-json\/wp\/v2\/types\/page"}],"author":[{"embeddable":true,"href":"https:\/\/simple-simon.com\/de\/wp-json\/wp\/v2\/users\/12"}],"replies":[{"embeddable":true,"href":"https:\/\/simple-simon.com\/de\/wp-json\/wp\/v2\/comments?post=9790"}],"version-history":[{"count":1,"href":"https:\/\/simple-simon.com\/de\/wp-json\/wp\/v2\/pages\/9790\/revisions"}],"predecessor-version":[{"id":9791,"href":"https:\/\/simple-simon.com\/de\/wp-json\/wp\/v2\/pages\/9790\/revisions\/9791"}],"wp:attachment":[{"href":"https:\/\/simple-simon.com\/de\/wp-json\/wp\/v2\/media?parent=9790"}],"wp:term":[{"taxonomy":"post_tag","embeddable":true,"href":"https:\/\/simple-simon.com\/de\/wp-json\/wp\/v2\/tags?post=9790"}],"curies":[{"name":"wp","href":"https:\/\/api.w.org\/{rel}","templated":true}]}}