{"id":9788,"date":"2024-07-03T11:43:02","date_gmt":"2024-07-03T11:43:02","guid":{"rendered":"https:\/\/simple-simon.com\/sicherheitsmassnahmen\/"},"modified":"2025-07-16T13:16:35","modified_gmt":"2025-07-16T13:16:35","slug":"sicherheitsmassnahmen","status":"publish","type":"page","link":"https:\/\/simple-simon.com\/de\/sicherheitsmassnahmen\/","title":{"rendered":"Sicherheitsma\u00dfnahmen"},"content":{"rendered":"\n\n\n<section class=\"theme-header-banner bg__blue text__white  theme-p-sm\">\n\t<div class=\"container\">\n\t\t<div class=\"row\">\n\t\t\t<div class=\"col-md-12\">\n\t\t\t\t<h1>Sicherheitsma\u00dfnahmen<\/h1>\n\t\t\t<\/div>\n\t\t<\/div>\n\t<\/div>\n<\/section>\n\t<section class=\"theme-section theme-split theme-content-variable active text-left theme-p-sm\">\n\t\t<div class=\"theme-content-variable__row theme-content-variable__card theme-wrapper\">\n\t\t\t<div class=\"container-fluid\">\n\t\t\t\t<div class=\"row justify-content-md-between align-items-center\">\n\t\t\t\t\t<div class=\"col-md-5 p-0 order-md-2 order-1\">\n\t\t\t\t\t\t<div class=\"theme-content-variable__card-img img-no-scale\">\n\t\t\t\t\t\t\t<img decoding=\"async\" src=\"https:\/\/simple-simon.com\/wp-content\/uploads\/2024\/07\/Simon-beveiliging-2.png\" alt=\"\">\n\t\t\t\t\t\t\t\t\t\t\t\t\t<\/div>\n\t\t\t\t\t<\/div>\n\t\t\t\t\t<div class=\"col-md-6 order-md-1 order-2\">\n\t\t\t\t\t\t<div class=\"theme-content-variable__row-content theme-content-variable__card-content text-left \">\n\t\t\t\t\t\t\t<p class=\"zw-paragraph heading0\" data-header=\"0\" data-textformat=\"{&quot;fgc&quot;:&quot;rgb(0, 0, 0)&quot;,&quot;size&quot;:&quot;12.00&quot;,&quot;type&quot;:&quot;text&quot;}\" data-margin-bottom=\"12pt\" data-hd-info=\"0\" data-line-height=\"1.2\" data-doc-id=\"1356964000000668015\" data-doc-type=\"writer\">Bei Simple-Simon hat der Schutz Ihrer Daten oberste Priorit\u00e4t. Wir wenden strenge Sicherheitsma\u00dfnahmen an, um sicherzustellen, dass Ihre Informationen jederzeit sicher bleiben. Von der Hosting auf Amazons sicherer Infrastruktur bis zur Zwei-Faktor-Authentifizierung (2FA) und verschl\u00fcsselter HTTPS-Kommunikation treffen wir jede Vorkehrung, um Ihre Daten zu sch\u00fctzen. Unsere Systeme werden kontinuierlich aktualisiert, und jeder Kunde verf\u00fcgt \u00fcber eine dedizierte, isolierte Datenbank. Lesen Sie weiter, um mehr \u00fcber unsere umfassenden Sicherheitsprotokolle und die Einhaltung der DSGVO-Vorschriften zu erfahren.<\/p>\n<ol data-list-id=\"30281906\" data-list-format=\"{&quot;level5&quot;:{&quot;c&quot;:&quot;\\u0005.&quot;,&quot;type&quot;:2,&quot;startsWith&quot;:1},&quot;level4&quot;:{&quot;c&quot;:&quot;\\u0004.&quot;,&quot;type&quot;:4,&quot;startsWith&quot;:1},&quot;level7&quot;:{&quot;c&quot;:&quot;\\u0007.&quot;,&quot;type&quot;:4,&quot;startsWith&quot;:1},&quot;level6&quot;:{&quot;c&quot;:&quot;\\u0006.&quot;,&quot;type&quot;:0,&quot;startsWith&quot;:1},&quot;level8&quot;:{&quot;c&quot;:&quot;\\b.&quot;,&quot;type&quot;:2,&quot;startsWith&quot;:1},&quot;level1&quot;:{&quot;c&quot;:&quot;\\u0001.&quot;,&quot;type&quot;:4,&quot;startsWith&quot;:1},&quot;level0&quot;:{&quot;c&quot;:&quot;\\u0000.&quot;,&quot;type&quot;:0,&quot;startsWith&quot;:1},&quot;level3&quot;:{&quot;c&quot;:&quot;\\u0003.&quot;,&quot;type&quot;:0,&quot;startsWith&quot;:1},&quot;level2&quot;:{&quot;c&quot;:&quot;\\u0002.&quot;,&quot;type&quot;:2,&quot;startsWith&quot;:1}}\" data-spl-bullet-format=\"{}\">\n<li>\n<p class=\"zw-list zw-paragraph heading0\" data-header=\"0\" data-textformat=\"{&quot;fgc&quot;:&quot;rgb(0, 0, 0)&quot;,&quot;size&quot;:&quot;12.00&quot;,&quot;type&quot;:&quot;text&quot;}\" data-margin-left=\"0.5in\" data-text-indent=\"-0.25in\" data-margin-bottom=\"0pt\" data-hd-info=\"0\" data-line-height=\"1.2\" data-list-id=\"30281906\" data-list-info=\"{&quot;id&quot;:&quot;30281906&quot;,&quot;l&quot;:0}\">Unsere Produktionsumgebung l\u00e4uft auf Amazons vertrauensw\u00fcrdiger Cloud-Infrastruktur, die robusten Schutz vor Missbrauch und Verst\u00f6\u00dfen bietet.<\/p>\n<\/li>\n<li>\n<p class=\"zw-list zw-paragraph heading0\" data-header=\"0\" data-textformat=\"{&quot;fgc&quot;:&quot;rgb(0, 0, 0)&quot;,&quot;size&quot;:&quot;12.00&quot;,&quot;type&quot;:&quot;text&quot;}\" data-margin-left=\"0.5in\" data-text-indent=\"-0.25in\" data-margin-bottom=\"0pt\" data-hd-info=\"0\" data-line-height=\"1.2\" data-list-id=\"30281906\" data-list-info=\"{&quot;id&quot;:&quot;30281906&quot;,&quot;l&quot;:0}\">Wir warten alle Komponenten mit monatlichen Patches und 1\u20132 gr\u00f6\u00dferen Updates pro Jahr.<\/p>\n<\/li>\n<li>\n<p class=\"zw-list zw-paragraph heading0\" data-header=\"0\" data-textformat=\"{&quot;fgc&quot;:&quot;rgb(0, 0, 0)&quot;,&quot;size&quot;:&quot;12.00&quot;,&quot;type&quot;:&quot;text&quot;}\" data-margin-left=\"0.5in\" data-text-indent=\"-0.25in\" data-margin-bottom=\"0pt\" data-hd-info=\"0\" data-line-height=\"1.2\" data-list-id=\"30281906\" data-list-info=\"{&quot;id&quot;:&quot;30281906&quot;,&quot;l&quot;:0}\">Produktionssysteme sind nur \u00fcber VPN zug\u00e4nglich, gesch\u00fctzt durch starke Passw\u00f6rter und 2FA, plus zus\u00e4tzliche Sicherheitsebenen.<\/p>\n<\/li>\n<li>\n<p class=\"zw-list zw-paragraph heading0\" data-header=\"0\" data-textformat=\"{&quot;fgc&quot;:&quot;rgb(0, 0, 0)&quot;,&quot;size&quot;:&quot;12.00&quot;,&quot;type&quot;:&quot;text&quot;}\" data-margin-left=\"0.5in\" data-text-indent=\"-0.25in\" data-margin-bottom=\"0pt\" data-hd-info=\"0\" data-line-height=\"1.2\" data-list-id=\"30281906\" data-list-info=\"{&quot;id&quot;:&quot;30281906&quot;,&quot;l&quot;:0}\">Alle Server und Workstations sind mit aktueller Antivirensoftware ausgestattet.<\/p>\n<\/li>\n<li>\n<p class=\"zw-list zw-paragraph heading0\" data-header=\"0\" data-textformat=\"{&quot;fgc&quot;:&quot;rgb(0, 0, 0)&quot;,&quot;size&quot;:&quot;12.00&quot;,&quot;type&quot;:&quot;text&quot;}\" data-margin-left=\"0.5in\" data-text-indent=\"-0.25in\" data-margin-bottom=\"0pt\" data-hd-info=\"0\" data-line-height=\"1.2\" data-list-id=\"30281906\" data-list-info=\"{&quot;id&quot;:&quot;30281906&quot;,&quot;l&quot;:0}\">Alle zwischen Apps, dem B\u00fcromodul und anderen Komponenten ausgetauschten Daten verwenden HTTPS mit alle 90 Tage erneuerten Zertifikaten.<\/p>\n<\/li>\n<li>\n<p class=\"zw-list zw-paragraph heading0\" data-header=\"0\" data-textformat=\"{&quot;fgc&quot;:&quot;rgb(0, 0, 0)&quot;,&quot;size&quot;:&quot;12.00&quot;,&quot;type&quot;:&quot;text&quot;}\" data-margin-left=\"0.5in\" data-text-indent=\"-0.25in\" data-margin-bottom=\"0pt\" data-hd-info=\"0\" data-line-height=\"1.2\" data-list-id=\"30281906\" data-list-info=\"{&quot;id&quot;:&quot;30281906&quot;,&quot;l&quot;:0}\">Unsere Integrationssoftware verwendet<strong> Tokens<\/strong> mit begrenzten Lebensdauern, um eine sichere Konnektivit\u00e4t zu gew\u00e4hrleisten.<\/p>\n<\/li>\n<li>Jeder Kunde hat seine eigene separate Datenbank, um die Datenisolation zu gew\u00e4hrleisten.<\/li>\n<li>\n<p class=\"zw-list zw-paragraph heading0\" data-header=\"0\" data-textformat=\"{&quot;fgc&quot;:&quot;rgb(0, 0, 0)&quot;,&quot;size&quot;:&quot;12.00&quot;,&quot;type&quot;:&quot;text&quot;}\" data-margin-left=\"0.5in\" data-text-indent=\"-0.25in\" data-margin-bottom=\"0pt\" data-hd-info=\"0\" data-line-height=\"1.2\" data-list-id=\"30281906\" data-list-info=\"{&quot;id&quot;:&quot;30281906&quot;,&quot;l&quot;:0}\">Das Anmelden am Simon-B\u00fcromodul erfordert eine Kombination aus E-Mail, Passwort und PIN. In Simon 3 k\u00f6nnen PINs durch die Zwei-Faktor-Authentifizierung (2FA) f\u00fcr zus\u00e4tzliche Sicherheit ersetzt werden.<\/p>\n<\/li>\n<li>\n<p class=\"zw-list zw-paragraph heading0\" data-header=\"0\" data-textformat=\"{&quot;fgc&quot;:&quot;rgb(0, 0, 0)&quot;,&quot;size&quot;:&quot;12.00&quot;,&quot;type&quot;:&quot;text&quot;}\" data-margin-left=\"0.5in\" data-text-indent=\"-0.25in\" data-margin-bottom=\"0pt\" data-hd-info=\"0\" data-line-height=\"1.2\" data-list-id=\"30281906\" data-list-info=\"{&quot;id&quot;:&quot;30281906&quot;,&quot;l&quot;:0}\">Wir lehnen B\u00fcromodul-Passw\u00f6rter ab, die in bekannten Open-Source-Datenbanken kompromittierter Anmeldeinformationen erscheinen.<\/p>\n<\/li>\n<li>\n<p class=\"zw-list zw-paragraph heading0\" data-header=\"0\" data-textformat=\"{&quot;fgc&quot;:&quot;rgb(0, 0, 0)&quot;,&quot;size&quot;:&quot;12.00&quot;,&quot;type&quot;:&quot;text&quot;}\" data-margin-left=\"0.5in\" data-text-indent=\"-0.25in\" data-margin-bottom=\"0pt\" data-hd-info=\"0\" data-line-height=\"1.2\" data-list-id=\"30281906\" data-list-info=\"{&quot;id&quot;:&quot;30281906&quot;,&quot;l&quot;:0}\">Die mobilen Simon-Apps unterst\u00fctzen zus\u00e4tzlich zu Passw\u00f6rtern Authentifizierungsmethoden wie Fingerabdruck, Gesichtserkennung und Mustersperre.<\/p>\n<\/li>\n<li>\n<p class=\"zw-list zw-paragraph heading0\" data-header=\"0\" data-textformat=\"{&quot;fgc&quot;:&quot;rgb(0, 0, 0)&quot;,&quot;size&quot;:&quot;12.00&quot;,&quot;type&quot;:&quot;text&quot;}\" data-margin-left=\"0.5in\" data-text-indent=\"-0.25in\" data-margin-bottom=\"0pt\" data-hd-info=\"0\" data-line-height=\"1.2\" data-list-id=\"30281906\" data-list-info=\"{&quot;id&quot;:&quot;30281906&quot;,&quot;l&quot;:0}\">Unsere Datenverarbeitungs- und DSGVO-Ma\u00dfnahmen sind in unseren Allgemeinen Gesch\u00e4ftsbedingungen klar dokumentiert.<\/p>\n<\/li>\n<\/ol>\n\n\t\t\t\t\t\t\t\t\t\t\t\t\t<\/div>\n\t\t\t\t\t<\/div>\n\t\t\t\t<\/div>\n\t\t\t<\/div>\n\t\t<\/div>\n\t<\/section>","protected":false},"excerpt":{"rendered":"","protected":false},"author":12,"featured_media":0,"parent":0,"menu_order":0,"comment_status":"closed","ping_status":"closed","template":"","meta":{"_acf_changed":false,"inline_featured_image":false,"footnotes":""},"tags":[],"class_list":["post-9788","page","type-page","status-publish","hentry"],"acf":[],"aioseo_notices":[],"_links":{"self":[{"href":"https:\/\/simple-simon.com\/de\/wp-json\/wp\/v2\/pages\/9788","targetHints":{"allow":["GET"]}}],"collection":[{"href":"https:\/\/simple-simon.com\/de\/wp-json\/wp\/v2\/pages"}],"about":[{"href":"https:\/\/simple-simon.com\/de\/wp-json\/wp\/v2\/types\/page"}],"author":[{"embeddable":true,"href":"https:\/\/simple-simon.com\/de\/wp-json\/wp\/v2\/users\/12"}],"replies":[{"embeddable":true,"href":"https:\/\/simple-simon.com\/de\/wp-json\/wp\/v2\/comments?post=9788"}],"version-history":[{"count":1,"href":"https:\/\/simple-simon.com\/de\/wp-json\/wp\/v2\/pages\/9788\/revisions"}],"predecessor-version":[{"id":9789,"href":"https:\/\/simple-simon.com\/de\/wp-json\/wp\/v2\/pages\/9788\/revisions\/9789"}],"wp:attachment":[{"href":"https:\/\/simple-simon.com\/de\/wp-json\/wp\/v2\/media?parent=9788"}],"wp:term":[{"taxonomy":"post_tag","embeddable":true,"href":"https:\/\/simple-simon.com\/de\/wp-json\/wp\/v2\/tags?post=9788"}],"curies":[{"name":"wp","href":"https:\/\/api.w.org\/{rel}","templated":true}]}}