{"id":9253,"date":"2024-11-12T14:03:00","date_gmt":"2024-11-12T14:03:00","guid":{"rendered":"https:\/\/simple-simon.com\/simple-simon-pro\/"},"modified":"2026-02-03T15:47:53","modified_gmt":"2026-02-03T15:47:53","slug":"simple-simon-pro","status":"publish","type":"page","link":"https:\/\/simple-simon.com\/de\/simple-simon-pro\/","title":{"rendered":"Simple-Simon PRO"},"content":{"rendered":"\n\n\n<section class=\"theme-section theme-hero__wrapper theme-p-sm text__light \">\n\t<div class=\"theme-wrapper theme-element bl bg__dark-blue \">\n\t\t\t\t\t<div class=\"theme-hero__img-partial\">\n\t\t\t\t\t\t\t\t\t<img decoding=\"async\" src=\"https:\/\/simple-simon.com\/wp-content\/uploads\/2024\/10\/Kalina-website-pictures-29.png\" alt=\"\">\n\t\t\t\t\t\t\t<\/div>\n\t\t\t\t<div class=\"container\">\n\t\t\t<div class=\"row justify-content-between\">\n\t\t\t\t<div class=\"col-xl-6\">\n\t\t\t\t\t<div class=\"theme-hero__content\">\n\t\t\t\t\t\t<h1 class=\"\">Simple-Simon PRO<\/h1>\n<p><\/p>\n<h2>Entdecken Sie unsere erweiterten Pakete f\u00fcr Top-Anwender<\/h2>\n<p><a class=\"theme-btn theme-btn__orange-gradient\" href=\"https:\/\/simple-simon.com\/de\/kontakt\/\">Vertrieb kontaktieren<\/a><\/p>\n\t\t\t\t\t<\/div>\n\t\t\t\t<\/div>\n\t\t\t\t\t\t\t\t\n\t\t\t\t\t\t\t<\/div>\n\n\t\t<\/div>\n\n\n\t<\/div>\n<\/section>\n\t<section class=\"theme-section theme-split theme-content-variable active text-left theme-p-sm\">\n\t\t<div class=\"theme-content-variable__row theme-content-variable__card theme-wrapper\">\n\t\t\t<div class=\"container-fluid\">\n\t\t\t\t<div class=\"row justify-content-md-between \">\n\t\t\t\t\t<div class=\"col-md-5 p-0 order-md-2 order-1\">\n\t\t\t\t\t\t<div class=\"theme-content-variable__card-img img-scale\">\n\t\t\t\t\t\t\t<img decoding=\"async\" src=\"https:\/\/simple-simon.com\/wp-content\/uploads\/2024\/09\/vecteezy_making-handshake-two-construction-workers-in-uniform-and_15302866-scaled.jpg\" alt=\"\">\n\t\t\t\t\t\t\t\t\t\t\t\t\t<\/div>\n\t\t\t\t\t<\/div>\n\t\t\t\t\t<div class=\"col-md-6 order-md-1 order-2\">\n\t\t\t\t\t\t<div class=\"theme-content-variable__row-content theme-content-variable__card-content text-left \">\n\t\t\t\t\t\t\t<p>Optimieren und automatisieren Sie Ihren Workflow mit Simple-Simon PRO-Modulen. Die Simple-Simon PRO-Module helfen Ihnen, Ihre Gesch\u00e4ftsprozesse zu rationalisieren und zu automatisieren. Mit diesen fortschrittlichen Tools k\u00f6nnen Sie die Zeiterfassung, das Asset Management, die Wartungsplanung und die Arbeitsauftragsverwaltung m\u00fchelos verbessern. Durch die Nutzung der PRO-Module sparen Sie Zeit, erhalten eine bessere Kontrolle und verbessern die \u00dcbersicht \u00fcber Ihren gesamten Workflow.<\/p>\n\n\t\t\t\t\t\t\t\t\t\t\t\t\t<\/div>\n\t\t\t\t\t<\/div>\n\t\t\t\t<\/div>\n\t\t\t<\/div>\n\t\t<\/div>\n\t<\/section>\n\t<section class=\"theme-section theme-split theme-content-variable active text-left theme-p-sm\">\n\t\t<div class=\"theme-content-variable__row theme-content-variable__card theme-wrapper\">\n\t\t\t<div class=\"container-fluid\">\n\t\t\t\t<div class=\"row justify-content-md-between align-items-center\">\n\t\t\t\t\t<div class=\"col-md-5 p-0 order-md-2 order-1\">\n\t\t\t\t\t\t<div class=\"theme-content-variable__card-img img-no-scale\">\n\t\t\t\t\t\t\t<img decoding=\"async\" src=\"https:\/\/simple-simon.com\/wp-content\/uploads\/2024\/10\/Laura-website-pictures-4.png\" alt=\"\">\n\t\t\t\t\t\t\t\t\t\t\t\t\t<\/div>\n\t\t\t\t\t<\/div>\n\t\t\t\t\t<div class=\"col-md-6 order-md-1 order-2\">\n\t\t\t\t\t\t<div class=\"theme-content-variable__row-content theme-content-variable__card-content text-left read-more\">\n\t\t\t\t\t\t\t<h3 data-path-to-node=\"2\"><b data-path-to-node=\"2\" data-index-in-node=\"0\">Objekt-Modul<\/b><\/h3>\n<p>&nbsp;<\/p>\n<p>Mit dem <a href=\"https:\/\/simple-simon.com\/de\/asset-management-pro\/\">Objekt- und Objektplanungsmodul<\/a> verwalten und planen Sie Wartungsarbeiten m\u00fchelos. Diese Module machen manuelle Werkbonnen und Planungen \u00fcberfl\u00fcssig. So sorgen Sie f\u00fcr eine vollautomatisierte Wartungsplanung.<\/p>\n<p>Hinzuf\u00fcgen einer Objekttyp-Ebene f\u00fcr eine bessere Kategorisierung.<\/p>\n<ul>\n<li data-path-to-node=\"4,1,0\">Erstellen spezifischer Formulare und eigener Spalten pro Service-Situation oder Objekttyp.<\/li>\n<li data-path-to-node=\"4,2,0\">Eingabe von Daten basierend auf dem Objekttyp bei der Erstellung, auch direkt im Au\u00dfeneinsatz.<\/li>\n<li data-path-to-node=\"4,3,0\">Detaillierte und strukturierte Erfassung von Stammdaten.<\/li>\n<li data-path-to-node=\"4,4,0\">Hinzuf\u00fcgen von verbrauchtem Material zu Objekten, sowohl im B\u00fcro- als auch im Au\u00dfendienstmodul.<\/li>\n<li data-path-to-node=\"4,5,0\">QR- oder Barcode-Scanning in der App f\u00fcr den Zugriff auf Objektdetails.<\/li>\n<li data-path-to-node=\"4,6,0\">Einfaches Hinzuf\u00fcgen neuer Objekte zu Werkbonnen, direkt in der App.<\/li>\n<li data-path-to-node=\"4,7,0\">Definieren von Aktions-Sets pro Objekttyp (z. B. j\u00e4hrliche Wartung, Inspektionen).<\/li>\n<li data-path-to-node=\"4,8,0\">Zuweisung aktionsspezifischer Formulare und detaillierter Zeitpl\u00e4ne.<\/li>\n<li data-path-to-node=\"4,9,0\">Erstellen von Planungsvorschl\u00e4gen basierend auf der Wiederholungs- und Besuchsh\u00e4ufigkeit von Objekten.<\/li>\n<li data-path-to-node=\"4,10,0\">\u00dcbersicht \u00fcber Arbeitsadressen, Objekte und Aktionen mit Gruppierungsoptionen.<\/li>\n<li data-path-to-node=\"4,11,0\">Best\u00e4tigen der vorgeschlagenen Planung und einfaches Verschieben der Werkbonnen zu den Monteuren im Planboard per Drag-and-Drop.<\/li>\n<\/ul>\n<p><a class=\"theme-btn theme-btn__orange-gradient\" href=\"https:\/\/simple-simon.com\/de\/kontakt\/\">Kontakt aufnehmen<\/a> <a href=\"https:\/\/simple-simon.com\/de\/asset-management-pro\/\">Mehr \u00fcber das Objekt-Modul erfahren<\/a><\/p>\n\n\t\t\t\t\t\t\t\t\t\t\t\t\t\t\t<a href=\"#\" class=\"theme-link more\"><i class=\"bi bi-chevron-down\"><\/i> Mehr lesen<\/a>\n\t\t\t\t\t\t\t\t<a href=\"#\" class=\"theme-link more\"><i class=\"bi bi-chevron-up\"><\/i> Weniger lesen<\/a>\n\t\t\t\t\t\t\t\t\t\t\t\t\t<\/div>\n\t\t\t\t\t<\/div>\n\t\t\t\t<\/div>\n\t\t\t<\/div>\n\t\t<\/div>\n\t<\/section>\n\t<section class=\"theme-section theme-split theme-content-variable active text-right theme-p-sm\">\n\t\t<div class=\"theme-content-variable__row theme-content-variable__card theme-wrapper\">\n\t\t\t<div class=\"container-fluid\">\n\t\t\t\t<div class=\"row justify-content-md-between align-items-center\">\n\t\t\t\t\t<div class=\"col-md-5 p-0 \">\n\t\t\t\t\t\t<div class=\"theme-content-variable__card-img img-no-scale\">\n\t\t\t\t\t\t\t<img decoding=\"async\" src=\"https:\/\/simple-simon.com\/wp-content\/uploads\/2025\/10\/Untitled-design-7.png\" alt=\"\">\n\t\t\t\t\t\t\t\t\t\t\t\t\t<\/div>\n\t\t\t\t\t<\/div>\n\t\t\t\t\t<div class=\"col-md-6 \">\n\t\t\t\t\t\t<div class=\"theme-content-variable__row-content theme-content-variable__card-content text-right read-more\">\n\t\t\t\t\t\t\t<h3>Kundenportal<\/h3>\n<p><span class=\"a_GcMg font-feature-liga-off font-feature-clig-off font-feature-calt-off text-decoration-none text-strikethrough-none\">Das <a href=\"https:\/\/simple-simon.com\/klantportaal-pro\/\">Kundenportal<\/a> von Simple-Simon macht das Melden, Verfolgen und Abwickeln von St\u00f6rungen und Serviceanfragen einfach. Kunden k\u00f6nnen ein Objekt scannen oder suchen, aber auch eine Meldung ohne Objekt einreichen. Dank smarter Frageb\u00f6gen und der M\u00f6glichkeit, Anh\u00e4nge oder Fotos hinzuzuf\u00fcgen, werden sofort alle relevanten Informationen gesammelt. So entsteht automatisch ein komplettes Ticket, das einfach in eine Werkbon umgewandelt wird und direkt f\u00fcr die Planung und Ausf\u00fchrung bereitsteht.<\/span><\/p>\n<ul>\n<li data-path-to-node=\"3,0,0\">Meldungen erstellen (auch ohne Objekt), wann immer es n\u00f6tig ist.<\/li>\n<li data-path-to-node=\"3,1,0\">Objekte scannen oder suchen und direkt ein Ticket erstellen.<\/li>\n<li data-path-to-node=\"3,2,0\">Zugriffsrechte pro Kunde verwalten, um festzulegen, welche Daten sichtbar sind.<\/li>\n<li data-path-to-node=\"3,3,0\">Gef\u00fchrte Meldungen durch smarte Frageb\u00f6gen und Entscheidungsb\u00e4ume f\u00fcr vollst\u00e4ndige Informationen.<\/li>\n<li data-path-to-node=\"3,4,0\">Standard-Anh\u00e4nge hinzuf\u00fcgen, damit Kunden Probleme teilweise selbst l\u00f6sen k\u00f6nnen.<\/li>\n<li data-path-to-node=\"3,5,0\">Support-E-Mails automatisch in Tickets und Werkbonnen umwandeln mit den richtigen Objektinformationen.<\/li>\n<li data-path-to-node=\"3,6,0\">Tickets automatisch in Werkbonnen umwandeln und sofort f\u00fcr die Planung bereitstellen.<\/li>\n<li data-path-to-node=\"3,7,0\">Werkbonnen planen oder durch Techniker selbst \u00fcber das Planboard \u00fcbernehmen lassen.<\/li>\n<li data-path-to-node=\"3,8,0\">Subunternehmern Zugriff auf spezifische Werkbonnen und Formulare gew\u00e4hren.<\/li>\n<li data-path-to-node=\"3,9,0\">Echtzeit-Einblick in den Ticketstatus, digitale Unterzeichnung und die vollst\u00e4ndige Objekthistorie.<\/li>\n<li data-path-to-node=\"3,10,0\">Vollst\u00e4ndige Dokumentation und Historie pro Objekt f\u00fcr Kunden und Techniker verf\u00fcgbar.<\/li>\n<li data-path-to-node=\"3,11,0\">Kunden k\u00f6nnen selbst Berichte und Exporte generieren f\u00fcr eine vollst\u00e4ndige \u00dcbersicht.<\/li>\n<\/ul>\n<p><a class=\"theme-btn theme-btn__orange-gradient\" href=\"https:\/\/simple-simon.com\/de\/kontakt\/\">Kontakt aufnehme<\/a> <a href=\"https:\/\/simple-simon.com\/klantportaal-pro\/\">Mehr \u00fcber dieses Modul erfahren<\/a><\/p>\n\n\t\t\t\t\t\t\t\t\t\t\t\t\t\t\t<a href=\"#\" class=\"theme-link more\"><i class=\"bi bi-chevron-down\"><\/i> Mehr lesen<\/a>\n\t\t\t\t\t\t\t\t<a href=\"#\" class=\"theme-link more\"><i class=\"bi bi-chevron-up\"><\/i> Weniger lesen<\/a>\n\t\t\t\t\t\t\t\t\t\t\t\t\t<\/div>\n\t\t\t\t\t<\/div>\n\t\t\t\t<\/div>\n\t\t\t<\/div>\n\t\t<\/div>\n\t<\/section>\n\t<section class=\"theme-section theme-split theme-content-variable active text-left theme-p-sm\">\n\t\t<div class=\"theme-content-variable__row theme-content-variable__card theme-wrapper\">\n\t\t\t<div class=\"container-fluid\">\n\t\t\t\t<div class=\"row justify-content-md-between \">\n\t\t\t\t\t<div class=\"col-md-5 p-0 order-md-2 order-1\">\n\t\t\t\t\t\t<div class=\"theme-content-variable__card-img img-scale\">\n\t\t\t\t\t\t\t<img decoding=\"async\" src=\"https:\/\/simple-simon.com\/wp-content\/uploads\/2024\/10\/Kalina-website-pictures-51.png\" alt=\"\">\n\t\t\t\t\t\t\t\t\t\t\t\t\t<\/div>\n\t\t\t\t\t<\/div>\n\t\t\t\t\t<div class=\"col-md-6 order-md-1 order-2\">\n\t\t\t\t\t\t<div class=\"theme-content-variable__row-content theme-content-variable__card-content text-left read-more\">\n\t\t\t\t\t\t\t<h3>Modul Werkbon Erweitert<\/h3>\n<p>Das<a href=\"https:\/\/simple-simon.com\/de\/arbeitsauftrag-typ-pro\/\">\u00a0erweiterte Werkbon-Modul<\/a> bietet umfassende M\u00f6glichkeiten zur Verwaltung und Anpassung von Werkbonnen. Mit diesem Modul kategorisieren Sie Werkbonnen in verschiedene Typen. Sie legen einfach fest, welche Formulare, Nachrichten und Layouts jede Werkbon ben\u00f6tigt. So arbeiten Sie effizienter und ma\u00dfgeschneidert.<\/p>\n<ul>\n<li data-path-to-node=\"4,0,0\">Unterteilung von Werkbonnen in verschiedene Typen.<\/li>\n<li data-path-to-node=\"4,1,0\">Spezifizierung des PDF-Layouts pro Werkbon-Typ.<\/li>\n<li data-path-to-node=\"4,2,0\">Automatisches Hinzuf\u00fcgen von Formularen pro Werkbon-Typ.<\/li>\n<li data-path-to-node=\"4,3,0\">Einrichten automatischer Nachrichten an Kunden pro Werkbon-Typ.<\/li>\n<li data-path-to-node=\"4,4,0\">Einsch\u00e4tzung der Arbeitszeit pro Werkbon-Typ.<\/li>\n<li data-path-to-node=\"4,5,0\">Zuweisung von Werkbonnen an Monteure mit den richtigen Qualifikationen.<\/li>\n<li data-path-to-node=\"4,6,0\">Anzeige spezifischer Icons basierend auf dem Werkbon-Typ in der Planung und der Werkbon-Liste.<\/li>\n<\/ul>\n<p><a class=\"theme-btn theme-btn__orange-gradient\" href=\"https:\/\/simple-simon.com\/de\/kontakt\/\">Kontakt aufnehmen<\/a> <a href=\"https:\/\/simple-simon.com\/de\/arbeitsauftrag-typ-pro\/\">Mehr \u00fcber dieses Modul erfahren<\/a><\/p>\n\n\t\t\t\t\t\t\t\t\t\t\t\t\t\t\t<a href=\"#\" class=\"theme-link more\"><i class=\"bi bi-chevron-down\"><\/i> Mehr lesen<\/a>\n\t\t\t\t\t\t\t\t<a href=\"#\" class=\"theme-link more\"><i class=\"bi bi-chevron-up\"><\/i> Weniger lesen<\/a>\n\t\t\t\t\t\t\t\t\t\t\t\t\t<\/div>\n\t\t\t\t\t<\/div>\n\t\t\t\t<\/div>\n\t\t\t<\/div>\n\t\t<\/div>\n\t<\/section>\n\t<section class=\"theme-section theme-split theme-content-variable active text-right theme-p-sm\">\n\t\t<div class=\"theme-content-variable__row theme-content-variable__card theme-wrapper\">\n\t\t\t<div class=\"container-fluid\">\n\t\t\t\t<div class=\"row justify-content-md-between align-items-center\">\n\t\t\t\t\t<div class=\"col-md-5 p-0 \">\n\t\t\t\t\t\t<div class=\"theme-content-variable__card-img img-no-scale\">\n\t\t\t\t\t\t\t<img decoding=\"async\" src=\"https:\/\/simple-simon.com\/wp-content\/uploads\/2024\/10\/Laura-website-pictures-3-e1747313233282.png\" alt=\"\">\n\t\t\t\t\t\t\t\t\t\t\t\t\t<\/div>\n\t\t\t\t\t<\/div>\n\t\t\t\t\t<div class=\"col-md-6 \">\n\t\t\t\t\t\t<div class=\"theme-content-variable__row-content theme-content-variable__card-content text-right read-more\">\n\t\t\t\t\t\t\t<h3>Modul Zeiterfassung<\/h3>\n<p>Das <a href=\"https:\/\/simple-simon.com\/de\/zeiterfassung-pro\/\">Zeiterfassungsmodul<\/a> von Simple-Simon macht das Registrieren, Kontrollieren und Genehmigen von Arbeitsstunden einfach. Monteure f\u00fcllen ihre Tagesberichte schnell \u00fcber die App aus. Planer und Verantwortliche verwalten diese Daten bequem \u00fcber das B\u00fcromodul.<\/p>\n<ul>\n<li data-path-to-node=\"4,0,0\">Einfaches Ausf\u00fcllen von Tagesberichten \u00fcber die App.<\/li>\n<li data-path-to-node=\"4,1,0\">Anpassen und Genehmigen von Tagesberichten im B\u00fcro.<\/li>\n<li data-path-to-node=\"4,2,0\">Verwaltung von Arbeitsarten und Arbeitsart-Codes im B\u00fcromodul.<\/li>\n<li data-path-to-node=\"4,3,0\">Codes ohne Werkbon-Nummer (z. B. Feiertage, Krankheit) und mit Werkbon-Nummer (z. B. regul\u00e4re Arbeit, \u00dcberstunden) f\u00fcr eine detaillierte Zeiterfassung.<\/li>\n<li data-path-to-node=\"4,4,0\">Automatische Zeitregistrierung f\u00fcr Werkbonnen: Verkn\u00fcpfung von Arbeitsarten mit Stunden.<\/li>\n<li data-path-to-node=\"4,5,0\">Vergleich der Gesamtstundenzahl mit den Soll-Stunden laut Dienstplan.<\/li>\n<li data-path-to-node=\"4,6,0\">Filtern nach Datum und\/oder Monteur f\u00fcr detaillierte Berichte.<\/li>\n<li data-path-to-node=\"4,7,0\">Erstellen von PDF-Tagesberichten mit allen relevanten Informationen.<\/li>\n<li data-path-to-node=\"4,8,0\">Einfache Erstellung von Summen f\u00fcr einen schnellen \u00dcberblick.<\/li>\n<\/ul>\n<p><a class=\"theme-btn theme-btn__orange-gradient\" href=\"https:\/\/simple-simon.com\/de\/kontakt\/\">Kontakt aufnehmen<\/a> <a href=\"https:\/\/simple-simon.com\/de\/zeiterfassung-pro\/\">Mehr \u00fcber dieses Modul erfahren<\/a><\/p>\n\n\t\t\t\t\t\t\t\t\t\t\t\t\t\t\t<a href=\"#\" class=\"theme-link more\"><i class=\"bi bi-chevron-down\"><\/i> Mehr lesen<\/a>\n\t\t\t\t\t\t\t\t<a href=\"#\" class=\"theme-link more\"><i class=\"bi bi-chevron-up\"><\/i> Weniger lesen<\/a>\n\t\t\t\t\t\t\t\t\t\t\t\t\t<\/div>\n\t\t\t\t\t<\/div>\n\t\t\t\t<\/div>\n\t\t\t<\/div>\n\t\t<\/div>\n\t<\/section>\n\n\n\n<section class=\"theme-section theme-m-sm-t\">\n\n\t<div class=\"theme-cta\">\n\n\t\t<div class=\"theme-cta__icon\">\n\t\t\t\n\t\t<\/div>\n\t\t<div class=\" theme-card bg__purple theme-element tr\">\n\t\t\t<div class=\"container\">\n\t\t\t\t<div class=\"row\">\n\t\t\t\t\t<div class=\"col-md-3\">\n\t\t\t\t\t\t<div class=\"theme-card__icon\">\n\t\t\t\t\t\t\t<svg xmlns=\"http:\/\/www.w3.org\/2000\/svg\" width=\"178.145\" height=\"175.046\" viewBox=\"0 0 178.145 175.046\">\n\t\t\t\t\t\t\t\t<g id=\"confetti\" transform=\"translate(0 175.046) rotate(-90)\">\n\t\t\t\t\t\t\t\t\t<g id=\"Group_313\" data-name=\"Group 313\" transform=\"translate(0 43.062)\">\n\t\t\t\t\t\t\t\t\t\t<g id=\"Group_310\" data-name=\"Group 310\" transform=\"translate(0 67.058)\">\n\t\t\t\t\t\t\t\t\t\t\t<path id=\"Path_149\" data-name=\"Path 149\" d=\"M67.368,51.75a8.969,8.969,0,0,1-3.86,2.185l-13.8,3.773A14.6,14.6,0,0,1,35.3,53.81l-7.216-7.515A14.6,14.6,0,0,1,24.78,31.741l4.463-14.668L11.391,21.688A9.011,9.011,0,0,1,6.637,4.3L20.433.53a14.6,14.6,0,0,1,14.407,3.9l7.216,7.515A14.6,14.6,0,0,1,45.365,26.5L40.2,41.3l18.552-4.751a9.012,9.012,0,0,1,8.614,15.2Z\" fill=\"#8bb6ef\" \/>\n\t\t\t\t\t\t\t\t\t\t\t<path id=\"Path_150\" data-name=\"Path 150\" d=\"M5.166,3.933,4.7,5.478.7,18.6a14.654,14.654,0,0,0,1.9,12.841c4.076-.932,9.5-2.113,13.517-3.281l.662-1.9,4.5-12.907A14.637,14.637,0,0,0,19,0C14.9,1.221,9.292,2.776,5.166,3.933Z\" transform=\"translate(24.078 13.14)\" fill=\"#8388ef\" \/>\n\t\t\t\t\t\t\t\t\t\t<\/g>\n\t\t\t\t\t\t\t\t\t\t<g id=\"Group_311\" data-name=\"Group 311\" transform=\"translate(120.708 54.09)\">\n\t\t\t\t\t\t\t\t\t\t\t<path id=\"Path_151\" data-name=\"Path 151\" d=\"M5.655,66.748a8.967,8.967,0,0,0,4.4.587l14.207-1.65A14.594,14.594,0,0,0,36.17,56.691l3.889-9.665A14.6,14.6,0,0,0,37.7,32.288L28.08,20.347l18.285-2.383A9.012,9.012,0,0,0,44.286.061L30.079,1.71A14.6,14.6,0,0,0,18.168,10.7L14.279,20.37a14.6,14.6,0,0,0,2.363,14.737L26.958,46.914,7.973,49.432A9.013,9.013,0,0,0,5.655,66.748Z\" fill=\"#a183e2\" \/>\n\t\t\t\t\t\t\t\t\t\t\t<path id=\"Path_152\" data-name=\"Path 152\" d=\"M14.835,0l1.013,1.258,8.6,10.684a14.654,14.654,0,0,1,3.026,12.625c-4.13.657-9.6,1.585-13.765,2L12.39,25.054,3.4,14.76A14.636,14.636,0,0,1,.528,1.516C4.8,1.115,10.575.467,14.835,0Z\" transform=\"translate(13.245 20.347)\" fill=\"#9762e2\" \/>\n\t\t\t\t\t\t\t\t\t\t<\/g>\n\t\t\t\t\t\t\t\t\t\t<g id=\"Group_312\" data-name=\"Group 312\" transform=\"translate(52.214)\">\n\t\t\t\t\t\t\t\t\t\t\t<path id=\"Path_153\" data-name=\"Path 153\" d=\"M34,77.345a8.969,8.969,0,0,0,3.417-2.828l8.441-11.546a14.6,14.6,0,0,0,1.492-14.85L42.9,38.7a14.6,14.6,0,0,0-12.42-8.278l-15.3-1.056L25.855,14.33A9.011,9.011,0,0,0,11.306,3.693L2.865,15.24A14.6,14.6,0,0,0,1.373,30.09l4.45,9.42a14.6,14.6,0,0,0,12.419,8.278l15.672.452L22.865,63.881A9.013,9.013,0,0,0,34,77.345Z\" fill=\"#ffa585\" \/>\n\t\t\t\t\t\t\t\t\t\t\t<path id=\"Path_154\" data-name=\"Path 154\" d=\"M7.757,1.274,8.607,0,23.9,1.056a14.654,14.654,0,0,1,11.32,6.356c-2.066,3.092-4.251,6.1-6.485,9.078a12.13,12.13,0,0,0-1.4,2.383l-15.672-.452A14.638,14.638,0,0,1,0,11.528C2.605,8.124,5.205,4.717,7.757,1.274Z\" transform=\"translate(6.575 29.367)\" fill=\"#ef7c85\" \/>\n\t\t\t\t\t\t\t\t\t\t<\/g>\n\t\t\t\t\t\t\t\t\t\t<path id=\"Path_155\" data-name=\"Path 155\" d=\"M10.079,19.979,2.523,16.2A4.564,4.564,0,0,1,.483,10.079L4.261,2.523A4.563,4.563,0,0,1,10.383.483l7.556,3.778a4.563,4.563,0,0,1,2.041,6.122L16.2,17.938A4.563,4.563,0,0,1,10.079,19.979Z\" transform=\"translate(11.979 30.062)\" fill=\"#ffe266\" \/>\n\t\t\t\t\t\t\t\t\t\t<path id=\"Path_156\" data-name=\"Path 156\" d=\"M3.311,2.5,11.433.177a4.563,4.563,0,0,1,5.641,3.134l2.32,8.123a4.563,4.563,0,0,1-3.134,5.641L8.138,19.4A4.563,4.563,0,0,1,2.5,16.261L.177,8.138A4.564,4.564,0,0,1,3.311,2.5Z\" transform=\"translate(82.049 115.511)\" fill=\"#ef8bbd\" \/>\n\t\t\t\t\t\t\t\t\t\t<path id=\"Path_157\" data-name=\"Path 157\" d=\"M26.8,23.08,16.138,29.238A6.652,6.652,0,0,1,7.05,26.8L.892,16.138A6.653,6.653,0,0,1,3.327,7.05L13.993.892A6.652,6.652,0,0,1,23.08,3.327l6.158,10.665A6.653,6.653,0,0,1,26.8,23.08Z\" transform=\"translate(116.483 10.165)\" fill=\"#78eac4\" \/>\n\t\t\t\t\t\t\t\t\t<\/g>\n\t\t\t\t\t\t\t\t\t<path id=\"Path_158\" data-name=\"Path 158\" d=\"M14.049.875,16.988,9.14a1.327,1.327,0,0,0,.689.776l7.343,3.308a1.465,1.465,0,0,1,0,2.588L17.677,19.12a1.326,1.326,0,0,0-.689.776L14.049,28.16a1.192,1.192,0,0,1-2.3,0L8.81,19.9a1.327,1.327,0,0,0-.689-.776L.778,15.812a1.465,1.465,0,0,1,0-2.588L8.121,9.916A1.324,1.324,0,0,0,8.81,9.14L11.749.875A1.192,1.192,0,0,1,14.049.875Z\" transform=\"translate(16 16.306)\" fill=\"#cab4ef\" \/>\n\t\t\t\t\t\t\t\t\t<path id=\"Path_159\" data-name=\"Path 159\" d=\"M10.42.65,12.6,6.78a.983.983,0,0,0,.512.575l5.447,2.454a1.087,1.087,0,0,1,0,1.92l-5.447,2.454a.986.986,0,0,0-.512.575l-2.18,6.13a.884.884,0,0,1-1.705,0l-2.18-6.13a.983.983,0,0,0-.511-.575L.577,11.729a1.087,1.087,0,0,1,0-1.92L6.024,7.355a.985.985,0,0,0,.511-.575L8.715.65a.884.884,0,0,1,1.705,0Z\" transform=\"translate(129.357)\" fill=\"#ffc7b6\" \/>\n\t\t\t\t\t\t\t\t\t<circle id=\"Ellipse_21\" data-name=\"Ellipse 21\" cx=\"6.418\" cy=\"6.418\" r=\"6.418\" transform=\"translate(98.988 28.986) rotate(-22.514)\" fill=\"#8bb6ef\" \/>\n\t\t\t\t\t\t\t\t\t<circle id=\"Ellipse_22\" data-name=\"Ellipse 22\" cx=\"2.769\" cy=\"2.769\" r=\"2.769\" transform=\"translate(46.677 10.769)\" fill=\"#ef8bbd\" \/>\n\t\t\t\t\t\t\t\t\t<circle id=\"Ellipse_23\" data-name=\"Ellipse 23\" cx=\"2.769\" cy=\"2.769\" r=\"2.769\" transform=\"translate(160.893 53.079)\" fill=\"#ffe266\" \/>\n\t\t\t\t\t\t\t\t<\/g>\n\t\t\t\t\t\t\t<\/svg>\n\t\t\t\t\t\t<\/div>\n\t\t\t\t\t<\/div>\n\t\t\t\t\t<div class=\"col-md-6\">\n\t\t\t\t\t\t<div class=\"theme-card__content\">\n\t\t\t\t\t\t\t<h2 style=\"text-align: center;\">Starten Sie noch heute mit Simple-Simon<\/h2>\n<h3 style=\"text-align: center;\">Starten Sie eine Demo oder testen Sie 2 Wochen lang kostenlos<\/h3>\n<p style=\"text-align: center;\">Komplett f\u00fcr <a href=\"https:\/\/simple-simon.com\/de\/preisgestaltung\/\"><span class=\"ss-price\" data-attr=\"default\">\u20ac27,50<\/span>\u00a0 pro Monat pro Benutzer!<\/a><\/p>\n<p style=\"text-align: center;\"><a class=\"theme-btn theme-btn__orange-gradient\" href=\"https:\/\/app.simple-simon.net\/Login\/Signup\/Trial.aspx?lang=nl\" target=\"_blank\" rel=\"noopener\">Kostenlos testen<\/a><a class=\"theme-btn theme-btn__orange-gradient\" href=\"https:\/\/simple-simon.com\/plan-een-live-demo\/\">Starten Sie eine Demo<\/a><\/p>\n\t\t\t\t\t\t<\/div>\n\t\t\t\t\t<\/div>\n\t\t\t\t\t<div class=\"col-md-3\">\n\t\t\t\t\t\t<div class=\"theme-card__content quote\">\n\t\t\t\t\t\t\t<p><em>&#8222;Unser Unternehmen arbeitet bereits seit sehr langer Zeit mit dieser App und jetzt, wo es eine neue Version 2.0 gibt, funktioniert sie noch besser. Spitze, danke!&#8220;<\/em><\/p>\n<p><strong>Aktie Totaalinstallateurs B.V.<\/strong><\/p>\n<span class=\"rating-wrapper\"><div class=\"star-ratings\"><div class=\"fill-ratings\" style=\"width: 96%;\"><span>\u2605\u2605\u2605\u2605\u2605<\/span><\/div><div class=\"empty-ratings\"><span>\u2605\u2605\u2605\u2605\u2605<\/span><\/div><\/div> 4.8\/5 bewertet<\/span>\n<p><a href=\"https:\/\/apps.apple.com\/nl\/app\/simple-simon-field-service\/id897884395\" target=\"_blank\" rel=\"noopener\"><img loading=\"lazy\" decoding=\"async\" class=\"alignnone\" src=\"\/wp-content\/uploads\/2024\/04\/appstore.png\" alt=\"\" width=\"180\" height=\"46\" \/><\/a> <a href=\"https:\/\/play.google.com\/store\/apps\/details?id=com.mobileop\" target=\"_blank\" rel=\"noopener\"><img loading=\"lazy\" decoding=\"async\" class=\"alignnone\" src=\"\/wp-content\/uploads\/2024\/04\/playstore.png\" alt=\"\" width=\"180\" height=\"46\" \/><\/a><\/p>\n\t\t\t\t\t\t<\/div>\n\t\t\t\t\t<\/div>\n\t\t\t\t<\/div>\n\t\t\t<\/div>\n\t\t<\/div>\n\t<\/div>\n<\/section>\n","protected":false},"excerpt":{"rendered":"","protected":false},"author":12,"featured_media":0,"parent":0,"menu_order":0,"comment_status":"closed","ping_status":"closed","template":"","meta":{"_acf_changed":false,"inline_featured_image":false,"footnotes":""},"tags":[],"class_list":["post-9253","page","type-page","status-publish","hentry"],"acf":[],"aioseo_notices":[],"_links":{"self":[{"href":"https:\/\/simple-simon.com\/de\/wp-json\/wp\/v2\/pages\/9253","targetHints":{"allow":["GET"]}}],"collection":[{"href":"https:\/\/simple-simon.com\/de\/wp-json\/wp\/v2\/pages"}],"about":[{"href":"https:\/\/simple-simon.com\/de\/wp-json\/wp\/v2\/types\/page"}],"author":[{"embeddable":true,"href":"https:\/\/simple-simon.com\/de\/wp-json\/wp\/v2\/users\/12"}],"replies":[{"embeddable":true,"href":"https:\/\/simple-simon.com\/de\/wp-json\/wp\/v2\/comments?post=9253"}],"version-history":[{"count":22,"href":"https:\/\/simple-simon.com\/de\/wp-json\/wp\/v2\/pages\/9253\/revisions"}],"predecessor-version":[{"id":15043,"href":"https:\/\/simple-simon.com\/de\/wp-json\/wp\/v2\/pages\/9253\/revisions\/15043"}],"wp:attachment":[{"href":"https:\/\/simple-simon.com\/de\/wp-json\/wp\/v2\/media?parent=9253"}],"wp:term":[{"taxonomy":"post_tag","embeddable":true,"href":"https:\/\/simple-simon.com\/de\/wp-json\/wp\/v2\/tags?post=9253"}],"curies":[{"name":"wp","href":"https:\/\/api.w.org\/{rel}","templated":true}]}}