{"id":7134,"date":"2024-11-19T08:42:51","date_gmt":"2024-11-19T08:42:51","guid":{"rendered":"https:\/\/simple-simon.com\/de-en-integratievoorwaarden\/"},"modified":"2026-01-02T11:19:04","modified_gmt":"2026-01-02T11:19:04","slug":"integrationsbedingungen","status":"publish","type":"page","link":"https:\/\/simple-simon.com\/de\/integrationsbedingungen\/","title":{"rendered":"Integrationsbedingungen"},"content":{"rendered":"\n\n\n<section class=\"theme-header-banner bg__blue text__white  theme-p-sm\">\n\t<div class=\"container\">\n\t\t<div class=\"row\">\n\t\t\t<div class=\"col-md-12\">\n\t\t\t\t<h1 style=\"text-align: center;\">Nutzungsbedingungen Integrationen<\/h1>\n\t\t\t<\/div>\n\t\t<\/div>\n\t<\/div>\n<\/section>    <div class=\"wrapper theme-m-sm\">\n        <div class=\"container\">\n            <div class=\"row justify-content-center\">\n                                            <div class=\"col-xs-12 col-sm-12 col-md-9 col-lg-9\">\n                            <p>Der Dienst \u201e<span class=\"brand\">Simple-Simon<\/span>, die Smart-Arbeitsauftrags-App\u201c, im Folgenden\u00a0<span class=\"brand\">Simple-Simon<\/span>\u00a0genannt, wird Ihnen von der Firma Mobile Operating B.V. als Software-as-a-Service \u00fcber das Internet angeboten. Die Nutzung von\u00a0<span class=\"brand\">Simple-Simon<\/span>\u00a0unterliegt den nachstehenden Bedingungen. Durch die Nutzung von\u00a0<span class=\"brand\">Simple-Simon<\/span>\u00a0erkl\u00e4ren Sie sich hiermit einverstanden.<\/p>\n<p>Die\u00a0<a href=\"https:\/\/simple-simon.com\/algemene-voorwaarden\/\">allgemeinen Gesch\u00e4ftsbedingungen<\/a>\u00a0von\u00a0<span class=\"brand\">Simple-Simon<\/span>\u00a0gelten auch f\u00fcr die Nutzung der Integrationen.<\/p>\n<p>Zus\u00e4tzlich zu den allgemeinen Gesch\u00e4ftsbedingungen von\u00a0<span class=\"brand\">Simple-Simon<\/span>\u00a0gelten die allgemeinen Gesch\u00e4ftsbedingungen f\u00fcr die Integrationen. Durch die Nutzung der Integrationen erkl\u00e4ren Sie sich hiermit einverstanden.<\/p>\n                            <\/div>\n                                                    <div class=\"col-xs-12 col-sm-12 col-md-9 col-lg-9\">\n                            <div class=\"theme-p-sm\"><h2 style=\"text-align: center;\"><b>Allgemeine Gesch\u00e4ftsbedingungen<\/b> f\u00fcr Integrationen<\/h2>\n<\/div>                            <\/div>\n                                                    <div class=\"col-xs-12 col-sm-12 col-md-9 col-lg-9\">\n                            <p><b>Artikel 1. Kosten f\u00fcr die Nutzung der Integration<\/b><\/p>\n<p>1.1 Die j\u00e4hrlichen Kosten f\u00fcr die Nutzung der Integration sind auf der Seite angegeben, auf der Sie die Integration erstellen und einrichten.<\/p>\n<p>1.2 Die Kosten sind ein Beitrag f\u00fcr die Nutzung der Infrastruktur, der Lizenzen f\u00fcr die Server und Datenbankserver sowie f\u00fcr die Aktualisierung der erforderlichen Software.<\/p>\n<p>1.3 F\u00fcr einen festgelegten Zeitraum ist die Nutzung der Integration kostenlos. Konsultieren Sie die Website, um herauszufinden, wie lange der kostenlose Zeitraum ist. Das Startdatum des kostenlosen Zeitraums ist der erste Moment der Aktivierung der Integration.<\/p>\n<p>1.4 Nach dem kostenlosen Zeitraum werden die Wartungskosten in Rechnung gestellt. Um die Verwaltungskosten niedrig zu halten, m\u00fcssen die Wartungskosten j\u00e4hrlich im Voraus bezahlt werden. Diese Wartungskosten k\u00f6nnen ohne Angabe von Gr\u00fcnden angepasst werden.<\/p>\n<p>1.5 Wenn die Wartungskosten nicht rechtzeitig bezahlt werden, wird die Integration gestoppt. Sie wird wieder aktiv, sobald die Wartungskosten bezahlt sind. Wenn wiederholt nicht auf Zahlungsaufforderungen reagiert wird, kann die Integration von Simple-Simon endg\u00fcltig deaktiviert werden. Falls die Integration nach einer Pause wegen Nichtzahlung der Wartungskosten erneut aktiviert werden muss, werden hierf\u00fcr 85,- zus\u00e4tzliche Kosten in Rechnung gestellt.<\/p>\n<p>1.6 Bereits bezahlte Wartungskosten werden niemals zur\u00fcckerstattet, unabh\u00e4ngig davon, wie viele Tage die Integration w\u00e4hrend des bezahlten Zeitraums genutzt wurde.<\/p>\n<p>1.7 Mobile Operating B.V. kann nicht f\u00fcr eventuelle Folgen haftbar gemacht werden, die durch das vor\u00fcbergehende Stoppen der Integration entstehen. Sie als Kunde sind selbst daf\u00fcr verantwortlich, die Integrationskosten rechtzeitig zu bezahlen.<\/p>\n<p><b>Artikel 2. Struktur der Integration<\/b><\/p>\n<p>2.1 Die Struktur der Integration basiert auf den g\u00e4ngigsten W\u00fcnschen der Kunden von Simple-Simon. Mobile Operating B.V. kann die Funktionalit\u00e4t der Integrationen von Zeit zu Zeit anpassen. Dabei sind Ihr Feedback und Ihre Vorschl\u00e4ge willkommen, aber letztendlich entscheidet Mobile Operating B.V. selbst, welche Anpassungen sie vornimmt und welche nicht.<\/p>\n<p>2.2 Innerhalb der angebotenen Struktur steht es dem Kunden frei, eine Reihe von Einstellungen (Parametern) vorzunehmen, die die Funktionsweise der Integration beeinflussen. Mobile Operating B.V. ist nicht haftbar f\u00fcr die fehlerhafte Einstellung dieser Parameter, noch f\u00fcr die Folgen der fehlerhaften Einstellung dieser Parameter.<\/p>\n<p><b>Artikel 3. Verarbeitung von Daten<\/b><\/p>\n<p>3.1 Mit der Integration verarbeiten Sie m\u00f6glicherweise personenbezogene Daten. Denken Sie an Kundendaten, Arbeitsadressen oder andere pers\u00f6nliche Daten. Mobile Operating B.V. fungiert hierbei als Auftragsverarbeiter im Sinne des Datenschutzgesetzes. Sie stellen Mobile Operating B.V. von allen Anspr\u00fcchen Betroffener unter diesem Gesetz frei.<\/p>\n<p>3.2 Mobile Operating B.V. ist nicht verantwortlich f\u00fcr die Verarbeitung von Daten in dem Paket, mit dem integriert wurde. Der Nutzer von Simple-Simon und dem integrierten Paket ist f\u00fcr die korrekte Verarbeitung der Daten verantwortlich.<\/p>\n<p>3.3 Mobile Operating B.V. bietet Ihnen die M\u00f6glichkeit, Daten zwischen Simple-Simon und dem integrierten Paket zu synchronisieren. Sie entscheiden selbst, welche Informationen Sie synchronisieren lassen und was Sie mit den Ergebnissen tun. Mobile Operating B.V. ist nicht haftbar f\u00fcr inkorrekte Buchungen innerhalb des integrierten Pakets.<\/p>\n<p>3.4 Mobile Operating B.V. tauscht Daten zwischen Simple-Simon und Ihrem Buchhaltungssystem aus, ist aber nicht verantwortlich f\u00fcr die Verarbeitung im steuerlichen, rechtlichen oder sonstigen Sinne. Es liegt in Ihrer Verantwortung, die endg\u00fcltigen Buchungen gem\u00e4\u00df Ihrer lokalen Gesetzgebung durchzuf\u00fchren.<\/p>\n<p>3.5 Mobile Operating B.V. \u00fcbernimmt keinerlei Haftung f\u00fcr die Nutzung dieser Integration. Weder f\u00fcr die (vor\u00fcbergehende) Nichtverf\u00fcgbarkeit des Dienstes, noch f\u00fcr Sch\u00e4den, die aus m\u00f6glicherweise inkorrekten Buchungen oder den damit verbundenen Wiederherstellungsarbeiten resultieren. Es liegt ausdr\u00fccklich in Ihrer Verantwortung, sich zu vergewissern, dass die Integration innerhalb der steuerlichen und rechtlichen Rahmenbedingungen funktioniert, die Ihre eigene Organisation und Ihre lokale Regierung an Ihre Buchhaltung stellt.<\/p>\n<p>3.6 Mobile Operating B.V. respektiert Ihre Privatsph\u00e4re und ist verpflichtet, Ihre Daten zu sch\u00fctzen. Um den Integrationsservice anzubieten, geben Sie uns ausdr\u00fccklich die Erlaubnis, Ihre Daten zu sammeln und zu speichern. Die Informationen werden ausschlie\u00dflich zur Bereitstellung des Integrationsdienstes gespeichert. Sie stimmen ausdr\u00fccklich der Speicherung und Nutzung Ihrer Daten zur Bereitstellung des Integrationsdienstes in der von Mobile Operating B.V. als notwendig erachteten Weise zu.<\/p>\n<p><b>Artikel 4. Lizenzanforderungen des Systems, mit dem Sie integrieren<\/b><\/p>\n<p>4.1 Es liegt in Ihrer Verantwortung, dass das Lizenzmodell des Systems, mit dem Sie Simple-Simon integrieren, die Herstellung der Integration erlaubt. Simple-Simon \u00fcberpr\u00fcft in keiner Weise, ob die Lizenz des Systems, mit dem Sie integrieren, dies zul\u00e4sst. Simple-Simon geht davon aus, dass alle Integrationsaufrufe, die get\u00e4tigt werden, in den Lizenzvertrag passen, den Sie mit dem System haben, mit dem die Integration eingerichtet wird. Simple-Simon geht ferner davon aus, dass die Nutzung der Daten aus dem System, mit dem Sie integrieren, ebenfalls in den Lizenzvertrag des Systems passen, mit dem die Integration eingerichtet wird.<\/p>\n<p>4.2 Es liegt in Ihrer Verantwortung, sich auch im Falle von \u00c4nderungen am Lizenzvertrag mit dem System, mit dem Sie die Integration einrichten, zu vergewissern, dass die Integration mit Simple-Simon immer noch in den ge\u00e4nderten Lizenzvertrag passt.<\/p>\n<p>4.3 Simple-Simon akzeptiert keinerlei Haftung, sollte das Lizenzmodell des Systems, mit dem Sie Simple-Simon integrieren, dies nicht zulassen. Diese Bestimmung gilt f\u00fcr die Einrichtung der Integration, den Datenaustausch, bei dem sowohl gelesen als auch geschrieben wird, die Nutzung der Daten in der Simple-Simon-Umgebung, wobei diese Daten f\u00fcr alle Simple-Simon-Benutzer einsehbar und editierbar sind.<\/p>\n<p>4.4 Durch die Nutzung von Simple-Simon erkl\u00e4ren Sie, dass Sie \u00fcber die richtige(n) Lizenz(en) des Systems verf\u00fcgen, mit dem Sie die Integration einrichten. Sie stellen Mobile Operating B.V. von allen Anspr\u00fcchen und Forderungen frei, die im Zusammenhang mit dem Fehlen dieser Lizenz(en) oder deren Unzul\u00e4nglichkeit f\u00fcr die Nutzung innerhalb der Simple-Simon-Umgebung stehen.<\/p>\n<p><b>Artikel 5. Beenden der Integration<\/b><\/p>\n<p>5.1 Kunden k\u00f6nnen, falls gew\u00fcnscht, jederzeit ohne Vermittlung von Mobile Operating B.V. die Integration zwischen Simple-Simon und dem integrierten Paket beenden. Die Synchronisation zwischen Simple-Simon und dem integrierten Paket stoppt dann sofort.<\/p>\n<p>5.2 Im Falle einer Beendigung der Integration werden keine im Voraus bezahlten Wartungskosten zur\u00fcckerstattet.<\/p>\n<p><b>Artikel 6. \u00c4nderungen der Bedingungen<\/b><\/p>\n<p>6.1 Mobile Operating B.V. kann diese Bedingungen sowie die Preise jederzeit anpassen.<\/p>\n<p>6.2 Mobile Operating B.V. wird die \u00c4nderungen oder Erg\u00e4nzungen mindestens drei\u00dfig Tage vor Inkrafttreten \u00fcber die Website ank\u00fcndigen, damit Sie davon Kenntnis nehmen k\u00f6nnen.<\/p>\n<p>6.3 Wenn Sie eine \u00c4nderung oder Erg\u00e4nzung nicht akzeptieren m\u00f6chten, k\u00f6nnen Sie die Integration ohne Angabe von Gr\u00fcnden beenden. Im Voraus bezahlte Betr\u00e4ge werden nicht zur\u00fcckerstattet. Die Nutzung des Dienstes nach dem Datum des Inkrafttretens gilt als Akzeptanz der ge\u00e4nderten oder erg\u00e4nzten Bedingungen.<\/p>\n<p><b>Artikel 7. Sonstige Bestimmungen<\/b><\/p>\n<p>7.1 Auf diesen Vertrag ist niederl\u00e4ndisches Recht anwendbar.<\/p>\n<p>7.2 Soweit die zwingenden Rechtsvorschriften nichts anderes vorschreiben, werden alle Streitigkeiten im Zusammenhang mit Simple-Simon dem zust\u00e4ndigen niederl\u00e4ndischen Gericht des Bezirks, in dem Mobile Operating B.V. ans\u00e4ssig ist, vorgelegt.<\/p>\n<p>7.3 Wenn eine Bestimmung in diesen Nutzungsbedingungen verlangt, dass eine Mitteilung \u201eschriftlich\u201c erfolgen muss, ist dies auch erf\u00fcllt, wenn die Mitteilung per E-Mail oder Kommunikation \u00fcber den Dienst erfolgt, sofern hinreichend feststeht, dass die Nachricht tats\u00e4chlich vom angeblichen Absender stammt und die Integrit\u00e4t der Nachricht nicht beeintr\u00e4chtigt wurde.<\/p>\n<p>7.4 Die Version der Kommunikation oder Information, wie sie von Mobile Operating B.V. gespeichert wurde, gilt als korrekt, es sei denn, Sie liefern einen Gegenbeweis diesbez\u00fcglich.<\/p>\n<p>7.5 Wenn eine Bestimmung in diesen Nutzungsbedingungen nichtig sein sollte, ber\u00fchrt dies nicht die G\u00fcltigkeit der gesamten Nutzungsbedingungen. Die Parteien werden in diesem Fall eine(n) neue(n) Bestimmung(en) festlegen, die so weit wie rechtlich m\u00f6glich die Absicht der urspr\u00fcnglichen Bestimmung widerspiegelt.<\/p>\n<p>7.6 Mobile Operating B.V. ist berechtigt, ihre Rechte und Pflichten aus dem Vertrag auf einen Dritten zu \u00fcbertragen, der Simple-Simon oder die betreffende Gesch\u00e4ftsaktivit\u00e4t von ihr \u00fcbernimmt.<\/p>\n<p>7.7 Die auf der Website genannten Datenschutzbestimmungen sind Teil dieser Nutzungsbedingungen von Simple-Simon.<\/p>\n                            <\/div>\n                                      \n            <\/div>\n        <\/div>\n    <\/div>\n","protected":false},"excerpt":{"rendered":"","protected":false},"author":12,"featured_media":0,"parent":0,"menu_order":0,"comment_status":"closed","ping_status":"closed","template":"","meta":{"_acf_changed":false,"inline_featured_image":false,"footnotes":""},"tags":[],"class_list":["post-7134","page","type-page","status-publish","hentry"],"acf":[],"aioseo_notices":[],"_links":{"self":[{"href":"https:\/\/simple-simon.com\/de\/wp-json\/wp\/v2\/pages\/7134","targetHints":{"allow":["GET"]}}],"collection":[{"href":"https:\/\/simple-simon.com\/de\/wp-json\/wp\/v2\/pages"}],"about":[{"href":"https:\/\/simple-simon.com\/de\/wp-json\/wp\/v2\/types\/page"}],"author":[{"embeddable":true,"href":"https:\/\/simple-simon.com\/de\/wp-json\/wp\/v2\/users\/12"}],"replies":[{"embeddable":true,"href":"https:\/\/simple-simon.com\/de\/wp-json\/wp\/v2\/comments?post=7134"}],"version-history":[{"count":8,"href":"https:\/\/simple-simon.com\/de\/wp-json\/wp\/v2\/pages\/7134\/revisions"}],"predecessor-version":[{"id":14600,"href":"https:\/\/simple-simon.com\/de\/wp-json\/wp\/v2\/pages\/7134\/revisions\/14600"}],"wp:attachment":[{"href":"https:\/\/simple-simon.com\/de\/wp-json\/wp\/v2\/media?parent=7134"}],"wp:term":[{"taxonomy":"post_tag","embeddable":true,"href":"https:\/\/simple-simon.com\/de\/wp-json\/wp\/v2\/tags?post=7134"}],"curies":[{"name":"wp","href":"https:\/\/api.w.org\/{rel}","templated":true}]}}