{"id":7124,"date":"2024-04-10T06:16:42","date_gmt":"2024-04-10T06:16:42","guid":{"rendered":"https:\/\/simple-simon.com\/de-implementatiepaketten\/"},"modified":"2026-01-02T11:11:50","modified_gmt":"2026-01-02T11:11:50","slug":"implementierungspakete","status":"publish","type":"page","link":"https:\/\/simple-simon.com\/de\/implementierungspakete\/","title":{"rendered":"Implementierungspakete"},"content":{"rendered":"\n\n\n<section class=\"theme-section theme-hero__wrapper theme-p-sm text__light \">\n\t<div class=\"theme-wrapper theme-element bl bg__dark-blue \">\n\t\t\t\t\t<div class=\"theme-hero__img-partial\">\n\t\t\t\t\t\t\t\t\t<img decoding=\"async\" src=\"https:\/\/simple-simon.com\/wp-content\/uploads\/2024\/09\/vecteezy_focused-construction-worker-using-a-tablet_56421562-scaled-e1747665800706.png\" alt=\"\">\n\t\t\t\t\t\t\t<\/div>\n\t\t\t\t<div class=\"container\">\n\t\t\t<div class=\"row justify-content-between\">\n\t\t\t\t<div class=\"col-xl-6\">\n\t\t\t\t\t<div class=\"theme-hero__content\">\n\t\t\t\t\t\t<h1>Implementierungspakete<\/h1>\n<p>Untersch\u00e4tzen Sie die <b>Implementierung<\/b> nicht: Vermeiden Sie die h\u00e4ufigsten Fallstricke. Unser Ansatz unten wurde speziell entwickelt, um Sie dabei zu begleiten!<\/p>\n\t\t\t\t\t<\/div>\n\t\t\t\t<\/div>\n\t\t\t\t\t\t\t\t\n\t\t\t\t\t\t\t<\/div>\n\n\t\t<\/div>\n\n\n\t<\/div>\n<\/section>\n\n\t<section class=\"theme-banner-wrapper theme-section theme-p-sm\">\n\n\t\t<div class=\"theme-package-wrapper theme-wrapper bg__white border-radius-16px theme-p-sm\">\n\t\t\t<div class=\"container\">\n\t\t\t\t<div class=\"row justify-content-center\">\n\t\t\t\t\t<div class=\"col-md-6\">\n\t\t\t\t\t\t<div class=\"theme-package-wrapper__content\">\n\t\t\t\t\t\t\t\t\t\t\t\t\t<\/div>\n\t\t\t\t\t<\/div>\n\t\t\t\t<\/div>\n\t\t\t\t<div class=\"row justify-content-center\">\n\t\t\t\t\t\t\t\t\t\t\t\t<div class=\"col-md-4 col-xxl-3\">\n\t\t\t\t\t\t\t\t<div class=\"theme-package theme-p-sm \">\n\t\t\t\t\t\t\t\t\t\t\t\t\t\t\t\t\t\t\t<div class=\"theme-package__label  bg__blue\">\n\t\t\t\t\t\t\t\t\t\t\t<p style=\"text-align: center;\"><strong>Basis<\/strong><\/p>\n\t\t\t\t\t\t\t\t\t\t<\/div>\n\t\t\t\t\t\t\t\t\t\t\t\t\t\t\t\t\t\t<div class=\"theme-package__content\">\n\t\t\t\t\t\t\t\t\t\t<h3 style=\"text-align: center;\"><span  data-attr=\"default\">\u20ac899,-<\/span>*<\/h3>\n\t\t\t\t\t\t\t\t\t<\/div>\n\t\t\t\t\t\t\t\t\t<p style=\"text-align: center;\">\n<p style=\"text-align: center;\"><strong>Basis-Paket:<\/strong><\/p>\n<ul>\n<li>Integration nach Wahl einrichten<\/li>\n<li>Arbeitsauftr\u00e4ge im B\u00fcro erstellen und planen<\/li>\n<li>Stunden und Material vor Ort erfassen<\/li>\n<li>Ergebnisse im B\u00fcro und in Ihrer Buchhaltungssoftware einsehen<\/li>\n<\/ul>\n<p>&nbsp;<\/p>\n<ul>\n<li>Buchhaltungssoftware-Integration<\/li>\n<li>Basiseinstellungen<\/li>\n<li>Stammdaten pflegen<\/li>\n<li>Arbeitsauftr\u00e4ge<\/li>\n<li>Planung<\/li>\n<li>App (Stunden, Materialien, Fotos usw.)<\/li>\n<li>Tages-\/Wochenplanung<\/li>\n<li>Zeiterfassung<\/li>\n<li>Materialverbrauch<\/li>\n<li>Arbeitsauftr\u00e4ge selbst planen<\/li>\n<li>Unbegrenzte Teilnehmerzahl<\/li>\n<\/ul>\n\t\t\t\t\t\t\t\t\t\t\t\t\t\t\t\t\t\t\t<a href=\"#\" class=\"theme-link active\">Details anzeigen<\/a>\n\t\t\t\t\t\t\t\t\t\t<a href=\"#\" class=\"theme-link\">Weniger Details<\/a>\n\t\t\t\t\t\t\t\t\t\t\t\t\t\t\t\t\t\t<p style=\"text-align: center;\"><a class=\"theme-btn theme-btn__orange-gradient\" href=\"https:\/\/simple-simon.com\/de\/kontakt\/\">Kontakt aufnehmen<\/a><\/p>\n\t\t\t\t\t\t\t\t<\/div>\n\t\t\t\t\t\t\t<\/div>\n\t\t\t\t\t\t\t\t\t\t\t\t<div class=\"col-md-4 col-xxl-3\">\n\t\t\t\t\t\t\t\t<div class=\"theme-package theme-p-sm \">\n\t\t\t\t\t\t\t\t\t\t\t\t\t\t\t\t\t\t\t<div class=\"theme-package__label  bg__purple\">\n\t\t\t\t\t\t\t\t\t\t\t<p style=\"text-align: center;\"><strong>Erweitert<\/strong><\/p>\n<p style=\"text-align: center;\">Meistgew\u00e4hlt<\/p>\n\t\t\t\t\t\t\t\t\t\t<\/div>\n\t\t\t\t\t\t\t\t\t\t\t\t\t\t\t\t\t\t<div class=\"theme-package__content\">\n\t\t\t\t\t\t\t\t\t\t<h3 style=\"text-align: center;\"><span  data-attr=\"default\">\u20ac1.599,-<\/span>*<\/h3>\n\t\t\t\t\t\t\t\t\t<\/div>\n\t\t\t\t\t\t\t\t\t<p style=\"text-align: center;\">\n<p style=\"text-align: center;\"><strong>Alles aus dem Basis-Paket + die folgenden Optionen:<\/strong><\/p>\n<ul>\n<li>Erweiterte Planungsm\u00f6glichkeiten f\u00fcr B\u00fcro und App<\/li>\n<li>Erweiterte Funktionen mit eigenen Formularen<\/li>\n<li>Erweiterte Einstellungen durchgehen<\/li>\n<\/ul>\n<p>&nbsp;<\/p>\n<ul>\n<li>Buchhaltungssoftware-Integration<\/li>\n<li>Basiseinstellungen<\/li>\n<li>Stammdaten pflegen<\/li>\n<li>Arbeitsauftr\u00e4ge<\/li>\n<li>Planung<\/li>\n<li>App (Stunden, Materialien, Fotos usw.)<\/li>\n<li>Tages-\/Wochenplanung<\/li>\n<li>Zeiterfassung<\/li>\n<li>Materialverbrauch<\/li>\n<li>Arbeitsauftr\u00e4ge selbst planen<\/li>\n<li>Auswertung der ersten Woche<\/li>\n<li>Erweiterte Planung, Wiederholungsplanung, Nutzung des Planboards, SMS\/E-Mail an Kunden senden<\/li>\n<li>Eigene Formulare erstellen<\/li>\n<li>Layout: Arbeitsauftr\u00e4ge &amp; eigene Formulare<\/li>\n<li>Erweiterte Einstellungen durchgehen<\/li>\n<li>Berichte<\/li>\n<li>Unbegrenzte Teilnehmerzahl<\/li>\n<\/ul>\n\t\t\t\t\t\t\t\t\t\t\t\t\t\t\t\t\t\t\t<a href=\"#\" class=\"theme-link active\">Details anzeigen<\/a>\n\t\t\t\t\t\t\t\t\t\t<a href=\"#\" class=\"theme-link\">Weniger Details<\/a>\n\t\t\t\t\t\t\t\t\t\t\t\t\t\t\t\t\t\t<p style=\"text-align: center;\"><a class=\"theme-btn theme-btn__orange-gradient\" href=\"https:\/\/simple-simon.com\/de\/kontakt\/\">Kontakt aufnehmen<\/a><\/p>\n\t\t\t\t\t\t\t\t<\/div>\n\t\t\t\t\t\t\t<\/div>\n\t\t\t\t\t\t\t\t\t\t\t\t<div class=\"col-md-4 col-xxl-3\">\n\t\t\t\t\t\t\t\t<div class=\"theme-package theme-p-sm \">\n\t\t\t\t\t\t\t\t\t\t\t\t\t\t\t\t\t\t\t<div class=\"theme-package__label  bg__blue\">\n\t\t\t\t\t\t\t\t\t\t\t<p style=\"text-align: center;\"><strong>Professional<\/strong><\/p>\n\t\t\t\t\t\t\t\t\t\t<\/div>\n\t\t\t\t\t\t\t\t\t\t\t\t\t\t\t\t\t\t<div class=\"theme-package__content\">\n\t\t\t\t\t\t\t\t\t\t<h3 style=\"text-align: center;\"><span  data-attr=\"default\">\u20ac2.249,-<\/span>*<\/h3>\n\t\t\t\t\t\t\t\t\t<\/div>\n\t\t\t\t\t\t\t\t\t<p style=\"text-align: center;\">\n<p style=\"text-align: center;\"><strong>Alles aus dem Advanced-Paket + die folgenden Optionen:<\/strong><\/p>\n<ul>\n<li>100\u202f% sorgenfrei: Einrichtung der Umgebung, Implementierung in Ihrem Unternehmen und Schulung Ihrer Mitarbeiter<\/li>\n<li>Steigerung der Mitarbeiterakzeptanz: H\u00e4ufigere Kontaktpunkte f\u00f6rdern die Zustimmung innerhalb Ihres Unternehmens<\/li>\n<li>Optimale Arbeitsweise: Durch intensive Begleitung wird die beste Vorgehensweise ermittelt und in Ihrem Unternehmen umgesetzt<\/li>\n<\/ul>\n<p>&nbsp;<\/p>\n<ul>\n<li>Mehr Zeit, mehr Aufmerksamkeit = 100\u202f% sorgenfrei<\/li>\n<li>Schrittweise Einrichtung Ihrer Umgebung<\/li>\n<li>Buchhaltungssoftware-Integration<\/li>\n<li>Basiseinstellungen<\/li>\n<li>Stammdaten pflegen<\/li>\n<li>Arbeitsauftr\u00e4ge<\/li>\n<li>Planung<\/li>\n<li>App (Stunden, Materialien, Fotos usw.)<\/li>\n<li>Tages-\/Wochenplanung<\/li>\n<li>Zeiterfassung<\/li>\n<li>Materialverbrauch<\/li>\n<li>Arbeitsauftr\u00e4ge selbst planen<\/li>\n<li>Auswertung der ersten Woche<\/li>\n<li>Erweiterte Planung, Wiederholungsplanung, Nutzung des Planboards, SMS\/E-Mail an Kunden senden<\/li>\n<li>Eigene Formulare erstellen<\/li>\n<li>Layout: Arbeitsauftr\u00e4ge &amp; eigene Formulare<\/li>\n<li>Erweiterte Einstellungen durchgehen<\/li>\n<li>Berichte<\/li>\n<li>Unbegrenzte Teilnehmerzahl<\/li>\n<\/ul>\n\t\t\t\t\t\t\t\t\t\t\t\t\t\t\t\t\t\t\t<a href=\"#\" class=\"theme-link active\">Details anzeigen<\/a>\n\t\t\t\t\t\t\t\t\t\t<a href=\"#\" class=\"theme-link\">Weniger Details<\/a>\n\t\t\t\t\t\t\t\t\t\t\t\t\t\t\t\t\t\t<p style=\"text-align: center;\"><a class=\"theme-btn theme-btn__orange-gradient\" href=\"https:\/\/simple-simon.com\/de\/kontakt\/\">Kontakt aufnehmen<\/a><\/p>\n\t\t\t\t\t\t\t\t<\/div>\n\t\t\t\t\t\t\t<\/div>\n\t\t\t\t\t\t\t\t\t<\/div>\n\t\t\t<\/div>\n\t\t<\/div>\n\n\t<\/section>    <div class=\"wrapper\">\n        <div class=\"container\">\n            <div class=\"row\">\n                                            <div class=\"col-12\">\n                            <p>*Die angegebenen Preise verstehen sich zzgl. MwSt. und zzgl. Reisekosten (bei einer Schulung vor Ort).<\/p>\n                            <\/div>\n                                      \n            <\/div>\n        <\/div>\n    <\/div>\n","protected":false},"excerpt":{"rendered":"","protected":false},"author":12,"featured_media":0,"parent":0,"menu_order":0,"comment_status":"closed","ping_status":"closed","template":"","meta":{"_acf_changed":false,"inline_featured_image":false,"footnotes":""},"tags":[],"class_list":["post-7124","page","type-page","status-publish","hentry"],"acf":[],"aioseo_notices":[],"_links":{"self":[{"href":"https:\/\/simple-simon.com\/de\/wp-json\/wp\/v2\/pages\/7124","targetHints":{"allow":["GET"]}}],"collection":[{"href":"https:\/\/simple-simon.com\/de\/wp-json\/wp\/v2\/pages"}],"about":[{"href":"https:\/\/simple-simon.com\/de\/wp-json\/wp\/v2\/types\/page"}],"author":[{"embeddable":true,"href":"https:\/\/simple-simon.com\/de\/wp-json\/wp\/v2\/users\/12"}],"replies":[{"embeddable":true,"href":"https:\/\/simple-simon.com\/de\/wp-json\/wp\/v2\/comments?post=7124"}],"version-history":[{"count":12,"href":"https:\/\/simple-simon.com\/de\/wp-json\/wp\/v2\/pages\/7124\/revisions"}],"predecessor-version":[{"id":13224,"href":"https:\/\/simple-simon.com\/de\/wp-json\/wp\/v2\/pages\/7124\/revisions\/13224"}],"wp:attachment":[{"href":"https:\/\/simple-simon.com\/de\/wp-json\/wp\/v2\/media?parent=7124"}],"wp:term":[{"taxonomy":"post_tag","embeddable":true,"href":"https:\/\/simple-simon.com\/de\/wp-json\/wp\/v2\/tags?post=7124"}],"curies":[{"name":"wp","href":"https:\/\/api.w.org\/{rel}","templated":true}]}}