{"id":6998,"date":"2024-04-10T06:17:37","date_gmt":"2024-04-10T06:17:37","guid":{"rendered":"https:\/\/simple-simon.com\/de-news-updates\/"},"modified":"2026-02-03T14:59:55","modified_gmt":"2026-02-03T14:59:55","slug":"neuigkeiten-updates","status":"publish","type":"page","link":"https:\/\/simple-simon.com\/de\/neuigkeiten-updates\/","title":{"rendered":"Neuigkeiten &#038; Updates"},"content":{"rendered":"\n\n\n<section class=\"theme-section theme-hero__wrapper theme-p-sm text__light \">\n\t<div class=\"theme-wrapper theme-element bl bg__dark-blue \">\n\t\t\t\t\t<div class=\"theme-hero__img-partial\">\n\t\t\t\t\t\t\t\t\t<img decoding=\"async\" src=\"https:\/\/simple-simon.com\/wp-content\/uploads\/2025\/01\/hero-simple-simon-sa-older-worker.png\" alt=\"\">\n\t\t\t\t\t\t\t<\/div>\n\t\t\t\t<div class=\"container\">\n\t\t\t<div class=\"row justify-content-between\">\n\t\t\t\t<div class=\"col-xl-6\">\n\t\t\t\t\t<div class=\"theme-hero__content\">\n\t\t\t\t\t\t<h1>Neuigkeiten &amp; Updates<\/h1>\n<p>Willkommen auf unserer <strong>Neuigkeiten &amp; Updates<\/strong> Seite. Bleiben Sie \u00fcber die neuesten Entwicklungen und Trends informiert. Ob technologische Innovationen, Unternehmensnachrichten oder aktuelle Ereignisse \u2013 hier finden Sie alle relevanten Informationen an einem Ort. Bleiben Sie auf dem Laufenden und verpassen Sie keine wichtigen Neuigkeiten!<\/p>\n\t\t\t\t\t<\/div>\n\t\t\t\t<\/div>\n\t\t\t\t\t\t\t\t\n\t\t\t\t\t\t\t<\/div>\n\n\t\t<\/div>\n\n\n\t<\/div>\n<\/section>\r\n\r\n\r\n<section class=\"theme-section theme-content-variable-wrapper theme-p-sm\">\r\n\r\n\t<div class=\"row\">\r\n\t\t<div class=\"col-md-12 text-center\">\r\n\t\t\t\t\t<\/div>\r\n\t\t<div class=\"col-md-12\">\r\n\t\t\t<div class=\"theme-content-variable__nav-wrapper\">\r\n\t\t\t\t<div class=\"theme-content-variable__nav\">\r\n\t\t\t\t\t\t\t\t\t\t\t\t<a href=\"#\" data-name=\"Simple-Simon Neuigkeiten\" class=\"theme-btn theme-btn__blue  theme-btn__lg\">Simple-Simon Neuigkeiten<\/a>\r\n\t\t\t\t\t\t\t\t\t\t\t\t<a href=\"#\" data-name=\"iOS Updates 2025\" class=\"theme-btn theme-btn__light-blue  theme-btn__lg\">iOS Updates 2025<\/a>\r\n\t\t\t\t\t\t\t\t\t\t\t\t<a href=\"#\" data-name=\"Android Updates 2025\" class=\"theme-btn theme-btn__light-blue  theme-btn__lg\">Android Updates 2025<\/a>\r\n\t\t\t\t\t\t\t\t\t\t\t\t<a href=\"#\" data-name=\"Simple-Simon PRO\" class=\"theme-btn theme-btn__light-blue  theme-btn__lg\">Simple-Simon PRO<\/a>\r\n\t\t\t\t\t\t\t\t\t<\/div>\r\n\t\t\t<\/div>\r\n\t\t<\/div>\r\n\t\t<div class=\"col-md-12\">\r\n\t\t\t\t\t\t\t<div class=\"theme-content-variable active\" data-name=\"Simple-Simon Neuigkeiten\">\r\n\t\t\t\t\t<div class=\"theme-content-variable__card theme-wrapper\">\r\n\t\t\t\t\t\t<div class=\"container-fluid\">\r\n\t\t\t\t\t\t\t<div class=\"row justify-content-between align-items-center\">\r\n\t\t\t\t\t\t\t\t<div class=\"col-md-6 order-2 order-md-1 p-0\">\r\n\t\t\t\t\t\t\t\t\t<div class=\"theme-content-variable__card-content\">\r\n\t\t\t\t\t\t\t\t\t\t<table style=\"width: 86.1603%; height: 1688px;\">\n<tbody>\n<tr style=\"height: 24px;\">\n<th style=\"width: 14.2602%; text-align: center; height: 24px;\">Datum<\/th>\n<th style=\"width: 16.934%; text-align: center; height: 24px;\">Version<\/th>\n<th style=\"width: 67.5579%; text-align: center; height: 24px;\">Beschreibung<\/th>\n<\/tr>\n<tr>\n<td style=\"width: 14.2602%; text-align: center;\">22-01-2026<\/td>\n<td style=\"width: 16.934%; text-align: center;\">Simon 3<\/td>\n<td style=\"width: 67.5579%;\"><span style=\"text-decoration: underline;\"><strong>Bugfixes<br \/>\n<\/strong><\/span><\/p>\n<ul>\n<li data-path-to-node=\"13,0,0\"><b data-path-to-node=\"13,0,0\" data-index-in-node=\"0\">Flexible Uploads:<\/b> Anh\u00e4nge unterst\u00fctzen jetzt Dateierweiterungen in Gro\u00df- und Kleinschreibung.<\/li>\n<li data-path-to-node=\"13,1,0\"><b data-path-to-node=\"13,1,0\" data-index-in-node=\"0\">Mobiles B\u00fcro:<\/b> Schnellere Leistung und Anzeige f\u00fcr das B\u00fcromodul auf Mobilger\u00e4ten.<\/li>\n<li data-path-to-node=\"13,2,0\"><b data-path-to-node=\"13,2,0\" data-index-in-node=\"0\">Planboard:<\/b> Ladeprobleme f\u00fcr neue Benutzer auf Mobilger\u00e4ten wurden behoben.<\/li>\n<li data-path-to-node=\"13,3,0\"><b data-path-to-node=\"13,3,0\" data-index-in-node=\"0\">UI-Updates:<\/b> Verschiedene kleine Verbesserungen an der Benutzeroberfl\u00e4che f\u00fcr ein moderneres Design.<\/li>\n<\/ul>\n<\/td>\n<\/tr>\n<tr>\n<td style=\"width: 14.2602%; text-align: center;\">22-01-2026<\/td>\n<td style=\"width: 16.934%; text-align: center;\">Simon 3<\/td>\n<td style=\"width: 67.5579%;\"><span style=\"text-decoration: underline;\"><strong>Zeitauswahl:<\/strong><\/span><\/p>\n<p>Zudem hat sich die Art und Weise, wie du Zeit im B\u00fcromodul auf Mobilger\u00e4ten hinzuf\u00fcgst, ge\u00e4ndert; eine Zeitauswahl wurde hinzugef\u00fcgt. Du kannst die richtige Zeit nun manuell eintippen oder die Pfeile verschieben und verwenden.<\/td>\n<\/tr>\n<tr>\n<td style=\"width: 14.2602%; text-align: center;\">22-01-2026<\/td>\n<td style=\"width: 16.934%; text-align: center;\">Simon 3<\/td>\n<td style=\"width: 67.5579%;\"><span style=\"text-decoration: underline;\"><strong>Erweiterte Suche:<br \/>\n<\/strong><\/span>Ab sofort kannst du noch mehr Filter und Bedingungen hinzuf\u00fcgen, wenn du einen Arbeitsauftrag, ein Produkt, eine Arbeitsadresse, eine Planung oder ein Objekt suchst! Probiere die neue erweiterte Suchoption aus.<\/p>\n<p><i data-path-to-node=\"15\" data-index-in-node=\"229\">*<\/i>In der Listenansicht findest du diese Option in der oberen rechten Ecke, neben dem Filter-Icon!<span style=\"text-decoration: underline;\"><strong><br \/>\n<\/strong><\/span><\/td>\n<\/tr>\n<tr style=\"height: 56px;\">\n<td style=\"width: 14.2602%; text-align: center; height: 56px;\">10-11-2025<\/td>\n<td style=\"width: 16.934%; text-align: center; height: 56px;\">Simon 3<\/td>\n<td style=\"width: 67.5579%; height: 56px;\"><span style=\"text-decoration: underline;\"><strong>Feedbackformular<\/strong><\/span><\/p>\n<p>Wir stellen ein neues Tool vor, an dem wir k\u00fcrzlich gearbeitet haben! Sie sehen ein \ud83d\udca1-Icon unten links in Ihrem Bildschirm. Wenn Sie darauf klicken, \u00f6ffnet sich ein Formular in einem neuen Fenster, in dem Sie Ihre Ideen, W\u00fcnsche und Feedback f\u00fcr uns hinterlassen k\u00f6nnen!<\/p>\n<p>Entschuldigen Sie, aber das Formular funktioniert derzeit nur auf Niederl\u00e4ndisch. Es ist jedoch sehr einfach zu bedienen und wir ermutigen Sie, uns dort Ihr Feedback zu hinterlassen!<\/p>\n<p>Klicken Sie auf diesen <a href=\"https:\/\/simple-simon.canny.io\/ideeen-feedback-en-wensen\">link<\/a>, um das Feedbackformular zu \u00f6ffnen.<\/p>\n<p>&nbsp;<\/td>\n<\/tr>\n<tr style=\"height: 56px;\">\n<td style=\"width: 14.2602%; text-align: center; height: 56px;\">10-11-2025<\/td>\n<td style=\"width: 16.934%; text-align: center; height: 56px;\">Simon 3<\/td>\n<td style=\"width: 67.5579%; height: 56px;\"><span style=\"text-decoration: underline;\"><strong>Plantafel<\/strong><\/span><\/p>\n<ul>\n<li>Du kannst jetzt deutlich schneller und fl\u00fcssiger ziehen &amp; ablegen und \u00c4nderungen vornehmen.<\/li>\n<li>Daten-Audit (\u00c4nderungsverfolgung):<\/li>\n<\/ul>\n<p>&#8211; Indem du einen Arbeitsauftrag ausw\u00e4hlst und auf das \u00c4nderungs-Icon klickst, siehst du alle Updates, die von deinen Kollegen vorgenommen wurden.<\/p>\n<p>&#8211; Sie k\u00f6nnen w\u00e4hlen, die letzten Anpassungen nicht nur f\u00fcr Arbeitsauftr\u00e4ge zu sehen, sondern auch f\u00fcr verwendete Produkte, Zeiterfassungen oder Planungen!<\/p>\n<p>&#8211; Sie k\u00f6nnen auch maximal zwei Updates aus der Liste ausw\u00e4hlen und vergleichen, was es noch einfacher und \u00fcbersichtlicher macht! Die \u00c4nderungen werden in einer hellroten Farbe angezeigt.<\/td>\n<\/tr>\n<tr style=\"height: 168px;\">\n<td style=\"width: 14.2602%; text-align: center; height: 168px;\">16-10-2025<\/td>\n<td style=\"width: 16.934%; text-align: center; height: 168px;\">Simon 3<\/td>\n<td style=\"width: 67.5579%; height: 168px;\"><span style=\"text-decoration: underline;\"><strong>Bugfix:<\/strong><\/span><\/p>\n<ul>\n<li>Nicht-Admin-Benutzer konnten den Verbindungsbildschirm f\u00fcr die Kalenderintegration nicht \u00f6ffnen: Dies ist nun behoben.<\/li>\n<\/ul>\n<\/td>\n<\/tr>\n<tr style=\"height: 192px;\">\n<td style=\"width: 14.2602%; text-align: center; height: 192px;\">16-10-2025<\/td>\n<td style=\"width: 16.934%; text-align: center; height: 192px;\">Simon 3<\/td>\n<td style=\"width: 67.5579%; height: 192px;\"><strong><span style=\"text-decoration: underline;\">Office Modul:<\/span><\/strong><\/p>\n<ul>\n<li>Neue Funktion verf\u00fcgbar: Schnellsuche-Einstellungen.<\/li>\n<li>Filteroption f\u00fcr Arbeitsadressen basierend auf der Anzahl der Objekte an dieser Arbeitsadresse hinzugef\u00fcgt.<\/li>\n<\/ul>\n<\/td>\n<\/tr>\n<tr style=\"height: 48px;\">\n<td style=\"width: 14.2602%; text-align: center; height: 48px;\">1-10-2025<\/td>\n<td style=\"width: 16.934%; text-align: center; height: 48px;\">Simon 3<\/td>\n<td style=\"width: 67.5579%; height: 48px;\"><span style=\"text-decoration: underline;\"><strong>Arbeitsauftragstyp:<\/strong><\/span><\/p>\n<ul>\n<li>Option zur Einstellung der Mindestanzahl erforderlicher Minuten f\u00fcr einen Arbeitsauftrag eines spezifischen Arbeitsauftragstyps. Dieser Wert kann in einer Integration verwendet werden.<\/li>\n<li>Unterst\u00fctzung hinzugef\u00fcgt, um eine Planung pro Arbeitsauftragstyp einzustellen.<\/li>\n<\/ul>\n<\/td>\n<\/tr>\n<tr style=\"height: 240px;\">\n<td style=\"width: 14.2602%; text-align: center; height: 240px;\">1-10-2025<\/td>\n<td style=\"width: 16.934%; text-align: center; height: 240px;\">Simon 3<\/td>\n<td style=\"width: 67.5579%; height: 240px;\"><span style=\"text-decoration: underline;\"><strong>Fehlerbehebungen:<\/strong><\/span><\/p>\n<ul>\n<li>Verbesserungen, um zu verhindern, dass eine mehrmalige Anmeldung im Portal und dem Simon Office Module erforderlich ist.<\/li>\n<li>Das Versenden von Einladungen f\u00fcr neue Portalbenutzer wurde behoben.<\/li>\n<\/ul>\n<p>&nbsp;<\/td>\n<\/tr>\n<tr style=\"height: 320px;\">\n<td style=\"width: 14.2602%; text-align: center; height: 320px;\">1-10-2025<\/td>\n<td style=\"width: 16.934%; text-align: center; height: 320px;\">Simon 3<\/td>\n<td style=\"width: 67.5579%; height: 320px;\"><span style=\"text-decoration: underline;\"><strong>Exact- &amp; SAP-Integration:<\/strong><\/span><\/p>\n<ul>\n<li>Wir f\u00fchren die Sync-Zusammenfassung (Sync Summary) ein, mit der Benutzer Echtzeit-Updates zur Synchronisation zwischen Simple-Simon und Ihrer ERP-Integration erhalten. Sie k\u00f6nnen beispielsweise direkt sehen, wie viele Auftr\u00e4ge erfolgreich vom ERP an Simple-Simon \u00fcbertragen wurden und wie viele fehlgeschlagen sind, einschlie\u00dflich des Grundes und einer L\u00f6sung.<\/li>\n<\/ul>\n<\/td>\n<\/tr>\n<tr style=\"height: 176px;\">\n<td style=\"width: 14.2602%; text-align: center; height: 176px;\">15-9-2025<\/td>\n<td style=\"width: 16.934%; text-align: center; height: 176px;\">Simon 3<\/td>\n<td style=\"width: 67.5579%; height: 176px;\">\n<ul>\n<li>Multiselect im Planungsboard: mehrere Arbeitsauftr\u00e4ge gleichzeitig verschieben<\/li>\n<li>Verbesserungen bei der Archivierung: automatischer Neustart, falls ein Arbeitsauftrag nicht archiviert werden kann<\/li>\n<\/ul>\n<\/td>\n<\/tr>\n<tr style=\"height: 128px;\">\n<td style=\"width: 14.2602%; text-align: center; height: 128px;\">9-9-2025<\/td>\n<td style=\"width: 16.934%; text-align: center; height: 128px;\">Simon 3<\/td>\n<td style=\"width: 67.5579%; height: 128px;\">\n<ul>\n<li>Unn\u00f6tige Wartezeit entfernt: keine Wartezeit mehr im Planungsboard beim Schlie\u00dfen eines Dialogfelds (graue Bildschirme)<\/li>\n<\/ul>\n<\/td>\n<\/tr>\n<tr style=\"height: 200px;\">\n<td style=\"width: 14.2602%; text-align: center; height: 200px;\">4-9-2025<\/td>\n<td style=\"width: 16.934%; text-align: center; height: 200px;\">Simon 3<\/td>\n<td style=\"width: 67.5579%; height: 200px;\">\n<ul>\n<li>Eigene Kundenspalten: jetzt auch im Arbeitsadressen-layout verf\u00fcgba<\/li>\n<li>Arbeitsauftrags-Layout: Option hinzugef\u00fcgt, um einen Block, der nicht auf die Seite passt, auf der n\u00e4chsten Seite beginnen zu lassen, wenn man druckt<\/li>\n<\/ul>\n<\/td>\n<\/tr>\n<tr style=\"height: 80px;\">\n<td style=\"width: 14.2602%; text-align: center; height: 80px;\">1-9-2025<\/td>\n<td style=\"width: 16.934%; text-align: center; height: 80px;\">Simon 3<\/td>\n<td style=\"width: 67.5579%; height: 80px;\"><b><\/b><span style=\"text-decoration: underline;\"><strong>Bugfix:<\/strong><\/span><\/p>\n<ul>\n<li>Verschiedene kleinere und gr\u00f6\u00dfere Bugs wurden gel\u00f6st<\/li>\n<\/ul>\n<\/td>\n<\/tr>\n<\/tbody>\n<\/table>\n<p><strong>Simon nieuws<\/strong><\/p>\n<p>Besuchen Sie unser <a href=\"https:\/\/simple-simon.com\/de\/blog\/\">Blogseite<\/a> f\u00fcr die neuesten Neuigkeiten zur neuen Simple-Simon-Umgebung.<\/p>\n\t\t\t\t\t\t\t\t\t<\/div>\r\n\r\n\t\t\t\t\t\t\t\t<\/div>\r\n\t\t\t\t\t\t\t\t<div class=\"col-md-5 order-1 order-md-2 p-0 \">\r\n\t\t\t\t\t\t\t\t\t<div class=\"theme-content-variable__card-img img-no-scale\">\r\n\t\t\t\t\t\t\t\t\t\t<img decoding=\"async\" src=\"\" alt=\"\">\r\n\t\t\t\t\t\t\t\t\t<\/div>\r\n\t\t\t\t\t\t\t\t<\/div>\r\n\t\t\t\t\t\t\t<\/div>\r\n\t\t\t\t\t\t<\/div>\r\n\t\t\t\t\t<\/div>\r\n\t\t\t\t<\/div>\r\n\t\t\t\t\t\t\t<div class=\"theme-content-variable \" data-name=\"iOS Updates 2025\">\r\n\t\t\t\t\t<div class=\"theme-content-variable__card theme-wrapper\">\r\n\t\t\t\t\t\t<div class=\"container-fluid\">\r\n\t\t\t\t\t\t\t<div class=\"row justify-content-between align-items-center\">\r\n\t\t\t\t\t\t\t\t<div class=\"col-md-6 order-2 order-md-1 p-0\">\r\n\t\t\t\t\t\t\t\t\t<div class=\"theme-content-variable__card-content\">\r\n\t\t\t\t\t\t\t\t\t\t<table style=\"width: 100%;\">\n<tbody>\n<tr>\n<th style=\"width: 10.5802%;\"><span style=\"font-weight: 400;\">Datum<\/span><\/th>\n<th style=\"width: 11.7747%;\"><span style=\"font-weight: 400;\">Version<\/span><\/th>\n<th style=\"width: 76.6212%;\"><span style=\"font-weight: 400;\">Beschreibung<\/span><\/th>\n<\/tr>\n<tr>\n<td style=\"width: 10.5802%; text-align: center;\">\n<p class=\"p1\">8-10-2025<\/p>\n<\/td>\n<td style=\"text-align: center; width: 11.7747%;\"><\/td>\n<td style=\"width: 76.6212%;\"><span style=\"text-decoration: underline;\"><strong>Arbeitsauftrag Erweitert:<br \/>\n<\/strong><\/span><\/p>\n<ul>\n<li>Bei der Eingabe von Arbeitsauftr\u00e4gen wird nun automatisch \u00fcberpr\u00fcft, ob die Arbeiten auf Basis der erforderlichen F\u00e4higkeiten validiert wurden.<\/li>\n<\/ul>\n<\/td>\n<\/tr>\n<tr>\n<td style=\"width: 10.5802%; text-align: center;\">\n<p class=\"p1\">30-5-2024<\/p>\n<\/td>\n<td style=\"text-align: center; width: 11.7747%;\">iOS 2.0.864<\/td>\n<td style=\"width: 76.6212%;\">\n<ul>\n<li>Maschinenkarten-Funktionalit\u00e4t hinzugef\u00fcgt<\/li>\n<li>Diverse kleine Fehlerbehebungen<\/li>\n<\/ul>\n<\/td>\n<\/tr>\n<tr>\n<td style=\"width: 10.5802%; text-align: center;\">27-2-2024<\/td>\n<td style=\"text-align: center; width: 11.7747%;\"><span style=\"color: #000000; font-family: Roboto; font-size: medium;\">iOS 2.2840<\/span><\/td>\n<td style=\"width: 76.6212%;\">\n<ul>\n<li>Verbesserungen am erweiterten Objektmodul<\/li>\n<li>Unterst\u00fctzung f\u00fcr Zeiterfassung hinzugef\u00fcgt<\/li>\n<\/ul>\n<\/td>\n<\/tr>\n<\/tbody>\n<\/table>\n\t\t\t\t\t\t\t\t\t<\/div>\r\n\r\n\t\t\t\t\t\t\t\t<\/div>\r\n\t\t\t\t\t\t\t\t<div class=\"col-md-5 order-1 order-md-2 p-0 \">\r\n\t\t\t\t\t\t\t\t\t<div class=\"theme-content-variable__card-img img-no-scale\">\r\n\t\t\t\t\t\t\t\t\t\t<img decoding=\"async\" src=\"\" alt=\"\">\r\n\t\t\t\t\t\t\t\t\t<\/div>\r\n\t\t\t\t\t\t\t\t<\/div>\r\n\t\t\t\t\t\t\t<\/div>\r\n\t\t\t\t\t\t<\/div>\r\n\t\t\t\t\t<\/div>\r\n\t\t\t\t<\/div>\r\n\t\t\t\t\t\t\t<div class=\"theme-content-variable \" data-name=\"Android Updates 2025\">\r\n\t\t\t\t\t<div class=\"theme-content-variable__card theme-wrapper\">\r\n\t\t\t\t\t\t<div class=\"container-fluid\">\r\n\t\t\t\t\t\t\t<div class=\"row justify-content-between align-items-center\">\r\n\t\t\t\t\t\t\t\t<div class=\"col-md-6 order-2 order-md-1 p-0\">\r\n\t\t\t\t\t\t\t\t\t<div class=\"theme-content-variable__card-content\">\r\n\t\t\t\t\t\t\t\t\t\t<table style=\"width: 93.057%; height: 184px;\">\n<tbody>\n<tr style=\"height: 24px;\">\n<th style=\"width: 13.1363%; height: 24px; text-align: center;\"><span style=\"font-weight: 400;\">Datum<\/span><\/th>\n<th style=\"width: 23.3169%; height: 24px; text-align: center;\"><span style=\"font-weight: 400;\">Version<\/span><\/th>\n<th style=\"width: 64.2036%; height: 24px; text-align: center;\"><span style=\"font-weight: 400;\">Beschreibung<\/span><\/th>\n<\/tr>\n<tr>\n<td style=\"width: 13.1363%; text-align: center;\">16-10-2025<\/td>\n<td style=\"width: 23.3169%;\"><\/td>\n<td style=\"width: 64.2036%;\"><strong><span style=\"text-decoration: underline;\">Bugfix: <\/span><\/strong><\/p>\n<ul>\n<li>Die App st\u00fcrzte zuvor ab, wenn Sie ,5 anstelle von 0,5 eingaben; dies ist nun behoben.<\/li>\n<\/ul>\n<\/td>\n<\/tr>\n<tr>\n<td style=\"width: 13.1363%; text-align: center;\">8-10-2025<\/td>\n<td style=\"width: 23.3169%;\"><\/td>\n<td style=\"width: 64.2036%;\"><span style=\"text-decoration: underline;\"><strong>Arbeitsauftrag Erweitert:<\/strong><br \/>\n<\/span><\/p>\n<ul>\n<li>Bei der Eingabe von Arbeitsauftr\u00e4gen wird nun automatisch \u00fcberpr\u00fcft, ob die Arbeiten auf Basis der erforderlichen F\u00e4higkeiten validiert wurden.<\/li>\n<\/ul>\n<\/td>\n<\/tr>\n<tr>\n<td style=\"width: 13.1363%; text-align: center;\">8-10-2025<\/td>\n<td style=\"width: 23.3169%;\"><\/td>\n<td style=\"width: 64.2036%;\">\n<ul>\n<li>L\u00f6sung implementiert, sodass die Tastatur keinen Text mehr \u00fcberlagert.<\/li>\n<\/ul>\n<\/td>\n<\/tr>\n<tr style=\"height: 80px;\">\n<td style=\"width: 13.1363%; height: 80px; text-align: center;\">30-5-2024<\/td>\n<td style=\"width: 23.3169%; height: 80px;\">1.2.4.00818-20818<\/td>\n<td style=\"width: 64.2036%; height: 80px;\">\n<ul>\n<li>Maschinenkarten-Funktionalit\u00e4t hinzugef\u00fcgt<\/li>\n<li>Unterst\u00fctzung f\u00fcr die Zeiterfassung hinzugef\u00fcgt<\/li>\n<\/ul>\n<\/td>\n<\/tr>\n<tr style=\"height: 80px;\">\n<td style=\"width: 13.1363%; height: 80px; text-align: center;\">27-2-2024<\/td>\n<td style=\"width: 23.3169%; height: 80px;\">1.2.4-00786-20786<\/td>\n<td style=\"width: 64.2036%; height: 80px;\">\n<ul>\n<li>Verbesserungen am erweiterten Objektmodul<\/li>\n<li>Unterst\u00fctzung f\u00fcr die Zeiterfassung hinzugef\u00fcgt<\/li>\n<\/ul>\n<\/td>\n<\/tr>\n<\/tbody>\n<\/table>\n\t\t\t\t\t\t\t\t\t<\/div>\r\n\r\n\t\t\t\t\t\t\t\t<\/div>\r\n\t\t\t\t\t\t\t\t<div class=\"col-md-5 order-1 order-md-2 p-0 \">\r\n\t\t\t\t\t\t\t\t\t<div class=\"theme-content-variable__card-img img-no-scale\">\r\n\t\t\t\t\t\t\t\t\t\t<img decoding=\"async\" src=\"\" alt=\"\">\r\n\t\t\t\t\t\t\t\t\t<\/div>\r\n\t\t\t\t\t\t\t\t<\/div>\r\n\t\t\t\t\t\t\t<\/div>\r\n\t\t\t\t\t\t<\/div>\r\n\t\t\t\t\t<\/div>\r\n\t\t\t\t<\/div>\r\n\t\t\t\t\t\t\t<div class=\"theme-content-variable \" data-name=\"Simple-Simon PRO\">\r\n\t\t\t\t\t<div class=\"theme-content-variable__card theme-wrapper\">\r\n\t\t\t\t\t\t<div class=\"container-fluid\">\r\n\t\t\t\t\t\t\t<div class=\"row justify-content-between align-items-center\">\r\n\t\t\t\t\t\t\t\t<div class=\"col-md-6 order-2 order-md-1 p-0\">\r\n\t\t\t\t\t\t\t\t\t<div class=\"theme-content-variable__card-content\">\r\n\t\t\t\t\t\t\t\t\t\t<table style=\"width: 96.3949%;\">\n<tbody>\n<tr>\n<th style=\"width: 14.8036%; text-align: center;\"><span style=\"font-weight: 400;\">Datum<\/span><\/th>\n<th style=\"width: 17.2205%; text-align: center;\"><span style=\"font-weight: 400;\">Version<\/span><\/th>\n<th style=\"width: 64.2754%; text-align: center;\"><span style=\"font-weight: 400;\">Beschreibung<\/span><\/th>\n<\/tr>\n<tr>\n<td style=\"width: 14.8036%; text-align: center;\">22-01-2026<\/td>\n<td style=\"width: 17.2205%; text-align: center;\">Simon 3<\/td>\n<td style=\"width: 64.2754%;\">\n<p data-path-to-node=\"16\"><b data-path-to-node=\"16\" data-index-in-node=\"0\"><span style=\"text-decoration: underline;\">Kundenportal:<br \/>\n<\/span><\/b><\/p>\n<ul>\n<li data-path-to-node=\"17,0,0\"><b data-path-to-node=\"17,0,0\" data-index-in-node=\"0\">Benutzer importieren:<\/b> Du kannst jetzt Benutzer automatisch importieren!<\/li>\n<li data-path-to-node=\"17,1,0\"><b data-path-to-node=\"17,1,0\" data-index-in-node=\"0\">Chat:<\/b> Du hast jetzt eine viel bessere und tiefere \u00dcbersicht \u00fcber deinen Chat. Du kannst einfach die Adressinformationen und die letzte gesendete Nachricht sehen. Au\u00dferdem kannst du Mitglieder zum Chat hinzuf\u00fcgen und sie, wenn du Administrator bist, mit einem einfachen Klick entfernen. Zudem ist das Ticket-Merkmal nun anklickbar und \u00f6ffnet direkt die Ticket-Informationen.<\/li>\n<li data-path-to-node=\"17,2,0\"><b data-path-to-node=\"17,2,0\" data-index-in-node=\"0\">Raster:<\/b> Die Berichte f\u00fcr Arbeitsauftr\u00e4ge und Objekte haben jetzt nicht nur eine Listenansicht, sondern auch eine normale Ansicht (klicke auf das \ud83d\udc41\ufe0f Icon) mit Detailseiten. Diese Seiten zeigen oder verbergen Felder basierend auf der Berechtigung f\u00fcr Standardspalten und eigene Spalten.<\/li>\n<\/ul>\n<\/td>\n<\/tr>\n<tr>\n<td style=\"width: 14.8036%; text-align: center;\">16-10-2025<\/td>\n<td style=\"width: 17.2205%; text-align: center;\">Simon 3<\/td>\n<td style=\"width: 64.2754%;\"><strong><span style=\"text-decoration: underline;\">Kundenportal:<\/span><\/strong><\/p>\n<ul>\n<li>Eine Einstellung hinzugef\u00fcgt, die gew\u00e4hrleistet, dass neue Tickets nach der Erstellung sofort auf dem Planungsboard erscheinen.<\/li>\n<\/ul>\n<\/td>\n<\/tr>\n<tr>\n<td style=\"width: 14.8036%; text-align: center;\">16-10-2025<\/td>\n<td style=\"width: 17.2205%; text-align: center;\">Simon 3<\/td>\n<td style=\"width: 64.2754%;\"><strong><span style=\"text-decoration: underline;\">Objekt Erweitert:<\/span><\/strong><\/p>\n<ul>\n<li>Verbesserte Geschwindigkeit bei der Berechnung der vorl\u00e4ufigen Planung. Fortschrittsbalken hinzugef\u00fcgt, um den Status zu visualisieren. Sie m\u00fcssen in diesem Bildschirm nicht warten, der Prozess l\u00e4uft im Hintergrund.<\/li>\n<\/ul>\n<\/td>\n<\/tr>\n<tr>\n<td style=\"width: 14.8036%; text-align: center;\">8-10-2025<\/td>\n<td style=\"width: 17.2205%; text-align: center;\">Simon 3<\/td>\n<td style=\"width: 64.2754%;\"><span style=\"text-decoration: underline;\"><strong>Kundenportal:<\/strong><\/span><\/p>\n<ul>\n<li>Eine Einstellung hinzugef\u00fcgt, die gew\u00e4hrleistet, dass neue Tickets nach der Erstellung sofort auf dem Planungsboard erscheinen.<\/li>\n<\/ul>\n<\/td>\n<\/tr>\n<tr>\n<td style=\"width: 14.8036%; text-align: center;\">8-10-2025<\/td>\n<td style=\"width: 17.2205%; text-align: center;\">Simon 3<\/td>\n<td style=\"width: 64.2754%;\"><strong><span style=\"text-decoration: underline;\">Kundenportal:<\/span><\/strong><\/p>\n<ul>\n<li>Option hinzugef\u00fcgt, um Multi-Tickets einzuf\u00fcgen. Erstellen Sie ein Ticket und weisen Sie es direkt einer Liste von Arbeitsadressen zu.<\/li>\n<\/ul>\n<\/td>\n<\/tr>\n<tr>\n<td style=\"width: 14.8036%; text-align: center;\">5-9-2025<\/td>\n<td style=\"width: 17.2205%; text-align: center;\">Simon 3<\/td>\n<td style=\"width: 64.2754%;\">\n<ul>\n<li>Priorit\u00e4t hinzuf\u00fcgen: Option, um einem Arbeitsauftrag eine Priorit\u00e4t (z. B. niedrig, mittel, hoch) zuzuweisen, inklusive eines Symbols auf dem Planungsboard<\/li>\n<li>App: beim Erstellen eines Arbeitsauftrags, Option hinzugef\u00fcgt, um den Arbeitsauftrags-Typ zu w\u00e4hlen<\/li>\n<\/ul>\n<p><span style=\"color: #000000; font-family: Arial, Helvetica;\">\u00a0<\/span><\/td>\n<\/tr>\n<tr>\n<td style=\"width: 14.8036%; text-align: center;\">1-9-2025<\/td>\n<td style=\"width: 17.2205%; text-align: center;\">Simon 3<\/td>\n<td style=\"width: 64.2754%;\">\n<ul>\n<li><span style=\"font-family: inherit; font-size: inherit;\">Standardartikelliste: Option, um eine Standardliste von Artikeln zu einem Arbeitsauftrag eines bestimmten Typs hinzuzuf\u00fcgen<\/span><\/li>\n<li>Rundung von Reise- und Arbeitszeit: pro Arbeitsauftrags-Typ einstellbar<\/li>\n<\/ul>\n<\/td>\n<\/tr>\n<\/tbody>\n<\/table>\n\t\t\t\t\t\t\t\t\t<\/div>\r\n\r\n\t\t\t\t\t\t\t\t<\/div>\r\n\t\t\t\t\t\t\t\t<div class=\"col-md-5 order-1 order-md-2 p-0 \">\r\n\t\t\t\t\t\t\t\t\t<div class=\"theme-content-variable__card-img img-no-scale\">\r\n\t\t\t\t\t\t\t\t\t\t<img decoding=\"async\" src=\"\" alt=\"\">\r\n\t\t\t\t\t\t\t\t\t<\/div>\r\n\t\t\t\t\t\t\t\t<\/div>\r\n\t\t\t\t\t\t\t<\/div>\r\n\t\t\t\t\t\t<\/div>\r\n\t\t\t\t\t<\/div>\r\n\t\t\t\t<\/div>\r\n\t\t\t\t\t<\/div>\r\n\t<\/div>\r\n<\/section>","protected":false},"excerpt":{"rendered":"","protected":false},"author":12,"featured_media":0,"parent":0,"menu_order":0,"comment_status":"closed","ping_status":"closed","template":"","meta":{"_acf_changed":false,"inline_featured_image":false,"footnotes":""},"tags":[],"class_list":["post-6998","page","type-page","status-publish","hentry"],"acf":[],"aioseo_notices":[],"_links":{"self":[{"href":"https:\/\/simple-simon.com\/de\/wp-json\/wp\/v2\/pages\/6998","targetHints":{"allow":["GET"]}}],"collection":[{"href":"https:\/\/simple-simon.com\/de\/wp-json\/wp\/v2\/pages"}],"about":[{"href":"https:\/\/simple-simon.com\/de\/wp-json\/wp\/v2\/types\/page"}],"author":[{"embeddable":true,"href":"https:\/\/simple-simon.com\/de\/wp-json\/wp\/v2\/users\/12"}],"replies":[{"embeddable":true,"href":"https:\/\/simple-simon.com\/de\/wp-json\/wp\/v2\/comments?post=6998"}],"version-history":[{"count":17,"href":"https:\/\/simple-simon.com\/de\/wp-json\/wp\/v2\/pages\/6998\/revisions"}],"predecessor-version":[{"id":15009,"href":"https:\/\/simple-simon.com\/de\/wp-json\/wp\/v2\/pages\/6998\/revisions\/15009"}],"wp:attachment":[{"href":"https:\/\/simple-simon.com\/de\/wp-json\/wp\/v2\/media?parent=6998"}],"wp:term":[{"taxonomy":"post_tag","embeddable":true,"href":"https:\/\/simple-simon.com\/de\/wp-json\/wp\/v2\/tags?post=6998"}],"curies":[{"name":"wp","href":"https:\/\/api.w.org\/{rel}","templated":true}]}}