{"id":6973,"date":"2024-10-24T08:25:43","date_gmt":"2024-10-24T08:25:43","guid":{"rendered":"https:\/\/simple-simon.com\/de-central-database\/"},"modified":"2026-01-02T13:07:20","modified_gmt":"2026-01-02T13:07:20","slug":"zentrale-datenbank","status":"publish","type":"page","link":"https:\/\/simple-simon.com\/de\/zentrale-datenbank\/","title":{"rendered":"Zentrale Datenbank"},"content":{"rendered":"\n\n\n<section class=\"theme-section theme-hero__wrapper theme-p-sm text__light \">\n\t<div class=\"theme-wrapper theme-element bl bg__blue \">\n\t\t\t\t\t<div class=\"theme-hero__img-partial\">\n\t\t\t\t\t\t\t\t\t<img decoding=\"async\" src=\"https:\/\/simple-simon.com\/wp-content\/uploads\/2025\/07\/Kalina-website-pictures-62-scaled.png\" alt=\"\">\n\t\t\t\t\t\t\t<\/div>\n\t\t\t\t<div class=\"container\">\n\t\t\t<div class=\"row justify-content-between\">\n\t\t\t\t<div class=\"col-xl-6\">\n\t\t\t\t\t<div class=\"theme-hero__content\">\n\t\t\t\t\t\t<h1>Eine zentrale Datenbank f\u00fcr die Verwaltung all Ihrer Daten an einem Ort<\/h1>\n<p>Verwalten Sie all Ihre Kundeninformationen an einem Ort und arbeiten Sie effizienter, genauer und immer auf dem neuesten Stand. Greifen Sie von jedem beliebigen Ort aus zu, mit maximaler Sicherheit und \u00dcbersicht.<\/p>\n<p><a class=\"theme-btn theme-btn__orange-gradient\" href=\"https:\/\/app.simple-simon.net\/Login\/Signup\/Trial.aspx?lang=nl\" target=\"_blank\" rel=\"noopener\">Kostenlos testen<\/a><\/p>\n\t\t\t\t\t<\/div>\n\t\t\t\t<\/div>\n\t\t\t\t\t\t\t\t\n\t\t\t\t\t\t\t<\/div>\n\n\t\t<\/div>\n\n\n\t<\/div>\n<\/section>\n\t<section class=\"theme-section theme-split theme-content-variable active text-left theme-p-sm\">\n\t\t<div class=\"theme-content-variable__row theme-content-variable__card theme-wrapper\">\n\t\t\t<div class=\"container-fluid\">\n\t\t\t\t<div class=\"row justify-content-md-between align-items-center\">\n\t\t\t\t\t<div class=\"col-md-5 p-0 order-md-2 order-1\">\n\t\t\t\t\t\t<div class=\"theme-content-variable__card-img img-no-scale\">\n\t\t\t\t\t\t\t<img decoding=\"async\" src=\"https:\/\/simple-simon.com\/wp-content\/uploads\/2025\/07\/Kalina-website-pictures-8-scaled.jpg\" alt=\"\">\n\t\t\t\t\t\t\t\t\t\t\t\t\t<\/div>\n\t\t\t\t\t<\/div>\n\t\t\t\t\t<div class=\"col-md-6 order-md-1 order-2\">\n\t\t\t\t\t\t<div class=\"theme-content-variable__row-content theme-content-variable__card-content text-left \">\n\t\t\t\t\t\t\t<h2>Alles an einem zentralen Ort verwalten<\/h2>\n<p>Dank einer zentralen Datenbank k\u00f6nnen Sie all Ihre Daten an einem organisierten Ort verwalten. Sie m\u00fcssen sich nicht mehr mit verschiedenen Systemen, verstreuten Dokumenten oder veralteten Notizen herumschlagen. Alles ist sofort zug\u00e4nglich und immer auf dem neuesten Stand. Das macht Ihre Arbeit effizienter und stellt sicher, dass wichtige Daten niemals verloren gehen.<\/p>\n<ul>\n<li><b>Echtzeit-Updates:<\/b> Haben Sie dank automatischer Synchronisation immer die aktuellsten Informationen;<\/li>\n<li><b>Zug\u00e4nglichkeit:<\/b> Kundeninformationen k\u00f6nnen von \u00fcberall aus angezeigt und bearbeitet werden, auch ohne Internetverbindung;<\/li>\n<li><b>Effiziente Zusammenarbeit:<\/b> Teilen Sie Kundeninformationen mit Ihrem Team f\u00fcr eine nahtlose Zusammenarbeit.<\/li>\n<\/ul>\n\n\t\t\t\t\t\t\t\t\t\t\t\t\t<\/div>\n\t\t\t\t\t<\/div>\n\t\t\t\t<\/div>\n\t\t\t<\/div>\n\t\t<\/div>\n\t<\/section>\n\t<section class=\"theme-section theme-split theme-content-variable active text-right theme-p-sm\">\n\t\t<div class=\"theme-content-variable__row theme-content-variable__card theme-wrapper\">\n\t\t\t<div class=\"container-fluid\">\n\t\t\t\t<div class=\"row justify-content-md-between align-items-center\">\n\t\t\t\t\t<div class=\"col-md-5 p-0 \">\n\t\t\t\t\t\t<div class=\"theme-content-variable__card-img img-no-scale\">\n\t\t\t\t\t\t\t<img decoding=\"async\" src=\"https:\/\/simple-simon.com\/wp-content\/uploads\/2025\/07\/Kalina-website-pictures-61-scaled.png\" alt=\"\">\n\t\t\t\t\t\t\t\t\t\t\t\t\t<\/div>\n\t\t\t\t\t<\/div>\n\t\t\t\t\t<div class=\"col-md-6 \">\n\t\t\t\t\t\t<div class=\"theme-content-variable__row-content theme-content-variable__card-content text-right \">\n\t\t\t\t\t\t\t<h2>Verlauf pro Arbeitsadresse einsehen<\/h2>\n<p>Mit einer zentralen Datenbank k\u00f6nnen Sie den vollst\u00e4ndigen Verlauf f\u00fcr jede Arbeitsadresse einfach einsehen. So wissen Sie genau, was zuvor erledigt wurde, und k\u00f6nnen jeden Kunden personalisiert und professionell betreuen. Dieser Einblick hilft Ihnen, gut auf Termine vorbereitet zu sein und die Kundenbeziehung weiter zu st\u00e4rken.<\/p>\n<ul>\n<li><b>\u00dcbersicht pro Arbeitsadresse:<\/b> Bleiben Sie umfassend \u00fcber zuvor erledigte Arbeiten informiert;<\/li>\n<li><b>Bessere Kundenbeziehungen:<\/b> Mit Einblick in die Historie wissen Sie so viel wie Ihr Kunde und k\u00f6nnen gezielter beraten.<\/li>\n<\/ul>\n<p><a class=\"theme-btn theme-btn__orange-gradient\" href=\"https:\/\/app.simple-simon.net\/Login\/Signup\/Trial.aspx?lang=nl\" target=\"_blank\" rel=\"noopener\">Kostenlos testen<\/a><\/p>\n\n\t\t\t\t\t\t\t\t\t\t\t\t\t<\/div>\n\t\t\t\t\t<\/div>\n\t\t\t\t<\/div>\n\t\t\t<\/div>\n\t\t<\/div>\n\t<\/section>\n\t<section class=\"theme-section theme-split theme-content-variable active text-left theme-p-sm\">\n\t\t<div class=\"theme-content-variable__row theme-content-variable__card theme-wrapper\">\n\t\t\t<div class=\"container-fluid\">\n\t\t\t\t<div class=\"row justify-content-md-between align-items-center\">\n\t\t\t\t\t<div class=\"col-md-5 p-0 order-md-2 order-1\">\n\t\t\t\t\t\t<div class=\"theme-content-variable__card-img img-no-scale\">\n\t\t\t\t\t\t\t<img decoding=\"async\" src=\"https:\/\/simple-simon.com\/wp-content\/uploads\/2025\/07\/Kalina-website-pictures-1.gif\" alt=\"\">\n\t\t\t\t\t\t\t\t\t\t\t\t\t<\/div>\n\t\t\t\t\t<\/div>\n\t\t\t\t\t<div class=\"col-md-6 order-md-1 order-2\">\n\t\t\t\t\t\t<div class=\"theme-content-variable__row-content theme-content-variable__card-content text-left \">\n\t\t\t\t\t\t\t<h2>Sicheres On- und Offline-Arbeiten ohne Datenverlust<\/h2>\n<p>Ob Ihr Team unterwegs oder im B\u00fcro ist, die Arbeit mit einer zentralen Datenbank bietet Sicherheit und Komfort, auch ohne Internetverbindung. Geht die Verbindung vor\u00fcbergehend verloren, werden alle Daten sicher gespeichert und automatisch synchronisiert, sobald die Verbindung wiederhergestellt ist. Dies stellt sicher, dass Sie niemals Daten verlieren und sorgenfrei arbeiten k\u00f6nnen.<\/p>\n<ul>\n<li><b>Immer sicher:<\/b> Daten werden automatisch gespeichert und synchronisiert;<\/li>\n<li><b>Sicherheit beim Offline-Arbeiten:<\/b> Funktioniert sowohl online als auch offline und gew\u00e4hrleistet einen ununterbrochenen Zugriff auf Kundeninformationen.<\/li>\n<\/ul>\n\n\t\t\t\t\t\t\t\t\t\t\t\t\t<\/div>\n\t\t\t\t\t<\/div>\n\t\t\t\t<\/div>\n\t\t\t<\/div>\n\t\t<\/div>\n\t<\/section>\n\t<section class=\"theme-section theme-split theme-content-variable active text-right theme-p-sm\">\n\t\t<div class=\"theme-content-variable__row theme-content-variable__card theme-wrapper\">\n\t\t\t<div class=\"container-fluid\">\n\t\t\t\t<div class=\"row justify-content-md-between align-items-center\">\n\t\t\t\t\t<div class=\"col-md-5 p-0 \">\n\t\t\t\t\t\t<div class=\"theme-content-variable__card-img img-no-scale\">\n\t\t\t\t\t\t\t<img decoding=\"async\" src=\"https:\/\/simple-simon.com\/wp-content\/uploads\/2025\/07\/Kalina-website-pictures-4.gif\" alt=\"\">\n\t\t\t\t\t\t\t\t\t\t\t\t\t<\/div>\n\t\t\t\t\t<\/div>\n\t\t\t\t\t<div class=\"col-md-6 \">\n\t\t\t\t\t\t<div class=\"theme-content-variable__row-content theme-content-variable__card-content text-right \">\n\t\t\t\t\t\t\t<h2>Beispiele f\u00fcr digitales Kundenbeziehungsmanagement mit einer zentralen Datenbank<\/h2>\n<p>Eine zentrale Datenbank macht es einfach, alle Kundeninformationen organisiert und sicher zu verwalten, egal wo Sie sich befinden.<\/p>\n<ol>\n<li>Neue Beziehungen anlegen: F\u00fcgen Sie neue Beziehungen einfach \u00fcber das Backoffice oder die mobile App hinzu, um stets aktuelle Daten zu haben;<\/li>\n<li>Kundennotizen hinzuf\u00fcgen: F\u00fcgen Sie wichtige Notizen hinzu, die Ihrem Team sofort zur Verf\u00fcgung stehen, damit alle gut vorbereitet sind;<\/li>\n<li>Mehrere Adressen und Kontakte: F\u00fcgen Sie einfach mehrere Adressen und Kontakte pro Kunde hinzu, um immer die richtigen Informationen zur Hand zu haben;<\/li>\n<li>Direkte Navigation und Auftragsverlauf: Navigieren Sie einfach zu Kundenstandorten und sehen Sie den vollst\u00e4ndigen Arbeitsverlauf in der App, um effizient arbeiten zu k\u00f6nnen.<\/li>\n<\/ol>\n<p><a class=\"theme-btn theme-btn__orange-gradient\" href=\"https:\/\/app.simple-simon.net\/Login\/Signup\/Trial.aspx?lang=nl\" target=\"_blank\" rel=\"noopener\">Kostenlos testen<\/a><\/p>\n\n\t\t\t\t\t\t\t\t\t\t\t\t\t<\/div>\n\t\t\t\t\t<\/div>\n\t\t\t\t<\/div>\n\t\t\t<\/div>\n\t\t<\/div>\n\t<\/section>\n\t<section class=\"theme-section theme-split theme-content-variable active text-left theme-p-sm\">\n\t\t<div class=\"theme-content-variable__row theme-content-variable__card theme-wrapper\">\n\t\t\t<div class=\"container-fluid\">\n\t\t\t\t<div class=\"row justify-content-md-between align-items-center\">\n\t\t\t\t\t<div class=\"col-md-5 p-0 order-md-2 order-1\">\n\t\t\t\t\t\t<div class=\"theme-content-variable__card-img img-no-scale\">\n\t\t\t\t\t\t\t<img decoding=\"async\" src=\"https:\/\/simple-simon.com\/wp-content\/uploads\/2025\/07\/Kalina-website-pictures-6-scaled.jpg\" alt=\"\">\n\t\t\t\t\t\t\t\t\t\t\t\t\t<\/div>\n\t\t\t\t\t<\/div>\n\t\t\t\t\t<div class=\"col-md-6 order-md-1 order-2\">\n\t\t\t\t\t\t<div class=\"theme-content-variable__row-content theme-content-variable__card-content text-left \">\n\t\t\t\t\t\t\t<h2>Warum auf eine zentrale Datenbank setzen?<\/h2>\n<p>Mit einer zentralen Datenbank sparen Sie wertvolle Zeit, optimieren Ihre Arbeitsabl\u00e4ufe und haben immer genaue, zuverl\u00e4ssige Daten zur Hand. Kein Risiko mehr f\u00fcr Fehler durch manuelle Eingabe und immer Zugriff auf die aktuellsten Informationen. Digitales Kundenbeziehungsmanagement macht Ihre t\u00e4gliche Arbeit effizienter und sorgt f\u00fcr einen professionellen, kundenorientierten Ansatz.<\/p>\n<p>Kurz gesagt: Mit einer zentralen Datenbank verwalten Sie all Ihre Kundeninformationen effizient, sicher und organisiert \u2013 wo und wann immer Sie arbeiten. Bleiben Sie vollst\u00e4ndig in Kontrolle und bieten Sie Ihren Kunden den Service, den sie verdienen.<\/p>\n\n\t\t\t\t\t\t\t\t\t\t\t\t\t<\/div>\n\t\t\t\t\t<\/div>\n\t\t\t\t<\/div>\n\t\t\t<\/div>\n\t\t<\/div>\n\t<\/section>\n\n\n\n<section class=\"theme-section theme-m-sm-t\">\n\n\t<div class=\"theme-cta\">\n\n\t\t<div class=\"theme-cta__icon\">\n\t\t\t\n\t\t<\/div>\n\t\t<div class=\" theme-card bg__purple theme-element tr\">\n\t\t\t<div class=\"container\">\n\t\t\t\t<div class=\"row\">\n\t\t\t\t\t<div class=\"col-md-3\">\n\t\t\t\t\t\t<div class=\"theme-card__icon\">\n\t\t\t\t\t\t\t<svg xmlns=\"http:\/\/www.w3.org\/2000\/svg\" width=\"178.145\" height=\"175.046\" viewBox=\"0 0 178.145 175.046\">\n\t\t\t\t\t\t\t\t<g id=\"confetti\" transform=\"translate(0 175.046) rotate(-90)\">\n\t\t\t\t\t\t\t\t\t<g id=\"Group_313\" data-name=\"Group 313\" transform=\"translate(0 43.062)\">\n\t\t\t\t\t\t\t\t\t\t<g id=\"Group_310\" data-name=\"Group 310\" transform=\"translate(0 67.058)\">\n\t\t\t\t\t\t\t\t\t\t\t<path id=\"Path_149\" data-name=\"Path 149\" d=\"M67.368,51.75a8.969,8.969,0,0,1-3.86,2.185l-13.8,3.773A14.6,14.6,0,0,1,35.3,53.81l-7.216-7.515A14.6,14.6,0,0,1,24.78,31.741l4.463-14.668L11.391,21.688A9.011,9.011,0,0,1,6.637,4.3L20.433.53a14.6,14.6,0,0,1,14.407,3.9l7.216,7.515A14.6,14.6,0,0,1,45.365,26.5L40.2,41.3l18.552-4.751a9.012,9.012,0,0,1,8.614,15.2Z\" fill=\"#8bb6ef\" \/>\n\t\t\t\t\t\t\t\t\t\t\t<path id=\"Path_150\" data-name=\"Path 150\" d=\"M5.166,3.933,4.7,5.478.7,18.6a14.654,14.654,0,0,0,1.9,12.841c4.076-.932,9.5-2.113,13.517-3.281l.662-1.9,4.5-12.907A14.637,14.637,0,0,0,19,0C14.9,1.221,9.292,2.776,5.166,3.933Z\" transform=\"translate(24.078 13.14)\" fill=\"#8388ef\" \/>\n\t\t\t\t\t\t\t\t\t\t<\/g>\n\t\t\t\t\t\t\t\t\t\t<g id=\"Group_311\" data-name=\"Group 311\" transform=\"translate(120.708 54.09)\">\n\t\t\t\t\t\t\t\t\t\t\t<path id=\"Path_151\" data-name=\"Path 151\" d=\"M5.655,66.748a8.967,8.967,0,0,0,4.4.587l14.207-1.65A14.594,14.594,0,0,0,36.17,56.691l3.889-9.665A14.6,14.6,0,0,0,37.7,32.288L28.08,20.347l18.285-2.383A9.012,9.012,0,0,0,44.286.061L30.079,1.71A14.6,14.6,0,0,0,18.168,10.7L14.279,20.37a14.6,14.6,0,0,0,2.363,14.737L26.958,46.914,7.973,49.432A9.013,9.013,0,0,0,5.655,66.748Z\" fill=\"#a183e2\" \/>\n\t\t\t\t\t\t\t\t\t\t\t<path id=\"Path_152\" data-name=\"Path 152\" d=\"M14.835,0l1.013,1.258,8.6,10.684a14.654,14.654,0,0,1,3.026,12.625c-4.13.657-9.6,1.585-13.765,2L12.39,25.054,3.4,14.76A14.636,14.636,0,0,1,.528,1.516C4.8,1.115,10.575.467,14.835,0Z\" transform=\"translate(13.245 20.347)\" fill=\"#9762e2\" \/>\n\t\t\t\t\t\t\t\t\t\t<\/g>\n\t\t\t\t\t\t\t\t\t\t<g id=\"Group_312\" data-name=\"Group 312\" transform=\"translate(52.214)\">\n\t\t\t\t\t\t\t\t\t\t\t<path id=\"Path_153\" data-name=\"Path 153\" d=\"M34,77.345a8.969,8.969,0,0,0,3.417-2.828l8.441-11.546a14.6,14.6,0,0,0,1.492-14.85L42.9,38.7a14.6,14.6,0,0,0-12.42-8.278l-15.3-1.056L25.855,14.33A9.011,9.011,0,0,0,11.306,3.693L2.865,15.24A14.6,14.6,0,0,0,1.373,30.09l4.45,9.42a14.6,14.6,0,0,0,12.419,8.278l15.672.452L22.865,63.881A9.013,9.013,0,0,0,34,77.345Z\" fill=\"#ffa585\" \/>\n\t\t\t\t\t\t\t\t\t\t\t<path id=\"Path_154\" data-name=\"Path 154\" d=\"M7.757,1.274,8.607,0,23.9,1.056a14.654,14.654,0,0,1,11.32,6.356c-2.066,3.092-4.251,6.1-6.485,9.078a12.13,12.13,0,0,0-1.4,2.383l-15.672-.452A14.638,14.638,0,0,1,0,11.528C2.605,8.124,5.205,4.717,7.757,1.274Z\" transform=\"translate(6.575 29.367)\" fill=\"#ef7c85\" \/>\n\t\t\t\t\t\t\t\t\t\t<\/g>\n\t\t\t\t\t\t\t\t\t\t<path id=\"Path_155\" data-name=\"Path 155\" d=\"M10.079,19.979,2.523,16.2A4.564,4.564,0,0,1,.483,10.079L4.261,2.523A4.563,4.563,0,0,1,10.383.483l7.556,3.778a4.563,4.563,0,0,1,2.041,6.122L16.2,17.938A4.563,4.563,0,0,1,10.079,19.979Z\" transform=\"translate(11.979 30.062)\" fill=\"#ffe266\" \/>\n\t\t\t\t\t\t\t\t\t\t<path id=\"Path_156\" data-name=\"Path 156\" d=\"M3.311,2.5,11.433.177a4.563,4.563,0,0,1,5.641,3.134l2.32,8.123a4.563,4.563,0,0,1-3.134,5.641L8.138,19.4A4.563,4.563,0,0,1,2.5,16.261L.177,8.138A4.564,4.564,0,0,1,3.311,2.5Z\" transform=\"translate(82.049 115.511)\" fill=\"#ef8bbd\" \/>\n\t\t\t\t\t\t\t\t\t\t<path id=\"Path_157\" data-name=\"Path 157\" d=\"M26.8,23.08,16.138,29.238A6.652,6.652,0,0,1,7.05,26.8L.892,16.138A6.653,6.653,0,0,1,3.327,7.05L13.993.892A6.652,6.652,0,0,1,23.08,3.327l6.158,10.665A6.653,6.653,0,0,1,26.8,23.08Z\" transform=\"translate(116.483 10.165)\" fill=\"#78eac4\" \/>\n\t\t\t\t\t\t\t\t\t<\/g>\n\t\t\t\t\t\t\t\t\t<path id=\"Path_158\" data-name=\"Path 158\" d=\"M14.049.875,16.988,9.14a1.327,1.327,0,0,0,.689.776l7.343,3.308a1.465,1.465,0,0,1,0,2.588L17.677,19.12a1.326,1.326,0,0,0-.689.776L14.049,28.16a1.192,1.192,0,0,1-2.3,0L8.81,19.9a1.327,1.327,0,0,0-.689-.776L.778,15.812a1.465,1.465,0,0,1,0-2.588L8.121,9.916A1.324,1.324,0,0,0,8.81,9.14L11.749.875A1.192,1.192,0,0,1,14.049.875Z\" transform=\"translate(16 16.306)\" fill=\"#cab4ef\" \/>\n\t\t\t\t\t\t\t\t\t<path id=\"Path_159\" data-name=\"Path 159\" d=\"M10.42.65,12.6,6.78a.983.983,0,0,0,.512.575l5.447,2.454a1.087,1.087,0,0,1,0,1.92l-5.447,2.454a.986.986,0,0,0-.512.575l-2.18,6.13a.884.884,0,0,1-1.705,0l-2.18-6.13a.983.983,0,0,0-.511-.575L.577,11.729a1.087,1.087,0,0,1,0-1.92L6.024,7.355a.985.985,0,0,0,.511-.575L8.715.65a.884.884,0,0,1,1.705,0Z\" transform=\"translate(129.357)\" fill=\"#ffc7b6\" \/>\n\t\t\t\t\t\t\t\t\t<circle id=\"Ellipse_21\" data-name=\"Ellipse 21\" cx=\"6.418\" cy=\"6.418\" r=\"6.418\" transform=\"translate(98.988 28.986) rotate(-22.514)\" fill=\"#8bb6ef\" \/>\n\t\t\t\t\t\t\t\t\t<circle id=\"Ellipse_22\" data-name=\"Ellipse 22\" cx=\"2.769\" cy=\"2.769\" r=\"2.769\" transform=\"translate(46.677 10.769)\" fill=\"#ef8bbd\" \/>\n\t\t\t\t\t\t\t\t\t<circle id=\"Ellipse_23\" data-name=\"Ellipse 23\" cx=\"2.769\" cy=\"2.769\" r=\"2.769\" transform=\"translate(160.893 53.079)\" fill=\"#ffe266\" \/>\n\t\t\t\t\t\t\t\t<\/g>\n\t\t\t\t\t\t\t<\/svg>\n\t\t\t\t\t\t<\/div>\n\t\t\t\t\t<\/div>\n\t\t\t\t\t<div class=\"col-md-6\">\n\t\t\t\t\t\t<div class=\"theme-card__content\">\n\t\t\t\t\t\t\t<h2 style=\"text-align: center;\">Starten Sie noch heute mit Simple-Simon<\/h2>\n<h3 style=\"text-align: center;\">Starten Sie eine Demo oder testen Sie 2 Wochen lang kostenlos<\/h3>\n<p style=\"text-align: center;\">Komplett f\u00fcr <a href=\"https:\/\/simple-simon.com\/de\/preisgestaltung\/\"><span class=\"ss-price\" data-attr=\"default\">\u20ac27,50<\/span>\u00a0 pro Monat pro Benutzer!<\/a><\/p>\n<p style=\"text-align: center;\"><a class=\"theme-btn theme-btn__orange-gradient\" href=\"https:\/\/app.simple-simon.net\/Login\/Signup\/Trial.aspx?lang=nl\" target=\"_blank\" rel=\"noopener\">Kostenlos testen<\/a><a class=\"theme-btn theme-btn__orange-gradient\" href=\"https:\/\/simple-simon.com\/plan-een-live-demo\/\">Starten Sie eine Demo<\/a><\/p>\n\t\t\t\t\t\t<\/div>\n\t\t\t\t\t<\/div>\n\t\t\t\t\t<div class=\"col-md-3\">\n\t\t\t\t\t\t<div class=\"theme-card__content quote\">\n\t\t\t\t\t\t\t<p><em>&#8222;Unser Unternehmen arbeitet bereits seit sehr langer Zeit mit dieser App und jetzt, wo es eine neue Version 2.0 gibt, funktioniert sie noch besser. Spitze, danke!&#8220;<\/em><\/p>\n<p><strong>Aktie Totaalinstallateurs B.V.<\/strong><\/p>\n<span class=\"rating-wrapper\"><div class=\"star-ratings\"><div class=\"fill-ratings\" style=\"width: 96%;\"><span>\u2605\u2605\u2605\u2605\u2605<\/span><\/div><div class=\"empty-ratings\"><span>\u2605\u2605\u2605\u2605\u2605<\/span><\/div><\/div> 4.8\/5 bewertet<\/span>\n<p><a href=\"https:\/\/apps.apple.com\/nl\/app\/simple-simon-field-service\/id897884395\" target=\"_blank\" rel=\"noopener\"><img loading=\"lazy\" decoding=\"async\" class=\"alignnone\" src=\"\/wp-content\/uploads\/2024\/04\/appstore.png\" alt=\"\" width=\"180\" height=\"46\" \/><\/a> <a href=\"https:\/\/play.google.com\/store\/apps\/details?id=com.mobileop\" target=\"_blank\" rel=\"noopener\"><img loading=\"lazy\" decoding=\"async\" class=\"alignnone\" src=\"\/wp-content\/uploads\/2024\/04\/playstore.png\" alt=\"\" width=\"180\" height=\"46\" \/><\/a><\/p>\n\t\t\t\t\t\t<\/div>\n\t\t\t\t\t<\/div>\n\t\t\t\t<\/div>\n\t\t\t<\/div>\n\t\t<\/div>\n\t<\/div>\n<\/section>\n","protected":false},"excerpt":{"rendered":"","protected":false},"author":12,"featured_media":0,"parent":0,"menu_order":0,"comment_status":"closed","ping_status":"closed","template":"","meta":{"_acf_changed":false,"inline_featured_image":false,"footnotes":""},"tags":[],"class_list":["post-6973","page","type-page","status-publish","hentry"],"acf":[],"aioseo_notices":[],"_links":{"self":[{"href":"https:\/\/simple-simon.com\/de\/wp-json\/wp\/v2\/pages\/6973","targetHints":{"allow":["GET"]}}],"collection":[{"href":"https:\/\/simple-simon.com\/de\/wp-json\/wp\/v2\/pages"}],"about":[{"href":"https:\/\/simple-simon.com\/de\/wp-json\/wp\/v2\/types\/page"}],"author":[{"embeddable":true,"href":"https:\/\/simple-simon.com\/de\/wp-json\/wp\/v2\/users\/12"}],"replies":[{"embeddable":true,"href":"https:\/\/simple-simon.com\/de\/wp-json\/wp\/v2\/comments?post=6973"}],"version-history":[{"count":5,"href":"https:\/\/simple-simon.com\/de\/wp-json\/wp\/v2\/pages\/6973\/revisions"}],"predecessor-version":[{"id":14413,"href":"https:\/\/simple-simon.com\/de\/wp-json\/wp\/v2\/pages\/6973\/revisions\/14413"}],"wp:attachment":[{"href":"https:\/\/simple-simon.com\/de\/wp-json\/wp\/v2\/media?parent=6973"}],"wp:term":[{"taxonomy":"post_tag","embeddable":true,"href":"https:\/\/simple-simon.com\/de\/wp-json\/wp\/v2\/tags?post=6973"}],"curies":[{"name":"wp","href":"https:\/\/api.w.org\/{rel}","templated":true}]}}