{"id":13237,"date":"2025-01-16T09:40:41","date_gmt":"2025-01-16T09:40:41","guid":{"rendered":"https:\/\/simple-simon.com\/mindestanforderungen-simon-app\/"},"modified":"2026-02-24T14:21:33","modified_gmt":"2026-02-24T14:21:33","slug":"mindestanforderungen-simon-app","status":"publish","type":"page","link":"https:\/\/simple-simon.com\/de\/mindestanforderungen-simon-app\/","title":{"rendered":"Mindestanforderungen Simon App"},"content":{"rendered":"\n\n\n<section class=\"theme-header-banner bg__blue text__white  theme-p-sm\">\n\t<div class=\"container\">\n\t\t<div class=\"row\">\n\t\t\t<div class=\"col-md-12\">\n\t\t\t\t<h1>Mindestanforderungen Simon App<\/h1>\n\t\t\t<\/div>\n\t\t<\/div>\n\t<\/div>\n<\/section>\n\t<section class=\"theme-section theme-split theme-content-variable active text-right theme-p-sm\">\n\t\t<div class=\"theme-content-variable__row theme-content-variable__card theme-wrapper\">\n\t\t\t<div class=\"container-fluid\">\n\t\t\t\t<div class=\"row justify-content-md-between align-items-center\">\n\t\t\t\t\t<div class=\"col-md-5 p-0 \">\n\t\t\t\t\t\t<div class=\"theme-content-variable__card-img img-no-scale\">\n\t\t\t\t\t\t\t<img decoding=\"async\" src=\"https:\/\/simple-simon.com\/wp-content\/uploads\/2024\/10\/Laura-website-pictures-5.png\" alt=\"\">\n\t\t\t\t\t\t\t\t\t\t\t\t\t<\/div>\n\t\t\t\t\t<\/div>\n\t\t\t\t\t<div class=\"col-md-6 \">\n\t\t\t\t\t\t<div class=\"theme-content-variable__row-content theme-content-variable__card-content text-right \">\n\t\t\t\t\t\t\t<h2>Verwenden Sie Ger\u00e4te, auf denen die Simon App reibungslos l\u00e4uft<\/h2>\n<p>Die Simon App wird f\u00fcr Ger\u00e4te entwickelt, die mit den neuesten Technologien arbeiten. Daher wird empfohlen, die Simon App auf Ger\u00e4ten zu installieren, die bestimmte Anforderungen erf\u00fcllen. Um Simple-Simon ohne Probleme nutzen zu k\u00f6nnen, empfehlen wir die Verwendung von Ger\u00e4ten mit schnellen Prozessoren und ausreichend Arbeitsspeicher.<\/p>\n\n\t\t\t\t\t\t\t\t\t\t\t\t\t<\/div>\n\t\t\t\t\t<\/div>\n\t\t\t\t<\/div>\n\t\t\t<\/div>\n\t\t<\/div>\n\t<\/section>\n\t<section class=\"theme-section theme-split theme-content-variable active text-left theme-p-sm\">\n\t\t<div class=\"theme-content-variable__row theme-content-variable__card theme-wrapper\">\n\t\t\t<div class=\"container-fluid\">\n\t\t\t\t<div class=\"row justify-content-md-between align-items-center\">\n\t\t\t\t\t<div class=\"col-md-5 p-0 order-md-2 order-1\">\n\t\t\t\t\t\t<div class=\"theme-content-variable__card-img img-no-scale\">\n\t\t\t\t\t\t\t<img decoding=\"async\" src=\"https:\/\/simple-simon.com\/wp-content\/uploads\/2025\/07\/vecteezy_aerial-view-with-laptop-in-hands-industrial-worker-indoors_15217407-scaled.jpg\" alt=\"\">\n\t\t\t\t\t\t\t\t\t\t\t\t\t<\/div>\n\t\t\t\t\t<\/div>\n\t\t\t\t\t<div class=\"col-md-6 order-md-1 order-2\">\n\t\t\t\t\t\t<div class=\"theme-content-variable__row-content theme-content-variable__card-content text-left read-more\">\n\t\t\t\t\t\t\t<h2>Warum?<\/h2>\n<p>Im Laufe der Zeit werden Sie Simple-Simon immer professioneller nutzen. Damit meinen wir, dass Sie immer mehr Optionen verwenden werden, wie z.B. den Aufbau von Historie, mehr Artikel\/Objekte, Arbeitsauftr\u00e4ge, Kundenadressen, Kontaktpersonen und gegebenenfalls auch eine Integration mit einem Buchhaltungssoftware-Paket.<\/p>\n<p>Stellen Sie sich vor, Sie sind ein Start-up und haben ein \u00e4lteres Ger\u00e4t, auf dem die Simon App installiert und verwendet wird. Sie importieren Arbeitsadressen und Ihre g\u00e4ngigsten Artikel und beginnen mit der grafischen Plantafel. Es gef\u00e4llt Ihnen, es funktioniert einfach. Sie importieren alle Ihre Kunden und Arbeitsadressen, aktivieren das Historie-Modul und entscheiden sich nach einer Weile f\u00fcr die Integration mit Ihrem Buchhaltungspaket. Gl\u00fccklicherweise ist Ihr Unternehmen erfolgreich, Sie wachsen schnell, und schlie\u00dflich haben Sie tausend Kunden und tausend Artikel. Logischerweise werden all diese Kunden und Artikel mit einer Historie, Artikeln, Arbeitsadressen, Arbeitsauftr\u00e4gen und auch einer Integration verkn\u00fcpft.<\/p>\n<p>Simon-Kunden starten klein (wenig Daten), aber dies wird im Laufe der Zeit immer mehr. Je gr\u00f6\u00dfer Ihr Unternehmen wird, desto mehr Arbeitsspeicher und Prozessorgeschwindigkeit wird die Simon App von Ihrem Ger\u00e4t fordern. Im Durchschnitt haben Simon-Kunden Tausende von Artikeln mit Fotos und Barcodes, Tausende bis Zehntausende von Kunden\/Arbeitsadressen, 5 bis 10 ansprechend gestaltete Frageb\u00f6gen, wissen bei jedem Besuch sofort, was beim letzten Mal passiert ist, usw. Die Simon App ist dann ein wichtiges Werkzeug, auf dem letztendlich Ihre Rechnung an den Endkunden basiert. Beim Sparen an der Hardware ist dies nicht klug. Stellen Sie daher sicher, dass Sie ein Ger\u00e4t w\u00e4hlen, das die Anforderungen erf\u00fcllen kann und mit Ihnen wachsen kann. Professionelle Nutzung erfordert professionelle Hardware. Die Technologie entwickelt sich schnell weiter, und Sie wollen nicht mit einem R\u00fcckstand beginnen.<\/p>\n\n\t\t\t\t\t\t\t\t\t\t\t\t\t\t\t<a href=\"#\" class=\"theme-link more\"><i class=\"bi bi-chevron-down\"><\/i> Mehr lesen<\/a>\n\t\t\t\t\t\t\t\t<a href=\"#\" class=\"theme-link more\"><i class=\"bi bi-chevron-up\"><\/i> Weniger lesen<\/a>\n\t\t\t\t\t\t\t\t\t\t\t\t\t<\/div>\n\t\t\t\t\t<\/div>\n\t\t\t\t<\/div>\n\t\t\t<\/div>\n\t\t<\/div>\n\t<\/section>\n\t<section class=\"theme-section theme-split theme-content-variable active text-right theme-p-sm\">\n\t\t<div class=\"theme-content-variable__row theme-content-variable__card theme-wrapper\">\n\t\t\t<div class=\"container-fluid\">\n\t\t\t\t<div class=\"row justify-content-md-between align-items-center\">\n\t\t\t\t\t<div class=\"col-md-5 p-0 \">\n\t\t\t\t\t\t<div class=\"theme-content-variable__card-img img-no-scale\">\n\t\t\t\t\t\t\t<img decoding=\"async\" src=\"https:\/\/simple-simon.com\/wp-content\/uploads\/2025\/07\/Kalina-website-pictures-6-scaled.jpg\" alt=\"\">\n\t\t\t\t\t\t\t\t\t\t\t\t\t<\/div>\n\t\t\t\t\t<\/div>\n\t\t\t\t\t<div class=\"col-md-6 \">\n\t\t\t\t\t\t<div class=\"theme-content-variable__row-content theme-content-variable__card-content text-right \">\n\t\t\t\t\t\t\t<h2>Was sind die Mindestanforderungen?<\/h2>\n<p>Starten Sie direkt gut mit Simple-Simon und w\u00e4hlen Sie Ger\u00e4te, die mit Ihnen wachsen k\u00f6nnen. Sehen Sie unten, was die Mindestanforderungen f\u00fcr ein Ger\u00e4t sind (Android &amp; iOS).<\/p>\n\n\t\t\t\t\t\t\t\t\t\t\t\t\t<\/div>\n\t\t\t\t\t<\/div>\n\t\t\t\t<\/div>\n\t\t\t<\/div>\n\t\t<\/div>\n\t<\/section>\n\t<section class=\"theme-section theme-split theme-content-variable active text-left theme-p-sm\">\n\t\t<div class=\"theme-content-variable__row theme-content-variable__card theme-wrapper\">\n\t\t\t<div class=\"container-fluid\">\n\t\t\t\t<div class=\"row justify-content-md-between align-items-center\">\n\t\t\t\t\t<div class=\"col-md-5 p-0 order-md-2 order-1\">\n\t\t\t\t\t\t<div class=\"theme-content-variable__card-img img-no-scale\">\n\t\t\t\t\t\t\t<img decoding=\"async\" src=\"https:\/\/simple-simon.com\/wp-content\/uploads\/2025\/10\/Android_robot.svg-e1759826657834.png\" alt=\"\">\n\t\t\t\t\t\t\t\t\t\t\t\t\t<\/div>\n\t\t\t\t\t<\/div>\n\t\t\t\t\t<div class=\"col-md-6 order-md-1 order-2\">\n\t\t\t\t\t\t<div class=\"theme-content-variable__row-content theme-content-variable__card-content text-left \">\n\t\t\t\t\t\t\t<table>\n<thead>\n<tr>\n<th>Anforderungen Android<\/th>\n<th>Smartphone<\/th>\n<th>Tablet<\/th>\n<\/tr>\n<\/thead>\n<tbody>\n<tr>\n<td>Prozessor-Empfehlung:<\/td>\n<td>2,3 GHz octa-core (8 cores)<\/td>\n<td>2,3 GHz octa-core (8 cores)<\/td>\n<\/tr>\n<tr>\n<td>Speicher-Empfehlung:<\/td>\n<td>64 GB +<\/td>\n<td>64 GB +<\/td>\n<\/tr>\n<tr>\n<td>Speicher-Minimum:<\/td>\n<td>32 GB<\/td>\n<td>32 GB<\/td>\n<\/tr>\n<tr>\n<td>Arbeitsspeicher-Empfehlung:<\/td>\n<td>4 GB +<\/td>\n<td>4 GB +<\/td>\n<\/tr>\n<tr>\n<td>Arbeitsspeicher-Minimum:<\/td>\n<td>2-3 GB<\/td>\n<td>2-3 GB<\/td>\n<\/tr>\n<tr>\n<td>Android-Empfehlung:<\/td>\n<td>11.0 oder h\u00f6her<\/td>\n<td>11.0 oder h\u00f6her<\/td>\n<\/tr>\n<\/tbody>\n<\/table>\n\n\t\t\t\t\t\t\t\t\t\t\t\t\t<\/div>\n\t\t\t\t\t<\/div>\n\t\t\t\t<\/div>\n\t\t\t<\/div>\n\t\t<\/div>\n\t<\/section>\n\t<section class=\"theme-section theme-split theme-content-variable active text-right theme-p-sm\">\n\t\t<div class=\"theme-content-variable__row theme-content-variable__card theme-wrapper\">\n\t\t\t<div class=\"container-fluid\">\n\t\t\t\t<div class=\"row justify-content-md-between align-items-center\">\n\t\t\t\t\t<div class=\"col-md-5 p-0 \">\n\t\t\t\t\t\t<div class=\"theme-content-variable__card-img img-no-scale\">\n\t\t\t\t\t\t\t<img decoding=\"async\" src=\"https:\/\/simple-simon.com\/wp-content\/uploads\/2025\/10\/Apple_Computer_Logo_rainbow.svg-e1759826667465.png\" alt=\"\">\n\t\t\t\t\t\t\t\t\t\t\t\t\t<\/div>\n\t\t\t\t\t<\/div>\n\t\t\t\t\t<div class=\"col-md-6 \">\n\t\t\t\t\t\t<div class=\"theme-content-variable__row-content theme-content-variable__card-content text-right \">\n\t\t\t\t\t\t\t<table>\n<thead>\n<tr>\n<th><span style=\"font-weight: 400;\">Vereisten iOS<\/span><\/th>\n<th><span style=\"font-weight: 400;\">Smartphone<\/span><\/th>\n<th><span style=\"font-weight: 400;\">Tablet<\/span><\/th>\n<\/tr>\n<\/thead>\n<tbody>\n<tr>\n<td>Prozessor-Empfehlung:<\/td>\n<td>1,4 GHz dual-core<\/td>\n<td>1.2 Quad Core<\/td>\n<\/tr>\n<tr>\n<td>Speicher-Empfehlung:<\/td>\n<td>32 GB<\/td>\n<td>32 GB<\/td>\n<\/tr>\n<tr>\n<td>Arbeitsspeicher-Empfehlung:<\/td>\n<td>1 GB<\/td>\n<td>1 GB<\/td>\n<\/tr>\n<tr>\n<td>iOS-Empfehlung:<br \/>\n<small>(Achtung: Stellen Sie sicher, dass Ihr Ger\u00e4t in den n\u00e4chsten 3 Jahren weiterhin iOS-Updates empfangen kann)<\/small><\/td>\n<td>iOS 12+<\/td>\n<td>iOS 12+<\/td>\n<\/tr>\n<\/tbody>\n<\/table>\n\n\t\t\t\t\t\t\t\t\t\t\t\t\t<\/div>\n\t\t\t\t\t<\/div>\n\t\t\t\t<\/div>\n\t\t\t<\/div>\n\t\t<\/div>\n\t<\/section>\n\t<section class=\"theme-section theme-split theme-content-variable active text-left theme-p-sm\">\n\t\t<div class=\"theme-content-variable__row theme-content-variable__card theme-wrapper\">\n\t\t\t<div class=\"container-fluid\">\n\t\t\t\t<div class=\"row justify-content-md-between align-items-center\">\n\t\t\t\t\t<div class=\"col-md-5 p-0 order-md-2 order-1\">\n\t\t\t\t\t\t<div class=\"theme-content-variable__card-img img-no-scale\">\n\t\t\t\t\t\t\t<img decoding=\"async\" src=\"https:\/\/simple-simon.com\/wp-content\/uploads\/2024\/10\/Own-Integration-Icon-1.png\" alt=\"\">\n\t\t\t\t\t\t\t\t\t\t\t\t\t<\/div>\n\t\t\t\t\t<\/div>\n\t\t\t\t\t<div class=\"col-md-6 order-md-1 order-2\">\n\t\t\t\t\t\t<div class=\"theme-content-variable__row-content theme-content-variable__card-content text-left \">\n\t\t\t\t\t\t\t<table>\n<thead>\n<tr>\n<th><span style=\"font-weight: 400;\">Anforderungen Desktop\/Laptop<br \/>\n<\/span><\/th>\n<th><span style=\"font-weight: 400;\">Standard (10~ Benutzer)<\/span><\/th>\n<th><span style=\"font-weight: 400;\">Schwer (25+ Benutzer)<br \/>\n<\/span><\/th>\n<\/tr>\n<\/thead>\n<tbody>\n<tr>\n<td>Prozessor-Empfehlung:<\/td>\n<td>Nicht \u00e4lter als 4 Jahre<\/td>\n<td>Nicht \u00e4lter als 2 Jahre<\/td>\n<\/tr>\n<tr>\n<td>Arbeitsspeicher-Empfehlung:<\/td>\n<td>8 GB<\/td>\n<td>16 GB<\/td>\n<\/tr>\n<tr>\n<td>macOS-Empfehlung:<\/td>\n<td>MacOS 13 +<\/td>\n<td>MacOS 14+<\/td>\n<\/tr>\n<tr>\n<td>Windows-Empfehlung:<\/td>\n<td>Windows 11+<\/td>\n<td>Windows 11+<\/td>\n<\/tr>\n<\/tbody>\n<\/table>\n<p>&nbsp;<\/p>\n\n\t\t\t\t\t\t\t\t\t\t\t\t\t<\/div>\n\t\t\t\t\t<\/div>\n\t\t\t\t<\/div>\n\t\t\t<\/div>\n\t\t<\/div>\n\t<\/section>","protected":false},"excerpt":{"rendered":"","protected":false},"author":12,"featured_media":0,"parent":0,"menu_order":0,"comment_status":"closed","ping_status":"closed","template":"","meta":{"_acf_changed":false,"inline_featured_image":false,"footnotes":""},"tags":[],"class_list":["post-13237","page","type-page","status-publish","hentry"],"acf":[],"aioseo_notices":[],"_links":{"self":[{"href":"https:\/\/simple-simon.com\/de\/wp-json\/wp\/v2\/pages\/13237","targetHints":{"allow":["GET"]}}],"collection":[{"href":"https:\/\/simple-simon.com\/de\/wp-json\/wp\/v2\/pages"}],"about":[{"href":"https:\/\/simple-simon.com\/de\/wp-json\/wp\/v2\/types\/page"}],"author":[{"embeddable":true,"href":"https:\/\/simple-simon.com\/de\/wp-json\/wp\/v2\/users\/12"}],"replies":[{"embeddable":true,"href":"https:\/\/simple-simon.com\/de\/wp-json\/wp\/v2\/comments?post=13237"}],"version-history":[{"count":3,"href":"https:\/\/simple-simon.com\/de\/wp-json\/wp\/v2\/pages\/13237\/revisions"}],"predecessor-version":[{"id":15220,"href":"https:\/\/simple-simon.com\/de\/wp-json\/wp\/v2\/pages\/13237\/revisions\/15220"}],"wp:attachment":[{"href":"https:\/\/simple-simon.com\/de\/wp-json\/wp\/v2\/media?parent=13237"}],"wp:term":[{"taxonomy":"post_tag","embeddable":true,"href":"https:\/\/simple-simon.com\/de\/wp-json\/wp\/v2\/tags?post=13237"}],"curies":[{"name":"wp","href":"https:\/\/api.w.org\/{rel}","templated":true}]}}