{"id":12394,"date":"2025-08-12T12:43:02","date_gmt":"2025-08-12T12:43:02","guid":{"rendered":"https:\/\/simple-simon.com\/zeiterfassung-pro\/"},"modified":"2026-02-03T15:18:01","modified_gmt":"2026-02-03T15:18:01","slug":"zeiterfassung-pro","status":"publish","type":"page","link":"https:\/\/simple-simon.com\/de\/zeiterfassung-pro\/","title":{"rendered":"Zeiterfassung PRO"},"content":{"rendered":"\n\n\n<section class=\"theme-section theme-hero__wrapper theme-p-sm text__light \">\n\t<div class=\"theme-wrapper theme-element bl bg__blue \">\n\t\t\t\t\t<div class=\"theme-hero__img-partial\">\n\t\t\t\t\t\t\t\t\t<img decoding=\"async\" src=\"https:\/\/simple-simon.com\/wp-content\/uploads\/2025\/08\/Laura-website-pictures-77.png\" alt=\"\">\n\t\t\t\t\t\t\t<\/div>\n\t\t\t\t<div class=\"container\">\n\t\t\t<div class=\"row justify-content-between\">\n\t\t\t\t<div class=\"col-xl-6\">\n\t\t\t\t\t<div class=\"theme-hero__content\">\n\t\t\t\t\t\t<h1 data-start=\"72\" data-end=\"103\"><strong data-start=\"72\" data-end=\"101\">Zeiterfassung wie ein PRO<\/strong><\/h1>\n<p><\/p>\n<p data-start=\"105\" data-end=\"392\">Das Zeiterfassungs- und Abrechnungsmodul von Simple-Simon macht das Erfassen, Pr\u00fcfen und Freigeben von Arbeitszeiten einfach und effizient. Monteure k\u00f6nnen ihre Tagesberichte bequem \u00fcber die App ausf\u00fcllen, w\u00e4hrend Planer und Verantwortliche diese direkt in der B\u00fcromodul verwalten.<\/p>\n\t\t\t\t\t<\/div>\n\t\t\t\t<\/div>\n\t\t\t\t\t\t\t\t\n\t\t\t\t\t\t\t<\/div>\n\n\t\t<\/div>\n\n\n\t<\/div>\n<\/section>\n\t<section class=\"theme-section theme-split theme-content-variable active text-right theme-p-sm\">\n\t\t<div class=\"theme-content-variable__row theme-content-variable__card theme-wrapper\">\n\t\t\t<div class=\"container-fluid\">\n\t\t\t\t<div class=\"row justify-content-md-between align-items-center\">\n\t\t\t\t\t<div class=\"col-md-5 p-0 \">\n\t\t\t\t\t\t<div class=\"theme-content-variable__card-img img-no-scale\">\n\t\t\t\t\t\t\t<img decoding=\"async\" src=\"https:\/\/simple-simon.com\/wp-content\/uploads\/2024\/10\/vecteezy_energy-specialist-using-digital-smartphone-reading_50773258-scaled.jpg\" alt=\"\">\n\t\t\t\t\t\t\t\t\t\t\t\t\t<\/div>\n\t\t\t\t\t<\/div>\n\t\t\t\t\t<div class=\"col-md-6 \">\n\t\t\t\t\t\t<div class=\"theme-content-variable__row-content theme-content-variable__card-content text-right \">\n\t\t\t\t\t\t\t<h2 data-start=\"72\" data-end=\"129\"><strong data-start=\"72\" data-end=\"127\">Schluss mit zeitaufw\u00e4ndiger manueller Zeiterfassung<\/strong><\/h2>\n<p><\/p>\n<p data-start=\"131\" data-end=\"712\">Mit dem Zeiterfassungs-PRO-Modul von Simple-Simon erfassen Sie Arbeitszeiten blitzschnell und fehlerfrei \u2013 direkt \u00fcber die App oder das B\u00fcromodul. Vergessen Sie verlorene Formulare und endlose Excel-Listen: Sie haben jederzeit Echtzeit-Einblick, automatische Zuordnung der Arbeitsarten und direkte Freigabe. Simple-Simon erkennt automatisch f\u00fcr jeden Kunden den richtigen Buchungscode und erfasst m\u00fchelos Sonderzeiten oder \u00dcberstunden. Automatische Berechnungen waren noch nie so einfach, sodass Sie mehr Zeit f\u00fcr das haben, was wirklich z\u00e4hlt: Ihre Kunden und Ihre Projekte.<\/p>\n\n\t\t\t\t\t\t\t\t\t\t\t\t\t<\/div>\n\t\t\t\t\t<\/div>\n\t\t\t\t<\/div>\n\t\t\t<\/div>\n\t\t<\/div>\n\t<\/section>\n\t<section class=\"theme-section theme-split theme-content-variable active text-left theme-p-sm\">\n\t\t<div class=\"theme-content-variable__row theme-content-variable__card theme-wrapper\">\n\t\t\t<div class=\"container-fluid\">\n\t\t\t\t<div class=\"row justify-content-md-between align-items-center\">\n\t\t\t\t\t<div class=\"col-md-5 p-0 order-md-2 order-1\">\n\t\t\t\t\t\t<div class=\"theme-content-variable__card-img img-no-scale\">\n\t\t\t\t\t\t\t<img decoding=\"async\" src=\"https:\/\/simple-simon.com\/wp-content\/uploads\/2024\/10\/Laura-website-pictures-1.png\" alt=\"\">\n\t\t\t\t\t\t\t\t\t\t\t\t\t<\/div>\n\t\t\t\t\t<\/div>\n\t\t\t\t\t<div class=\"col-md-6 order-md-1 order-2\">\n\t\t\t\t\t\t<div class=\"theme-content-variable__row-content theme-content-variable__card-content text-left \">\n\t\t\t\t\t\t\t<h2 data-start=\"72\" data-end=\"124\"><strong data-start=\"72\" data-end=\"122\">Freigaben so einfach und schnell wie nie zuvor<\/strong><\/h2>\n<p><\/p>\n<p data-start=\"126\" data-end=\"521\">Vermeiden Sie es, bis sp\u00e4t in die Nacht durch Berge von Papier zu w\u00fchlen. \u00c4ndern und genehmigen Sie Ihre Tagesberichte im Handumdrehen. Dank Echtzeit-Synchronisation und der M\u00f6glichkeit digitaler Unterschriften ist der Freigabeprozess schneller, \u00fcbersichtlicher und vollst\u00e4ndig dokumentiert. So machen Sie mit nur einem Klick den Schritt von der Zeiterfassung zur vollst\u00e4ndigen Administration.<\/p>\n\n\t\t\t\t\t\t\t\t\t\t\t\t\t<\/div>\n\t\t\t\t\t<\/div>\n\t\t\t\t<\/div>\n\t\t\t<\/div>\n\t\t<\/div>\n\t<\/section>\n\t<section class=\"theme-section theme-split theme-content-variable active text-right theme-p-sm\">\n\t\t<div class=\"theme-content-variable__row theme-content-variable__card theme-wrapper\">\n\t\t\t<div class=\"container-fluid\">\n\t\t\t\t<div class=\"row justify-content-md-between align-items-center\">\n\t\t\t\t\t<div class=\"col-md-5 p-0 \">\n\t\t\t\t\t\t<div class=\"theme-content-variable__card-img img-no-scale\">\n\t\t\t\t\t\t\t<img decoding=\"async\" src=\"https:\/\/simple-simon.com\/wp-content\/uploads\/2025\/07\/Laura-website-pictures-36.png\" alt=\"\">\n\t\t\t\t\t\t\t\t\t\t\t\t\t<\/div>\n\t\t\t\t\t<\/div>\n\t\t\t\t\t<div class=\"col-md-6 \">\n\t\t\t\t\t\t<div class=\"theme-content-variable__row-content theme-content-variable__card-content text-right \">\n\t\t\t\t\t\t\t<h2 data-start=\"72\" data-end=\"133\"><strong data-start=\"72\" data-end=\"131\">Immer konsistente Erfassung und nie wieder Datenverlust<\/strong><\/h2>\n<p><\/p>\n<p data-start=\"135\" data-end=\"686\">Verwalten Sie Ihre Arbeitsarten und Buchungscodes zentral, sodass alle Beteiligten stets die gleichen Definitionen verwenden und Verwirrung oder fehlerhafte Eingaben vermieden werden. Gleichzeitig werden alle Stunden direkt digital erfasst und sicher gespeichert \u2013 auch f\u00fcr \u00fcbergeordnete Projekte \u2013 sodass kein Risiko mehr besteht, dass Formulare verloren gehen oder Tagesberichte unvollst\u00e4ndig sind. So haben Sie jederzeit aktuelle, einheitliche und vollst\u00e4ndige Informationen f\u00fcr eine verl\u00e4ssliche Administration, Abrechnung und Berichterstattung.<\/p>\n\n\t\t\t\t\t\t\t\t\t\t\t\t\t<\/div>\n\t\t\t\t\t<\/div>\n\t\t\t\t<\/div>\n\t\t\t<\/div>\n\t\t<\/div>\n\t<\/section>\r\n\r\n\r\n<section class=\"theme-section theme-content-variable-wrapper theme-p-sm\">\r\n\r\n\t<div class=\"row\">\r\n\t\t<div class=\"col-md-12 text-center\">\r\n\t\t\t<h2>Hervorgehobene Funktionen von Zeiterfassung PRO<\/h2>\n\t\t<\/div>\r\n\t\t<div class=\"col-md-12\">\r\n\t\t\t<div class=\"theme-content-variable__nav-wrapper\">\r\n\t\t\t\t<div class=\"theme-content-variable__nav\">\r\n\t\t\t\t\t\t\t\t\t\t\t\t<a href=\"#\" data-name=\"1. Tagesberichte\" class=\"theme-btn theme-btn__blue  theme-btn__lg\">1. Tagesberichte<\/a>\r\n\t\t\t\t\t\t\t\t\t\t\t\t<a href=\"#\" data-name=\"2. Arbeitsarten\" class=\"theme-btn theme-btn__light-blue  theme-btn__lg\">2. Arbeitsarten<\/a>\r\n\t\t\t\t\t\t\t\t\t\t\t\t<a href=\"#\" data-name=\"3. Berichterstattung\" class=\"theme-btn theme-btn__light-blue  theme-btn__lg\">3. Berichterstattung<\/a>\r\n\t\t\t\t\t\t\t\t\t\t\t\t<a href=\"#\" data-name=\"4. Externe Projektverwaltung\" class=\"theme-btn theme-btn__light-blue  theme-btn__lg\">4. Externe Projektverwaltung<\/a>\r\n\t\t\t\t\t\t\t\t\t<\/div>\r\n\t\t\t<\/div>\r\n\t\t<\/div>\r\n\t\t<div class=\"col-md-12\">\r\n\t\t\t\t\t\t\t<div class=\"theme-content-variable active\" data-name=\"1. Tagesberichte\">\r\n\t\t\t\t\t<div class=\"theme-content-variable__card theme-wrapper\">\r\n\t\t\t\t\t\t<div class=\"container-fluid\">\r\n\t\t\t\t\t\t\t<div class=\"row justify-content-between align-items-center\">\r\n\t\t\t\t\t\t\t\t<div class=\"col-md-6 order-2 order-md-1 p-0\">\r\n\t\t\t\t\t\t\t\t\t<div class=\"theme-content-variable__card-content\">\r\n\t\t\t\t\t\t\t\t\t\t<p>Im Zeiterfassung-PRO-Modul von Simple-Simon k\u00f6nnen Monteure ihre Tagesberichte schnell und einfach \u00fcber die App ausf\u00fcllen, w\u00e4hrend Planer und Verantwortliche diese im B\u00fcromodul pr\u00fcfen und freigeben. Mit Funktionen f\u00fcr \u00c4nderungen, digitale Unterschriften sowie umfangreiche Auswertungen in PDF oder Excel bietet das Modul volle Kontrolle und Transparenz \u00fcber die geleisteten Arbeitsstunden. So werden sowohl Erfassung als auch Nachweis reibungslos und \u00fcbersichtlich organisiert.<\/p>\n\t\t\t\t\t\t\t\t\t<\/div>\r\n\r\n\t\t\t\t\t\t\t\t<\/div>\r\n\t\t\t\t\t\t\t\t<div class=\"col-md-5 order-1 order-md-2 p-0 \">\r\n\t\t\t\t\t\t\t\t\t<div class=\"theme-content-variable__card-img img-no-scale\">\r\n\t\t\t\t\t\t\t\t\t\t<img decoding=\"async\" src=\"\" alt=\"\">\r\n\t\t\t\t\t\t\t\t\t<\/div>\r\n\t\t\t\t\t\t\t\t<\/div>\r\n\t\t\t\t\t\t\t<\/div>\r\n\t\t\t\t\t\t<\/div>\r\n\t\t\t\t\t<\/div>\r\n\t\t\t\t<\/div>\r\n\t\t\t\t\t\t\t<div class=\"theme-content-variable \" data-name=\"2. Arbeitsarten\">\r\n\t\t\t\t\t<div class=\"theme-content-variable__card theme-wrapper\">\r\n\t\t\t\t\t\t<div class=\"container-fluid\">\r\n\t\t\t\t\t\t\t<div class=\"row justify-content-between align-items-center\">\r\n\t\t\t\t\t\t\t\t<div class=\"col-md-6 order-2 order-md-1 p-0\">\r\n\t\t\t\t\t\t\t\t\t<div class=\"theme-content-variable__card-content\">\r\n\t\t\t\t\t\t\t\t\t\t<p>Arbeitsarten und die dazugeh\u00f6rigen Arbeitsart-Codes k\u00f6nnen einfach im B\u00fcromodul verwaltet werden. So wird klar festgelegt, welche Art von Arbeit ausgef\u00fchrt wird \u2013 inklusive spezifischer Buchungscodes f\u00fcr regul\u00e4re Arbeit, \u00dcberstunden und T\u00e4tigkeiten an Feiertagen. Durch die Verkn\u00fcpfung mit den Tagesberichten entsteht eine detaillierte Zeiterfassung, die nicht nur f\u00fcr Transparenz und Einblick sorgt, sondern auch eine effizientere Verarbeitung und pr\u00e4zise Auswertungen erm\u00f6glicht.<\/p>\n\t\t\t\t\t\t\t\t\t<\/div>\r\n\r\n\t\t\t\t\t\t\t\t<\/div>\r\n\t\t\t\t\t\t\t\t<div class=\"col-md-5 order-1 order-md-2 p-0 \">\r\n\t\t\t\t\t\t\t\t\t<div class=\"theme-content-variable__card-img img-no-scale\">\r\n\t\t\t\t\t\t\t\t\t\t<img decoding=\"async\" src=\"\" alt=\"\">\r\n\t\t\t\t\t\t\t\t\t<\/div>\r\n\t\t\t\t\t\t\t\t<\/div>\r\n\t\t\t\t\t\t\t<\/div>\r\n\t\t\t\t\t\t<\/div>\r\n\t\t\t\t\t<\/div>\r\n\t\t\t\t<\/div>\r\n\t\t\t\t\t\t\t<div class=\"theme-content-variable \" data-name=\"3. Berichterstattung\">\r\n\t\t\t\t\t<div class=\"theme-content-variable__card theme-wrapper\">\r\n\t\t\t\t\t\t<div class=\"container-fluid\">\r\n\t\t\t\t\t\t\t<div class=\"row justify-content-between align-items-center\">\r\n\t\t\t\t\t\t\t\t<div class=\"col-md-6 order-2 order-md-1 p-0\">\r\n\t\t\t\t\t\t\t\t\t<div class=\"theme-content-variable__card-content\">\r\n\t\t\t\t\t\t\t\t\t\t<p>Erleben Sie umfangreiche Berichtsfunktionen, mit denen Sie ganz einfach Einblick in die geleisteten Arbeitsstunden erhalten. Dank intelligenter Filter nach Datum und\/oder Monteur erstellen Sie im Handumdrehen detaillierte \u00dcbersichten, die Sie nach PDF oder Excel exportieren k\u00f6nnen \u2013 mit Tages-, Wochen- und Monatssummen pro Monteur und pro Buchungscode. So verf\u00fcgen Sie jederzeit \u00fcber klare, strukturierte Informationen zur Kontrolle und \u00fcber die vollst\u00e4ndige Grundlage f\u00fcr optimale Entscheidungen.<\/p>\n\t\t\t\t\t\t\t\t\t<\/div>\r\n\r\n\t\t\t\t\t\t\t\t<\/div>\r\n\t\t\t\t\t\t\t\t<div class=\"col-md-5 order-1 order-md-2 p-0 \">\r\n\t\t\t\t\t\t\t\t\t<div class=\"theme-content-variable__card-img img-no-scale\">\r\n\t\t\t\t\t\t\t\t\t\t<img decoding=\"async\" src=\"\" alt=\"\">\r\n\t\t\t\t\t\t\t\t\t<\/div>\r\n\t\t\t\t\t\t\t\t<\/div>\r\n\t\t\t\t\t\t\t<\/div>\r\n\t\t\t\t\t\t<\/div>\r\n\t\t\t\t\t<\/div>\r\n\t\t\t\t<\/div>\r\n\t\t\t\t\t\t\t<div class=\"theme-content-variable \" data-name=\"4. Externe Projektverwaltung\">\r\n\t\t\t\t\t<div class=\"theme-content-variable__card theme-wrapper\">\r\n\t\t\t\t\t\t<div class=\"container-fluid\">\r\n\t\t\t\t\t\t\t<div class=\"row justify-content-between align-items-center\">\r\n\t\t\t\t\t\t\t\t<div class=\"col-md-6 order-2 order-md-1 p-0\">\r\n\t\t\t\t\t\t\t\t\t<div class=\"theme-content-variable__card-content\">\r\n\t\t\t\t\t\t\t\t\t\t<p>Mit dem Zeiterfassung-PRO-Modul von Simple-Simon k\u00f6nnen Au\u00dfendienstmitarbeiter ihre Arbeitszeiten f\u00fcr externe Projekte m\u00fchelos erfassen. Alles wird klar und \u00fcbersichtlich dokumentiert, sodass Sie jederzeit Echtzeit-Einblick in den Fortschritt haben, die Administration fehlerfrei bleibt und die Abrechnung reibungslos verl\u00e4uft. So behalten Sie jedes Projekt im Griff \u2013 egal, wo Ihr Team arbeitet.<\/p>\n\t\t\t\t\t\t\t\t\t<\/div>\r\n\r\n\t\t\t\t\t\t\t\t<\/div>\r\n\t\t\t\t\t\t\t\t<div class=\"col-md-5 order-1 order-md-2 p-0 \">\r\n\t\t\t\t\t\t\t\t\t<div class=\"theme-content-variable__card-img img-no-scale\">\r\n\t\t\t\t\t\t\t\t\t\t<img decoding=\"async\" src=\"\" alt=\"\">\r\n\t\t\t\t\t\t\t\t\t<\/div>\r\n\t\t\t\t\t\t\t\t<\/div>\r\n\t\t\t\t\t\t\t<\/div>\r\n\t\t\t\t\t\t<\/div>\r\n\t\t\t\t\t<\/div>\r\n\t\t\t\t<\/div>\r\n\t\t\t\t\t<\/div>\r\n\t<\/div>\r\n<\/section>\n\t<section class=\"theme-section theme-split theme-content-variable active text-right theme-p-sm\">\n\t\t<div class=\"theme-content-variable__row theme-content-variable__card theme-wrapper\">\n\t\t\t<div class=\"container-fluid\">\n\t\t\t\t<div class=\"row justify-content-md-between align-items-center\">\n\t\t\t\t\t<div class=\"col-md-5 p-0 \">\n\t\t\t\t\t\t<div class=\"theme-content-variable__card-img img-no-scale\">\n\t\t\t\t\t\t\t<img decoding=\"async\" src=\"https:\/\/simple-simon.com\/wp-content\/uploads\/2025\/05\/vecteezy_construction-workers-installing-hvac-units-on-a-rooftop_50624011-scaled.jpeg\" alt=\"\">\n\t\t\t\t\t\t\t\t\t\t\t\t\t<\/div>\n\t\t\t\t\t<\/div>\n\t\t\t\t\t<div class=\"col-md-6 \">\n\t\t\t\t\t\t<div class=\"theme-content-variable__row-content theme-content-variable__card-content text-right \">\n\t\t\t\t\t\t\t<h2 data-start=\"72\" data-end=\"102\"><strong data-start=\"72\" data-end=\"100\">Vorteile auf einen Blick<\/strong><\/h2>\n<p><\/p>\n<ul data-start=\"103\" data-end=\"475\">\n<li data-start=\"103\" data-end=\"192\">\n<p data-start=\"105\" data-end=\"192\"><strong data-start=\"105\" data-end=\"123\">Anpassbarkeit:<\/strong> Arbeitsauftr\u00e4ge lassen sich an spezifische Anforderungen anpassen.<\/p>\n<\/li>\n<li data-start=\"193\" data-end=\"272\">\n<p data-start=\"195\" data-end=\"272\"><strong data-start=\"195\" data-end=\"209\">Effizienz:<\/strong> Automatische Erg\u00e4nzungen und Benachrichtigungen sparen Zeit.<\/p>\n<\/li>\n<li data-start=\"273\" data-end=\"380\">\n<p data-start=\"275\" data-end=\"380\"><strong data-start=\"275\" data-end=\"289\">Pr\u00e4zision:<\/strong> Einsch\u00e4tzung der Arbeitszeit und skillbasierte Planung verbessern die Planungseffizienz.<\/p>\n<\/li>\n<li data-start=\"381\" data-end=\"475\">\n<p data-start=\"383\" data-end=\"475\"><strong data-start=\"383\" data-end=\"405\">\u00dcbersichtlichkeit:<\/strong> Spezielle Symbole sorgen f\u00fcr einen klaren \u00dcberblick in der Planung.<\/p>\n<\/li>\n<\/ul>\n\n\t\t\t\t\t\t\t\t\t\t\t\t\t<\/div>\n\t\t\t\t\t<\/div>\n\t\t\t\t<\/div>\n\t\t\t<\/div>\n\t\t<\/div>\n\t<\/section>\n\t<section class=\"theme-section theme-split theme-content-variable active text-left theme-p-sm\">\n\t\t<div class=\"theme-content-variable__row theme-content-variable__card theme-wrapper\">\n\t\t\t<div class=\"container-fluid\">\n\t\t\t\t<div class=\"row justify-content-md-between \">\n\t\t\t\t\t<div class=\"col-md-5 p-0 order-md-2 order-1\">\n\t\t\t\t\t\t<div class=\"theme-content-variable__card-img img-scale\">\n\t\t\t\t\t\t\t<img decoding=\"async\" src=\"https:\/\/simple-simon.com\/wp-content\/uploads\/2025\/07\/vecteezy_aerial-view-with-laptop-in-hands-industrial-worker-indoors_15217407-scaled.jpg\" alt=\"\">\n\t\t\t\t\t\t\t\t\t\t\t\t\t<\/div>\n\t\t\t\t\t<\/div>\n\t\t\t\t\t<div class=\"col-md-6 order-md-1 order-2\">\n\t\t\t\t\t\t<div class=\"theme-content-variable__row-content theme-content-variable__card-content text-left \">\n\t\t\t\t\t\t\t<h2 data-start=\"72\" data-end=\"88\"><strong data-start=\"72\" data-end=\"86\">Neugierig?<\/strong><\/h2>\n<p><\/p>\n<p data-start=\"90\" data-end=\"298\">M\u00f6chten Sie erfahren, wie Simple-Simon und unsere PRO-Module Ihren Au\u00dfendienst noch effizienter machen? Warten Sie nicht l\u00e4nger \u2013 buchen Sie noch heute eine Demo und erleben Sie die Vorteile selbst.<\/p>\n<p><\/p>\n<p data-start=\"300\" data-end=\"492\">Schon Kunde? Dann nehmen Sie gerne Kontakt mit uns auf, und wir zeigen Ihnen, warum unsere PRO-Module der n\u00e4chste Schritt sind, um die volle Kontrolle \u00fcber Ihren Au\u00dfendienst zu gewinnen.<\/p>\n<p><a class=\"theme-btn theme-btn__orange-gradient\" href=\"https:\/\/testsimplesimon20.kinsta.cloud\/en\/plan-een-live-demo\/\" target=\"_blank\" rel=\"noopener\">Live-Demo planen<\/a> <a class=\"theme-btn theme-btn__blue\" href=\"https:\/\/testsimplesimon20.kinsta.cloud\/en\/contact\/\">Kontakt aufnehmen<\/a><\/p>\n<p>&nbsp;<\/p>\n<p>&nbsp;<\/p>\n\n\t\t\t\t\t\t\t\t\t\t\t\t\t<\/div>\n\t\t\t\t\t<\/div>\n\t\t\t\t<\/div>\n\t\t\t<\/div>\n\t\t<\/div>\n\t<\/section>\n\n\n\n<section class=\"theme-section theme-m-sm-t\">\n\n\t<div class=\"theme-cta\">\n\n\t\t<div class=\"theme-cta__icon\">\n\t\t\t\n\t\t<\/div>\n\t\t<div class=\" theme-card bg__purple theme-element tr\">\n\t\t\t<div class=\"container\">\n\t\t\t\t<div class=\"row\">\n\t\t\t\t\t<div class=\"col-md-3\">\n\t\t\t\t\t\t<div class=\"theme-card__icon\">\n\t\t\t\t\t\t\t<svg xmlns=\"http:\/\/www.w3.org\/2000\/svg\" width=\"178.145\" height=\"175.046\" viewBox=\"0 0 178.145 175.046\">\n\t\t\t\t\t\t\t\t<g id=\"confetti\" transform=\"translate(0 175.046) rotate(-90)\">\n\t\t\t\t\t\t\t\t\t<g id=\"Group_313\" data-name=\"Group 313\" transform=\"translate(0 43.062)\">\n\t\t\t\t\t\t\t\t\t\t<g id=\"Group_310\" data-name=\"Group 310\" transform=\"translate(0 67.058)\">\n\t\t\t\t\t\t\t\t\t\t\t<path id=\"Path_149\" data-name=\"Path 149\" d=\"M67.368,51.75a8.969,8.969,0,0,1-3.86,2.185l-13.8,3.773A14.6,14.6,0,0,1,35.3,53.81l-7.216-7.515A14.6,14.6,0,0,1,24.78,31.741l4.463-14.668L11.391,21.688A9.011,9.011,0,0,1,6.637,4.3L20.433.53a14.6,14.6,0,0,1,14.407,3.9l7.216,7.515A14.6,14.6,0,0,1,45.365,26.5L40.2,41.3l18.552-4.751a9.012,9.012,0,0,1,8.614,15.2Z\" fill=\"#8bb6ef\" \/>\n\t\t\t\t\t\t\t\t\t\t\t<path id=\"Path_150\" data-name=\"Path 150\" d=\"M5.166,3.933,4.7,5.478.7,18.6a14.654,14.654,0,0,0,1.9,12.841c4.076-.932,9.5-2.113,13.517-3.281l.662-1.9,4.5-12.907A14.637,14.637,0,0,0,19,0C14.9,1.221,9.292,2.776,5.166,3.933Z\" transform=\"translate(24.078 13.14)\" fill=\"#8388ef\" \/>\n\t\t\t\t\t\t\t\t\t\t<\/g>\n\t\t\t\t\t\t\t\t\t\t<g id=\"Group_311\" data-name=\"Group 311\" transform=\"translate(120.708 54.09)\">\n\t\t\t\t\t\t\t\t\t\t\t<path id=\"Path_151\" data-name=\"Path 151\" d=\"M5.655,66.748a8.967,8.967,0,0,0,4.4.587l14.207-1.65A14.594,14.594,0,0,0,36.17,56.691l3.889-9.665A14.6,14.6,0,0,0,37.7,32.288L28.08,20.347l18.285-2.383A9.012,9.012,0,0,0,44.286.061L30.079,1.71A14.6,14.6,0,0,0,18.168,10.7L14.279,20.37a14.6,14.6,0,0,0,2.363,14.737L26.958,46.914,7.973,49.432A9.013,9.013,0,0,0,5.655,66.748Z\" fill=\"#a183e2\" \/>\n\t\t\t\t\t\t\t\t\t\t\t<path id=\"Path_152\" data-name=\"Path 152\" d=\"M14.835,0l1.013,1.258,8.6,10.684a14.654,14.654,0,0,1,3.026,12.625c-4.13.657-9.6,1.585-13.765,2L12.39,25.054,3.4,14.76A14.636,14.636,0,0,1,.528,1.516C4.8,1.115,10.575.467,14.835,0Z\" transform=\"translate(13.245 20.347)\" fill=\"#9762e2\" \/>\n\t\t\t\t\t\t\t\t\t\t<\/g>\n\t\t\t\t\t\t\t\t\t\t<g id=\"Group_312\" data-name=\"Group 312\" transform=\"translate(52.214)\">\n\t\t\t\t\t\t\t\t\t\t\t<path id=\"Path_153\" data-name=\"Path 153\" d=\"M34,77.345a8.969,8.969,0,0,0,3.417-2.828l8.441-11.546a14.6,14.6,0,0,0,1.492-14.85L42.9,38.7a14.6,14.6,0,0,0-12.42-8.278l-15.3-1.056L25.855,14.33A9.011,9.011,0,0,0,11.306,3.693L2.865,15.24A14.6,14.6,0,0,0,1.373,30.09l4.45,9.42a14.6,14.6,0,0,0,12.419,8.278l15.672.452L22.865,63.881A9.013,9.013,0,0,0,34,77.345Z\" fill=\"#ffa585\" \/>\n\t\t\t\t\t\t\t\t\t\t\t<path id=\"Path_154\" data-name=\"Path 154\" d=\"M7.757,1.274,8.607,0,23.9,1.056a14.654,14.654,0,0,1,11.32,6.356c-2.066,3.092-4.251,6.1-6.485,9.078a12.13,12.13,0,0,0-1.4,2.383l-15.672-.452A14.638,14.638,0,0,1,0,11.528C2.605,8.124,5.205,4.717,7.757,1.274Z\" transform=\"translate(6.575 29.367)\" fill=\"#ef7c85\" \/>\n\t\t\t\t\t\t\t\t\t\t<\/g>\n\t\t\t\t\t\t\t\t\t\t<path id=\"Path_155\" data-name=\"Path 155\" d=\"M10.079,19.979,2.523,16.2A4.564,4.564,0,0,1,.483,10.079L4.261,2.523A4.563,4.563,0,0,1,10.383.483l7.556,3.778a4.563,4.563,0,0,1,2.041,6.122L16.2,17.938A4.563,4.563,0,0,1,10.079,19.979Z\" transform=\"translate(11.979 30.062)\" fill=\"#ffe266\" \/>\n\t\t\t\t\t\t\t\t\t\t<path id=\"Path_156\" data-name=\"Path 156\" d=\"M3.311,2.5,11.433.177a4.563,4.563,0,0,1,5.641,3.134l2.32,8.123a4.563,4.563,0,0,1-3.134,5.641L8.138,19.4A4.563,4.563,0,0,1,2.5,16.261L.177,8.138A4.564,4.564,0,0,1,3.311,2.5Z\" transform=\"translate(82.049 115.511)\" fill=\"#ef8bbd\" \/>\n\t\t\t\t\t\t\t\t\t\t<path id=\"Path_157\" data-name=\"Path 157\" d=\"M26.8,23.08,16.138,29.238A6.652,6.652,0,0,1,7.05,26.8L.892,16.138A6.653,6.653,0,0,1,3.327,7.05L13.993.892A6.652,6.652,0,0,1,23.08,3.327l6.158,10.665A6.653,6.653,0,0,1,26.8,23.08Z\" transform=\"translate(116.483 10.165)\" fill=\"#78eac4\" \/>\n\t\t\t\t\t\t\t\t\t<\/g>\n\t\t\t\t\t\t\t\t\t<path id=\"Path_158\" data-name=\"Path 158\" d=\"M14.049.875,16.988,9.14a1.327,1.327,0,0,0,.689.776l7.343,3.308a1.465,1.465,0,0,1,0,2.588L17.677,19.12a1.326,1.326,0,0,0-.689.776L14.049,28.16a1.192,1.192,0,0,1-2.3,0L8.81,19.9a1.327,1.327,0,0,0-.689-.776L.778,15.812a1.465,1.465,0,0,1,0-2.588L8.121,9.916A1.324,1.324,0,0,0,8.81,9.14L11.749.875A1.192,1.192,0,0,1,14.049.875Z\" transform=\"translate(16 16.306)\" fill=\"#cab4ef\" \/>\n\t\t\t\t\t\t\t\t\t<path id=\"Path_159\" data-name=\"Path 159\" d=\"M10.42.65,12.6,6.78a.983.983,0,0,0,.512.575l5.447,2.454a1.087,1.087,0,0,1,0,1.92l-5.447,2.454a.986.986,0,0,0-.512.575l-2.18,6.13a.884.884,0,0,1-1.705,0l-2.18-6.13a.983.983,0,0,0-.511-.575L.577,11.729a1.087,1.087,0,0,1,0-1.92L6.024,7.355a.985.985,0,0,0,.511-.575L8.715.65a.884.884,0,0,1,1.705,0Z\" transform=\"translate(129.357)\" fill=\"#ffc7b6\" \/>\n\t\t\t\t\t\t\t\t\t<circle id=\"Ellipse_21\" data-name=\"Ellipse 21\" cx=\"6.418\" cy=\"6.418\" r=\"6.418\" transform=\"translate(98.988 28.986) rotate(-22.514)\" fill=\"#8bb6ef\" \/>\n\t\t\t\t\t\t\t\t\t<circle id=\"Ellipse_22\" data-name=\"Ellipse 22\" cx=\"2.769\" cy=\"2.769\" r=\"2.769\" transform=\"translate(46.677 10.769)\" fill=\"#ef8bbd\" \/>\n\t\t\t\t\t\t\t\t\t<circle id=\"Ellipse_23\" data-name=\"Ellipse 23\" cx=\"2.769\" cy=\"2.769\" r=\"2.769\" transform=\"translate(160.893 53.079)\" fill=\"#ffe266\" \/>\n\t\t\t\t\t\t\t\t<\/g>\n\t\t\t\t\t\t\t<\/svg>\n\t\t\t\t\t\t<\/div>\n\t\t\t\t\t<\/div>\n\t\t\t\t\t<div class=\"col-md-6\">\n\t\t\t\t\t\t<div class=\"theme-card__content\">\n\t\t\t\t\t\t\t<h2 style=\"text-align: center;\">Starten Sie noch heute mit Simple-Simon<\/h2>\n<h3 style=\"text-align: center;\">Starten Sie eine Demo oder testen Sie 2 Wochen lang kostenlos<\/h3>\n<p style=\"text-align: center;\">Komplett f\u00fcr <a href=\"https:\/\/simple-simon.com\/de\/preisgestaltung\/\"><span class=\"ss-price\" data-attr=\"default\">\u20ac27,50<\/span>\u00a0 pro Monat pro Benutzer!<\/a><\/p>\n<p style=\"text-align: center;\"><a class=\"theme-btn theme-btn__orange-gradient\" href=\"https:\/\/app.simple-simon.net\/Login\/Signup\/Trial.aspx?lang=nl\" target=\"_blank\" rel=\"noopener\">Kostenlos testen<\/a><a class=\"theme-btn theme-btn__orange-gradient\" href=\"https:\/\/simple-simon.com\/plan-een-live-demo\/\">Starten Sie eine Demo<\/a><\/p>\n\t\t\t\t\t\t<\/div>\n\t\t\t\t\t<\/div>\n\t\t\t\t\t<div class=\"col-md-3\">\n\t\t\t\t\t\t<div class=\"theme-card__content quote\">\n\t\t\t\t\t\t\t<p><em>&#8222;Unser Unternehmen arbeitet bereits seit sehr langer Zeit mit dieser App und jetzt, wo es eine neue Version 2.0 gibt, funktioniert sie noch besser. Spitze, danke!&#8220;<\/em><\/p>\n<p><strong>Aktie Totaalinstallateurs B.V.<\/strong><\/p>\n<span class=\"rating-wrapper\"><div class=\"star-ratings\"><div class=\"fill-ratings\" style=\"width: 96%;\"><span>\u2605\u2605\u2605\u2605\u2605<\/span><\/div><div class=\"empty-ratings\"><span>\u2605\u2605\u2605\u2605\u2605<\/span><\/div><\/div> 4.8\/5 bewertet<\/span>\n<p><a href=\"https:\/\/apps.apple.com\/nl\/app\/simple-simon-field-service\/id897884395\" target=\"_blank\" rel=\"noopener\"><img loading=\"lazy\" decoding=\"async\" class=\"alignnone\" src=\"\/wp-content\/uploads\/2024\/04\/appstore.png\" alt=\"\" width=\"180\" height=\"46\" \/><\/a> <a href=\"https:\/\/play.google.com\/store\/apps\/details?id=com.mobileop\" target=\"_blank\" rel=\"noopener\"><img loading=\"lazy\" decoding=\"async\" class=\"alignnone\" src=\"\/wp-content\/uploads\/2024\/04\/playstore.png\" alt=\"\" width=\"180\" height=\"46\" \/><\/a><\/p>\n\t\t\t\t\t\t<\/div>\n\t\t\t\t\t<\/div>\n\t\t\t\t<\/div>\n\t\t\t<\/div>\n\t\t<\/div>\n\t<\/div>\n<\/section>\n","protected":false},"excerpt":{"rendered":"","protected":false},"author":9,"featured_media":0,"parent":0,"menu_order":0,"comment_status":"closed","ping_status":"closed","template":"","meta":{"_acf_changed":false,"inline_featured_image":false,"footnotes":""},"tags":[],"class_list":["post-12394","page","type-page","status-publish","hentry"],"acf":[],"aioseo_notices":[],"_links":{"self":[{"href":"https:\/\/simple-simon.com\/de\/wp-json\/wp\/v2\/pages\/12394","targetHints":{"allow":["GET"]}}],"collection":[{"href":"https:\/\/simple-simon.com\/de\/wp-json\/wp\/v2\/pages"}],"about":[{"href":"https:\/\/simple-simon.com\/de\/wp-json\/wp\/v2\/types\/page"}],"author":[{"embeddable":true,"href":"https:\/\/simple-simon.com\/de\/wp-json\/wp\/v2\/users\/9"}],"replies":[{"embeddable":true,"href":"https:\/\/simple-simon.com\/de\/wp-json\/wp\/v2\/comments?post=12394"}],"version-history":[{"count":2,"href":"https:\/\/simple-simon.com\/de\/wp-json\/wp\/v2\/pages\/12394\/revisions"}],"predecessor-version":[{"id":15030,"href":"https:\/\/simple-simon.com\/de\/wp-json\/wp\/v2\/pages\/12394\/revisions\/15030"}],"wp:attachment":[{"href":"https:\/\/simple-simon.com\/de\/wp-json\/wp\/v2\/media?parent=12394"}],"wp:term":[{"taxonomy":"post_tag","embeddable":true,"href":"https:\/\/simple-simon.com\/de\/wp-json\/wp\/v2\/tags?post=12394"}],"curies":[{"name":"wp","href":"https:\/\/api.w.org\/{rel}","templated":true}]}}