{"id":12115,"date":"2024-10-03T06:05:04","date_gmt":"2024-10-03T06:05:04","guid":{"rendered":"https:\/\/simple-simon.com\/haeufig-gestellte-fragen\/"},"modified":"2026-01-02T13:05:27","modified_gmt":"2026-01-02T13:05:27","slug":"haeufig-gestellte-fragen","status":"publish","type":"page","link":"https:\/\/simple-simon.com\/de\/haeufig-gestellte-fragen\/","title":{"rendered":"H\u00e4ufig gestellte Fragen"},"content":{"rendered":"\n\n\n<section class=\"theme-header-banner bg__blue text__white  theme-p-sm\">\n\t<div class=\"container\">\n\t\t<div class=\"row\">\n\t\t\t<div class=\"col-md-12\">\n\t\t\t\t<h1 style=\"text-align: center;\">H\u00e4ufig gestellte Fragen<\/h1>\n\t\t\t<\/div>\n\t\t<\/div>\n\t<\/div>\n<\/section>\n\n\n<section class=\"theme-faq__wrapper  theme-m-sm\">\n\n\t<div class=\"container\">\n\t\t<div class=\"row justify-content-center\">\n\t\t\t<div class=\"col-md-9 text-center\">\n\t\t\t\t<div class=\"theme-faq__branding\">\n\n\t\t\t\t<\/div>\n\t\t\t\t<h2>H\u00e4ufig gestellte Fragen.<\/h2>\n\n\n\n\t\t\t\t<form action=\"\/\" method=\"GET\" autocomplete=\"off\" class=\"theme-faq__form\">\n\n\t\t\t\t\t<input type=\"text\" name=\"s\" placeholder=\"Stellen Sie Ihre Frage\">\n\t\t\t\t\t<button class=\"theme-btn theme-btn__blue\" type=\"submit\">Suchen\t\t\t\t\t<\/button>\n\n\t\t\t\t<\/form>\n\n\n\n\t\t\t\t<div class=\"theme-faq__row\" itemscope itemtype=\"https:\/\/schema.org\/FAQPage\"><div class=\"theme-faq__question\" itemscope itemprop=\"mainEntity\" itemtype=\"https:\/\/schema.org\/Question\"><div class=\"theme-faq__question-title\" itemprop=\"name\">Scrollen in der Wochenplanung von Google Chrome ist extrem langsam. Wie kann ich das beheben?<\/div><div class=\"theme-faq__question-answer\" itemscope itemprop=\"acceptedAnswer\" itemtype=\"https:\/\/schema.org\/Answer\" >\r\n\t\t\t\t\t<div itemprop=\"text\">Durch ein Update von Google Chrome kann es vorkommen, dass das Scrollen in der Wochenplanung sehr langsam ist.\r\nUm dieses Problem zu beheben, k\u00f6nnen Sie folgende Schritte durchf\u00fchren:\r\n\r\n1. \u00d6ffnen Sie Google Chrome und geben Sie in die URL-Leiste Folgendes ein: chrome:\/\/flags\r\n2. Suchen Sie oben auf dieser Seite nach: Smooth Scrolling\r\n3. Setzen Sie diese Option auf \u201eDisabled\u201d (Deaktiviert)\r\n4. Schlie\u00dfen Sie alle Registerkarten und starten Sie Google Chrome neu<\/div><\/div><\/div><div class=\"theme-faq__question\" itemscope itemprop=\"mainEntity\" itemtype=\"https:\/\/schema.org\/Question\"><div class=\"theme-faq__question-title\" itemprop=\"name\">Minimale Anforderungen App<\/div><div class=\"theme-faq__question-answer\" itemscope itemprop=\"acceptedAnswer\" itemtype=\"https:\/\/schema.org\/Answer\" >\r\n\t\t\t\t\t<div itemprop=\"text\">Die Simon-App wurde f\u00fcr Ger\u00e4te entwickelt, die mit den neuesten Technologien laufen. Daher wird empfohlen, die Simon-App nur auf Ger\u00e4ten zu installieren, die bestimmte Anforderungen erf\u00fcllen. <a href=\"https:\/\/simple-simon.com\/minimale-vereisten-simon-app\/\">Hier finden Sie<\/a> die Mindestanforderungen f\u00fcr ein Ger\u00e4t (Android &amp; iOS).<\/div><\/div><\/div><\/div>\n\n\t\t\t\t\t\t\t<\/div>\n\t\t<\/div>\n\t<\/div>\n<\/section>","protected":false},"excerpt":{"rendered":"","protected":false},"author":12,"featured_media":0,"parent":0,"menu_order":0,"comment_status":"closed","ping_status":"closed","template":"","meta":{"_acf_changed":false,"inline_featured_image":false,"footnotes":""},"tags":[],"class_list":["post-12115","page","type-page","status-publish","hentry"],"acf":[],"aioseo_notices":[],"_links":{"self":[{"href":"https:\/\/simple-simon.com\/de\/wp-json\/wp\/v2\/pages\/12115","targetHints":{"allow":["GET"]}}],"collection":[{"href":"https:\/\/simple-simon.com\/de\/wp-json\/wp\/v2\/pages"}],"about":[{"href":"https:\/\/simple-simon.com\/de\/wp-json\/wp\/v2\/types\/page"}],"author":[{"embeddable":true,"href":"https:\/\/simple-simon.com\/de\/wp-json\/wp\/v2\/users\/12"}],"replies":[{"embeddable":true,"href":"https:\/\/simple-simon.com\/de\/wp-json\/wp\/v2\/comments?post=12115"}],"version-history":[{"count":5,"href":"https:\/\/simple-simon.com\/de\/wp-json\/wp\/v2\/pages\/12115\/revisions"}],"predecessor-version":[{"id":12442,"href":"https:\/\/simple-simon.com\/de\/wp-json\/wp\/v2\/pages\/12115\/revisions\/12442"}],"wp:attachment":[{"href":"https:\/\/simple-simon.com\/de\/wp-json\/wp\/v2\/media?parent=12115"}],"wp:term":[{"taxonomy":"post_tag","embeddable":true,"href":"https:\/\/simple-simon.com\/de\/wp-json\/wp\/v2\/tags?post=12115"}],"curies":[{"name":"wp","href":"https:\/\/api.w.org\/{rel}","templated":true}]}}